{"id":98,"date":"2015-04-15T10:57:55","date_gmt":"2015-04-15T08:57:55","guid":{"rendered":"http:\/\/kraege.de\/kraege-21\/?page_id=98"},"modified":"2026-03-11T12:39:46","modified_gmt":"2026-03-11T11:39:46","slug":"flair","status":"publish","type":"page","link":"https:\/\/kraege.de\/pol\/produkty\/truskawki\/fruehreifende-sorten\/flair\/","title":{"rendered":"Flair"},"content":{"rendered":"<div class=\"tabelle-fruechte\">\n<table>\n<tbody>\n<tr>\n<td>Kolor<\/td>\n<td>\u015brednio \u2013 czerwony, z po\u0142yskiem<\/td>\n<\/tr>\n<tr>\n<td>Uwagi<\/td>\n<td>interesuj\u0105ca, wczesna odmiana, do sprzeda\u017cy bezpo\u015bredniej<\/td>\n<\/tr>\n<\/tbody>\n<\/table>\n<\/div>\n<div class=\"reifezeit\"><\/div>\n<div class=\"herkunft\">\u2013 odmiana chroniona, W\u0142a\u015bciciel odmiany: Flevo Berry, Holandia<\/div>\n<p><a href=\"https:\/\/kraege.de\/pol\/wp-content\/uploads\/sites\/7\/2016\/02\/www.pol_flair.jpg\"><img loading=\"lazy\" class=\"alignleft wp-image-1574 size-medium\" src=\"https:\/\/kraege.de\/pol\/wp-content\/uploads\/sites\/7\/2016\/02\/www.pol_flair-213x320.jpg\" alt=\"\" width=\"213\" height=\"320\" srcset=\"https:\/\/kraege.de\/pol\/wp-content\/uploads\/sites\/7\/2016\/02\/www.pol_flair-213x320.jpg 213w, https:\/\/kraege.de\/pol\/wp-content\/uploads\/sites\/7\/2016\/02\/www.pol_flair-682x1024.jpg 682w, https:\/\/kraege.de\/pol\/wp-content\/uploads\/sites\/7\/2016\/02\/www.pol_flair.jpg 760w\" sizes=\"(max-width: 213px) 100vw, 213px\" \/><\/a>Nowa odmiana od Goossens Flevo\u00adplants, ma interesuj\u0105cy okres dojrzewania, kt\u00f3ry przypada na 5 \u2013 7 dni wcze\u015bniej od Honeoye. Bardzo dobrze ro\u015bnie w tunelach, jeszcze wcze\u015bniej dojrzewaj\u0105c. Smak atrakcyjnych owoc\u00f3w jest doskona\u0142y. Flair jest do\u015b\u0107 otwart\u0105 ro\u015blin\u0105 z d\u0142ugimi kwiatostanami. Co jest bardzo wa\u017cne &#8211; potrzebuje ona ochrony przed mrozem. Aby zoptymalizowa\u0107 wydajno\u015b\u0107 zaleca si\u0119 specjalny program nawo\u017cenia. Wi\u0119cej informacji na stronie www.kraege.pl<\/p>\n","protected":false},"excerpt":{"rendered":"<p>Kolor \u015brednio \u2013 czerwony, z po\u0142yskiem Uwagi interesuj\u0105ca, wczesna odmiana, do sprzeda\u017cy bezpo\u015bredniej \u2013 odmiana chroniona, W\u0142a\u015bciciel odmiany: Flevo Berry, Holandia Nowa odmiana od Goossens Flevo\u00adplants, ma interesuj\u0105cy okres dojrzewania, kt\u00f3ry przypada na 5 \u2013 7 dni wcze\u015bniej od Honeoye. Bardzo dobrze ro\u015bnie w tunelach, jeszcze wcze\u015bniej dojrzewaj\u0105c. Smak atrakcyjnych owoc\u00f3w jest doskona\u0142y. Flair jest [&hellip;]<\/p>\n","protected":false},"author":1,"featured_media":0,"parent":53,"menu_order":1,"comment_status":"open","ping_status":"closed","template":"page_frucht.php","meta":[],"yoast_head":"<!-- This site is optimized with the Yoast SEO plugin v17.2.1 - https:\/\/yoast.com\/wordpress\/plugins\/seo\/ -->\n<meta name=\"robots\" content=\"index, follow, max-snippet:-1, max-image-preview:large, max-video-preview:-1\" \/>\n<link rel=\"canonical\" href=\"https:\/\/kraege.de\/pol\/produkty\/truskawki\/fruehreifende-sorten\/flair\/\" \/>\n<meta property=\"og:locale\" content=\"pl_PL\" \/>\n<meta property=\"og:type\" content=\"article\" \/>\n<meta property=\"og:title\" content=\"Flair - KRAEGE Beerenpflanzen POL\" \/>\n<meta property=\"og:description\" content=\"Kolor \u015brednio \u2013 czerwony, z po\u0142yskiem Uwagi interesuj\u0105ca, wczesna odmiana, do sprzeda\u017cy bezpo\u015bredniej \u2013 odmiana chroniona, W\u0142a\u015bciciel odmiany: Flevo Berry, Holandia Nowa odmiana od Goossens Flevo\u00adplants, ma interesuj\u0105cy okres dojrzewania, kt\u00f3ry przypada na 5 \u2013 7 dni wcze\u015bniej od Honeoye. Bardzo dobrze ro\u015bnie w tunelach, jeszcze wcze\u015bniej dojrzewaj\u0105c. Smak atrakcyjnych owoc\u00f3w jest doskona\u0142y. Flair jest [&hellip;]\" \/>\n<meta property=\"og:url\" content=\"https:\/\/kraege.de\/pol\/produkty\/truskawki\/fruehreifende-sorten\/flair\/\" \/>\n<meta property=\"og:site_name\" content=\"KRAEGE Beerenpflanzen POL\" \/>\n<meta property=\"article:modified_time\" content=\"2026-03-11T11:39:46+00:00\" \/>\n<meta property=\"og:image\" content=\"https:\/\/kraege.de\/pol\/wp-content\/uploads\/sites\/7\/2016\/02\/www.pol_flair-213x320.jpg\" \/>\n<meta name=\"twitter:card\" content=\"summary\" \/>\n<meta name=\"twitter:label1\" content=\"Szacowany czas czytania\" \/>\n\t<meta name=\"twitter:data1\" content=\"1 minuta\" \/>\n<script type=\"application\/ld+json\" class=\"yoast-schema-graph\">{\"@context\":\"https:\/\/schema.org\",\"@graph\":[{\"@type\":\"WebSite\",\"@id\":\"https:\/\/kraege.de\/pol\/#website\",\"url\":\"https:\/\/kraege.de\/pol\/\",\"name\":\"KRAEGE Beerenpflanzen POL\",\"description\":\"Erdbeeren und Himbeeren aus der Region | Telgte | M\\u00fcnster | Warendorf\",\"potentialAction\":[{\"@type\":\"SearchAction\",\"target\":{\"@type\":\"EntryPoint\",\"urlTemplate\":\"https:\/\/kraege.de\/pol\/?s={search_term_string}\"},\"query-input\":\"required name=search_term_string\"}],\"inLanguage\":\"pl-PL\"},{\"@type\":\"ImageObject\",\"@id\":\"https:\/\/kraege.de\/pol\/produkty\/truskawki\/fruehreifende-sorten\/flair\/#primaryimage\",\"inLanguage\":\"pl-PL\",\"url\":\"https:\/\/kraege.de\/pol\/wp-content\/uploads\/sites\/7\/2016\/02\/www.pol_flair.jpg\",\"contentUrl\":\"https:\/\/kraege.de\/pol\/wp-content\/uploads\/sites\/7\/2016\/02\/www.pol_flair.jpg\",\"width\":760,\"height\":1141},{\"@type\":\"WebPage\",\"@id\":\"https:\/\/kraege.de\/pol\/produkty\/truskawki\/fruehreifende-sorten\/flair\/#webpage\",\"url\":\"https:\/\/kraege.de\/pol\/produkty\/truskawki\/fruehreifende-sorten\/flair\/\",\"name\":\"Flair - KRAEGE Beerenpflanzen POL\",\"isPartOf\":{\"@id\":\"https:\/\/kraege.de\/pol\/#website\"},\"primaryImageOfPage\":{\"@id\":\"https:\/\/kraege.de\/pol\/produkty\/truskawki\/fruehreifende-sorten\/flair\/#primaryimage\"},\"datePublished\":\"2015-04-15T08:57:55+00:00\",\"dateModified\":\"2026-03-11T11:39:46+00:00\",\"breadcrumb\":{\"@id\":\"https:\/\/kraege.de\/pol\/produkty\/truskawki\/fruehreifende-sorten\/flair\/#breadcrumb\"},\"inLanguage\":\"pl-PL\",\"potentialAction\":[{\"@type\":\"ReadAction\",\"target\":[\"https:\/\/kraege.de\/pol\/produkty\/truskawki\/fruehreifende-sorten\/flair\/\"]}]},{\"@type\":\"BreadcrumbList\",\"@id\":\"https:\/\/kraege.de\/pol\/produkty\/truskawki\/fruehreifende-sorten\/flair\/#breadcrumb\",\"itemListElement\":[{\"@type\":\"ListItem\",\"position\":1,\"name\":\"Home\",\"item\":\"https:\/\/kraege.de\/pol\/\"},{\"@type\":\"ListItem\",\"position\":2,\"name\":\"Produkty\",\"item\":\"https:\/\/kraege.de\/pol\/produkty\/\"},{\"@type\":\"ListItem\",\"position\":3,\"name\":\"Truskawki\",\"item\":\"https:\/\/kraege.de\/pol\/produkty\/truskawki\/\"},{\"@type\":\"ListItem\",\"position\":4,\"name\":\"Odmiany wcze\\u015bnie dojrzewaj\\u0105ce\",\"item\":\"https:\/\/kraege.de\/pol\/produkty\/truskawki\/fruehreifende-sorten\/\"},{\"@type\":\"ListItem\",\"position\":5,\"name\":\"Flair\"}]}]}<\/script>\n<!-- \/ Yoast SEO plugin. -->","yoast_head_json":{"robots":{"index":"index","follow":"follow","max-snippet":"max-snippet:-1","max-image-preview":"max-image-preview:large","max-video-preview":"max-video-preview:-1"},"canonical":"https:\/\/kraege.de\/pol\/produkty\/truskawki\/fruehreifende-sorten\/flair\/","og_locale":"pl_PL","og_type":"article","og_title":"Flair - KRAEGE Beerenpflanzen POL","og_description":"Kolor \u015brednio \u2013 czerwony, z po\u0142yskiem Uwagi interesuj\u0105ca, wczesna odmiana, do sprzeda\u017cy bezpo\u015bredniej \u2013 odmiana chroniona, W\u0142a\u015bciciel odmiany: Flevo Berry, Holandia Nowa odmiana od Goossens Flevo\u00adplants, ma interesuj\u0105cy okres dojrzewania, kt\u00f3ry przypada na 5 \u2013 7 dni wcze\u015bniej od Honeoye. Bardzo dobrze ro\u015bnie w tunelach, jeszcze wcze\u015bniej dojrzewaj\u0105c. Smak atrakcyjnych owoc\u00f3w jest doskona\u0142y. Flair jest [&hellip;]","og_url":"https:\/\/kraege.de\/pol\/produkty\/truskawki\/fruehreifende-sorten\/flair\/","og_site_name":"KRAEGE Beerenpflanzen POL","article_modified_time":"2026-03-11T11:39:46+00:00","og_image":[{"url":"https:\/\/kraege.de\/pol\/wp-content\/uploads\/sites\/7\/2016\/02\/www.pol_flair-213x320.jpg"}],"twitter_card":"summary","twitter_misc":{"Szacowany czas czytania":"1 minuta"},"schema":{"@context":"https:\/\/schema.org","@graph":[{"@type":"WebSite","@id":"https:\/\/kraege.de\/pol\/#website","url":"https:\/\/kraege.de\/pol\/","name":"KRAEGE Beerenpflanzen POL","description":"Erdbeeren und Himbeeren aus der Region | Telgte | M\u00fcnster | Warendorf","potentialAction":[{"@type":"SearchAction","target":{"@type":"EntryPoint","urlTemplate":"https:\/\/kraege.de\/pol\/?s={search_term_string}"},"query-input":"required name=search_term_string"}],"inLanguage":"pl-PL"},{"@type":"ImageObject","@id":"https:\/\/kraege.de\/pol\/produkty\/truskawki\/fruehreifende-sorten\/flair\/#primaryimage","inLanguage":"pl-PL","url":"https:\/\/kraege.de\/pol\/wp-content\/uploads\/sites\/7\/2016\/02\/www.pol_flair.jpg","contentUrl":"https:\/\/kraege.de\/pol\/wp-content\/uploads\/sites\/7\/2016\/02\/www.pol_flair.jpg","width":760,"height":1141},{"@type":"WebPage","@id":"https:\/\/kraege.de\/pol\/produkty\/truskawki\/fruehreifende-sorten\/flair\/#webpage","url":"https:\/\/kraege.de\/pol\/produkty\/truskawki\/fruehreifende-sorten\/flair\/","name":"Flair - KRAEGE Beerenpflanzen POL","isPartOf":{"@id":"https:\/\/kraege.de\/pol\/#website"},"primaryImageOfPage":{"@id":"https:\/\/kraege.de\/pol\/produkty\/truskawki\/fruehreifende-sorten\/flair\/#primaryimage"},"datePublished":"2015-04-15T08:57:55+00:00","dateModified":"2026-03-11T11:39:46+00:00","breadcrumb":{"@id":"https:\/\/kraege.de\/pol\/produkty\/truskawki\/fruehreifende-sorten\/flair\/#breadcrumb"},"inLanguage":"pl-PL","potentialAction":[{"@type":"ReadAction","target":["https:\/\/kraege.de\/pol\/produkty\/truskawki\/fruehreifende-sorten\/flair\/"]}]},{"@type":"BreadcrumbList","@id":"https:\/\/kraege.de\/pol\/produkty\/truskawki\/fruehreifende-sorten\/flair\/#breadcrumb","itemListElement":[{"@type":"ListItem","position":1,"name":"Home","item":"https:\/\/kraege.de\/pol\/"},{"@type":"ListItem","position":2,"name":"Produkty","item":"https:\/\/kraege.de\/pol\/produkty\/"},{"@type":"ListItem","position":3,"name":"Truskawki","item":"https:\/\/kraege.de\/pol\/produkty\/truskawki\/"},{"@type":"ListItem","position":4,"name":"Odmiany wcze\u015bnie dojrzewaj\u0105ce","item":"https:\/\/kraege.de\/pol\/produkty\/truskawki\/fruehreifende-sorten\/"},{"@type":"ListItem","position":5,"name":"Flair"}]}]}},"_links":{"self":[{"href":"https:\/\/kraege.de\/pol\/wp-json\/wp\/v2\/pages\/98"}],"collection":[{"href":"https:\/\/kraege.de\/pol\/wp-json\/wp\/v2\/pages"}],"about":[{"href":"https:\/\/kraege.de\/pol\/wp-json\/wp\/v2\/types\/page"}],"author":[{"embeddable":true,"href":"https:\/\/kraege.de\/pol\/wp-json\/wp\/v2\/users\/1"}],"replies":[{"embeddable":true,"href":"https:\/\/kraege.de\/pol\/wp-json\/wp\/v2\/comments?post=98"}],"version-history":[{"count":19,"href":"https:\/\/kraege.de\/pol\/wp-json\/wp\/v2\/pages\/98\/revisions"}],"predecessor-version":[{"id":2032,"href":"https:\/\/kraege.de\/pol\/wp-json\/wp\/v2\/pages\/98\/revisions\/2032"}],"up":[{"embeddable":true,"href":"https:\/\/kraege.de\/pol\/wp-json\/wp\/v2\/pages\/53"}],"wp:attachment":[{"href":"https:\/\/kraege.de\/pol\/wp-json\/wp\/v2\/media?parent=98"}],"curies":[{"name":"wp","href":"https:\/\/api.w.org\/{rel}","templated":true}]}}