{"id":877,"date":"2015-12-03T18:23:05","date_gmt":"2015-12-03T17:23:05","guid":{"rendered":"http:\/\/kraege.de\/kraege-21\/?page_id=877"},"modified":"2025-11-24T16:00:07","modified_gmt":"2025-11-24T15:00:07","slug":"faith","status":"publish","type":"page","link":"https:\/\/kraege.de\/pol\/produkty\/truskawki\/spaete-sorten\/faith\/","title":{"rendered":"Faith"},"content":{"rendered":"<div class=\"tabelle-fruechte\">\n<table>\n<tbody>\n<tr>\n<td>Kolor<\/td>\n<td>\u015brednio-czerwony &#8230; czerwony, b\u0142yszcz\u0105cy<\/td>\n<\/tr>\n<tr>\n<td>Uwagi<\/td>\n<td>piekna sk\u00f3rka, odporna na deszcz, odpowiednia dla handlu i marketingu bezpo\u015bredniego<\/td>\n<\/tr>\n<\/tbody>\n<\/table>\n<\/div>\n<div class=\"reifezeit\"><\/div>\n<div class=\"herkunft\">\u2013 odmiana chroniona, W\u0142a\u015bciciel odmiany: Flevo Berry, Holandia<\/div>\n<p>Faith jest p\u00f3\u017an\u0105 odmian\u0105 z programu hodowlanego firmy Goossens Flevoplant. Odmiana ta dojrzewa 7 \u2013 10 dni po Elsanta i dlatego te\u017c jest zlokalizowana w interesuj\u0105cej porze dojrzewania, bezpo\u015brednio przed Malwin\u0105. Faith przekonuje du\u017cymi, twardymi i r\u00f3wnomiernym sto\u017ckowym kszta\u0142tem owoc\u00f3w. Owoce s\u0105 czerwone i l\u015bni\u0105ce. Wy\u00addajno\u015b\u0107 jest wysoka. Owoce s\u0105 du\u017ce z wysok\u0105 indywidualn\u0105 wag\u0105. W sumie owoce Faith maj\u0105 dobry smak i bardzo dobrze prezentuj\u0105 si\u0119 w kobia\u0142kach. Owocostany s\u0105 dobrze rozga\u0142\u0119zione, u\u0142atwia to szybkie zrywanie du\u017cych owoc\u00f3w.<br \/>\nFaith jest bardzo bujn\u0105 ro\u015blin\u0105, wi\u0119c powinna by\u0107 sadzona w odpowiednio du\u017cych odst\u0119pach. Kwitnie przez d\u0142ugi okres i dlatego zapewnia wysok\u0105 wydajno\u015b\u0107. Mo\u017cna op\u00f3\u017ani\u0107 upraw\u0119 przykrywaj\u0105c s\u0142om\u0105.<br \/>\nFaith jest ma\u0142o podatna na m\u0105czniak i Bothrytis, powinna za to by\u0107 chroniona przed Phytophthora cactorum. Zalecamy tu zapobiegawcze dzia\u0142anie zwykle preparatami z kwasem fosforowym. W naszych badaniach Faith by\u0142a ma\u0142o wra\u017cliwa na deszcz.<br \/>\nFaith jest p\u00f3\u017an\u0105 odmian\u0105, pomi\u0119dzy Sonat\u0105 a Malwin\u0105. Zar\u00f3wno z dobrym smakiem, jak i uroczym wygl\u0105dem. Nadaje si\u0119 do sprzeda\u017cy bezpo\u015bredniej i hurtowej.<\/p>\n<p>&nbsp;<\/p>\n<p><a href=\"https:\/\/kraege.de\/pol\/wp-content\/uploads\/sites\/7\/2016\/02\/Faith_im_vergleich_pol2.jpg\"><img loading=\"lazy\" class=\"alignleft wp-image-1590 size-large\" src=\"https:\/\/kraege.de\/pol\/wp-content\/uploads\/sites\/7\/2016\/02\/Faith_im_vergleich_pol2-1024x357.jpg\" alt=\"\" width=\"1024\" height=\"357\" srcset=\"https:\/\/kraege.de\/pol\/wp-content\/uploads\/sites\/7\/2016\/02\/Faith_im_vergleich_pol2-1024x357.jpg 1024w, https:\/\/kraege.de\/pol\/wp-content\/uploads\/sites\/7\/2016\/02\/Faith_im_vergleich_pol2-320x112.jpg 320w, https:\/\/kraege.de\/pol\/wp-content\/uploads\/sites\/7\/2016\/02\/Faith_im_vergleich_pol2-768x268.jpg 768w\" sizes=\"(max-width: 1024px) 100vw, 1024px\" \/><\/a><\/p>\n","protected":false},"excerpt":{"rendered":"<p>Kolor \u015brednio-czerwony &#8230; czerwony, b\u0142yszcz\u0105cy Uwagi piekna sk\u00f3rka, odporna na deszcz, odpowiednia dla handlu i marketingu bezpo\u015bredniego \u2013 odmiana chroniona, W\u0142a\u015bciciel odmiany: Flevo Berry, Holandia Faith jest p\u00f3\u017an\u0105 odmian\u0105 z programu hodowlanego firmy Goossens Flevoplant. Odmiana ta dojrzewa 7 \u2013 10 dni po Elsanta i dlatego te\u017c jest zlokalizowana w interesuj\u0105cej porze dojrzewania, bezpo\u015brednio przed [&hellip;]<\/p>\n","protected":false},"author":1,"featured_media":0,"parent":59,"menu_order":3,"comment_status":"closed","ping_status":"closed","template":"page_frucht.php","meta":[],"yoast_head":"<!-- This site is optimized with the Yoast SEO plugin v17.2.1 - https:\/\/yoast.com\/wordpress\/plugins\/seo\/ -->\n<meta name=\"robots\" content=\"index, follow, max-snippet:-1, max-image-preview:large, max-video-preview:-1\" \/>\n<link rel=\"canonical\" href=\"https:\/\/kraege.de\/pol\/produkty\/truskawki\/spaete-sorten\/faith\/\" \/>\n<meta property=\"og:locale\" content=\"pl_PL\" \/>\n<meta property=\"og:type\" content=\"article\" \/>\n<meta property=\"og:title\" content=\"Faith - KRAEGE Beerenpflanzen POL\" \/>\n<meta property=\"og:description\" content=\"Kolor \u015brednio-czerwony &#8230; czerwony, b\u0142yszcz\u0105cy Uwagi piekna sk\u00f3rka, odporna na deszcz, odpowiednia dla handlu i marketingu bezpo\u015bredniego \u2013 odmiana chroniona, W\u0142a\u015bciciel odmiany: Flevo Berry, Holandia Faith jest p\u00f3\u017an\u0105 odmian\u0105 z programu hodowlanego firmy Goossens Flevoplant. Odmiana ta dojrzewa 7 \u2013 10 dni po Elsanta i dlatego te\u017c jest zlokalizowana w interesuj\u0105cej porze dojrzewania, bezpo\u015brednio przed [&hellip;]\" \/>\n<meta property=\"og:url\" content=\"https:\/\/kraege.de\/pol\/produkty\/truskawki\/spaete-sorten\/faith\/\" \/>\n<meta property=\"og:site_name\" content=\"KRAEGE Beerenpflanzen POL\" \/>\n<meta property=\"article:modified_time\" content=\"2025-11-24T15:00:07+00:00\" \/>\n<meta property=\"og:image\" content=\"https:\/\/kraege.de\/pol\/wp-content\/uploads\/sites\/7\/2016\/02\/Faith_im_vergleich_pol2-1024x357.jpg\" \/>\n<meta name=\"twitter:card\" content=\"summary\" \/>\n<meta name=\"twitter:label1\" content=\"Szacowany czas czytania\" \/>\n\t<meta name=\"twitter:data1\" content=\"2 minuty\" \/>\n<script type=\"application\/ld+json\" class=\"yoast-schema-graph\">{\"@context\":\"https:\/\/schema.org\",\"@graph\":[{\"@type\":\"WebSite\",\"@id\":\"https:\/\/kraege.de\/pol\/#website\",\"url\":\"https:\/\/kraege.de\/pol\/\",\"name\":\"KRAEGE Beerenpflanzen POL\",\"description\":\"Erdbeeren und Himbeeren aus der Region | Telgte | M\\u00fcnster | Warendorf\",\"potentialAction\":[{\"@type\":\"SearchAction\",\"target\":{\"@type\":\"EntryPoint\",\"urlTemplate\":\"https:\/\/kraege.de\/pol\/?s={search_term_string}\"},\"query-input\":\"required name=search_term_string\"}],\"inLanguage\":\"pl-PL\"},{\"@type\":\"ImageObject\",\"@id\":\"https:\/\/kraege.de\/pol\/produkty\/truskawki\/spaete-sorten\/faith\/#primaryimage\",\"inLanguage\":\"pl-PL\",\"url\":\"https:\/\/kraege.de\/pol\/wp-content\/uploads\/sites\/7\/2016\/02\/Faith_im_vergleich_pol2.jpg\",\"contentUrl\":\"https:\/\/kraege.de\/pol\/wp-content\/uploads\/sites\/7\/2016\/02\/Faith_im_vergleich_pol2.jpg\",\"width\":2302,\"height\":803},{\"@type\":\"WebPage\",\"@id\":\"https:\/\/kraege.de\/pol\/produkty\/truskawki\/spaete-sorten\/faith\/#webpage\",\"url\":\"https:\/\/kraege.de\/pol\/produkty\/truskawki\/spaete-sorten\/faith\/\",\"name\":\"Faith - KRAEGE Beerenpflanzen POL\",\"isPartOf\":{\"@id\":\"https:\/\/kraege.de\/pol\/#website\"},\"primaryImageOfPage\":{\"@id\":\"https:\/\/kraege.de\/pol\/produkty\/truskawki\/spaete-sorten\/faith\/#primaryimage\"},\"datePublished\":\"2015-12-03T17:23:05+00:00\",\"dateModified\":\"2025-11-24T15:00:07+00:00\",\"breadcrumb\":{\"@id\":\"https:\/\/kraege.de\/pol\/produkty\/truskawki\/spaete-sorten\/faith\/#breadcrumb\"},\"inLanguage\":\"pl-PL\",\"potentialAction\":[{\"@type\":\"ReadAction\",\"target\":[\"https:\/\/kraege.de\/pol\/produkty\/truskawki\/spaete-sorten\/faith\/\"]}]},{\"@type\":\"BreadcrumbList\",\"@id\":\"https:\/\/kraege.de\/pol\/produkty\/truskawki\/spaete-sorten\/faith\/#breadcrumb\",\"itemListElement\":[{\"@type\":\"ListItem\",\"position\":1,\"name\":\"Home\",\"item\":\"https:\/\/kraege.de\/pol\/\"},{\"@type\":\"ListItem\",\"position\":2,\"name\":\"Produkty\",\"item\":\"https:\/\/kraege.de\/pol\/produkty\/\"},{\"@type\":\"ListItem\",\"position\":3,\"name\":\"Truskawki\",\"item\":\"https:\/\/kraege.de\/pol\/produkty\/truskawki\/\"},{\"@type\":\"ListItem\",\"position\":4,\"name\":\"P\\u00f3\\u017ane odmiany\",\"item\":\"https:\/\/kraege.de\/pol\/produkty\/truskawki\/spaete-sorten\/\"},{\"@type\":\"ListItem\",\"position\":5,\"name\":\"Faith\"}]}]}<\/script>\n<!-- \/ Yoast SEO plugin. -->","yoast_head_json":{"robots":{"index":"index","follow":"follow","max-snippet":"max-snippet:-1","max-image-preview":"max-image-preview:large","max-video-preview":"max-video-preview:-1"},"canonical":"https:\/\/kraege.de\/pol\/produkty\/truskawki\/spaete-sorten\/faith\/","og_locale":"pl_PL","og_type":"article","og_title":"Faith - KRAEGE Beerenpflanzen POL","og_description":"Kolor \u015brednio-czerwony &#8230; czerwony, b\u0142yszcz\u0105cy Uwagi piekna sk\u00f3rka, odporna na deszcz, odpowiednia dla handlu i marketingu bezpo\u015bredniego \u2013 odmiana chroniona, W\u0142a\u015bciciel odmiany: Flevo Berry, Holandia Faith jest p\u00f3\u017an\u0105 odmian\u0105 z programu hodowlanego firmy Goossens Flevoplant. Odmiana ta dojrzewa 7 \u2013 10 dni po Elsanta i dlatego te\u017c jest zlokalizowana w interesuj\u0105cej porze dojrzewania, bezpo\u015brednio przed [&hellip;]","og_url":"https:\/\/kraege.de\/pol\/produkty\/truskawki\/spaete-sorten\/faith\/","og_site_name":"KRAEGE Beerenpflanzen POL","article_modified_time":"2025-11-24T15:00:07+00:00","og_image":[{"url":"https:\/\/kraege.de\/pol\/wp-content\/uploads\/sites\/7\/2016\/02\/Faith_im_vergleich_pol2-1024x357.jpg"}],"twitter_card":"summary","twitter_misc":{"Szacowany czas czytania":"2 minuty"},"schema":{"@context":"https:\/\/schema.org","@graph":[{"@type":"WebSite","@id":"https:\/\/kraege.de\/pol\/#website","url":"https:\/\/kraege.de\/pol\/","name":"KRAEGE Beerenpflanzen POL","description":"Erdbeeren und Himbeeren aus der Region | Telgte | M\u00fcnster | Warendorf","potentialAction":[{"@type":"SearchAction","target":{"@type":"EntryPoint","urlTemplate":"https:\/\/kraege.de\/pol\/?s={search_term_string}"},"query-input":"required name=search_term_string"}],"inLanguage":"pl-PL"},{"@type":"ImageObject","@id":"https:\/\/kraege.de\/pol\/produkty\/truskawki\/spaete-sorten\/faith\/#primaryimage","inLanguage":"pl-PL","url":"https:\/\/kraege.de\/pol\/wp-content\/uploads\/sites\/7\/2016\/02\/Faith_im_vergleich_pol2.jpg","contentUrl":"https:\/\/kraege.de\/pol\/wp-content\/uploads\/sites\/7\/2016\/02\/Faith_im_vergleich_pol2.jpg","width":2302,"height":803},{"@type":"WebPage","@id":"https:\/\/kraege.de\/pol\/produkty\/truskawki\/spaete-sorten\/faith\/#webpage","url":"https:\/\/kraege.de\/pol\/produkty\/truskawki\/spaete-sorten\/faith\/","name":"Faith - KRAEGE Beerenpflanzen POL","isPartOf":{"@id":"https:\/\/kraege.de\/pol\/#website"},"primaryImageOfPage":{"@id":"https:\/\/kraege.de\/pol\/produkty\/truskawki\/spaete-sorten\/faith\/#primaryimage"},"datePublished":"2015-12-03T17:23:05+00:00","dateModified":"2025-11-24T15:00:07+00:00","breadcrumb":{"@id":"https:\/\/kraege.de\/pol\/produkty\/truskawki\/spaete-sorten\/faith\/#breadcrumb"},"inLanguage":"pl-PL","potentialAction":[{"@type":"ReadAction","target":["https:\/\/kraege.de\/pol\/produkty\/truskawki\/spaete-sorten\/faith\/"]}]},{"@type":"BreadcrumbList","@id":"https:\/\/kraege.de\/pol\/produkty\/truskawki\/spaete-sorten\/faith\/#breadcrumb","itemListElement":[{"@type":"ListItem","position":1,"name":"Home","item":"https:\/\/kraege.de\/pol\/"},{"@type":"ListItem","position":2,"name":"Produkty","item":"https:\/\/kraege.de\/pol\/produkty\/"},{"@type":"ListItem","position":3,"name":"Truskawki","item":"https:\/\/kraege.de\/pol\/produkty\/truskawki\/"},{"@type":"ListItem","position":4,"name":"P\u00f3\u017ane odmiany","item":"https:\/\/kraege.de\/pol\/produkty\/truskawki\/spaete-sorten\/"},{"@type":"ListItem","position":5,"name":"Faith"}]}]}},"_links":{"self":[{"href":"https:\/\/kraege.de\/pol\/wp-json\/wp\/v2\/pages\/877"}],"collection":[{"href":"https:\/\/kraege.de\/pol\/wp-json\/wp\/v2\/pages"}],"about":[{"href":"https:\/\/kraege.de\/pol\/wp-json\/wp\/v2\/types\/page"}],"author":[{"embeddable":true,"href":"https:\/\/kraege.de\/pol\/wp-json\/wp\/v2\/users\/1"}],"replies":[{"embeddable":true,"href":"https:\/\/kraege.de\/pol\/wp-json\/wp\/v2\/comments?post=877"}],"version-history":[{"count":14,"href":"https:\/\/kraege.de\/pol\/wp-json\/wp\/v2\/pages\/877\/revisions"}],"predecessor-version":[{"id":2237,"href":"https:\/\/kraege.de\/pol\/wp-json\/wp\/v2\/pages\/877\/revisions\/2237"}],"up":[{"embeddable":true,"href":"https:\/\/kraege.de\/pol\/wp-json\/wp\/v2\/pages\/59"}],"wp:attachment":[{"href":"https:\/\/kraege.de\/pol\/wp-json\/wp\/v2\/media?parent=877"}],"curies":[{"name":"wp","href":"https:\/\/api.w.org\/{rel}","templated":true}]}}