{"id":73,"date":"2015-04-14T11:50:30","date_gmt":"2015-04-14T09:50:30","guid":{"rendered":"http:\/\/kraege.de\/kraege-21\/?page_id=73"},"modified":"2025-11-24T15:56:16","modified_gmt":"2025-11-24T14:56:16","slug":"polka","status":"publish","type":"page","link":"https:\/\/kraege.de\/pol\/produkty\/truskawki\/hauptreifezeit\/polka\/","title":{"rendered":"Polka"},"content":{"rendered":"<div class=\"tabelle-fruechte\">\n<table>\n<tbody>\n<tr>\n<td>Kolor<\/td>\n<td>czerwony \u2026 ciemno-czerwony, z po\u0142yskiem<\/td>\n<\/tr>\n<tr>\n<td>Uwagi<\/td>\n<td>polecana do uprawy jednorocznej (wielko\u015b\u0107 owoc\u00f3w), odporna na Verticillium, lekko wra\u017cliwa na m\u0105czniak<\/td>\n<\/tr>\n<\/tbody>\n<\/table>\n<\/div>\n<div class=\"reifezeit\"><\/div>\n<div class=\"herkunft\">\u2013 odmiana chroniona, W\u0142a\u015bciciel odmiany: Fresh Forward B.V., Wageningen, Holandia<\/div>\n","protected":false},"excerpt":{"rendered":"<p>Kolor czerwony \u2026 ciemno-czerwony, z po\u0142yskiem Uwagi polecana do uprawy jednorocznej (wielko\u015b\u0107 owoc\u00f3w), odporna na Verticillium, lekko wra\u017cliwa na m\u0105czniak \u2013 odmiana chroniona, W\u0142a\u015bciciel odmiany: Fresh Forward B.V., Wageningen, Holandia<\/p>\n","protected":false},"author":1,"featured_media":0,"parent":55,"menu_order":3,"comment_status":"open","ping_status":"closed","template":"page_frucht.php","meta":[],"yoast_head":"<!-- This site is optimized with the Yoast SEO plugin v17.2.1 - https:\/\/yoast.com\/wordpress\/plugins\/seo\/ -->\n<meta name=\"robots\" content=\"index, follow, max-snippet:-1, max-image-preview:large, max-video-preview:-1\" \/>\n<link rel=\"canonical\" href=\"https:\/\/kraege.de\/pol\/produkty\/truskawki\/hauptreifezeit\/polka\/\" \/>\n<meta property=\"og:locale\" content=\"pl_PL\" \/>\n<meta property=\"og:type\" content=\"article\" \/>\n<meta property=\"og:title\" content=\"Polka - KRAEGE Beerenpflanzen POL\" \/>\n<meta property=\"og:description\" content=\"Kolor czerwony \u2026 ciemno-czerwony, z po\u0142yskiem Uwagi polecana do uprawy jednorocznej (wielko\u015b\u0107 owoc\u00f3w), odporna na Verticillium, lekko wra\u017cliwa na m\u0105czniak \u2013 odmiana chroniona, W\u0142a\u015bciciel odmiany: Fresh Forward B.V., Wageningen, Holandia\" \/>\n<meta property=\"og:url\" content=\"https:\/\/kraege.de\/pol\/produkty\/truskawki\/hauptreifezeit\/polka\/\" \/>\n<meta property=\"og:site_name\" content=\"KRAEGE Beerenpflanzen POL\" \/>\n<meta property=\"article:modified_time\" content=\"2025-11-24T14:56:16+00:00\" \/>\n<meta name=\"twitter:card\" content=\"summary\" \/>\n<meta name=\"twitter:label1\" content=\"Szacowany czas czytania\" \/>\n\t<meta name=\"twitter:data1\" content=\"1 minuta\" \/>\n<script type=\"application\/ld+json\" class=\"yoast-schema-graph\">{\"@context\":\"https:\/\/schema.org\",\"@graph\":[{\"@type\":\"WebSite\",\"@id\":\"https:\/\/kraege.de\/pol\/#website\",\"url\":\"https:\/\/kraege.de\/pol\/\",\"name\":\"KRAEGE Beerenpflanzen POL\",\"description\":\"Erdbeeren und Himbeeren aus der Region | Telgte | M\\u00fcnster | Warendorf\",\"potentialAction\":[{\"@type\":\"SearchAction\",\"target\":{\"@type\":\"EntryPoint\",\"urlTemplate\":\"https:\/\/kraege.de\/pol\/?s={search_term_string}\"},\"query-input\":\"required name=search_term_string\"}],\"inLanguage\":\"pl-PL\"},{\"@type\":\"WebPage\",\"@id\":\"https:\/\/kraege.de\/pol\/produkty\/truskawki\/hauptreifezeit\/polka\/#webpage\",\"url\":\"https:\/\/kraege.de\/pol\/produkty\/truskawki\/hauptreifezeit\/polka\/\",\"name\":\"Polka - KRAEGE Beerenpflanzen POL\",\"isPartOf\":{\"@id\":\"https:\/\/kraege.de\/pol\/#website\"},\"datePublished\":\"2015-04-14T09:50:30+00:00\",\"dateModified\":\"2025-11-24T14:56:16+00:00\",\"breadcrumb\":{\"@id\":\"https:\/\/kraege.de\/pol\/produkty\/truskawki\/hauptreifezeit\/polka\/#breadcrumb\"},\"inLanguage\":\"pl-PL\",\"potentialAction\":[{\"@type\":\"ReadAction\",\"target\":[\"https:\/\/kraege.de\/pol\/produkty\/truskawki\/hauptreifezeit\/polka\/\"]}]},{\"@type\":\"BreadcrumbList\",\"@id\":\"https:\/\/kraege.de\/pol\/produkty\/truskawki\/hauptreifezeit\/polka\/#breadcrumb\",\"itemListElement\":[{\"@type\":\"ListItem\",\"position\":1,\"name\":\"Home\",\"item\":\"https:\/\/kraege.de\/pol\/\"},{\"@type\":\"ListItem\",\"position\":2,\"name\":\"Produkty\",\"item\":\"https:\/\/kraege.de\/pol\/produkty\/\"},{\"@type\":\"ListItem\",\"position\":3,\"name\":\"Truskawki\",\"item\":\"https:\/\/kraege.de\/pol\/produkty\/truskawki\/\"},{\"@type\":\"ListItem\",\"position\":4,\"name\":\"G\\u0142\\u00f3wna pora dojrzewania\",\"item\":\"https:\/\/kraege.de\/pol\/produkty\/truskawki\/hauptreifezeit\/\"},{\"@type\":\"ListItem\",\"position\":5,\"name\":\"Polka\"}]}]}<\/script>\n<!-- \/ Yoast SEO plugin. -->","yoast_head_json":{"robots":{"index":"index","follow":"follow","max-snippet":"max-snippet:-1","max-image-preview":"max-image-preview:large","max-video-preview":"max-video-preview:-1"},"canonical":"https:\/\/kraege.de\/pol\/produkty\/truskawki\/hauptreifezeit\/polka\/","og_locale":"pl_PL","og_type":"article","og_title":"Polka - KRAEGE Beerenpflanzen POL","og_description":"Kolor czerwony \u2026 ciemno-czerwony, z po\u0142yskiem Uwagi polecana do uprawy jednorocznej (wielko\u015b\u0107 owoc\u00f3w), odporna na Verticillium, lekko wra\u017cliwa na m\u0105czniak \u2013 odmiana chroniona, W\u0142a\u015bciciel odmiany: Fresh Forward B.V., Wageningen, Holandia","og_url":"https:\/\/kraege.de\/pol\/produkty\/truskawki\/hauptreifezeit\/polka\/","og_site_name":"KRAEGE Beerenpflanzen POL","article_modified_time":"2025-11-24T14:56:16+00:00","twitter_card":"summary","twitter_misc":{"Szacowany czas czytania":"1 minuta"},"schema":{"@context":"https:\/\/schema.org","@graph":[{"@type":"WebSite","@id":"https:\/\/kraege.de\/pol\/#website","url":"https:\/\/kraege.de\/pol\/","name":"KRAEGE Beerenpflanzen POL","description":"Erdbeeren und Himbeeren aus der Region | Telgte | M\u00fcnster | Warendorf","potentialAction":[{"@type":"SearchAction","target":{"@type":"EntryPoint","urlTemplate":"https:\/\/kraege.de\/pol\/?s={search_term_string}"},"query-input":"required name=search_term_string"}],"inLanguage":"pl-PL"},{"@type":"WebPage","@id":"https:\/\/kraege.de\/pol\/produkty\/truskawki\/hauptreifezeit\/polka\/#webpage","url":"https:\/\/kraege.de\/pol\/produkty\/truskawki\/hauptreifezeit\/polka\/","name":"Polka - KRAEGE Beerenpflanzen POL","isPartOf":{"@id":"https:\/\/kraege.de\/pol\/#website"},"datePublished":"2015-04-14T09:50:30+00:00","dateModified":"2025-11-24T14:56:16+00:00","breadcrumb":{"@id":"https:\/\/kraege.de\/pol\/produkty\/truskawki\/hauptreifezeit\/polka\/#breadcrumb"},"inLanguage":"pl-PL","potentialAction":[{"@type":"ReadAction","target":["https:\/\/kraege.de\/pol\/produkty\/truskawki\/hauptreifezeit\/polka\/"]}]},{"@type":"BreadcrumbList","@id":"https:\/\/kraege.de\/pol\/produkty\/truskawki\/hauptreifezeit\/polka\/#breadcrumb","itemListElement":[{"@type":"ListItem","position":1,"name":"Home","item":"https:\/\/kraege.de\/pol\/"},{"@type":"ListItem","position":2,"name":"Produkty","item":"https:\/\/kraege.de\/pol\/produkty\/"},{"@type":"ListItem","position":3,"name":"Truskawki","item":"https:\/\/kraege.de\/pol\/produkty\/truskawki\/"},{"@type":"ListItem","position":4,"name":"G\u0142\u00f3wna pora dojrzewania","item":"https:\/\/kraege.de\/pol\/produkty\/truskawki\/hauptreifezeit\/"},{"@type":"ListItem","position":5,"name":"Polka"}]}]}},"_links":{"self":[{"href":"https:\/\/kraege.de\/pol\/wp-json\/wp\/v2\/pages\/73"}],"collection":[{"href":"https:\/\/kraege.de\/pol\/wp-json\/wp\/v2\/pages"}],"about":[{"href":"https:\/\/kraege.de\/pol\/wp-json\/wp\/v2\/types\/page"}],"author":[{"embeddable":true,"href":"https:\/\/kraege.de\/pol\/wp-json\/wp\/v2\/users\/1"}],"replies":[{"embeddable":true,"href":"https:\/\/kraege.de\/pol\/wp-json\/wp\/v2\/comments?post=73"}],"version-history":[{"count":8,"href":"https:\/\/kraege.de\/pol\/wp-json\/wp\/v2\/pages\/73\/revisions"}],"predecessor-version":[{"id":2002,"href":"https:\/\/kraege.de\/pol\/wp-json\/wp\/v2\/pages\/73\/revisions\/2002"}],"up":[{"embeddable":true,"href":"https:\/\/kraege.de\/pol\/wp-json\/wp\/v2\/pages\/55"}],"wp:attachment":[{"href":"https:\/\/kraege.de\/pol\/wp-json\/wp\/v2\/media?parent=73"}],"curies":[{"name":"wp","href":"https:\/\/api.w.org\/{rel}","templated":true}]}}