{"id":51,"date":"2015-04-14T11:46:47","date_gmt":"2015-04-14T09:46:47","guid":{"rendered":"http:\/\/kraege.de\/kraege-21\/?page_id=51"},"modified":"2024-11-24T12:47:56","modified_gmt":"2024-11-24T11:47:56","slug":"reifezeiten-sortenvergleich","status":"publish","type":"page","link":"https:\/\/kraege.de\/pol\/produkty\/truskawki\/reifezeiten-sortenvergleich\/","title":{"rendered":"pora dojrzewania, Por\u00f3wnanie odmian"},"content":{"rendered":"<table class=\"downloads\" width=\"100%\">\n<tbody>\n<tr>\n<td width=\"20%\"><a href=\"https:\/\/kraege.de\/pol\/wp-content\/uploads\/sites\/7\/2024\/11\/www_Sortenvergleich_pol.jpg\"><img loading=\"lazy\" class=\"aligncenter wp-image-2434 size-thumbnail\" src=\"https:\/\/kraege.de\/pol\/wp-content\/uploads\/sites\/7\/2024\/11\/www_Sortenvergleich_pol-220x220.jpg\" alt=\"\" width=\"220\" height=\"220\" \/><\/a><\/td>\n<td width=\"20%\"><a href=\"https:\/\/kraege.de\/pol\/wp-content\/uploads\/sites\/7\/2024\/11\/www_Vergleich_Sorten_pol.jpg\"><img loading=\"lazy\" class=\"aligncenter wp-image-2437 size-thumbnail\" src=\"https:\/\/kraege.de\/pol\/wp-content\/uploads\/sites\/7\/2024\/11\/www_Vergleich_Sorten_pol-220x220.jpg\" alt=\"\" width=\"220\" height=\"220\" \/><\/a><\/td>\n<td width=\"20%\" data-wp-editing=\"1\"><a href=\"https:\/\/kraege.de\/pol\/wp-content\/uploads\/sites\/7\/2024\/11\/Reifezeiten_pol-scaled.jpg\"><img loading=\"lazy\" class=\"aligncenter wp-image-2431 size-thumbnail\" src=\"https:\/\/kraege.de\/pol\/wp-content\/uploads\/sites\/7\/2024\/11\/Reifezeiten_pol-220x220.jpg\" alt=\"\" width=\"220\" height=\"220\" \/><\/a><\/td>\n<td width=\"20%\"><\/td>\n<td width=\"20%\"><\/td>\n<\/tr>\n<tr>\n<td style=\"text-align: center;\">Por\u00f3wnanie<br \/>\nokres\u00f3w zbior\u00f3w<\/td>\n<td style=\"text-align: center;\">Por\u00f3wnanie odmian<\/td>\n<td style=\"text-align: center;\">Okresy zbior\u00f3w<\/td>\n<td><\/td>\n<td><\/td>\n<\/tr>\n<\/tbody>\n<\/table>\n<h6><\/h6>\n","protected":false},"excerpt":{"rendered":"<p>Por\u00f3wnanie okres\u00f3w zbior\u00f3w Por\u00f3wnanie odmian Okresy zbior\u00f3w<\/p>\n","protected":false},"author":1,"featured_media":0,"parent":547,"menu_order":6,"comment_status":"open","ping_status":"closed","template":"page_frucht.php","meta":[],"yoast_head":"<!-- This site is optimized with the Yoast SEO plugin v17.2.1 - https:\/\/yoast.com\/wordpress\/plugins\/seo\/ -->\n<meta name=\"robots\" content=\"index, follow, max-snippet:-1, max-image-preview:large, max-video-preview:-1\" \/>\n<link rel=\"canonical\" href=\"https:\/\/kraege.de\/pol\/produkty\/truskawki\/reifezeiten-sortenvergleich\/\" \/>\n<meta property=\"og:locale\" content=\"pl_PL\" \/>\n<meta property=\"og:type\" content=\"article\" \/>\n<meta property=\"og:title\" content=\"pora dojrzewania, Por\u00f3wnanie odmian - KRAEGE Beerenpflanzen POL\" \/>\n<meta property=\"og:description\" content=\"Por\u00f3wnanie okres\u00f3w zbior\u00f3w Por\u00f3wnanie odmian Okresy zbior\u00f3w\" \/>\n<meta property=\"og:url\" content=\"https:\/\/kraege.de\/pol\/produkty\/truskawki\/reifezeiten-sortenvergleich\/\" \/>\n<meta property=\"og:site_name\" content=\"KRAEGE Beerenpflanzen POL\" \/>\n<meta property=\"article:modified_time\" content=\"2024-11-24T11:47:56+00:00\" \/>\n<meta property=\"og:image\" content=\"https:\/\/kraege.de\/pol\/wp-content\/uploads\/sites\/7\/2024\/11\/www_Sortenvergleich_pol-220x220.jpg\" \/>\n<meta name=\"twitter:card\" content=\"summary\" \/>\n<meta name=\"twitter:label1\" content=\"Szacowany czas czytania\" \/>\n\t<meta name=\"twitter:data1\" content=\"1 minuta\" \/>\n<script type=\"application\/ld+json\" class=\"yoast-schema-graph\">{\"@context\":\"https:\/\/schema.org\",\"@graph\":[{\"@type\":\"WebSite\",\"@id\":\"https:\/\/kraege.de\/pol\/#website\",\"url\":\"https:\/\/kraege.de\/pol\/\",\"name\":\"KRAEGE Beerenpflanzen POL\",\"description\":\"Erdbeeren und Himbeeren aus der Region | Telgte | M\\u00fcnster | Warendorf\",\"potentialAction\":[{\"@type\":\"SearchAction\",\"target\":{\"@type\":\"EntryPoint\",\"urlTemplate\":\"https:\/\/kraege.de\/pol\/?s={search_term_string}\"},\"query-input\":\"required name=search_term_string\"}],\"inLanguage\":\"pl-PL\"},{\"@type\":\"ImageObject\",\"@id\":\"https:\/\/kraege.de\/pol\/produkty\/truskawki\/reifezeiten-sortenvergleich\/#primaryimage\",\"inLanguage\":\"pl-PL\",\"url\":\"https:\/\/kraege.de\/pol\/wp-content\/uploads\/sites\/7\/2024\/11\/www_Sortenvergleich_pol.jpg\",\"contentUrl\":\"https:\/\/kraege.de\/pol\/wp-content\/uploads\/sites\/7\/2024\/11\/www_Sortenvergleich_pol.jpg\",\"width\":1413,\"height\":1697},{\"@type\":\"WebPage\",\"@id\":\"https:\/\/kraege.de\/pol\/produkty\/truskawki\/reifezeiten-sortenvergleich\/#webpage\",\"url\":\"https:\/\/kraege.de\/pol\/produkty\/truskawki\/reifezeiten-sortenvergleich\/\",\"name\":\"pora dojrzewania, Por\\u00f3wnanie odmian - KRAEGE Beerenpflanzen POL\",\"isPartOf\":{\"@id\":\"https:\/\/kraege.de\/pol\/#website\"},\"primaryImageOfPage\":{\"@id\":\"https:\/\/kraege.de\/pol\/produkty\/truskawki\/reifezeiten-sortenvergleich\/#primaryimage\"},\"datePublished\":\"2015-04-14T09:46:47+00:00\",\"dateModified\":\"2024-11-24T11:47:56+00:00\",\"breadcrumb\":{\"@id\":\"https:\/\/kraege.de\/pol\/produkty\/truskawki\/reifezeiten-sortenvergleich\/#breadcrumb\"},\"inLanguage\":\"pl-PL\",\"potentialAction\":[{\"@type\":\"ReadAction\",\"target\":[\"https:\/\/kraege.de\/pol\/produkty\/truskawki\/reifezeiten-sortenvergleich\/\"]}]},{\"@type\":\"BreadcrumbList\",\"@id\":\"https:\/\/kraege.de\/pol\/produkty\/truskawki\/reifezeiten-sortenvergleich\/#breadcrumb\",\"itemListElement\":[{\"@type\":\"ListItem\",\"position\":1,\"name\":\"Home\",\"item\":\"https:\/\/kraege.de\/pol\/\"},{\"@type\":\"ListItem\",\"position\":2,\"name\":\"Produkty\",\"item\":\"https:\/\/kraege.de\/pol\/produkty\/\"},{\"@type\":\"ListItem\",\"position\":3,\"name\":\"Truskawki\",\"item\":\"https:\/\/kraege.de\/pol\/produkty\/truskawki\/\"},{\"@type\":\"ListItem\",\"position\":4,\"name\":\"pora dojrzewania, Por\\u00f3wnanie odmian\"}]}]}<\/script>\n<!-- \/ Yoast SEO plugin. -->","yoast_head_json":{"robots":{"index":"index","follow":"follow","max-snippet":"max-snippet:-1","max-image-preview":"max-image-preview:large","max-video-preview":"max-video-preview:-1"},"canonical":"https:\/\/kraege.de\/pol\/produkty\/truskawki\/reifezeiten-sortenvergleich\/","og_locale":"pl_PL","og_type":"article","og_title":"pora dojrzewania, Por\u00f3wnanie odmian - KRAEGE Beerenpflanzen POL","og_description":"Por\u00f3wnanie okres\u00f3w zbior\u00f3w Por\u00f3wnanie odmian Okresy zbior\u00f3w","og_url":"https:\/\/kraege.de\/pol\/produkty\/truskawki\/reifezeiten-sortenvergleich\/","og_site_name":"KRAEGE Beerenpflanzen POL","article_modified_time":"2024-11-24T11:47:56+00:00","og_image":[{"url":"https:\/\/kraege.de\/pol\/wp-content\/uploads\/sites\/7\/2024\/11\/www_Sortenvergleich_pol-220x220.jpg"}],"twitter_card":"summary","twitter_misc":{"Szacowany czas czytania":"1 minuta"},"schema":{"@context":"https:\/\/schema.org","@graph":[{"@type":"WebSite","@id":"https:\/\/kraege.de\/pol\/#website","url":"https:\/\/kraege.de\/pol\/","name":"KRAEGE Beerenpflanzen POL","description":"Erdbeeren und Himbeeren aus der Region | Telgte | M\u00fcnster | Warendorf","potentialAction":[{"@type":"SearchAction","target":{"@type":"EntryPoint","urlTemplate":"https:\/\/kraege.de\/pol\/?s={search_term_string}"},"query-input":"required name=search_term_string"}],"inLanguage":"pl-PL"},{"@type":"ImageObject","@id":"https:\/\/kraege.de\/pol\/produkty\/truskawki\/reifezeiten-sortenvergleich\/#primaryimage","inLanguage":"pl-PL","url":"https:\/\/kraege.de\/pol\/wp-content\/uploads\/sites\/7\/2024\/11\/www_Sortenvergleich_pol.jpg","contentUrl":"https:\/\/kraege.de\/pol\/wp-content\/uploads\/sites\/7\/2024\/11\/www_Sortenvergleich_pol.jpg","width":1413,"height":1697},{"@type":"WebPage","@id":"https:\/\/kraege.de\/pol\/produkty\/truskawki\/reifezeiten-sortenvergleich\/#webpage","url":"https:\/\/kraege.de\/pol\/produkty\/truskawki\/reifezeiten-sortenvergleich\/","name":"pora dojrzewania, Por\u00f3wnanie odmian - KRAEGE Beerenpflanzen POL","isPartOf":{"@id":"https:\/\/kraege.de\/pol\/#website"},"primaryImageOfPage":{"@id":"https:\/\/kraege.de\/pol\/produkty\/truskawki\/reifezeiten-sortenvergleich\/#primaryimage"},"datePublished":"2015-04-14T09:46:47+00:00","dateModified":"2024-11-24T11:47:56+00:00","breadcrumb":{"@id":"https:\/\/kraege.de\/pol\/produkty\/truskawki\/reifezeiten-sortenvergleich\/#breadcrumb"},"inLanguage":"pl-PL","potentialAction":[{"@type":"ReadAction","target":["https:\/\/kraege.de\/pol\/produkty\/truskawki\/reifezeiten-sortenvergleich\/"]}]},{"@type":"BreadcrumbList","@id":"https:\/\/kraege.de\/pol\/produkty\/truskawki\/reifezeiten-sortenvergleich\/#breadcrumb","itemListElement":[{"@type":"ListItem","position":1,"name":"Home","item":"https:\/\/kraege.de\/pol\/"},{"@type":"ListItem","position":2,"name":"Produkty","item":"https:\/\/kraege.de\/pol\/produkty\/"},{"@type":"ListItem","position":3,"name":"Truskawki","item":"https:\/\/kraege.de\/pol\/produkty\/truskawki\/"},{"@type":"ListItem","position":4,"name":"pora dojrzewania, Por\u00f3wnanie odmian"}]}]}},"_links":{"self":[{"href":"https:\/\/kraege.de\/pol\/wp-json\/wp\/v2\/pages\/51"}],"collection":[{"href":"https:\/\/kraege.de\/pol\/wp-json\/wp\/v2\/pages"}],"about":[{"href":"https:\/\/kraege.de\/pol\/wp-json\/wp\/v2\/types\/page"}],"author":[{"embeddable":true,"href":"https:\/\/kraege.de\/pol\/wp-json\/wp\/v2\/users\/1"}],"replies":[{"embeddable":true,"href":"https:\/\/kraege.de\/pol\/wp-json\/wp\/v2\/comments?post=51"}],"version-history":[{"count":65,"href":"https:\/\/kraege.de\/pol\/wp-json\/wp\/v2\/pages\/51\/revisions"}],"predecessor-version":[{"id":2438,"href":"https:\/\/kraege.de\/pol\/wp-json\/wp\/v2\/pages\/51\/revisions\/2438"}],"up":[{"embeddable":true,"href":"https:\/\/kraege.de\/pol\/wp-json\/wp\/v2\/pages\/547"}],"wp:attachment":[{"href":"https:\/\/kraege.de\/pol\/wp-json\/wp\/v2\/media?parent=51"}],"curies":[{"name":"wp","href":"https:\/\/api.w.org\/{rel}","templated":true}]}}