{"id":4,"date":"2015-04-14T05:58:00","date_gmt":"2015-04-14T03:58:00","guid":{"rendered":"http:\/\/kraege.de\/kraege-21\/?page_id=4"},"modified":"2025-11-25T08:53:34","modified_gmt":"2025-11-25T07:53:34","slug":"home","status":"publish","type":"page","link":"https:\/\/kraege.de\/pol\/","title":{"rendered":"Serdecznie witamy!"},"content":{"rendered":"<div class=\"col\">\n<p><span style=\"color: #ff0000;\"><strong>Uwaga: Strona kraege.de\/pl\/ w aktualizacji<\/strong><\/span><\/p>\n<p>Kraege International istnieje od 1958 roku, jest specjalist\u0105 od rozmna\u017cania sadzonek truskawek i malin. Nasze przedsi\u0119biorstwo pro-dukuje na oko\u0142o 300 hektarach ziemi, ponad 50 r\u00f3\u017cnych odmian truskawek i najwa\u017cniejsze odmiany malin. Sadzonki truskawek frigo stanowi\u0105 lwi\u0105 cz\u0119\u015b\u0107 naszej dzia\u0142alno\u015bci. Pracujemy nieprzerwanie nad utrzymaniem i po\u00ad\u00adpraw\u0105 zdrowotno\u015bci naszych ro\u015blin.<br \/>\nZaczyna si\u0119 to od produkcji w\u0142asnej sadzonki matki. (Czytaj wi\u0119cej na ten temat na nast\u0119pnej stronie). Nasz\u0105 szczeg\u00f3ln\u0105 si\u0142\u0105 jest szereg odmian, jakie oferujemy.<\/p>\n<\/div>\n<div class=\"col\">\n<p>Mamy dobre kontakty ze wszystkimi du\u017cymi hodowcami na ca\u0142ym \u015bwiecie, jeste\u015bmy w stanie przetestowa\u0107 nowe odmiany na wczesnym etapie. Jak wida\u0107 na tabeli okresu zbior\u00f3w, mamy szerok\u0105 gam\u0119 produkt\u00f3w ze wszystkich obe\u00adcnie popularnych odmian.<br \/>\nOpr\u00f3cz sadzonek truskawek Kraege skupia uwag\u0119 na produkcji sadzonek malin. Te ostatnie oferowane s\u0105 jako nagie korzenie, jak r\u00f3wnie\u017c uzyskane z korzeni ro\u015bliny w doniczkach.<\/p>\n<p><strong>Tutaj znajdziesz \u00a0 <a href=\"https:\/\/kraege.de\/pol\/wp-content\/uploads\/sites\/7\/2025\/11\/www_MK_27.10.25_Katalog_pol.pdf\" target=\"_blank\" rel=\"noopener\">nasz bie\u017c\u0105cy katalog<\/a>\u00a0\u00a0 do przegl\u0105dania.<\/strong><\/p>\n<\/div>\n","protected":false},"excerpt":{"rendered":"<p>Uwaga: Strona kraege.de\/pl\/ w aktualizacji Kraege International istnieje od 1958 roku, jest specjalist\u0105 od rozmna\u017cania sadzonek truskawek i malin. Nasze przedsi\u0119biorstwo pro-dukuje na oko\u0142o 300 hektarach ziemi, ponad 50 r\u00f3\u017cnych odmian truskawek i najwa\u017cniejsze odmiany malin. Sadzonki truskawek frigo stanowi\u0105 lwi\u0105 cz\u0119\u015b\u0107 naszej dzia\u0142alno\u015bci. Pracujemy nieprzerwanie nad utrzymaniem i po\u00ad\u00adpraw\u0105 zdrowotno\u015bci naszych ro\u015blin. Zaczyna si\u0119 [&hellip;]<\/p>\n","protected":false},"author":1,"featured_media":0,"parent":0,"menu_order":0,"comment_status":"open","ping_status":"closed","template":"page_home.php","meta":[],"yoast_head":"<!-- This site is optimized with the Yoast SEO plugin v17.2.1 - https:\/\/yoast.com\/wordpress\/plugins\/seo\/ -->\n<meta name=\"robots\" content=\"index, follow, max-snippet:-1, max-image-preview:large, max-video-preview:-1\" \/>\n<link rel=\"canonical\" href=\"https:\/\/kraege.de\/pol\/\" \/>\n<meta property=\"og:locale\" content=\"pl_PL\" \/>\n<meta property=\"og:type\" content=\"article\" \/>\n<meta property=\"og:title\" content=\"Serdecznie witamy! - KRAEGE Beerenpflanzen POL\" \/>\n<meta property=\"og:description\" content=\"Uwaga: Strona kraege.de\/pl\/ w aktualizacji Kraege International istnieje od 1958 roku, jest specjalist\u0105 od rozmna\u017cania sadzonek truskawek i malin. Nasze przedsi\u0119biorstwo pro-dukuje na oko\u0142o 300 hektarach ziemi, ponad 50 r\u00f3\u017cnych odmian truskawek i najwa\u017cniejsze odmiany malin. Sadzonki truskawek frigo stanowi\u0105 lwi\u0105 cz\u0119\u015b\u0107 naszej dzia\u0142alno\u015bci. Pracujemy nieprzerwanie nad utrzymaniem i po\u00ad\u00adpraw\u0105 zdrowotno\u015bci naszych ro\u015blin. Zaczyna si\u0119 [&hellip;]\" \/>\n<meta property=\"og:url\" content=\"https:\/\/kraege.de\/pol\/\" \/>\n<meta property=\"og:site_name\" content=\"KRAEGE Beerenpflanzen POL\" \/>\n<meta property=\"article:modified_time\" content=\"2025-11-25T07:53:34+00:00\" \/>\n<meta name=\"twitter:card\" content=\"summary\" \/>\n<meta name=\"twitter:label1\" content=\"Szacowany czas czytania\" \/>\n\t<meta name=\"twitter:data1\" content=\"1 minuta\" \/>\n<script type=\"application\/ld+json\" class=\"yoast-schema-graph\">{\"@context\":\"https:\/\/schema.org\",\"@graph\":[{\"@type\":\"WebSite\",\"@id\":\"https:\/\/kraege.de\/pol\/#website\",\"url\":\"https:\/\/kraege.de\/pol\/\",\"name\":\"KRAEGE Beerenpflanzen POL\",\"description\":\"Erdbeeren und Himbeeren aus der Region | Telgte | M\\u00fcnster | Warendorf\",\"potentialAction\":[{\"@type\":\"SearchAction\",\"target\":{\"@type\":\"EntryPoint\",\"urlTemplate\":\"https:\/\/kraege.de\/pol\/?s={search_term_string}\"},\"query-input\":\"required name=search_term_string\"}],\"inLanguage\":\"pl-PL\"},{\"@type\":\"WebPage\",\"@id\":\"https:\/\/kraege.de\/pol\/#webpage\",\"url\":\"https:\/\/kraege.de\/pol\/\",\"name\":\"Serdecznie witamy! - KRAEGE Beerenpflanzen POL\",\"isPartOf\":{\"@id\":\"https:\/\/kraege.de\/pol\/#website\"},\"datePublished\":\"2015-04-14T03:58:00+00:00\",\"dateModified\":\"2025-11-25T07:53:34+00:00\",\"breadcrumb\":{\"@id\":\"https:\/\/kraege.de\/pol\/#breadcrumb\"},\"inLanguage\":\"pl-PL\",\"potentialAction\":[{\"@type\":\"ReadAction\",\"target\":[\"https:\/\/kraege.de\/pol\/\"]}]},{\"@type\":\"BreadcrumbList\",\"@id\":\"https:\/\/kraege.de\/pol\/#breadcrumb\",\"itemListElement\":[{\"@type\":\"ListItem\",\"position\":1,\"name\":\"Home\",\"item\":\"https:\/\/kraege.de\/pol\/\"},{\"@type\":\"ListItem\",\"position\":2,\"name\":\"Serdecznie witamy!\"}]}]}<\/script>\n<!-- \/ Yoast SEO plugin. -->","yoast_head_json":{"robots":{"index":"index","follow":"follow","max-snippet":"max-snippet:-1","max-image-preview":"max-image-preview:large","max-video-preview":"max-video-preview:-1"},"canonical":"https:\/\/kraege.de\/pol\/","og_locale":"pl_PL","og_type":"article","og_title":"Serdecznie witamy! - KRAEGE Beerenpflanzen POL","og_description":"Uwaga: Strona kraege.de\/pl\/ w aktualizacji Kraege International istnieje od 1958 roku, jest specjalist\u0105 od rozmna\u017cania sadzonek truskawek i malin. Nasze przedsi\u0119biorstwo pro-dukuje na oko\u0142o 300 hektarach ziemi, ponad 50 r\u00f3\u017cnych odmian truskawek i najwa\u017cniejsze odmiany malin. Sadzonki truskawek frigo stanowi\u0105 lwi\u0105 cz\u0119\u015b\u0107 naszej dzia\u0142alno\u015bci. Pracujemy nieprzerwanie nad utrzymaniem i po\u00ad\u00adpraw\u0105 zdrowotno\u015bci naszych ro\u015blin. Zaczyna si\u0119 [&hellip;]","og_url":"https:\/\/kraege.de\/pol\/","og_site_name":"KRAEGE Beerenpflanzen POL","article_modified_time":"2025-11-25T07:53:34+00:00","twitter_card":"summary","twitter_misc":{"Szacowany czas czytania":"1 minuta"},"schema":{"@context":"https:\/\/schema.org","@graph":[{"@type":"WebSite","@id":"https:\/\/kraege.de\/pol\/#website","url":"https:\/\/kraege.de\/pol\/","name":"KRAEGE Beerenpflanzen POL","description":"Erdbeeren und Himbeeren aus der Region | Telgte | M\u00fcnster | Warendorf","potentialAction":[{"@type":"SearchAction","target":{"@type":"EntryPoint","urlTemplate":"https:\/\/kraege.de\/pol\/?s={search_term_string}"},"query-input":"required name=search_term_string"}],"inLanguage":"pl-PL"},{"@type":"WebPage","@id":"https:\/\/kraege.de\/pol\/#webpage","url":"https:\/\/kraege.de\/pol\/","name":"Serdecznie witamy! - KRAEGE Beerenpflanzen POL","isPartOf":{"@id":"https:\/\/kraege.de\/pol\/#website"},"datePublished":"2015-04-14T03:58:00+00:00","dateModified":"2025-11-25T07:53:34+00:00","breadcrumb":{"@id":"https:\/\/kraege.de\/pol\/#breadcrumb"},"inLanguage":"pl-PL","potentialAction":[{"@type":"ReadAction","target":["https:\/\/kraege.de\/pol\/"]}]},{"@type":"BreadcrumbList","@id":"https:\/\/kraege.de\/pol\/#breadcrumb","itemListElement":[{"@type":"ListItem","position":1,"name":"Home","item":"https:\/\/kraege.de\/pol\/"},{"@type":"ListItem","position":2,"name":"Serdecznie witamy!"}]}]}},"_links":{"self":[{"href":"https:\/\/kraege.de\/pol\/wp-json\/wp\/v2\/pages\/4"}],"collection":[{"href":"https:\/\/kraege.de\/pol\/wp-json\/wp\/v2\/pages"}],"about":[{"href":"https:\/\/kraege.de\/pol\/wp-json\/wp\/v2\/types\/page"}],"author":[{"embeddable":true,"href":"https:\/\/kraege.de\/pol\/wp-json\/wp\/v2\/users\/1"}],"replies":[{"embeddable":true,"href":"https:\/\/kraege.de\/pol\/wp-json\/wp\/v2\/comments?post=4"}],"version-history":[{"count":31,"href":"https:\/\/kraege.de\/pol\/wp-json\/wp\/v2\/pages\/4\/revisions"}],"predecessor-version":[{"id":2498,"href":"https:\/\/kraege.de\/pol\/wp-json\/wp\/v2\/pages\/4\/revisions\/2498"}],"wp:attachment":[{"href":"https:\/\/kraege.de\/pol\/wp-json\/wp\/v2\/media?parent=4"}],"curies":[{"name":"wp","href":"https:\/\/api.w.org\/{rel}","templated":true}]}}