{"id":322,"date":"2015-04-17T11:55:52","date_gmt":"2015-04-17T09:55:52","guid":{"rendered":"http:\/\/kraege.de\/kraege-21\/?page_id=322"},"modified":"2020-04-28T16:44:05","modified_gmt":"2020-04-28T14:44:05","slug":"impressum","status":"publish","type":"page","link":"https:\/\/kraege.de\/pol\/impressum\/","title":{"rendered":"Impressum"},"content":{"rendered":"<p class=\"AbsenderimKuvertfenster\"><strong>Kraege International GmbH &amp; Co.KG<br \/>\n<\/strong>Delsener Heide 36<br \/>\nD- 48291 Telgte<\/p>\n<p>Tel.: +492504 7000-0<br \/>\nFax.:+492504 700040<\/p>\n<p>&#105;&#x6e;&#102;&#x6f;&#64;&#x6b;&#114;&#x61;&#101;&#x67;&#101;&#x2e;&#100;&#x65;<br \/>\nwww.kraege.de<\/p>\n<p>Amtsgericht M\u00fcnster HRA 8188<br \/>\nKomplement\u00e4rin: Kraege Verwaltungs GmbH, Telgte<br \/>\nAmtsgericht M\u00fcnster HRB 11172<br \/>\nGesch\u00e4ftf\u00fchrer: Stefan Kraege<\/p>\n<p>USt.-IdNr. DE255547110<\/p>\n<p>ILN: 4399901958111<\/p>\n<p>Das Informationsangebot der KRAEGE International GmbH &amp; Co. KG wird sorgf\u00e4ltig gepr\u00fcft und nach bestem Wissen und Gewissen zusammengestellt. Wir bem\u00fchen uns, dieses Informationsangebot stetig zu erweitern und zu aktualisieren. Dessen ungeachtet k\u00f6nnen wir f\u00fcr die Vollst\u00e4ndigkeit, Richtigkeit und letzte Aktualit\u00e4t der Inhalte des Onlineangebotes keine Gew\u00e4hr \u00fcbernehmen.<\/p>\n","protected":false},"excerpt":{"rendered":"<p>Kraege International GmbH &amp; Co.KG Delsener Heide 36 D- 48291 Telgte Tel.: +492504 7000-0 Fax.:+492504 700040 &#105;&#x6e;&#102;&#x6f;&#64;&#x6b;&#114;&#x61;&#101;&#x67;&#101;&#x2e;&#100;&#x65; www.kraege.de Amtsgericht M\u00fcnster HRA 8188 Komplement\u00e4rin: Kraege Verwaltungs GmbH, Telgte Amtsgericht M\u00fcnster HRB 11172 Gesch\u00e4ftf\u00fchrer: Stefan Kraege USt.-IdNr. DE255547110 ILN: 4399901958111 Das Informationsangebot der KRAEGE International GmbH &amp; Co. KG wird sorgf\u00e4ltig gepr\u00fcft und nach bestem Wissen und [&hellip;]<\/p>\n","protected":false},"author":1,"featured_media":0,"parent":0,"menu_order":99,"comment_status":"open","ping_status":"closed","template":"","meta":[],"yoast_head":"<!-- This site is optimized with the Yoast SEO plugin v17.2.1 - https:\/\/yoast.com\/wordpress\/plugins\/seo\/ -->\n<meta name=\"robots\" content=\"index, follow, max-snippet:-1, max-image-preview:large, max-video-preview:-1\" \/>\n<link rel=\"canonical\" href=\"https:\/\/kraege.de\/pol\/impressum\/\" \/>\n<meta property=\"og:locale\" content=\"pl_PL\" \/>\n<meta property=\"og:type\" content=\"article\" \/>\n<meta property=\"og:title\" content=\"Impressum - KRAEGE Beerenpflanzen POL\" \/>\n<meta property=\"og:description\" content=\"Kraege International GmbH &amp; Co.KG Delsener Heide 36 D- 48291 Telgte Tel.: +492504 7000-0 Fax.:+492504 700040 &#105;&#x6e;&#x66;o&#064;&#x6b;r&#097;&#x65;g&#101;&#x2e;d&#101; www.kraege.de Amtsgericht M\u00fcnster HRA 8188 Komplement\u00e4rin: Kraege Verwaltungs GmbH, Telgte Amtsgericht M\u00fcnster HRB 11172 Gesch\u00e4ftf\u00fchrer: Stefan Kraege USt.-IdNr. DE255547110 ILN: 4399901958111 Das Informationsangebot der KRAEGE International GmbH &amp; Co. KG wird sorgf\u00e4ltig gepr\u00fcft und nach bestem Wissen und [&hellip;]\" \/>\n<meta property=\"og:url\" content=\"https:\/\/kraege.de\/pol\/impressum\/\" \/>\n<meta property=\"og:site_name\" content=\"KRAEGE Beerenpflanzen POL\" \/>\n<meta property=\"article:modified_time\" content=\"2020-04-28T14:44:05+00:00\" \/>\n<meta name=\"twitter:card\" content=\"summary\" \/>\n<script type=\"application\/ld+json\" class=\"yoast-schema-graph\">{\"@context\":\"https:\/\/schema.org\",\"@graph\":[{\"@type\":\"WebSite\",\"@id\":\"https:\/\/kraege.de\/pol\/#website\",\"url\":\"https:\/\/kraege.de\/pol\/\",\"name\":\"KRAEGE Beerenpflanzen POL\",\"description\":\"Erdbeeren und Himbeeren aus der Region | Telgte | M\\u00fcnster | Warendorf\",\"potentialAction\":[{\"@type\":\"SearchAction\",\"target\":{\"@type\":\"EntryPoint\",\"urlTemplate\":\"https:\/\/kraege.de\/pol\/?s={search_term_string}\"},\"query-input\":\"required name=search_term_string\"}],\"inLanguage\":\"pl-PL\"},{\"@type\":\"WebPage\",\"@id\":\"https:\/\/kraege.de\/pol\/impressum\/#webpage\",\"url\":\"https:\/\/kraege.de\/pol\/impressum\/\",\"name\":\"Impressum - KRAEGE Beerenpflanzen POL\",\"isPartOf\":{\"@id\":\"https:\/\/kraege.de\/pol\/#website\"},\"datePublished\":\"2015-04-17T09:55:52+00:00\",\"dateModified\":\"2020-04-28T14:44:05+00:00\",\"breadcrumb\":{\"@id\":\"https:\/\/kraege.de\/pol\/impressum\/#breadcrumb\"},\"inLanguage\":\"pl-PL\",\"potentialAction\":[{\"@type\":\"ReadAction\",\"target\":[\"https:\/\/kraege.de\/pol\/impressum\/\"]}]},{\"@type\":\"BreadcrumbList\",\"@id\":\"https:\/\/kraege.de\/pol\/impressum\/#breadcrumb\",\"itemListElement\":[{\"@type\":\"ListItem\",\"position\":1,\"name\":\"Home\",\"item\":\"https:\/\/kraege.de\/pol\/\"},{\"@type\":\"ListItem\",\"position\":2,\"name\":\"Impressum\"}]}]}<\/script>\n<!-- \/ Yoast SEO plugin. -->","yoast_head_json":{"robots":{"index":"index","follow":"follow","max-snippet":"max-snippet:-1","max-image-preview":"max-image-preview:large","max-video-preview":"max-video-preview:-1"},"canonical":"https:\/\/kraege.de\/pol\/impressum\/","og_locale":"pl_PL","og_type":"article","og_title":"Impressum - KRAEGE Beerenpflanzen POL","og_description":"Kraege International GmbH &amp; Co.KG Delsener Heide 36 D- 48291 Telgte Tel.: +492504 7000-0 Fax.:+492504 700040 &#105;&#x6e;&#x66;o&#64;&#x6b;r&#97;&#x65;g&#101;&#x2e;d&#101; www.kraege.de Amtsgericht M\u00fcnster HRA 8188 Komplement\u00e4rin: Kraege Verwaltungs GmbH, Telgte Amtsgericht M\u00fcnster HRB 11172 Gesch\u00e4ftf\u00fchrer: Stefan Kraege USt.-IdNr. DE255547110 ILN: 4399901958111 Das Informationsangebot der KRAEGE International GmbH &amp; Co. KG wird sorgf\u00e4ltig gepr\u00fcft und nach bestem Wissen und [&hellip;]","og_url":"https:\/\/kraege.de\/pol\/impressum\/","og_site_name":"KRAEGE Beerenpflanzen POL","article_modified_time":"2020-04-28T14:44:05+00:00","twitter_card":"summary","schema":{"@context":"https:\/\/schema.org","@graph":[{"@type":"WebSite","@id":"https:\/\/kraege.de\/pol\/#website","url":"https:\/\/kraege.de\/pol\/","name":"KRAEGE Beerenpflanzen POL","description":"Erdbeeren und Himbeeren aus der Region | Telgte | M\u00fcnster | Warendorf","potentialAction":[{"@type":"SearchAction","target":{"@type":"EntryPoint","urlTemplate":"https:\/\/kraege.de\/pol\/?s={search_term_string}"},"query-input":"required name=search_term_string"}],"inLanguage":"pl-PL"},{"@type":"WebPage","@id":"https:\/\/kraege.de\/pol\/impressum\/#webpage","url":"https:\/\/kraege.de\/pol\/impressum\/","name":"Impressum - KRAEGE Beerenpflanzen POL","isPartOf":{"@id":"https:\/\/kraege.de\/pol\/#website"},"datePublished":"2015-04-17T09:55:52+00:00","dateModified":"2020-04-28T14:44:05+00:00","breadcrumb":{"@id":"https:\/\/kraege.de\/pol\/impressum\/#breadcrumb"},"inLanguage":"pl-PL","potentialAction":[{"@type":"ReadAction","target":["https:\/\/kraege.de\/pol\/impressum\/"]}]},{"@type":"BreadcrumbList","@id":"https:\/\/kraege.de\/pol\/impressum\/#breadcrumb","itemListElement":[{"@type":"ListItem","position":1,"name":"Home","item":"https:\/\/kraege.de\/pol\/"},{"@type":"ListItem","position":2,"name":"Impressum"}]}]}},"_links":{"self":[{"href":"https:\/\/kraege.de\/pol\/wp-json\/wp\/v2\/pages\/322"}],"collection":[{"href":"https:\/\/kraege.de\/pol\/wp-json\/wp\/v2\/pages"}],"about":[{"href":"https:\/\/kraege.de\/pol\/wp-json\/wp\/v2\/types\/page"}],"author":[{"embeddable":true,"href":"https:\/\/kraege.de\/pol\/wp-json\/wp\/v2\/users\/1"}],"replies":[{"embeddable":true,"href":"https:\/\/kraege.de\/pol\/wp-json\/wp\/v2\/comments?post=322"}],"version-history":[{"count":3,"href":"https:\/\/kraege.de\/pol\/wp-json\/wp\/v2\/pages\/322\/revisions"}],"predecessor-version":[{"id":2120,"href":"https:\/\/kraege.de\/pol\/wp-json\/wp\/v2\/pages\/322\/revisions\/2120"}],"wp:attachment":[{"href":"https:\/\/kraege.de\/pol\/wp-json\/wp\/v2\/media?parent=322"}],"curies":[{"name":"wp","href":"https:\/\/api.w.org\/{rel}","templated":true}]}}