{"id":2480,"date":"2025-11-24T18:55:24","date_gmt":"2025-11-24T17:55:24","guid":{"rendered":"https:\/\/kraege.de\/pol\/?page_id=2480"},"modified":"2025-11-24T19:01:15","modified_gmt":"2025-11-24T18:01:15","slug":"jenkka","status":"publish","type":"page","link":"https:\/\/kraege.de\/pol\/produkty\/truskawki\/mittelspaete-sorten\/jenkka\/","title":{"rendered":"Jenkka"},"content":{"rendered":"<div class=\"tabelle-fruechte\">\n<table>\n<tbody>\n<tr>\n<td>Kolor<\/td>\n<td><span class=\"Y2IQFc\" lang=\"pl\">czerwony, ciemnoczerwony<\/span><\/td>\n<\/tr>\n<tr>\n<td>Uwadi<\/td>\n<td>Odmiana aromatyczna przeznaczona do sprzeda\u017cy bezpo\u015bredniej, podatna na Phytophthora cactorum<\/td>\n<\/tr>\n<\/tbody>\n<\/table>\n<\/div>\n<div class=\"herkunft\">\u2013 odmiana chroniona, W\u0142a\u015bciciel odmiany: Fresh Forward B.V., Wageningen, Holandia<\/div>\n\n\nJenkka (FE2122) to \u015brednio wczesna odmiana z programu hodowlanego Fresh Forward o okresie dojrzewania podobnym do Sonata\/Polka.\nJenkka przekonuje jako produktywna odmiana o bardzo dobrym smaku.\nOwoce s\u0105 czerwone-ciemnoczerwone, jednolicie sto\u017ckowate z wysokim udzia\u0142em owoc\u00f3w klasy 1. J\u0119drno\u015b\u0107 owoc\u00f3w jest raczej w \u015brednim zakresie.\nHodowca zaleca ograniczone nawo\u017cenie azotem. Nale\u017cy r\u00f3wnie\u017c uwa\u017ca\u0107 na m\u0105czniaka i Phythophthora.\n\nJenkka jest szczeg\u00f3lnie odpowiednia do sprzeda\u017cy bezpo\u015bredniej i kr\u00f3tkich szlak\u00f3w handlowych.\n\n","protected":false},"excerpt":{"rendered":"<p>Kolor czerwony, ciemnoczerwony Uwadi Odmiana aromatyczna przeznaczona do sprzeda\u017cy bezpo\u015bredniej, podatna na Phytophthora cactorum \u2013 odmiana chroniona, W\u0142a\u015bciciel odmiany: Fresh Forward B.V., Wageningen, Holandia Jenkka (FE2122) to \u015brednio wczesna odmiana z programu hodowlanego Fresh Forward o okresie dojrzewania podobnym do Sonata\/Polka. Jenkka przekonuje jako produktywna odmiana o bardzo dobrym smaku. Owoce s\u0105 czerwone-ciemnoczerwone, jednolicie sto\u017ckowate [&hellip;]<\/p>\n","protected":false},"author":1,"featured_media":0,"parent":57,"menu_order":4,"comment_status":"closed","ping_status":"closed","template":"page_frucht.php","meta":[],"yoast_head":"<!-- This site is optimized with the Yoast SEO plugin v17.2.1 - https:\/\/yoast.com\/wordpress\/plugins\/seo\/ -->\n<meta name=\"robots\" content=\"index, follow, max-snippet:-1, max-image-preview:large, max-video-preview:-1\" \/>\n<link rel=\"canonical\" href=\"https:\/\/kraege.de\/pol\/produkty\/truskawki\/mittelspaete-sorten\/jenkka\/\" \/>\n<meta property=\"og:locale\" content=\"pl_PL\" \/>\n<meta property=\"og:type\" content=\"article\" \/>\n<meta property=\"og:title\" content=\"Jenkka - KRAEGE Beerenpflanzen POL\" \/>\n<meta property=\"og:description\" content=\"Kolor czerwony, ciemnoczerwony Uwadi Odmiana aromatyczna przeznaczona do sprzeda\u017cy bezpo\u015bredniej, podatna na Phytophthora cactorum \u2013 odmiana chroniona, W\u0142a\u015bciciel odmiany: Fresh Forward B.V., Wageningen, Holandia Jenkka (FE2122) to \u015brednio wczesna odmiana z programu hodowlanego Fresh Forward o okresie dojrzewania podobnym do Sonata\/Polka. Jenkka przekonuje jako produktywna odmiana o bardzo dobrym smaku. Owoce s\u0105 czerwone-ciemnoczerwone, jednolicie sto\u017ckowate [&hellip;]\" \/>\n<meta property=\"og:url\" content=\"https:\/\/kraege.de\/pol\/produkty\/truskawki\/mittelspaete-sorten\/jenkka\/\" \/>\n<meta property=\"og:site_name\" content=\"KRAEGE Beerenpflanzen POL\" \/>\n<meta property=\"article:modified_time\" content=\"2025-11-24T18:01:15+00:00\" \/>\n<meta name=\"twitter:card\" content=\"summary\" \/>\n<meta name=\"twitter:label1\" content=\"Szacowany czas czytania\" \/>\n\t<meta name=\"twitter:data1\" content=\"1 minuta\" \/>\n<script type=\"application\/ld+json\" class=\"yoast-schema-graph\">{\"@context\":\"https:\/\/schema.org\",\"@graph\":[{\"@type\":\"WebSite\",\"@id\":\"https:\/\/kraege.de\/pol\/#website\",\"url\":\"https:\/\/kraege.de\/pol\/\",\"name\":\"KRAEGE Beerenpflanzen POL\",\"description\":\"Erdbeeren und Himbeeren aus der Region | Telgte | M\\u00fcnster | Warendorf\",\"potentialAction\":[{\"@type\":\"SearchAction\",\"target\":{\"@type\":\"EntryPoint\",\"urlTemplate\":\"https:\/\/kraege.de\/pol\/?s={search_term_string}\"},\"query-input\":\"required name=search_term_string\"}],\"inLanguage\":\"pl-PL\"},{\"@type\":\"WebPage\",\"@id\":\"https:\/\/kraege.de\/pol\/produkty\/truskawki\/mittelspaete-sorten\/jenkka\/#webpage\",\"url\":\"https:\/\/kraege.de\/pol\/produkty\/truskawki\/mittelspaete-sorten\/jenkka\/\",\"name\":\"Jenkka - KRAEGE Beerenpflanzen POL\",\"isPartOf\":{\"@id\":\"https:\/\/kraege.de\/pol\/#website\"},\"datePublished\":\"2025-11-24T17:55:24+00:00\",\"dateModified\":\"2025-11-24T18:01:15+00:00\",\"breadcrumb\":{\"@id\":\"https:\/\/kraege.de\/pol\/produkty\/truskawki\/mittelspaete-sorten\/jenkka\/#breadcrumb\"},\"inLanguage\":\"pl-PL\",\"potentialAction\":[{\"@type\":\"ReadAction\",\"target\":[\"https:\/\/kraege.de\/pol\/produkty\/truskawki\/mittelspaete-sorten\/jenkka\/\"]}]},{\"@type\":\"BreadcrumbList\",\"@id\":\"https:\/\/kraege.de\/pol\/produkty\/truskawki\/mittelspaete-sorten\/jenkka\/#breadcrumb\",\"itemListElement\":[{\"@type\":\"ListItem\",\"position\":1,\"name\":\"Home\",\"item\":\"https:\/\/kraege.de\/pol\/\"},{\"@type\":\"ListItem\",\"position\":2,\"name\":\"Produkty\",\"item\":\"https:\/\/kraege.de\/pol\/produkty\/\"},{\"@type\":\"ListItem\",\"position\":3,\"name\":\"Truskawki\",\"item\":\"https:\/\/kraege.de\/pol\/produkty\/truskawki\/\"},{\"@type\":\"ListItem\",\"position\":4,\"name\":\"\\u015arednio wczesny\",\"item\":\"https:\/\/kraege.de\/pol\/produkty\/truskawki\/mittelspaete-sorten\/\"},{\"@type\":\"ListItem\",\"position\":5,\"name\":\"Jenkka\"}]}]}<\/script>\n<!-- \/ Yoast SEO plugin. -->","yoast_head_json":{"robots":{"index":"index","follow":"follow","max-snippet":"max-snippet:-1","max-image-preview":"max-image-preview:large","max-video-preview":"max-video-preview:-1"},"canonical":"https:\/\/kraege.de\/pol\/produkty\/truskawki\/mittelspaete-sorten\/jenkka\/","og_locale":"pl_PL","og_type":"article","og_title":"Jenkka - KRAEGE Beerenpflanzen POL","og_description":"Kolor czerwony, ciemnoczerwony Uwadi Odmiana aromatyczna przeznaczona do sprzeda\u017cy bezpo\u015bredniej, podatna na Phytophthora cactorum \u2013 odmiana chroniona, W\u0142a\u015bciciel odmiany: Fresh Forward B.V., Wageningen, Holandia Jenkka (FE2122) to \u015brednio wczesna odmiana z programu hodowlanego Fresh Forward o okresie dojrzewania podobnym do Sonata\/Polka. Jenkka przekonuje jako produktywna odmiana o bardzo dobrym smaku. Owoce s\u0105 czerwone-ciemnoczerwone, jednolicie sto\u017ckowate [&hellip;]","og_url":"https:\/\/kraege.de\/pol\/produkty\/truskawki\/mittelspaete-sorten\/jenkka\/","og_site_name":"KRAEGE Beerenpflanzen POL","article_modified_time":"2025-11-24T18:01:15+00:00","twitter_card":"summary","twitter_misc":{"Szacowany czas czytania":"1 minuta"},"schema":{"@context":"https:\/\/schema.org","@graph":[{"@type":"WebSite","@id":"https:\/\/kraege.de\/pol\/#website","url":"https:\/\/kraege.de\/pol\/","name":"KRAEGE Beerenpflanzen POL","description":"Erdbeeren und Himbeeren aus der Region | Telgte | M\u00fcnster | Warendorf","potentialAction":[{"@type":"SearchAction","target":{"@type":"EntryPoint","urlTemplate":"https:\/\/kraege.de\/pol\/?s={search_term_string}"},"query-input":"required name=search_term_string"}],"inLanguage":"pl-PL"},{"@type":"WebPage","@id":"https:\/\/kraege.de\/pol\/produkty\/truskawki\/mittelspaete-sorten\/jenkka\/#webpage","url":"https:\/\/kraege.de\/pol\/produkty\/truskawki\/mittelspaete-sorten\/jenkka\/","name":"Jenkka - KRAEGE Beerenpflanzen POL","isPartOf":{"@id":"https:\/\/kraege.de\/pol\/#website"},"datePublished":"2025-11-24T17:55:24+00:00","dateModified":"2025-11-24T18:01:15+00:00","breadcrumb":{"@id":"https:\/\/kraege.de\/pol\/produkty\/truskawki\/mittelspaete-sorten\/jenkka\/#breadcrumb"},"inLanguage":"pl-PL","potentialAction":[{"@type":"ReadAction","target":["https:\/\/kraege.de\/pol\/produkty\/truskawki\/mittelspaete-sorten\/jenkka\/"]}]},{"@type":"BreadcrumbList","@id":"https:\/\/kraege.de\/pol\/produkty\/truskawki\/mittelspaete-sorten\/jenkka\/#breadcrumb","itemListElement":[{"@type":"ListItem","position":1,"name":"Home","item":"https:\/\/kraege.de\/pol\/"},{"@type":"ListItem","position":2,"name":"Produkty","item":"https:\/\/kraege.de\/pol\/produkty\/"},{"@type":"ListItem","position":3,"name":"Truskawki","item":"https:\/\/kraege.de\/pol\/produkty\/truskawki\/"},{"@type":"ListItem","position":4,"name":"\u015arednio wczesny","item":"https:\/\/kraege.de\/pol\/produkty\/truskawki\/mittelspaete-sorten\/"},{"@type":"ListItem","position":5,"name":"Jenkka"}]}]}},"_links":{"self":[{"href":"https:\/\/kraege.de\/pol\/wp-json\/wp\/v2\/pages\/2480"}],"collection":[{"href":"https:\/\/kraege.de\/pol\/wp-json\/wp\/v2\/pages"}],"about":[{"href":"https:\/\/kraege.de\/pol\/wp-json\/wp\/v2\/types\/page"}],"author":[{"embeddable":true,"href":"https:\/\/kraege.de\/pol\/wp-json\/wp\/v2\/users\/1"}],"replies":[{"embeddable":true,"href":"https:\/\/kraege.de\/pol\/wp-json\/wp\/v2\/comments?post=2480"}],"version-history":[{"count":6,"href":"https:\/\/kraege.de\/pol\/wp-json\/wp\/v2\/pages\/2480\/revisions"}],"predecessor-version":[{"id":2487,"href":"https:\/\/kraege.de\/pol\/wp-json\/wp\/v2\/pages\/2480\/revisions\/2487"}],"up":[{"embeddable":true,"href":"https:\/\/kraege.de\/pol\/wp-json\/wp\/v2\/pages\/57"}],"wp:attachment":[{"href":"https:\/\/kraege.de\/pol\/wp-json\/wp\/v2\/media?parent=2480"}],"curies":[{"name":"wp","href":"https:\/\/api.w.org\/{rel}","templated":true}]}}