{"id":2461,"date":"2025-11-24T16:07:14","date_gmt":"2025-11-24T15:07:14","guid":{"rendered":"https:\/\/kraege.de\/pol\/?page_id=2461"},"modified":"2025-11-24T19:15:07","modified_gmt":"2025-11-24T18:15:07","slug":"finette","status":"publish","type":"page","link":"https:\/\/kraege.de\/pol\/produkty\/truskawki\/neuheiten\/finette\/","title":{"rendered":"Finette"},"content":{"rendered":"<div class=\"tabelle-fruechte\">\n<table>\n<tbody>\n<tr>\n<td>Kolor<\/td>\n<td><\/td>\n<\/tr>\n<tr>\n<td>Uwagi<\/td>\n<td><\/td>\n<\/tr>\n<\/tbody>\n<\/table>\n<\/div>\n<div class=\"herkunft\">\u2013 odmiana chroniona, W\u0142a\u015bciciel odmiany: Flevo Berry, Holandia<\/div>\n<div><\/div>\n<p>Finette to nowa odmiana powtarzaj\u0105ca pochodz\u0105ca z hodowli Flevoberry. Odmiana ta wyr\u00f3\u017cnia si\u0119 dobr\u0105 jako\u015bci\u0105 owoc\u00f3w i bardzo dobrym smakiem. Owoce s\u0105 j\u0119drne, b\u0142yszcz\u0105ce, r\u00f3wnomiernie ukszta\u0142towane i maj\u0105 atrakcyjn\u0105 sk\u00f3rk\u0119. Finette produkuje owoce o r\u00f3wnomiernej wielko\u015bci, kt\u00f3re w trakcie zbior\u00f3w zmniejszaj\u0105 si\u0119 tylko nieznacznie. Wydajno\u015b\u0107 zbioru jest dobra.<br \/>\nW uprawie Finette jest odmian\u0105 odporn\u0105 o wysokiej tolerancji na m\u0105czniaka. Nadaje si\u0119 do uprawy w r\u00f3\u017cnych systemach uprawowych, zar\u00f3wno w uprawie pod os\u0142onami, jak i na otwartym polu.<br \/>\nFinette jest polecana do wszystkich kana\u0142\u00f3w sprzeda\u017cy.<\/p>\n","protected":false},"excerpt":{"rendered":"<p>Kolor Uwagi \u2013 odmiana chroniona, W\u0142a\u015bciciel odmiany: Flevo Berry, Holandia Finette to nowa odmiana powtarzaj\u0105ca pochodz\u0105ca z hodowli Flevoberry. Odmiana ta wyr\u00f3\u017cnia si\u0119 dobr\u0105 jako\u015bci\u0105 owoc\u00f3w i bardzo dobrym smakiem. Owoce s\u0105 j\u0119drne, b\u0142yszcz\u0105ce, r\u00f3wnomiernie ukszta\u0142towane i maj\u0105 atrakcyjn\u0105 sk\u00f3rk\u0119. Finette produkuje owoce o r\u00f3wnomiernej wielko\u015bci, kt\u00f3re w trakcie zbior\u00f3w zmniejszaj\u0105 si\u0119 tylko nieznacznie. Wydajno\u015b\u0107 [&hellip;]<\/p>\n","protected":false},"author":1,"featured_media":0,"parent":49,"menu_order":4,"comment_status":"closed","ping_status":"closed","template":"page_frucht.php","meta":[],"yoast_head":"<!-- This site is optimized with the Yoast SEO plugin v17.2.1 - https:\/\/yoast.com\/wordpress\/plugins\/seo\/ -->\n<meta name=\"robots\" content=\"index, follow, max-snippet:-1, max-image-preview:large, max-video-preview:-1\" \/>\n<link rel=\"canonical\" href=\"https:\/\/kraege.de\/pol\/produkty\/truskawki\/neuheiten\/finette\/\" \/>\n<meta property=\"og:locale\" content=\"pl_PL\" \/>\n<meta property=\"og:type\" content=\"article\" \/>\n<meta property=\"og:title\" content=\"Finette - KRAEGE Beerenpflanzen POL\" \/>\n<meta property=\"og:description\" content=\"Kolor Uwagi \u2013 odmiana chroniona, W\u0142a\u015bciciel odmiany: Flevo Berry, Holandia Finette to nowa odmiana powtarzaj\u0105ca pochodz\u0105ca z hodowli Flevoberry. Odmiana ta wyr\u00f3\u017cnia si\u0119 dobr\u0105 jako\u015bci\u0105 owoc\u00f3w i bardzo dobrym smakiem. Owoce s\u0105 j\u0119drne, b\u0142yszcz\u0105ce, r\u00f3wnomiernie ukszta\u0142towane i maj\u0105 atrakcyjn\u0105 sk\u00f3rk\u0119. Finette produkuje owoce o r\u00f3wnomiernej wielko\u015bci, kt\u00f3re w trakcie zbior\u00f3w zmniejszaj\u0105 si\u0119 tylko nieznacznie. Wydajno\u015b\u0107 [&hellip;]\" \/>\n<meta property=\"og:url\" content=\"https:\/\/kraege.de\/pol\/produkty\/truskawki\/neuheiten\/finette\/\" \/>\n<meta property=\"og:site_name\" content=\"KRAEGE Beerenpflanzen POL\" \/>\n<meta property=\"article:modified_time\" content=\"2025-11-24T18:15:07+00:00\" \/>\n<meta name=\"twitter:card\" content=\"summary\" \/>\n<meta name=\"twitter:label1\" content=\"Szacowany czas czytania\" \/>\n\t<meta name=\"twitter:data1\" content=\"1 minuta\" \/>\n<script type=\"application\/ld+json\" class=\"yoast-schema-graph\">{\"@context\":\"https:\/\/schema.org\",\"@graph\":[{\"@type\":\"WebSite\",\"@id\":\"https:\/\/kraege.de\/pol\/#website\",\"url\":\"https:\/\/kraege.de\/pol\/\",\"name\":\"KRAEGE Beerenpflanzen POL\",\"description\":\"Erdbeeren und Himbeeren aus der Region | Telgte | M\\u00fcnster | Warendorf\",\"potentialAction\":[{\"@type\":\"SearchAction\",\"target\":{\"@type\":\"EntryPoint\",\"urlTemplate\":\"https:\/\/kraege.de\/pol\/?s={search_term_string}\"},\"query-input\":\"required name=search_term_string\"}],\"inLanguage\":\"pl-PL\"},{\"@type\":\"WebPage\",\"@id\":\"https:\/\/kraege.de\/pol\/produkty\/truskawki\/neuheiten\/finette\/#webpage\",\"url\":\"https:\/\/kraege.de\/pol\/produkty\/truskawki\/neuheiten\/finette\/\",\"name\":\"Finette - KRAEGE Beerenpflanzen POL\",\"isPartOf\":{\"@id\":\"https:\/\/kraege.de\/pol\/#website\"},\"datePublished\":\"2025-11-24T15:07:14+00:00\",\"dateModified\":\"2025-11-24T18:15:07+00:00\",\"breadcrumb\":{\"@id\":\"https:\/\/kraege.de\/pol\/produkty\/truskawki\/neuheiten\/finette\/#breadcrumb\"},\"inLanguage\":\"pl-PL\",\"potentialAction\":[{\"@type\":\"ReadAction\",\"target\":[\"https:\/\/kraege.de\/pol\/produkty\/truskawki\/neuheiten\/finette\/\"]}]},{\"@type\":\"BreadcrumbList\",\"@id\":\"https:\/\/kraege.de\/pol\/produkty\/truskawki\/neuheiten\/finette\/#breadcrumb\",\"itemListElement\":[{\"@type\":\"ListItem\",\"position\":1,\"name\":\"Home\",\"item\":\"https:\/\/kraege.de\/pol\/\"},{\"@type\":\"ListItem\",\"position\":2,\"name\":\"Produkty\",\"item\":\"https:\/\/kraege.de\/pol\/produkty\/\"},{\"@type\":\"ListItem\",\"position\":3,\"name\":\"Truskawki\",\"item\":\"https:\/\/kraege.de\/pol\/produkty\/truskawki\/\"},{\"@type\":\"ListItem\",\"position\":4,\"name\":\"Nowe odmiany\",\"item\":\"https:\/\/kraege.de\/pol\/produkty\/truskawki\/neuheiten\/\"},{\"@type\":\"ListItem\",\"position\":5,\"name\":\"Finette\"}]}]}<\/script>\n<!-- \/ Yoast SEO plugin. -->","yoast_head_json":{"robots":{"index":"index","follow":"follow","max-snippet":"max-snippet:-1","max-image-preview":"max-image-preview:large","max-video-preview":"max-video-preview:-1"},"canonical":"https:\/\/kraege.de\/pol\/produkty\/truskawki\/neuheiten\/finette\/","og_locale":"pl_PL","og_type":"article","og_title":"Finette - KRAEGE Beerenpflanzen POL","og_description":"Kolor Uwagi \u2013 odmiana chroniona, W\u0142a\u015bciciel odmiany: Flevo Berry, Holandia Finette to nowa odmiana powtarzaj\u0105ca pochodz\u0105ca z hodowli Flevoberry. Odmiana ta wyr\u00f3\u017cnia si\u0119 dobr\u0105 jako\u015bci\u0105 owoc\u00f3w i bardzo dobrym smakiem. Owoce s\u0105 j\u0119drne, b\u0142yszcz\u0105ce, r\u00f3wnomiernie ukszta\u0142towane i maj\u0105 atrakcyjn\u0105 sk\u00f3rk\u0119. Finette produkuje owoce o r\u00f3wnomiernej wielko\u015bci, kt\u00f3re w trakcie zbior\u00f3w zmniejszaj\u0105 si\u0119 tylko nieznacznie. Wydajno\u015b\u0107 [&hellip;]","og_url":"https:\/\/kraege.de\/pol\/produkty\/truskawki\/neuheiten\/finette\/","og_site_name":"KRAEGE Beerenpflanzen POL","article_modified_time":"2025-11-24T18:15:07+00:00","twitter_card":"summary","twitter_misc":{"Szacowany czas czytania":"1 minuta"},"schema":{"@context":"https:\/\/schema.org","@graph":[{"@type":"WebSite","@id":"https:\/\/kraege.de\/pol\/#website","url":"https:\/\/kraege.de\/pol\/","name":"KRAEGE Beerenpflanzen POL","description":"Erdbeeren und Himbeeren aus der Region | Telgte | M\u00fcnster | Warendorf","potentialAction":[{"@type":"SearchAction","target":{"@type":"EntryPoint","urlTemplate":"https:\/\/kraege.de\/pol\/?s={search_term_string}"},"query-input":"required name=search_term_string"}],"inLanguage":"pl-PL"},{"@type":"WebPage","@id":"https:\/\/kraege.de\/pol\/produkty\/truskawki\/neuheiten\/finette\/#webpage","url":"https:\/\/kraege.de\/pol\/produkty\/truskawki\/neuheiten\/finette\/","name":"Finette - KRAEGE Beerenpflanzen POL","isPartOf":{"@id":"https:\/\/kraege.de\/pol\/#website"},"datePublished":"2025-11-24T15:07:14+00:00","dateModified":"2025-11-24T18:15:07+00:00","breadcrumb":{"@id":"https:\/\/kraege.de\/pol\/produkty\/truskawki\/neuheiten\/finette\/#breadcrumb"},"inLanguage":"pl-PL","potentialAction":[{"@type":"ReadAction","target":["https:\/\/kraege.de\/pol\/produkty\/truskawki\/neuheiten\/finette\/"]}]},{"@type":"BreadcrumbList","@id":"https:\/\/kraege.de\/pol\/produkty\/truskawki\/neuheiten\/finette\/#breadcrumb","itemListElement":[{"@type":"ListItem","position":1,"name":"Home","item":"https:\/\/kraege.de\/pol\/"},{"@type":"ListItem","position":2,"name":"Produkty","item":"https:\/\/kraege.de\/pol\/produkty\/"},{"@type":"ListItem","position":3,"name":"Truskawki","item":"https:\/\/kraege.de\/pol\/produkty\/truskawki\/"},{"@type":"ListItem","position":4,"name":"Nowe odmiany","item":"https:\/\/kraege.de\/pol\/produkty\/truskawki\/neuheiten\/"},{"@type":"ListItem","position":5,"name":"Finette"}]}]}},"_links":{"self":[{"href":"https:\/\/kraege.de\/pol\/wp-json\/wp\/v2\/pages\/2461"}],"collection":[{"href":"https:\/\/kraege.de\/pol\/wp-json\/wp\/v2\/pages"}],"about":[{"href":"https:\/\/kraege.de\/pol\/wp-json\/wp\/v2\/types\/page"}],"author":[{"embeddable":true,"href":"https:\/\/kraege.de\/pol\/wp-json\/wp\/v2\/users\/1"}],"replies":[{"embeddable":true,"href":"https:\/\/kraege.de\/pol\/wp-json\/wp\/v2\/comments?post=2461"}],"version-history":[{"count":4,"href":"https:\/\/kraege.de\/pol\/wp-json\/wp\/v2\/pages\/2461\/revisions"}],"predecessor-version":[{"id":2496,"href":"https:\/\/kraege.de\/pol\/wp-json\/wp\/v2\/pages\/2461\/revisions\/2496"}],"up":[{"embeddable":true,"href":"https:\/\/kraege.de\/pol\/wp-json\/wp\/v2\/pages\/49"}],"wp:attachment":[{"href":"https:\/\/kraege.de\/pol\/wp-json\/wp\/v2\/media?parent=2461"}],"curies":[{"name":"wp","href":"https:\/\/api.w.org\/{rel}","templated":true}]}}