{"id":2455,"date":"2025-11-24T16:03:02","date_gmt":"2025-11-24T15:03:02","guid":{"rendered":"https:\/\/kraege.de\/pol\/?page_id=2455"},"modified":"2025-11-24T18:39:03","modified_gmt":"2025-11-24T17:39:03","slug":"ravellia","status":"publish","type":"page","link":"https:\/\/kraege.de\/pol\/produkty\/truskawki\/spaete-sorten\/ravellia\/","title":{"rendered":"Ravellia"},"content":{"rendered":"<div class=\"tabelle-fruechte\">\n<table>\n<tbody>\n<tr>\n<td>Kolor<\/td>\n<td>czerwony\u2026ciemnoczerwony<\/td>\n<\/tr>\n<tr>\n<td>Uwagi<\/td>\n<td>Odmiana p\u00f3\u017ana o dobrym smaku przeznaczona do sprzeda\u017cy bezpo\u015bredniej<\/td>\n<\/tr>\n<\/tbody>\n<\/table>\n<\/div>\n<div class=\"herkunft\">\u2013 odmiana chroniona, W\u0142a\u015bciciel odmiany: Fresh Forward B.V., Wageningen, Holandia<\/div>\n<p>Ravellia (FE2132): Wraz z odmian\u0105 Ravellia oferujemy kolejn\u0105 \u015brednio p\u00f3\u017an\u0105 odmian\u0119 z programu hodowlanego Fresh Forward. Okres dojrzewania tej odmiany przypada mi\u0119dzy odmianami Sonsation i Malwina. (wi\u0119cej<\/p>\n\n\n<p><\/p>\n","protected":false},"excerpt":{"rendered":"<p>Kolor czerwony\u2026ciemnoczerwony Uwagi Odmiana p\u00f3\u017ana o dobrym smaku przeznaczona do sprzeda\u017cy bezpo\u015bredniej \u2013 odmiana chroniona, W\u0142a\u015bciciel odmiany: Fresh Forward B.V., Wageningen, Holandia Ravellia (FE2132): Wraz z odmian\u0105 Ravellia oferujemy kolejn\u0105 \u015brednio p\u00f3\u017an\u0105 odmian\u0119 z programu hodowlanego Fresh Forward. Okres dojrzewania tej odmiany przypada mi\u0119dzy odmianami Sonsation i Malwina. (wi\u0119cej<\/p>\n","protected":false},"author":1,"featured_media":0,"parent":59,"menu_order":2,"comment_status":"closed","ping_status":"closed","template":"page_frucht.php","meta":[],"yoast_head":"<!-- This site is optimized with the Yoast SEO plugin v17.2.1 - https:\/\/yoast.com\/wordpress\/plugins\/seo\/ -->\n<meta name=\"robots\" content=\"index, follow, max-snippet:-1, max-image-preview:large, max-video-preview:-1\" \/>\n<link rel=\"canonical\" href=\"https:\/\/kraege.de\/pol\/produkty\/truskawki\/spaete-sorten\/ravellia\/\" \/>\n<meta property=\"og:locale\" content=\"pl_PL\" \/>\n<meta property=\"og:type\" content=\"article\" \/>\n<meta property=\"og:title\" content=\"Ravellia - KRAEGE Beerenpflanzen POL\" \/>\n<meta property=\"og:description\" content=\"Kolor czerwony\u2026ciemnoczerwony Uwagi Odmiana p\u00f3\u017ana o dobrym smaku przeznaczona do sprzeda\u017cy bezpo\u015bredniej \u2013 odmiana chroniona, W\u0142a\u015bciciel odmiany: Fresh Forward B.V., Wageningen, Holandia Ravellia (FE2132): Wraz z odmian\u0105 Ravellia oferujemy kolejn\u0105 \u015brednio p\u00f3\u017an\u0105 odmian\u0119 z programu hodowlanego Fresh Forward. Okres dojrzewania tej odmiany przypada mi\u0119dzy odmianami Sonsation i Malwina. (wi\u0119cej\" \/>\n<meta property=\"og:url\" content=\"https:\/\/kraege.de\/pol\/produkty\/truskawki\/spaete-sorten\/ravellia\/\" \/>\n<meta property=\"og:site_name\" content=\"KRAEGE Beerenpflanzen POL\" \/>\n<meta property=\"article:modified_time\" content=\"2025-11-24T17:39:03+00:00\" \/>\n<meta name=\"twitter:card\" content=\"summary\" \/>\n<meta name=\"twitter:label1\" content=\"Szacowany czas czytania\" \/>\n\t<meta name=\"twitter:data1\" content=\"1 minuta\" \/>\n<script type=\"application\/ld+json\" class=\"yoast-schema-graph\">{\"@context\":\"https:\/\/schema.org\",\"@graph\":[{\"@type\":\"WebSite\",\"@id\":\"https:\/\/kraege.de\/pol\/#website\",\"url\":\"https:\/\/kraege.de\/pol\/\",\"name\":\"KRAEGE Beerenpflanzen POL\",\"description\":\"Erdbeeren und Himbeeren aus der Region | Telgte | M\\u00fcnster | Warendorf\",\"potentialAction\":[{\"@type\":\"SearchAction\",\"target\":{\"@type\":\"EntryPoint\",\"urlTemplate\":\"https:\/\/kraege.de\/pol\/?s={search_term_string}\"},\"query-input\":\"required name=search_term_string\"}],\"inLanguage\":\"pl-PL\"},{\"@type\":\"WebPage\",\"@id\":\"https:\/\/kraege.de\/pol\/produkty\/truskawki\/spaete-sorten\/ravellia\/#webpage\",\"url\":\"https:\/\/kraege.de\/pol\/produkty\/truskawki\/spaete-sorten\/ravellia\/\",\"name\":\"Ravellia - KRAEGE Beerenpflanzen POL\",\"isPartOf\":{\"@id\":\"https:\/\/kraege.de\/pol\/#website\"},\"datePublished\":\"2025-11-24T15:03:02+00:00\",\"dateModified\":\"2025-11-24T17:39:03+00:00\",\"breadcrumb\":{\"@id\":\"https:\/\/kraege.de\/pol\/produkty\/truskawki\/spaete-sorten\/ravellia\/#breadcrumb\"},\"inLanguage\":\"pl-PL\",\"potentialAction\":[{\"@type\":\"ReadAction\",\"target\":[\"https:\/\/kraege.de\/pol\/produkty\/truskawki\/spaete-sorten\/ravellia\/\"]}]},{\"@type\":\"BreadcrumbList\",\"@id\":\"https:\/\/kraege.de\/pol\/produkty\/truskawki\/spaete-sorten\/ravellia\/#breadcrumb\",\"itemListElement\":[{\"@type\":\"ListItem\",\"position\":1,\"name\":\"Home\",\"item\":\"https:\/\/kraege.de\/pol\/\"},{\"@type\":\"ListItem\",\"position\":2,\"name\":\"Produkty\",\"item\":\"https:\/\/kraege.de\/pol\/produkty\/\"},{\"@type\":\"ListItem\",\"position\":3,\"name\":\"Truskawki\",\"item\":\"https:\/\/kraege.de\/pol\/produkty\/truskawki\/\"},{\"@type\":\"ListItem\",\"position\":4,\"name\":\"P\\u00f3\\u017ane odmiany\",\"item\":\"https:\/\/kraege.de\/pol\/produkty\/truskawki\/spaete-sorten\/\"},{\"@type\":\"ListItem\",\"position\":5,\"name\":\"Ravellia\"}]}]}<\/script>\n<!-- \/ Yoast SEO plugin. -->","yoast_head_json":{"robots":{"index":"index","follow":"follow","max-snippet":"max-snippet:-1","max-image-preview":"max-image-preview:large","max-video-preview":"max-video-preview:-1"},"canonical":"https:\/\/kraege.de\/pol\/produkty\/truskawki\/spaete-sorten\/ravellia\/","og_locale":"pl_PL","og_type":"article","og_title":"Ravellia - KRAEGE Beerenpflanzen POL","og_description":"Kolor czerwony\u2026ciemnoczerwony Uwagi Odmiana p\u00f3\u017ana o dobrym smaku przeznaczona do sprzeda\u017cy bezpo\u015bredniej \u2013 odmiana chroniona, W\u0142a\u015bciciel odmiany: Fresh Forward B.V., Wageningen, Holandia Ravellia (FE2132): Wraz z odmian\u0105 Ravellia oferujemy kolejn\u0105 \u015brednio p\u00f3\u017an\u0105 odmian\u0119 z programu hodowlanego Fresh Forward. Okres dojrzewania tej odmiany przypada mi\u0119dzy odmianami Sonsation i Malwina. (wi\u0119cej","og_url":"https:\/\/kraege.de\/pol\/produkty\/truskawki\/spaete-sorten\/ravellia\/","og_site_name":"KRAEGE Beerenpflanzen POL","article_modified_time":"2025-11-24T17:39:03+00:00","twitter_card":"summary","twitter_misc":{"Szacowany czas czytania":"1 minuta"},"schema":{"@context":"https:\/\/schema.org","@graph":[{"@type":"WebSite","@id":"https:\/\/kraege.de\/pol\/#website","url":"https:\/\/kraege.de\/pol\/","name":"KRAEGE Beerenpflanzen POL","description":"Erdbeeren und Himbeeren aus der Region | Telgte | M\u00fcnster | Warendorf","potentialAction":[{"@type":"SearchAction","target":{"@type":"EntryPoint","urlTemplate":"https:\/\/kraege.de\/pol\/?s={search_term_string}"},"query-input":"required name=search_term_string"}],"inLanguage":"pl-PL"},{"@type":"WebPage","@id":"https:\/\/kraege.de\/pol\/produkty\/truskawki\/spaete-sorten\/ravellia\/#webpage","url":"https:\/\/kraege.de\/pol\/produkty\/truskawki\/spaete-sorten\/ravellia\/","name":"Ravellia - KRAEGE Beerenpflanzen POL","isPartOf":{"@id":"https:\/\/kraege.de\/pol\/#website"},"datePublished":"2025-11-24T15:03:02+00:00","dateModified":"2025-11-24T17:39:03+00:00","breadcrumb":{"@id":"https:\/\/kraege.de\/pol\/produkty\/truskawki\/spaete-sorten\/ravellia\/#breadcrumb"},"inLanguage":"pl-PL","potentialAction":[{"@type":"ReadAction","target":["https:\/\/kraege.de\/pol\/produkty\/truskawki\/spaete-sorten\/ravellia\/"]}]},{"@type":"BreadcrumbList","@id":"https:\/\/kraege.de\/pol\/produkty\/truskawki\/spaete-sorten\/ravellia\/#breadcrumb","itemListElement":[{"@type":"ListItem","position":1,"name":"Home","item":"https:\/\/kraege.de\/pol\/"},{"@type":"ListItem","position":2,"name":"Produkty","item":"https:\/\/kraege.de\/pol\/produkty\/"},{"@type":"ListItem","position":3,"name":"Truskawki","item":"https:\/\/kraege.de\/pol\/produkty\/truskawki\/"},{"@type":"ListItem","position":4,"name":"P\u00f3\u017ane odmiany","item":"https:\/\/kraege.de\/pol\/produkty\/truskawki\/spaete-sorten\/"},{"@type":"ListItem","position":5,"name":"Ravellia"}]}]}},"_links":{"self":[{"href":"https:\/\/kraege.de\/pol\/wp-json\/wp\/v2\/pages\/2455"}],"collection":[{"href":"https:\/\/kraege.de\/pol\/wp-json\/wp\/v2\/pages"}],"about":[{"href":"https:\/\/kraege.de\/pol\/wp-json\/wp\/v2\/types\/page"}],"author":[{"embeddable":true,"href":"https:\/\/kraege.de\/pol\/wp-json\/wp\/v2\/users\/1"}],"replies":[{"embeddable":true,"href":"https:\/\/kraege.de\/pol\/wp-json\/wp\/v2\/comments?post=2455"}],"version-history":[{"count":4,"href":"https:\/\/kraege.de\/pol\/wp-json\/wp\/v2\/pages\/2455\/revisions"}],"predecessor-version":[{"id":2469,"href":"https:\/\/kraege.de\/pol\/wp-json\/wp\/v2\/pages\/2455\/revisions\/2469"}],"up":[{"embeddable":true,"href":"https:\/\/kraege.de\/pol\/wp-json\/wp\/v2\/pages\/59"}],"wp:attachment":[{"href":"https:\/\/kraege.de\/pol\/wp-json\/wp\/v2\/media?parent=2455"}],"curies":[{"name":"wp","href":"https:\/\/api.w.org\/{rel}","templated":true}]}}