{"id":222,"date":"2015-04-15T12:10:43","date_gmt":"2015-04-15T10:10:43","guid":{"rendered":"http:\/\/kraege.de\/kraege-21\/?page_id=222"},"modified":"2022-11-22T16:17:58","modified_gmt":"2022-11-22T15:17:58","slug":"no-8","status":"publish","type":"page","link":"https:\/\/kraege.de\/pol\/produkty\/maliny\/herbsttragende-sorten\/no-8\/","title":{"rendered":"Mapema<sup>\u00ae<\/sup>"},"content":{"rendered":"<div class=\"tabelle-fruechte\">\n<table>\n<tbody>\n<tr>\n<td>Kolor<\/td>\n<td>czerwony, l\u015bni\u0105cy<\/td>\n<\/tr>\n<tr>\n<td>Uwagi<\/td>\n<td>bardzo pi\u0119knie wygl\u0105da w kobia\u0142kach, ciekawa nowo\u015b\u0107 do marketingu bezpo\u015bredniego i samodzielnego zbierania<\/td>\n<\/tr>\n<\/tbody>\n<\/table>\n<\/div>\n<div class=\"reifezeit\"><\/div>\n<div class=\"herkunft\">\u2013 odmiana chroniona, pochodzenie: Advanced Berry Breeding, Holandia<\/div>\n<p><a href=\"https:\/\/kraege.de\/pol\/wp-content\/uploads\/sites\/7\/2016\/02\/www.pol_mapema.jpg\"><img loading=\"lazy\" class=\"alignleft wp-image-1577 size-medium\" src=\"https:\/\/kraege.de\/pol\/wp-content\/uploads\/sites\/7\/2016\/02\/www.pol_mapema-294x320.jpg\" alt=\"\" width=\"294\" height=\"320\" srcset=\"https:\/\/kraege.de\/pol\/wp-content\/uploads\/sites\/7\/2016\/02\/www.pol_mapema-294x320.jpg 294w, https:\/\/kraege.de\/pol\/wp-content\/uploads\/sites\/7\/2016\/02\/www.pol_mapema-768x836.jpg 768w, https:\/\/kraege.de\/pol\/wp-content\/uploads\/sites\/7\/2016\/02\/www.pol_mapema-941x1024.jpg 941w, https:\/\/kraege.de\/pol\/wp-content\/uploads\/sites\/7\/2016\/02\/www.pol_mapema.jpg 1465w\" sizes=\"(max-width: 294px) 100vw, 294px\" \/><\/a>Mapema jest odmian\u0105 maliny z programu hodowlanego Ad\u00advanced Berry Breeding. Wcze-sny pocz\u0105tek plon\u00f3w tej jesieni, jest por\u00f3wnywalna z Polk\u0105. Kolor owoc\u00f3w jest bardzo podobny do Polki. Mapema jest lekko-ciemna z pi\u0119knym po\u0142yskiem. Du\u017ce, sto\u017ckowe owoce, przez co umo\u017cliwiaj\u0105 wysoki zbi\u00f3r. Mapema przekonuje dobrym smakiem. To sprawia, \u017ce szczeg\u00f3lnie nadaje si\u0119 do sprzeda\u017cy bezpo\u015bredniej. Mapema jest bardzo bujn\u0105 odmian\u0105. Mo\u017ce by\u0107 bardzo dobrze ustawiona na polu i charakteryzuje si\u0119 pot\u0119\u017cnymi \u0142odygami.<\/p>\n","protected":false},"excerpt":{"rendered":"<p>Kolor czerwony, l\u015bni\u0105cy Uwagi bardzo pi\u0119knie wygl\u0105da w kobia\u0142kach, ciekawa nowo\u015b\u0107 do marketingu bezpo\u015bredniego i samodzielnego zbierania \u2013 odmiana chroniona, pochodzenie: Advanced Berry Breeding, Holandia Mapema jest odmian\u0105 maliny z programu hodowlanego Ad\u00advanced Berry Breeding. Wcze-sny pocz\u0105tek plon\u00f3w tej jesieni, jest por\u00f3wnywalna z Polk\u0105. Kolor owoc\u00f3w jest bardzo podobny do Polki. Mapema jest lekko-ciemna z [&hellip;]<\/p>\n","protected":false},"author":1,"featured_media":0,"parent":201,"menu_order":3,"comment_status":"open","ping_status":"closed","template":"page_frucht.php","meta":[],"yoast_head":"<!-- This site is optimized with the Yoast SEO plugin v17.2.1 - https:\/\/yoast.com\/wordpress\/plugins\/seo\/ -->\n<meta name=\"robots\" content=\"index, follow, max-snippet:-1, max-image-preview:large, max-video-preview:-1\" \/>\n<link rel=\"canonical\" href=\"https:\/\/kraege.de\/pol\/produkty\/maliny\/herbsttragende-sorten\/no-8\/\" \/>\n<meta property=\"og:locale\" content=\"pl_PL\" \/>\n<meta property=\"og:type\" content=\"article\" \/>\n<meta property=\"og:title\" content=\"Mapema\u00ae - KRAEGE Beerenpflanzen POL\" \/>\n<meta property=\"og:description\" content=\"Kolor czerwony, l\u015bni\u0105cy Uwagi bardzo pi\u0119knie wygl\u0105da w kobia\u0142kach, ciekawa nowo\u015b\u0107 do marketingu bezpo\u015bredniego i samodzielnego zbierania \u2013 odmiana chroniona, pochodzenie: Advanced Berry Breeding, Holandia Mapema jest odmian\u0105 maliny z programu hodowlanego Ad\u00advanced Berry Breeding. Wcze-sny pocz\u0105tek plon\u00f3w tej jesieni, jest por\u00f3wnywalna z Polk\u0105. Kolor owoc\u00f3w jest bardzo podobny do Polki. Mapema jest lekko-ciemna z [&hellip;]\" \/>\n<meta property=\"og:url\" content=\"https:\/\/kraege.de\/pol\/produkty\/maliny\/herbsttragende-sorten\/no-8\/\" \/>\n<meta property=\"og:site_name\" content=\"KRAEGE Beerenpflanzen POL\" \/>\n<meta property=\"article:modified_time\" content=\"2022-11-22T15:17:58+00:00\" \/>\n<meta property=\"og:image\" content=\"https:\/\/kraege.de\/pol\/wp-content\/uploads\/sites\/7\/2016\/02\/www.pol_mapema-294x320.jpg\" \/>\n<meta name=\"twitter:card\" content=\"summary\" \/>\n<meta name=\"twitter:label1\" content=\"Szacowany czas czytania\" \/>\n\t<meta name=\"twitter:data1\" content=\"1 minuta\" \/>\n<script type=\"application\/ld+json\" class=\"yoast-schema-graph\">{\"@context\":\"https:\/\/schema.org\",\"@graph\":[{\"@type\":\"WebSite\",\"@id\":\"https:\/\/kraege.de\/pol\/#website\",\"url\":\"https:\/\/kraege.de\/pol\/\",\"name\":\"KRAEGE Beerenpflanzen POL\",\"description\":\"Erdbeeren und Himbeeren aus der Region | Telgte | M\\u00fcnster | Warendorf\",\"potentialAction\":[{\"@type\":\"SearchAction\",\"target\":{\"@type\":\"EntryPoint\",\"urlTemplate\":\"https:\/\/kraege.de\/pol\/?s={search_term_string}\"},\"query-input\":\"required name=search_term_string\"}],\"inLanguage\":\"pl-PL\"},{\"@type\":\"ImageObject\",\"@id\":\"https:\/\/kraege.de\/pol\/produkty\/maliny\/herbsttragende-sorten\/no-8\/#primaryimage\",\"inLanguage\":\"pl-PL\",\"url\":\"https:\/\/kraege.de\/pol\/wp-content\/uploads\/sites\/7\/2016\/02\/www.pol_mapema.jpg\",\"contentUrl\":\"https:\/\/kraege.de\/pol\/wp-content\/uploads\/sites\/7\/2016\/02\/www.pol_mapema.jpg\",\"width\":1465,\"height\":1594},{\"@type\":\"WebPage\",\"@id\":\"https:\/\/kraege.de\/pol\/produkty\/maliny\/herbsttragende-sorten\/no-8\/#webpage\",\"url\":\"https:\/\/kraege.de\/pol\/produkty\/maliny\/herbsttragende-sorten\/no-8\/\",\"name\":\"Mapema\\u00ae - KRAEGE Beerenpflanzen POL\",\"isPartOf\":{\"@id\":\"https:\/\/kraege.de\/pol\/#website\"},\"primaryImageOfPage\":{\"@id\":\"https:\/\/kraege.de\/pol\/produkty\/maliny\/herbsttragende-sorten\/no-8\/#primaryimage\"},\"datePublished\":\"2015-04-15T10:10:43+00:00\",\"dateModified\":\"2022-11-22T15:17:58+00:00\",\"breadcrumb\":{\"@id\":\"https:\/\/kraege.de\/pol\/produkty\/maliny\/herbsttragende-sorten\/no-8\/#breadcrumb\"},\"inLanguage\":\"pl-PL\",\"potentialAction\":[{\"@type\":\"ReadAction\",\"target\":[\"https:\/\/kraege.de\/pol\/produkty\/maliny\/herbsttragende-sorten\/no-8\/\"]}]},{\"@type\":\"BreadcrumbList\",\"@id\":\"https:\/\/kraege.de\/pol\/produkty\/maliny\/herbsttragende-sorten\/no-8\/#breadcrumb\",\"itemListElement\":[{\"@type\":\"ListItem\",\"position\":1,\"name\":\"Home\",\"item\":\"https:\/\/kraege.de\/pol\/\"},{\"@type\":\"ListItem\",\"position\":2,\"name\":\"Produkty\",\"item\":\"https:\/\/kraege.de\/pol\/produkty\/\"},{\"@type\":\"ListItem\",\"position\":3,\"name\":\"Maliny\",\"item\":\"https:\/\/kraege.de\/pol\/produkty\/maliny\/\"},{\"@type\":\"ListItem\",\"position\":4,\"name\":\"Primocanes\",\"item\":\"https:\/\/kraege.de\/pol\/produkty\/maliny\/herbsttragende-sorten\/\"},{\"@type\":\"ListItem\",\"position\":5,\"name\":\"Mapema\\u00ae\"}]}]}<\/script>\n<!-- \/ Yoast SEO plugin. -->","yoast_head_json":{"robots":{"index":"index","follow":"follow","max-snippet":"max-snippet:-1","max-image-preview":"max-image-preview:large","max-video-preview":"max-video-preview:-1"},"canonical":"https:\/\/kraege.de\/pol\/produkty\/maliny\/herbsttragende-sorten\/no-8\/","og_locale":"pl_PL","og_type":"article","og_title":"Mapema\u00ae - KRAEGE Beerenpflanzen POL","og_description":"Kolor czerwony, l\u015bni\u0105cy Uwagi bardzo pi\u0119knie wygl\u0105da w kobia\u0142kach, ciekawa nowo\u015b\u0107 do marketingu bezpo\u015bredniego i samodzielnego zbierania \u2013 odmiana chroniona, pochodzenie: Advanced Berry Breeding, Holandia Mapema jest odmian\u0105 maliny z programu hodowlanego Ad\u00advanced Berry Breeding. Wcze-sny pocz\u0105tek plon\u00f3w tej jesieni, jest por\u00f3wnywalna z Polk\u0105. Kolor owoc\u00f3w jest bardzo podobny do Polki. Mapema jest lekko-ciemna z [&hellip;]","og_url":"https:\/\/kraege.de\/pol\/produkty\/maliny\/herbsttragende-sorten\/no-8\/","og_site_name":"KRAEGE Beerenpflanzen POL","article_modified_time":"2022-11-22T15:17:58+00:00","og_image":[{"url":"https:\/\/kraege.de\/pol\/wp-content\/uploads\/sites\/7\/2016\/02\/www.pol_mapema-294x320.jpg"}],"twitter_card":"summary","twitter_misc":{"Szacowany czas czytania":"1 minuta"},"schema":{"@context":"https:\/\/schema.org","@graph":[{"@type":"WebSite","@id":"https:\/\/kraege.de\/pol\/#website","url":"https:\/\/kraege.de\/pol\/","name":"KRAEGE Beerenpflanzen POL","description":"Erdbeeren und Himbeeren aus der Region | Telgte | M\u00fcnster | Warendorf","potentialAction":[{"@type":"SearchAction","target":{"@type":"EntryPoint","urlTemplate":"https:\/\/kraege.de\/pol\/?s={search_term_string}"},"query-input":"required name=search_term_string"}],"inLanguage":"pl-PL"},{"@type":"ImageObject","@id":"https:\/\/kraege.de\/pol\/produkty\/maliny\/herbsttragende-sorten\/no-8\/#primaryimage","inLanguage":"pl-PL","url":"https:\/\/kraege.de\/pol\/wp-content\/uploads\/sites\/7\/2016\/02\/www.pol_mapema.jpg","contentUrl":"https:\/\/kraege.de\/pol\/wp-content\/uploads\/sites\/7\/2016\/02\/www.pol_mapema.jpg","width":1465,"height":1594},{"@type":"WebPage","@id":"https:\/\/kraege.de\/pol\/produkty\/maliny\/herbsttragende-sorten\/no-8\/#webpage","url":"https:\/\/kraege.de\/pol\/produkty\/maliny\/herbsttragende-sorten\/no-8\/","name":"Mapema\u00ae - KRAEGE Beerenpflanzen POL","isPartOf":{"@id":"https:\/\/kraege.de\/pol\/#website"},"primaryImageOfPage":{"@id":"https:\/\/kraege.de\/pol\/produkty\/maliny\/herbsttragende-sorten\/no-8\/#primaryimage"},"datePublished":"2015-04-15T10:10:43+00:00","dateModified":"2022-11-22T15:17:58+00:00","breadcrumb":{"@id":"https:\/\/kraege.de\/pol\/produkty\/maliny\/herbsttragende-sorten\/no-8\/#breadcrumb"},"inLanguage":"pl-PL","potentialAction":[{"@type":"ReadAction","target":["https:\/\/kraege.de\/pol\/produkty\/maliny\/herbsttragende-sorten\/no-8\/"]}]},{"@type":"BreadcrumbList","@id":"https:\/\/kraege.de\/pol\/produkty\/maliny\/herbsttragende-sorten\/no-8\/#breadcrumb","itemListElement":[{"@type":"ListItem","position":1,"name":"Home","item":"https:\/\/kraege.de\/pol\/"},{"@type":"ListItem","position":2,"name":"Produkty","item":"https:\/\/kraege.de\/pol\/produkty\/"},{"@type":"ListItem","position":3,"name":"Maliny","item":"https:\/\/kraege.de\/pol\/produkty\/maliny\/"},{"@type":"ListItem","position":4,"name":"Primocanes","item":"https:\/\/kraege.de\/pol\/produkty\/maliny\/herbsttragende-sorten\/"},{"@type":"ListItem","position":5,"name":"Mapema\u00ae"}]}]}},"_links":{"self":[{"href":"https:\/\/kraege.de\/pol\/wp-json\/wp\/v2\/pages\/222"}],"collection":[{"href":"https:\/\/kraege.de\/pol\/wp-json\/wp\/v2\/pages"}],"about":[{"href":"https:\/\/kraege.de\/pol\/wp-json\/wp\/v2\/types\/page"}],"author":[{"embeddable":true,"href":"https:\/\/kraege.de\/pol\/wp-json\/wp\/v2\/users\/1"}],"replies":[{"embeddable":true,"href":"https:\/\/kraege.de\/pol\/wp-json\/wp\/v2\/comments?post=222"}],"version-history":[{"count":17,"href":"https:\/\/kraege.de\/pol\/wp-json\/wp\/v2\/pages\/222\/revisions"}],"predecessor-version":[{"id":2275,"href":"https:\/\/kraege.de\/pol\/wp-json\/wp\/v2\/pages\/222\/revisions\/2275"}],"up":[{"embeddable":true,"href":"https:\/\/kraege.de\/pol\/wp-json\/wp\/v2\/pages\/201"}],"wp:attachment":[{"href":"https:\/\/kraege.de\/pol\/wp-json\/wp\/v2\/media?parent=222"}],"curies":[{"name":"wp","href":"https:\/\/api.w.org\/{rel}","templated":true}]}}