{"id":2143,"date":"2020-11-16T14:16:05","date_gmt":"2020-11-16T13:16:05","guid":{"rendered":"https:\/\/kraege.de\/pol\/?page_id=2143"},"modified":"2025-11-24T15:44:11","modified_gmt":"2025-11-24T14:44:11","slug":"falco","status":"publish","type":"page","link":"https:\/\/kraege.de\/pol\/produkty\/truskawki\/spaete-sorten\/falco\/","title":{"rendered":"Cadenza"},"content":{"rendered":"<div class=\"tabelle-fruechte\">\n<table>\n<tbody>\n<tr>\n<td>Kolor<\/td>\n<td>jasnoczerwone<\/td>\n<\/tr>\n<tr>\n<td>Uwagi<\/td>\n<td>p\u00f3\u017ana odmina dla marketingu komercyjnego<\/td>\n<\/tr>\n<\/tbody>\n<\/table>\n<\/div>\n<div class=\"reifezeit\">\u00a0<\/div>\n<div class=\"herkunft\">\u2013 odmiana chroniona, W\u0142a\u015bciciel odmiany: Fresh Forward B.V., Wageningen, Holandia<\/div>\n\n\n<p>Fresh Forward posiada w swoim programie hodowlanym now\u0105 p\u00f3\u017an\u0105 odmian\u0119 Cadenza (FE2134). Zakres dojrza\u0142o\u015bci tej odmiany wynosi oko\u0142o 1 tygodnia przed Malwin\u0105.<br>Obiecuj\u0105ce wyniki test\u00f3w odmiany Cadenza wskazuj\u0105 na solidn\u0105 ro\u015blin\u0119 o bardzo wysokich plonach i dobrej zdolno\u015bci do przechowywania.<br>Du\u017ce, bardzo j\u0119drne owoce s\u0105 jasnoczerwone, b\u0142yszcz\u0105ce, o sto\u017ckowatym kszta\u0142cie i atrakcyjnym wzorze sk\u00f3rki.<br>Wysoki procent owoc\u00f3w HDK 1 zapewnia dobr\u0105 wydajno\u015b\u0107 zbioru.<br>Cadenza jest raczej kompaktow\u0105 ro\u015blin\u0105. Hodowca zaleca odleg\u0142o\u015b\u0107 sadzenia 0,40-0,45 m w rz\u0119dzie.<br>Cadenza nadaje si\u0119 zar\u00f3wno do handlu, jak i do sprzeda\u017cy bezpo\u015bredniej.<\/p>\n","protected":false},"excerpt":{"rendered":"<p>Kolor jasnoczerwone Uwagi p\u00f3\u017ana odmina dla marketingu komercyjnego \u00a0 \u2013 odmiana chroniona, W\u0142a\u015bciciel odmiany: Fresh Forward B.V., Wageningen, Holandia Fresh Forward posiada w swoim programie hodowlanym now\u0105 p\u00f3\u017an\u0105 odmian\u0119 Cadenza (FE2134). Zakres dojrza\u0142o\u015bci tej odmiany wynosi oko\u0142o 1 tygodnia przed Malwin\u0105.Obiecuj\u0105ce wyniki test\u00f3w odmiany Cadenza wskazuj\u0105 na solidn\u0105 ro\u015blin\u0119 o bardzo wysokich plonach i dobrej [&hellip;]<\/p>\n","protected":false},"author":1,"featured_media":0,"parent":59,"menu_order":1,"comment_status":"closed","ping_status":"closed","template":"page_frucht.php","meta":[],"yoast_head":"<!-- This site is optimized with the Yoast SEO plugin v17.2.1 - https:\/\/yoast.com\/wordpress\/plugins\/seo\/ -->\n<meta name=\"robots\" content=\"index, follow, max-snippet:-1, max-image-preview:large, max-video-preview:-1\" \/>\n<link rel=\"canonical\" href=\"https:\/\/kraege.de\/pol\/produkty\/truskawki\/spaete-sorten\/falco\/\" \/>\n<meta property=\"og:locale\" content=\"pl_PL\" \/>\n<meta property=\"og:type\" content=\"article\" \/>\n<meta property=\"og:title\" content=\"Cadenza - KRAEGE Beerenpflanzen POL\" \/>\n<meta property=\"og:description\" content=\"Kolor jasnoczerwone Uwagi p\u00f3\u017ana odmina dla marketingu komercyjnego \u00a0 \u2013 odmiana chroniona, W\u0142a\u015bciciel odmiany: Fresh Forward B.V., Wageningen, Holandia Fresh Forward posiada w swoim programie hodowlanym now\u0105 p\u00f3\u017an\u0105 odmian\u0119 Cadenza (FE2134). Zakres dojrza\u0142o\u015bci tej odmiany wynosi oko\u0142o 1 tygodnia przed Malwin\u0105.Obiecuj\u0105ce wyniki test\u00f3w odmiany Cadenza wskazuj\u0105 na solidn\u0105 ro\u015blin\u0119 o bardzo wysokich plonach i dobrej [&hellip;]\" \/>\n<meta property=\"og:url\" content=\"https:\/\/kraege.de\/pol\/produkty\/truskawki\/spaete-sorten\/falco\/\" \/>\n<meta property=\"og:site_name\" content=\"KRAEGE Beerenpflanzen POL\" \/>\n<meta property=\"article:modified_time\" content=\"2025-11-24T14:44:11+00:00\" \/>\n<meta name=\"twitter:card\" content=\"summary\" \/>\n<meta name=\"twitter:label1\" content=\"Szacowany czas czytania\" \/>\n\t<meta name=\"twitter:data1\" content=\"1 minuta\" \/>\n<script type=\"application\/ld+json\" class=\"yoast-schema-graph\">{\"@context\":\"https:\/\/schema.org\",\"@graph\":[{\"@type\":\"WebSite\",\"@id\":\"https:\/\/kraege.de\/pol\/#website\",\"url\":\"https:\/\/kraege.de\/pol\/\",\"name\":\"KRAEGE Beerenpflanzen POL\",\"description\":\"Erdbeeren und Himbeeren aus der Region | Telgte | M\\u00fcnster | Warendorf\",\"potentialAction\":[{\"@type\":\"SearchAction\",\"target\":{\"@type\":\"EntryPoint\",\"urlTemplate\":\"https:\/\/kraege.de\/pol\/?s={search_term_string}\"},\"query-input\":\"required name=search_term_string\"}],\"inLanguage\":\"pl-PL\"},{\"@type\":\"WebPage\",\"@id\":\"https:\/\/kraege.de\/pol\/produkty\/truskawki\/spaete-sorten\/falco\/#webpage\",\"url\":\"https:\/\/kraege.de\/pol\/produkty\/truskawki\/spaete-sorten\/falco\/\",\"name\":\"Cadenza - KRAEGE Beerenpflanzen POL\",\"isPartOf\":{\"@id\":\"https:\/\/kraege.de\/pol\/#website\"},\"datePublished\":\"2020-11-16T13:16:05+00:00\",\"dateModified\":\"2025-11-24T14:44:11+00:00\",\"breadcrumb\":{\"@id\":\"https:\/\/kraege.de\/pol\/produkty\/truskawki\/spaete-sorten\/falco\/#breadcrumb\"},\"inLanguage\":\"pl-PL\",\"potentialAction\":[{\"@type\":\"ReadAction\",\"target\":[\"https:\/\/kraege.de\/pol\/produkty\/truskawki\/spaete-sorten\/falco\/\"]}]},{\"@type\":\"BreadcrumbList\",\"@id\":\"https:\/\/kraege.de\/pol\/produkty\/truskawki\/spaete-sorten\/falco\/#breadcrumb\",\"itemListElement\":[{\"@type\":\"ListItem\",\"position\":1,\"name\":\"Home\",\"item\":\"https:\/\/kraege.de\/pol\/\"},{\"@type\":\"ListItem\",\"position\":2,\"name\":\"Produkty\",\"item\":\"https:\/\/kraege.de\/pol\/produkty\/\"},{\"@type\":\"ListItem\",\"position\":3,\"name\":\"Truskawki\",\"item\":\"https:\/\/kraege.de\/pol\/produkty\/truskawki\/\"},{\"@type\":\"ListItem\",\"position\":4,\"name\":\"P\\u00f3\\u017ane odmiany\",\"item\":\"https:\/\/kraege.de\/pol\/produkty\/truskawki\/spaete-sorten\/\"},{\"@type\":\"ListItem\",\"position\":5,\"name\":\"Cadenza\"}]}]}<\/script>\n<!-- \/ Yoast SEO plugin. -->","yoast_head_json":{"robots":{"index":"index","follow":"follow","max-snippet":"max-snippet:-1","max-image-preview":"max-image-preview:large","max-video-preview":"max-video-preview:-1"},"canonical":"https:\/\/kraege.de\/pol\/produkty\/truskawki\/spaete-sorten\/falco\/","og_locale":"pl_PL","og_type":"article","og_title":"Cadenza - KRAEGE Beerenpflanzen POL","og_description":"Kolor jasnoczerwone Uwagi p\u00f3\u017ana odmina dla marketingu komercyjnego \u00a0 \u2013 odmiana chroniona, W\u0142a\u015bciciel odmiany: Fresh Forward B.V., Wageningen, Holandia Fresh Forward posiada w swoim programie hodowlanym now\u0105 p\u00f3\u017an\u0105 odmian\u0119 Cadenza (FE2134). Zakres dojrza\u0142o\u015bci tej odmiany wynosi oko\u0142o 1 tygodnia przed Malwin\u0105.Obiecuj\u0105ce wyniki test\u00f3w odmiany Cadenza wskazuj\u0105 na solidn\u0105 ro\u015blin\u0119 o bardzo wysokich plonach i dobrej [&hellip;]","og_url":"https:\/\/kraege.de\/pol\/produkty\/truskawki\/spaete-sorten\/falco\/","og_site_name":"KRAEGE Beerenpflanzen POL","article_modified_time":"2025-11-24T14:44:11+00:00","twitter_card":"summary","twitter_misc":{"Szacowany czas czytania":"1 minuta"},"schema":{"@context":"https:\/\/schema.org","@graph":[{"@type":"WebSite","@id":"https:\/\/kraege.de\/pol\/#website","url":"https:\/\/kraege.de\/pol\/","name":"KRAEGE Beerenpflanzen POL","description":"Erdbeeren und Himbeeren aus der Region | Telgte | M\u00fcnster | Warendorf","potentialAction":[{"@type":"SearchAction","target":{"@type":"EntryPoint","urlTemplate":"https:\/\/kraege.de\/pol\/?s={search_term_string}"},"query-input":"required name=search_term_string"}],"inLanguage":"pl-PL"},{"@type":"WebPage","@id":"https:\/\/kraege.de\/pol\/produkty\/truskawki\/spaete-sorten\/falco\/#webpage","url":"https:\/\/kraege.de\/pol\/produkty\/truskawki\/spaete-sorten\/falco\/","name":"Cadenza - KRAEGE Beerenpflanzen POL","isPartOf":{"@id":"https:\/\/kraege.de\/pol\/#website"},"datePublished":"2020-11-16T13:16:05+00:00","dateModified":"2025-11-24T14:44:11+00:00","breadcrumb":{"@id":"https:\/\/kraege.de\/pol\/produkty\/truskawki\/spaete-sorten\/falco\/#breadcrumb"},"inLanguage":"pl-PL","potentialAction":[{"@type":"ReadAction","target":["https:\/\/kraege.de\/pol\/produkty\/truskawki\/spaete-sorten\/falco\/"]}]},{"@type":"BreadcrumbList","@id":"https:\/\/kraege.de\/pol\/produkty\/truskawki\/spaete-sorten\/falco\/#breadcrumb","itemListElement":[{"@type":"ListItem","position":1,"name":"Home","item":"https:\/\/kraege.de\/pol\/"},{"@type":"ListItem","position":2,"name":"Produkty","item":"https:\/\/kraege.de\/pol\/produkty\/"},{"@type":"ListItem","position":3,"name":"Truskawki","item":"https:\/\/kraege.de\/pol\/produkty\/truskawki\/"},{"@type":"ListItem","position":4,"name":"P\u00f3\u017ane odmiany","item":"https:\/\/kraege.de\/pol\/produkty\/truskawki\/spaete-sorten\/"},{"@type":"ListItem","position":5,"name":"Cadenza"}]}]}},"_links":{"self":[{"href":"https:\/\/kraege.de\/pol\/wp-json\/wp\/v2\/pages\/2143"}],"collection":[{"href":"https:\/\/kraege.de\/pol\/wp-json\/wp\/v2\/pages"}],"about":[{"href":"https:\/\/kraege.de\/pol\/wp-json\/wp\/v2\/types\/page"}],"author":[{"embeddable":true,"href":"https:\/\/kraege.de\/pol\/wp-json\/wp\/v2\/users\/1"}],"replies":[{"embeddable":true,"href":"https:\/\/kraege.de\/pol\/wp-json\/wp\/v2\/comments?post=2143"}],"version-history":[{"count":10,"href":"https:\/\/kraege.de\/pol\/wp-json\/wp\/v2\/pages\/2143\/revisions"}],"predecessor-version":[{"id":2426,"href":"https:\/\/kraege.de\/pol\/wp-json\/wp\/v2\/pages\/2143\/revisions\/2426"}],"up":[{"embeddable":true,"href":"https:\/\/kraege.de\/pol\/wp-json\/wp\/v2\/pages\/59"}],"wp:attachment":[{"href":"https:\/\/kraege.de\/pol\/wp-json\/wp\/v2\/media?parent=2143"}],"curies":[{"name":"wp","href":"https:\/\/api.w.org\/{rel}","templated":true}]}}