{"id":2139,"date":"2020-11-16T14:11:44","date_gmt":"2020-11-16T13:11:44","guid":{"rendered":"https:\/\/kraege.de\/pol\/?page_id=2139"},"modified":"2024-11-24T08:39:09","modified_gmt":"2024-11-24T07:39:09","slug":"falco","status":"publish","type":"page","link":"https:\/\/kraege.de\/pol\/produkty\/truskawki\/mittelspaete-sorten\/falco\/","title":{"rendered":"Falco"},"content":{"rendered":"<div class=\"tabelle-fruechte\">\n<table>\n<tbody>\n<tr>\n<td>Kolor<\/td>\n<td>\u015brednio-czerwony, bardzo b\u0142yszcz\u0105cy<\/td>\n<\/tr>\n<tr>\n<td>Uwagi<\/td>\n<td>iekawa nowo\u015b\u0107 w okresie dojrzewania przed Elsant\u0105 Odmiana ciekawa w marketingu komercyjnym<\/td>\n<\/tr>\n<\/tbody>\n<\/table>\n<\/div>\n<div class=\"reifezeit\"><\/div>\n<div class=\"herkunft\">\u2013 odmiana chroniona, W\u0142a\u015bciciel odmiany: Flevo Berry, Holandia<\/div>\n<p><strong>Falco<\/strong> to nowa \u015brednio-wczesna odmiana z programu hodowlanego Flevoberry. Dojrzewa w okresie pomi\u0119dzy Apric\u0105 a Elegance. Owoce s\u0105 \u015brednio-czerwone, lekko sto\u017ckowate z atrakcyjnym po\u0142yskiem.<br \/>\nKszta\u0142t owocu jest bardzo regularny i bez wi\u0119kszych uszkodzenia. Pierwsze, bardzo du\u017ce owoce mog\u0105 czasami by\u0107 puste.<br \/>\nWysoki udzia\u0142 owoc\u00f3w z pierwszej klasy handlowej. Falco przekonuje bardzo wysokimi plonami i du\u017c\u0105 wag\u0105 poszczeg\u00f3lnych owoc\u00f3w<br \/>\nNa kwiatostan powstaje ok. 5 owoc\u00f3w. Smak jest dobry z bardzo atrakcyjn\u0105 sk\u00f3rk\u0105.<br \/>\nFalco mo\u017cna uprawia\u0107 zar\u00f3wno na wolnym powietrzu, jak i przedwcze\u015bnie w tunelach foliowych. Mo\u017cliwa jest r\u00f3wnie\u017c uprawa w pod\u0142o\u017cu.<br \/>\nFalco to wytrzyma\u0142a odmiana o niskiej podatno\u015bci na choroby korzeni, takie jak Phythoph\u00adthora cactorum.<\/p>\n<p>Wyst\u0119puje wra\u017cliwo\u015b\u0107 na m\u0105czniaka prawdziwego, na kt\u00f3rego nale\u017cy uwa\u017ca\u0107 szczeg\u00f3lnie w tunelu i na stojakach.<br \/>\nPo\u0142\u0105czenie wysokiej wydajno\u015bci plon\u00f3w i d\u0142ugiego czasu zbior\u00f3w sprawia, \u017ce Falco jest bardzo interesuj\u0105c\u0105 odmian\u0105 dla marketingu bezpo\u015bredniego.<\/p>\n","protected":false},"excerpt":{"rendered":"<p>Kolor \u015brednio-czerwony, bardzo b\u0142yszcz\u0105cy Uwagi iekawa nowo\u015b\u0107 w okresie dojrzewania przed Elsant\u0105 Odmiana ciekawa w marketingu komercyjnym \u2013 odmiana chroniona, W\u0142a\u015bciciel odmiany: Flevo Berry, Holandia Falco to nowa \u015brednio-wczesna odmiana z programu hodowlanego Flevoberry. Dojrzewa w okresie pomi\u0119dzy Apric\u0105 a Elegance. Owoce s\u0105 \u015brednio-czerwone, lekko sto\u017ckowate z atrakcyjnym po\u0142yskiem. Kszta\u0142t owocu jest bardzo regularny i [&hellip;]<\/p>\n","protected":false},"author":1,"featured_media":0,"parent":57,"menu_order":3,"comment_status":"closed","ping_status":"closed","template":"page_frucht.php","meta":[],"yoast_head":"<!-- This site is optimized with the Yoast SEO plugin v17.2.1 - https:\/\/yoast.com\/wordpress\/plugins\/seo\/ -->\n<meta name=\"robots\" content=\"index, follow, max-snippet:-1, max-image-preview:large, max-video-preview:-1\" \/>\n<link rel=\"canonical\" href=\"https:\/\/kraege.de\/pol\/produkty\/truskawki\/mittelspaete-sorten\/falco\/\" \/>\n<meta property=\"og:locale\" content=\"pl_PL\" \/>\n<meta property=\"og:type\" content=\"article\" \/>\n<meta property=\"og:title\" content=\"Falco - KRAEGE Beerenpflanzen POL\" \/>\n<meta property=\"og:description\" content=\"Kolor \u015brednio-czerwony, bardzo b\u0142yszcz\u0105cy Uwagi iekawa nowo\u015b\u0107 w okresie dojrzewania przed Elsant\u0105 Odmiana ciekawa w marketingu komercyjnym \u2013 odmiana chroniona, W\u0142a\u015bciciel odmiany: Flevo Berry, Holandia Falco to nowa \u015brednio-wczesna odmiana z programu hodowlanego Flevoberry. Dojrzewa w okresie pomi\u0119dzy Apric\u0105 a Elegance. Owoce s\u0105 \u015brednio-czerwone, lekko sto\u017ckowate z atrakcyjnym po\u0142yskiem. Kszta\u0142t owocu jest bardzo regularny i [&hellip;]\" \/>\n<meta property=\"og:url\" content=\"https:\/\/kraege.de\/pol\/produkty\/truskawki\/mittelspaete-sorten\/falco\/\" \/>\n<meta property=\"og:site_name\" content=\"KRAEGE Beerenpflanzen POL\" \/>\n<meta property=\"article:modified_time\" content=\"2024-11-24T07:39:09+00:00\" \/>\n<meta name=\"twitter:card\" content=\"summary\" \/>\n<meta name=\"twitter:label1\" content=\"Szacowany czas czytania\" \/>\n\t<meta name=\"twitter:data1\" content=\"1 minuta\" \/>\n<script type=\"application\/ld+json\" class=\"yoast-schema-graph\">{\"@context\":\"https:\/\/schema.org\",\"@graph\":[{\"@type\":\"WebSite\",\"@id\":\"https:\/\/kraege.de\/pol\/#website\",\"url\":\"https:\/\/kraege.de\/pol\/\",\"name\":\"KRAEGE Beerenpflanzen POL\",\"description\":\"Erdbeeren und Himbeeren aus der Region | Telgte | M\\u00fcnster | Warendorf\",\"potentialAction\":[{\"@type\":\"SearchAction\",\"target\":{\"@type\":\"EntryPoint\",\"urlTemplate\":\"https:\/\/kraege.de\/pol\/?s={search_term_string}\"},\"query-input\":\"required name=search_term_string\"}],\"inLanguage\":\"pl-PL\"},{\"@type\":\"WebPage\",\"@id\":\"https:\/\/kraege.de\/pol\/produkty\/truskawki\/mittelspaete-sorten\/falco\/#webpage\",\"url\":\"https:\/\/kraege.de\/pol\/produkty\/truskawki\/mittelspaete-sorten\/falco\/\",\"name\":\"Falco - KRAEGE Beerenpflanzen POL\",\"isPartOf\":{\"@id\":\"https:\/\/kraege.de\/pol\/#website\"},\"datePublished\":\"2020-11-16T13:11:44+00:00\",\"dateModified\":\"2024-11-24T07:39:09+00:00\",\"breadcrumb\":{\"@id\":\"https:\/\/kraege.de\/pol\/produkty\/truskawki\/mittelspaete-sorten\/falco\/#breadcrumb\"},\"inLanguage\":\"pl-PL\",\"potentialAction\":[{\"@type\":\"ReadAction\",\"target\":[\"https:\/\/kraege.de\/pol\/produkty\/truskawki\/mittelspaete-sorten\/falco\/\"]}]},{\"@type\":\"BreadcrumbList\",\"@id\":\"https:\/\/kraege.de\/pol\/produkty\/truskawki\/mittelspaete-sorten\/falco\/#breadcrumb\",\"itemListElement\":[{\"@type\":\"ListItem\",\"position\":1,\"name\":\"Home\",\"item\":\"https:\/\/kraege.de\/pol\/\"},{\"@type\":\"ListItem\",\"position\":2,\"name\":\"Produkty\",\"item\":\"https:\/\/kraege.de\/pol\/produkty\/\"},{\"@type\":\"ListItem\",\"position\":3,\"name\":\"Truskawki\",\"item\":\"https:\/\/kraege.de\/pol\/produkty\/truskawki\/\"},{\"@type\":\"ListItem\",\"position\":4,\"name\":\"\\u015arednio wczesny\",\"item\":\"https:\/\/kraege.de\/pol\/produkty\/truskawki\/mittelspaete-sorten\/\"},{\"@type\":\"ListItem\",\"position\":5,\"name\":\"Falco\"}]}]}<\/script>\n<!-- \/ Yoast SEO plugin. -->","yoast_head_json":{"robots":{"index":"index","follow":"follow","max-snippet":"max-snippet:-1","max-image-preview":"max-image-preview:large","max-video-preview":"max-video-preview:-1"},"canonical":"https:\/\/kraege.de\/pol\/produkty\/truskawki\/mittelspaete-sorten\/falco\/","og_locale":"pl_PL","og_type":"article","og_title":"Falco - KRAEGE Beerenpflanzen POL","og_description":"Kolor \u015brednio-czerwony, bardzo b\u0142yszcz\u0105cy Uwagi iekawa nowo\u015b\u0107 w okresie dojrzewania przed Elsant\u0105 Odmiana ciekawa w marketingu komercyjnym \u2013 odmiana chroniona, W\u0142a\u015bciciel odmiany: Flevo Berry, Holandia Falco to nowa \u015brednio-wczesna odmiana z programu hodowlanego Flevoberry. Dojrzewa w okresie pomi\u0119dzy Apric\u0105 a Elegance. Owoce s\u0105 \u015brednio-czerwone, lekko sto\u017ckowate z atrakcyjnym po\u0142yskiem. Kszta\u0142t owocu jest bardzo regularny i [&hellip;]","og_url":"https:\/\/kraege.de\/pol\/produkty\/truskawki\/mittelspaete-sorten\/falco\/","og_site_name":"KRAEGE Beerenpflanzen POL","article_modified_time":"2024-11-24T07:39:09+00:00","twitter_card":"summary","twitter_misc":{"Szacowany czas czytania":"1 minuta"},"schema":{"@context":"https:\/\/schema.org","@graph":[{"@type":"WebSite","@id":"https:\/\/kraege.de\/pol\/#website","url":"https:\/\/kraege.de\/pol\/","name":"KRAEGE Beerenpflanzen POL","description":"Erdbeeren und Himbeeren aus der Region | Telgte | M\u00fcnster | Warendorf","potentialAction":[{"@type":"SearchAction","target":{"@type":"EntryPoint","urlTemplate":"https:\/\/kraege.de\/pol\/?s={search_term_string}"},"query-input":"required name=search_term_string"}],"inLanguage":"pl-PL"},{"@type":"WebPage","@id":"https:\/\/kraege.de\/pol\/produkty\/truskawki\/mittelspaete-sorten\/falco\/#webpage","url":"https:\/\/kraege.de\/pol\/produkty\/truskawki\/mittelspaete-sorten\/falco\/","name":"Falco - KRAEGE Beerenpflanzen POL","isPartOf":{"@id":"https:\/\/kraege.de\/pol\/#website"},"datePublished":"2020-11-16T13:11:44+00:00","dateModified":"2024-11-24T07:39:09+00:00","breadcrumb":{"@id":"https:\/\/kraege.de\/pol\/produkty\/truskawki\/mittelspaete-sorten\/falco\/#breadcrumb"},"inLanguage":"pl-PL","potentialAction":[{"@type":"ReadAction","target":["https:\/\/kraege.de\/pol\/produkty\/truskawki\/mittelspaete-sorten\/falco\/"]}]},{"@type":"BreadcrumbList","@id":"https:\/\/kraege.de\/pol\/produkty\/truskawki\/mittelspaete-sorten\/falco\/#breadcrumb","itemListElement":[{"@type":"ListItem","position":1,"name":"Home","item":"https:\/\/kraege.de\/pol\/"},{"@type":"ListItem","position":2,"name":"Produkty","item":"https:\/\/kraege.de\/pol\/produkty\/"},{"@type":"ListItem","position":3,"name":"Truskawki","item":"https:\/\/kraege.de\/pol\/produkty\/truskawki\/"},{"@type":"ListItem","position":4,"name":"\u015arednio wczesny","item":"https:\/\/kraege.de\/pol\/produkty\/truskawki\/mittelspaete-sorten\/"},{"@type":"ListItem","position":5,"name":"Falco"}]}]}},"_links":{"self":[{"href":"https:\/\/kraege.de\/pol\/wp-json\/wp\/v2\/pages\/2139"}],"collection":[{"href":"https:\/\/kraege.de\/pol\/wp-json\/wp\/v2\/pages"}],"about":[{"href":"https:\/\/kraege.de\/pol\/wp-json\/wp\/v2\/types\/page"}],"author":[{"embeddable":true,"href":"https:\/\/kraege.de\/pol\/wp-json\/wp\/v2\/users\/1"}],"replies":[{"embeddable":true,"href":"https:\/\/kraege.de\/pol\/wp-json\/wp\/v2\/comments?post=2139"}],"version-history":[{"count":3,"href":"https:\/\/kraege.de\/pol\/wp-json\/wp\/v2\/pages\/2139\/revisions"}],"predecessor-version":[{"id":2156,"href":"https:\/\/kraege.de\/pol\/wp-json\/wp\/v2\/pages\/2139\/revisions\/2156"}],"up":[{"embeddable":true,"href":"https:\/\/kraege.de\/pol\/wp-json\/wp\/v2\/pages\/57"}],"wp:attachment":[{"href":"https:\/\/kraege.de\/pol\/wp-json\/wp\/v2\/media?parent=2139"}],"curies":[{"name":"wp","href":"https:\/\/api.w.org\/{rel}","templated":true}]}}