{"id":2137,"date":"2020-11-16T14:09:16","date_gmt":"2020-11-16T13:09:16","guid":{"rendered":"https:\/\/kraege.de\/pol\/?page_id=2137"},"modified":"2024-11-24T08:39:39","modified_gmt":"2024-11-24T07:39:39","slug":"verdi","status":"publish","type":"page","link":"https:\/\/kraege.de\/pol\/produkty\/truskawki\/mittelspaete-sorten\/verdi\/","title":{"rendered":"Verdi"},"content":{"rendered":"<div class=\"tabelle-fruechte\">\n<table>\n<tbody>\n<tr>\n<td>Kolor<\/td>\n<td>\u015brednio-czerwony, \u0142adnie b\u0142yszcz\u0105cy<\/td>\n<\/tr>\n<tr>\n<td>Uwagi<\/td>\n<td>Ciekawa nowo\u015b\u0107, okres dojrzewania to 3 dni po Allegro. Dobrze nadaje si\u0119 do marketingu bezpo\u015bredniego i komercyjnego<\/td>\n<\/tr>\n<\/tbody>\n<\/table>\n<\/div>\n<div class=\"reifezeit\"><\/div>\n<div class=\"herkunft\">\u2013 odmiana chroniona, W\u0142a\u015bciciel odmiany: Fresh Forward B.V., Wageningen, Holandia<\/div>\n<p>Dojrzewa oko\u0142o 3 dni po Allegro. Owoce s\u0105 \u015brednio-czerwone, b\u0142yszcz\u0105ce, o jednolitym, wyd\u0142u\u017conym sto\u017ckowatym kszta\u0142cie.<br \/>\nOwoce s\u0105 du\u017ce. Podczas zbior\u00f3w lekko trac\u0105 na wielko\u015bci.<br \/>\nVerdi przynosi wysokie plony, z du\u017cym udzia\u0142em owoc\u00f3w z pierwszej klasy.<br \/>\nSmak jest aromatyczny o soczystej konsystencji. Verdi jest \u0142atwy do zbierania. Owoce maj\u0105 dobr\u0105 trwa\u0142o\u015b\u0107. Zalecany jest 2 \u2013 3-dniowy rytm zbierania.<br \/>\nVerdi to zdrowa, do g\u00f3ry rosn\u0105ca ro\u015blina. Ale nie ro\u015bnie tak szybko jak Allegro. Kwitnie pod li\u015b\u0107mi z oko\u0142o 7-8 kwiatami na \u0142odyg\u0119 kwiatow\u0105.<br \/>\nDoskonale nadaje si\u0119 do uprawy jako ro\u015blina zielona i frigo na zewn\u0105trz lub w tunelach. Nie zaleca si\u0119 jednak uprawy na stojakach.<br \/>\nW poprzednich badaniach odmian Verdi wykaza\u0142 wysok\u0105 odporno\u015b\u0107 na choroby korzeni. Podatno\u015b\u0107 na m\u0105czniaka prawdziwego jest raczej niska.<br \/>\nVerdi to godna polecenia nowo\u015b\u0107 odpowiednia dla r\u00f3\u017cnych kana\u0142\u00f3w marketingowych. Dobry smak sprawia, \u017ce jest ona szczeg\u00f3lnie interesuj\u0105ce w marketingu bezpo\u015brednim.<\/p>\n","protected":false},"excerpt":{"rendered":"<p>Kolor \u015brednio-czerwony, \u0142adnie b\u0142yszcz\u0105cy Uwagi Ciekawa nowo\u015b\u0107, okres dojrzewania to 3 dni po Allegro. Dobrze nadaje si\u0119 do marketingu bezpo\u015bredniego i komercyjnego \u2013 odmiana chroniona, W\u0142a\u015bciciel odmiany: Fresh Forward B.V., Wageningen, Holandia Dojrzewa oko\u0142o 3 dni po Allegro. Owoce s\u0105 \u015brednio-czerwone, b\u0142yszcz\u0105ce, o jednolitym, wyd\u0142u\u017conym sto\u017ckowatym kszta\u0142cie. Owoce s\u0105 du\u017ce. Podczas zbior\u00f3w lekko trac\u0105 na [&hellip;]<\/p>\n","protected":false},"author":1,"featured_media":0,"parent":57,"menu_order":5,"comment_status":"closed","ping_status":"closed","template":"page_frucht.php","meta":[],"yoast_head":"<!-- This site is optimized with the Yoast SEO plugin v17.2.1 - https:\/\/yoast.com\/wordpress\/plugins\/seo\/ -->\n<meta name=\"robots\" content=\"index, follow, max-snippet:-1, max-image-preview:large, max-video-preview:-1\" \/>\n<link rel=\"canonical\" href=\"https:\/\/kraege.de\/pol\/produkty\/truskawki\/mittelspaete-sorten\/verdi\/\" \/>\n<meta property=\"og:locale\" content=\"pl_PL\" \/>\n<meta property=\"og:type\" content=\"article\" \/>\n<meta property=\"og:title\" content=\"Verdi - KRAEGE Beerenpflanzen POL\" \/>\n<meta property=\"og:description\" content=\"Kolor \u015brednio-czerwony, \u0142adnie b\u0142yszcz\u0105cy Uwagi Ciekawa nowo\u015b\u0107, okres dojrzewania to 3 dni po Allegro. Dobrze nadaje si\u0119 do marketingu bezpo\u015bredniego i komercyjnego \u2013 odmiana chroniona, W\u0142a\u015bciciel odmiany: Fresh Forward B.V., Wageningen, Holandia Dojrzewa oko\u0142o 3 dni po Allegro. Owoce s\u0105 \u015brednio-czerwone, b\u0142yszcz\u0105ce, o jednolitym, wyd\u0142u\u017conym sto\u017ckowatym kszta\u0142cie. Owoce s\u0105 du\u017ce. Podczas zbior\u00f3w lekko trac\u0105 na [&hellip;]\" \/>\n<meta property=\"og:url\" content=\"https:\/\/kraege.de\/pol\/produkty\/truskawki\/mittelspaete-sorten\/verdi\/\" \/>\n<meta property=\"og:site_name\" content=\"KRAEGE Beerenpflanzen POL\" \/>\n<meta property=\"article:modified_time\" content=\"2024-11-24T07:39:39+00:00\" \/>\n<meta name=\"twitter:card\" content=\"summary\" \/>\n<meta name=\"twitter:label1\" content=\"Szacowany czas czytania\" \/>\n\t<meta name=\"twitter:data1\" content=\"1 minuta\" \/>\n<script type=\"application\/ld+json\" class=\"yoast-schema-graph\">{\"@context\":\"https:\/\/schema.org\",\"@graph\":[{\"@type\":\"WebSite\",\"@id\":\"https:\/\/kraege.de\/pol\/#website\",\"url\":\"https:\/\/kraege.de\/pol\/\",\"name\":\"KRAEGE Beerenpflanzen POL\",\"description\":\"Erdbeeren und Himbeeren aus der Region | Telgte | M\\u00fcnster | Warendorf\",\"potentialAction\":[{\"@type\":\"SearchAction\",\"target\":{\"@type\":\"EntryPoint\",\"urlTemplate\":\"https:\/\/kraege.de\/pol\/?s={search_term_string}\"},\"query-input\":\"required name=search_term_string\"}],\"inLanguage\":\"pl-PL\"},{\"@type\":\"WebPage\",\"@id\":\"https:\/\/kraege.de\/pol\/produkty\/truskawki\/mittelspaete-sorten\/verdi\/#webpage\",\"url\":\"https:\/\/kraege.de\/pol\/produkty\/truskawki\/mittelspaete-sorten\/verdi\/\",\"name\":\"Verdi - KRAEGE Beerenpflanzen POL\",\"isPartOf\":{\"@id\":\"https:\/\/kraege.de\/pol\/#website\"},\"datePublished\":\"2020-11-16T13:09:16+00:00\",\"dateModified\":\"2024-11-24T07:39:39+00:00\",\"breadcrumb\":{\"@id\":\"https:\/\/kraege.de\/pol\/produkty\/truskawki\/mittelspaete-sorten\/verdi\/#breadcrumb\"},\"inLanguage\":\"pl-PL\",\"potentialAction\":[{\"@type\":\"ReadAction\",\"target\":[\"https:\/\/kraege.de\/pol\/produkty\/truskawki\/mittelspaete-sorten\/verdi\/\"]}]},{\"@type\":\"BreadcrumbList\",\"@id\":\"https:\/\/kraege.de\/pol\/produkty\/truskawki\/mittelspaete-sorten\/verdi\/#breadcrumb\",\"itemListElement\":[{\"@type\":\"ListItem\",\"position\":1,\"name\":\"Home\",\"item\":\"https:\/\/kraege.de\/pol\/\"},{\"@type\":\"ListItem\",\"position\":2,\"name\":\"Produkty\",\"item\":\"https:\/\/kraege.de\/pol\/produkty\/\"},{\"@type\":\"ListItem\",\"position\":3,\"name\":\"Truskawki\",\"item\":\"https:\/\/kraege.de\/pol\/produkty\/truskawki\/\"},{\"@type\":\"ListItem\",\"position\":4,\"name\":\"\\u015arednio wczesny\",\"item\":\"https:\/\/kraege.de\/pol\/produkty\/truskawki\/mittelspaete-sorten\/\"},{\"@type\":\"ListItem\",\"position\":5,\"name\":\"Verdi\"}]}]}<\/script>\n<!-- \/ Yoast SEO plugin. -->","yoast_head_json":{"robots":{"index":"index","follow":"follow","max-snippet":"max-snippet:-1","max-image-preview":"max-image-preview:large","max-video-preview":"max-video-preview:-1"},"canonical":"https:\/\/kraege.de\/pol\/produkty\/truskawki\/mittelspaete-sorten\/verdi\/","og_locale":"pl_PL","og_type":"article","og_title":"Verdi - KRAEGE Beerenpflanzen POL","og_description":"Kolor \u015brednio-czerwony, \u0142adnie b\u0142yszcz\u0105cy Uwagi Ciekawa nowo\u015b\u0107, okres dojrzewania to 3 dni po Allegro. Dobrze nadaje si\u0119 do marketingu bezpo\u015bredniego i komercyjnego \u2013 odmiana chroniona, W\u0142a\u015bciciel odmiany: Fresh Forward B.V., Wageningen, Holandia Dojrzewa oko\u0142o 3 dni po Allegro. Owoce s\u0105 \u015brednio-czerwone, b\u0142yszcz\u0105ce, o jednolitym, wyd\u0142u\u017conym sto\u017ckowatym kszta\u0142cie. Owoce s\u0105 du\u017ce. Podczas zbior\u00f3w lekko trac\u0105 na [&hellip;]","og_url":"https:\/\/kraege.de\/pol\/produkty\/truskawki\/mittelspaete-sorten\/verdi\/","og_site_name":"KRAEGE Beerenpflanzen POL","article_modified_time":"2024-11-24T07:39:39+00:00","twitter_card":"summary","twitter_misc":{"Szacowany czas czytania":"1 minuta"},"schema":{"@context":"https:\/\/schema.org","@graph":[{"@type":"WebSite","@id":"https:\/\/kraege.de\/pol\/#website","url":"https:\/\/kraege.de\/pol\/","name":"KRAEGE Beerenpflanzen POL","description":"Erdbeeren und Himbeeren aus der Region | Telgte | M\u00fcnster | Warendorf","potentialAction":[{"@type":"SearchAction","target":{"@type":"EntryPoint","urlTemplate":"https:\/\/kraege.de\/pol\/?s={search_term_string}"},"query-input":"required name=search_term_string"}],"inLanguage":"pl-PL"},{"@type":"WebPage","@id":"https:\/\/kraege.de\/pol\/produkty\/truskawki\/mittelspaete-sorten\/verdi\/#webpage","url":"https:\/\/kraege.de\/pol\/produkty\/truskawki\/mittelspaete-sorten\/verdi\/","name":"Verdi - KRAEGE Beerenpflanzen POL","isPartOf":{"@id":"https:\/\/kraege.de\/pol\/#website"},"datePublished":"2020-11-16T13:09:16+00:00","dateModified":"2024-11-24T07:39:39+00:00","breadcrumb":{"@id":"https:\/\/kraege.de\/pol\/produkty\/truskawki\/mittelspaete-sorten\/verdi\/#breadcrumb"},"inLanguage":"pl-PL","potentialAction":[{"@type":"ReadAction","target":["https:\/\/kraege.de\/pol\/produkty\/truskawki\/mittelspaete-sorten\/verdi\/"]}]},{"@type":"BreadcrumbList","@id":"https:\/\/kraege.de\/pol\/produkty\/truskawki\/mittelspaete-sorten\/verdi\/#breadcrumb","itemListElement":[{"@type":"ListItem","position":1,"name":"Home","item":"https:\/\/kraege.de\/pol\/"},{"@type":"ListItem","position":2,"name":"Produkty","item":"https:\/\/kraege.de\/pol\/produkty\/"},{"@type":"ListItem","position":3,"name":"Truskawki","item":"https:\/\/kraege.de\/pol\/produkty\/truskawki\/"},{"@type":"ListItem","position":4,"name":"\u015arednio wczesny","item":"https:\/\/kraege.de\/pol\/produkty\/truskawki\/mittelspaete-sorten\/"},{"@type":"ListItem","position":5,"name":"Verdi"}]}]}},"_links":{"self":[{"href":"https:\/\/kraege.de\/pol\/wp-json\/wp\/v2\/pages\/2137"}],"collection":[{"href":"https:\/\/kraege.de\/pol\/wp-json\/wp\/v2\/pages"}],"about":[{"href":"https:\/\/kraege.de\/pol\/wp-json\/wp\/v2\/types\/page"}],"author":[{"embeddable":true,"href":"https:\/\/kraege.de\/pol\/wp-json\/wp\/v2\/users\/1"}],"replies":[{"embeddable":true,"href":"https:\/\/kraege.de\/pol\/wp-json\/wp\/v2\/comments?post=2137"}],"version-history":[{"count":2,"href":"https:\/\/kraege.de\/pol\/wp-json\/wp\/v2\/pages\/2137\/revisions"}],"predecessor-version":[{"id":2160,"href":"https:\/\/kraege.de\/pol\/wp-json\/wp\/v2\/pages\/2137\/revisions\/2160"}],"up":[{"embeddable":true,"href":"https:\/\/kraege.de\/pol\/wp-json\/wp\/v2\/pages\/57"}],"wp:attachment":[{"href":"https:\/\/kraege.de\/pol\/wp-json\/wp\/v2\/media?parent=2137"}],"curies":[{"name":"wp","href":"https:\/\/api.w.org\/{rel}","templated":true}]}}