{"id":210,"date":"2015-04-15T12:08:56","date_gmt":"2015-04-15T10:08:56","guid":{"rendered":"http:\/\/kraege.de\/kraege-21\/?page_id=210"},"modified":"2020-01-13T16:40:10","modified_gmt":"2020-01-13T15:40:10","slug":"tulameen","status":"publish","type":"page","link":"https:\/\/kraege.de\/pol\/produkty\/maliny\/sommertragende-sorten\/tulameen\/","title":{"rendered":"Tulameen"},"content":{"rendered":"<div class=\"tabelle-fruechte\">\n<table>\n<tbody>\n<tr>\n<td>Color<\/td>\n<td>\u015brednio-czerwona, l\u015bni\u0105cy<\/td>\n<\/tr>\n<tr>\n<td>Uwagi<\/td>\n<td>bardzo atrakcyjne, aromatyczne owoce, przemienno\u015b\u0107 owocowania, podatna na zgnilizn\u0119 korzeni Phytop thora a tak\u017ce szar\u0105 ple\u015bn na \u0142odygach i owocach<\/td>\n<\/tr>\n<\/tbody>\n<\/table>\n<\/div>\n<div class=\"reifezeit\"><\/div>\n<div class=\"herkunft\">\u2013 Pochodzenie Kanada<\/div>\n","protected":false},"excerpt":{"rendered":"<p>Color \u015brednio-czerwona, l\u015bni\u0105cy Uwagi bardzo atrakcyjne, aromatyczne owoce, przemienno\u015b\u0107 owocowania, podatna na zgnilizn\u0119 korzeni Phytop thora a tak\u017ce szar\u0105 ple\u015bn na \u0142odygach i owocach \u2013 Pochodzenie Kanada<\/p>\n","protected":false},"author":1,"featured_media":0,"parent":199,"menu_order":3,"comment_status":"open","ping_status":"closed","template":"page_frucht.php","meta":[],"yoast_head":"<!-- This site is optimized with the Yoast SEO plugin v17.2.1 - https:\/\/yoast.com\/wordpress\/plugins\/seo\/ -->\n<meta name=\"robots\" content=\"index, follow, max-snippet:-1, max-image-preview:large, max-video-preview:-1\" \/>\n<link rel=\"canonical\" href=\"https:\/\/kraege.de\/pol\/produkty\/maliny\/sommertragende-sorten\/tulameen\/\" \/>\n<meta property=\"og:locale\" content=\"pl_PL\" \/>\n<meta property=\"og:type\" content=\"article\" \/>\n<meta property=\"og:title\" content=\"Tulameen - KRAEGE Beerenpflanzen POL\" \/>\n<meta property=\"og:description\" content=\"Color \u015brednio-czerwona, l\u015bni\u0105cy Uwagi bardzo atrakcyjne, aromatyczne owoce, przemienno\u015b\u0107 owocowania, podatna na zgnilizn\u0119 korzeni Phytop thora a tak\u017ce szar\u0105 ple\u015bn na \u0142odygach i owocach \u2013 Pochodzenie Kanada\" \/>\n<meta property=\"og:url\" content=\"https:\/\/kraege.de\/pol\/produkty\/maliny\/sommertragende-sorten\/tulameen\/\" \/>\n<meta property=\"og:site_name\" content=\"KRAEGE Beerenpflanzen POL\" \/>\n<meta property=\"article:modified_time\" content=\"2020-01-13T15:40:10+00:00\" \/>\n<meta name=\"twitter:card\" content=\"summary\" \/>\n<script type=\"application\/ld+json\" class=\"yoast-schema-graph\">{\"@context\":\"https:\/\/schema.org\",\"@graph\":[{\"@type\":\"WebSite\",\"@id\":\"https:\/\/kraege.de\/pol\/#website\",\"url\":\"https:\/\/kraege.de\/pol\/\",\"name\":\"KRAEGE Beerenpflanzen POL\",\"description\":\"Erdbeeren und Himbeeren aus der Region | Telgte | M\\u00fcnster | Warendorf\",\"potentialAction\":[{\"@type\":\"SearchAction\",\"target\":{\"@type\":\"EntryPoint\",\"urlTemplate\":\"https:\/\/kraege.de\/pol\/?s={search_term_string}\"},\"query-input\":\"required name=search_term_string\"}],\"inLanguage\":\"pl-PL\"},{\"@type\":\"WebPage\",\"@id\":\"https:\/\/kraege.de\/pol\/produkty\/maliny\/sommertragende-sorten\/tulameen\/#webpage\",\"url\":\"https:\/\/kraege.de\/pol\/produkty\/maliny\/sommertragende-sorten\/tulameen\/\",\"name\":\"Tulameen - KRAEGE Beerenpflanzen POL\",\"isPartOf\":{\"@id\":\"https:\/\/kraege.de\/pol\/#website\"},\"datePublished\":\"2015-04-15T10:08:56+00:00\",\"dateModified\":\"2020-01-13T15:40:10+00:00\",\"breadcrumb\":{\"@id\":\"https:\/\/kraege.de\/pol\/produkty\/maliny\/sommertragende-sorten\/tulameen\/#breadcrumb\"},\"inLanguage\":\"pl-PL\",\"potentialAction\":[{\"@type\":\"ReadAction\",\"target\":[\"https:\/\/kraege.de\/pol\/produkty\/maliny\/sommertragende-sorten\/tulameen\/\"]}]},{\"@type\":\"BreadcrumbList\",\"@id\":\"https:\/\/kraege.de\/pol\/produkty\/maliny\/sommertragende-sorten\/tulameen\/#breadcrumb\",\"itemListElement\":[{\"@type\":\"ListItem\",\"position\":1,\"name\":\"Home\",\"item\":\"https:\/\/kraege.de\/pol\/\"},{\"@type\":\"ListItem\",\"position\":2,\"name\":\"Produkty\",\"item\":\"https:\/\/kraege.de\/pol\/produkty\/\"},{\"@type\":\"ListItem\",\"position\":3,\"name\":\"Maliny\",\"item\":\"https:\/\/kraege.de\/pol\/produkty\/maliny\/\"},{\"@type\":\"ListItem\",\"position\":4,\"name\":\"Sadzonki malin\",\"item\":\"https:\/\/kraege.de\/pol\/produkty\/maliny\/sommertragende-sorten\/\"},{\"@type\":\"ListItem\",\"position\":5,\"name\":\"Tulameen\"}]}]}<\/script>\n<!-- \/ Yoast SEO plugin. -->","yoast_head_json":{"robots":{"index":"index","follow":"follow","max-snippet":"max-snippet:-1","max-image-preview":"max-image-preview:large","max-video-preview":"max-video-preview:-1"},"canonical":"https:\/\/kraege.de\/pol\/produkty\/maliny\/sommertragende-sorten\/tulameen\/","og_locale":"pl_PL","og_type":"article","og_title":"Tulameen - KRAEGE Beerenpflanzen POL","og_description":"Color \u015brednio-czerwona, l\u015bni\u0105cy Uwagi bardzo atrakcyjne, aromatyczne owoce, przemienno\u015b\u0107 owocowania, podatna na zgnilizn\u0119 korzeni Phytop thora a tak\u017ce szar\u0105 ple\u015bn na \u0142odygach i owocach \u2013 Pochodzenie Kanada","og_url":"https:\/\/kraege.de\/pol\/produkty\/maliny\/sommertragende-sorten\/tulameen\/","og_site_name":"KRAEGE Beerenpflanzen POL","article_modified_time":"2020-01-13T15:40:10+00:00","twitter_card":"summary","schema":{"@context":"https:\/\/schema.org","@graph":[{"@type":"WebSite","@id":"https:\/\/kraege.de\/pol\/#website","url":"https:\/\/kraege.de\/pol\/","name":"KRAEGE Beerenpflanzen POL","description":"Erdbeeren und Himbeeren aus der Region | Telgte | M\u00fcnster | Warendorf","potentialAction":[{"@type":"SearchAction","target":{"@type":"EntryPoint","urlTemplate":"https:\/\/kraege.de\/pol\/?s={search_term_string}"},"query-input":"required name=search_term_string"}],"inLanguage":"pl-PL"},{"@type":"WebPage","@id":"https:\/\/kraege.de\/pol\/produkty\/maliny\/sommertragende-sorten\/tulameen\/#webpage","url":"https:\/\/kraege.de\/pol\/produkty\/maliny\/sommertragende-sorten\/tulameen\/","name":"Tulameen - KRAEGE Beerenpflanzen POL","isPartOf":{"@id":"https:\/\/kraege.de\/pol\/#website"},"datePublished":"2015-04-15T10:08:56+00:00","dateModified":"2020-01-13T15:40:10+00:00","breadcrumb":{"@id":"https:\/\/kraege.de\/pol\/produkty\/maliny\/sommertragende-sorten\/tulameen\/#breadcrumb"},"inLanguage":"pl-PL","potentialAction":[{"@type":"ReadAction","target":["https:\/\/kraege.de\/pol\/produkty\/maliny\/sommertragende-sorten\/tulameen\/"]}]},{"@type":"BreadcrumbList","@id":"https:\/\/kraege.de\/pol\/produkty\/maliny\/sommertragende-sorten\/tulameen\/#breadcrumb","itemListElement":[{"@type":"ListItem","position":1,"name":"Home","item":"https:\/\/kraege.de\/pol\/"},{"@type":"ListItem","position":2,"name":"Produkty","item":"https:\/\/kraege.de\/pol\/produkty\/"},{"@type":"ListItem","position":3,"name":"Maliny","item":"https:\/\/kraege.de\/pol\/produkty\/maliny\/"},{"@type":"ListItem","position":4,"name":"Sadzonki malin","item":"https:\/\/kraege.de\/pol\/produkty\/maliny\/sommertragende-sorten\/"},{"@type":"ListItem","position":5,"name":"Tulameen"}]}]}},"_links":{"self":[{"href":"https:\/\/kraege.de\/pol\/wp-json\/wp\/v2\/pages\/210"}],"collection":[{"href":"https:\/\/kraege.de\/pol\/wp-json\/wp\/v2\/pages"}],"about":[{"href":"https:\/\/kraege.de\/pol\/wp-json\/wp\/v2\/types\/page"}],"author":[{"embeddable":true,"href":"https:\/\/kraege.de\/pol\/wp-json\/wp\/v2\/users\/1"}],"replies":[{"embeddable":true,"href":"https:\/\/kraege.de\/pol\/wp-json\/wp\/v2\/comments?post=210"}],"version-history":[{"count":8,"href":"https:\/\/kraege.de\/pol\/wp-json\/wp\/v2\/pages\/210\/revisions"}],"predecessor-version":[{"id":1986,"href":"https:\/\/kraege.de\/pol\/wp-json\/wp\/v2\/pages\/210\/revisions\/1986"}],"up":[{"embeddable":true,"href":"https:\/\/kraege.de\/pol\/wp-json\/wp\/v2\/pages\/199"}],"wp:attachment":[{"href":"https:\/\/kraege.de\/pol\/wp-json\/wp\/v2\/media?parent=210"}],"curies":[{"name":"wp","href":"https:\/\/api.w.org\/{rel}","templated":true}]}}