{"id":208,"date":"2015-04-15T12:08:36","date_gmt":"2015-04-15T10:08:36","guid":{"rendered":"http:\/\/kraege.de\/kraege-21\/?page_id=208"},"modified":"2022-11-22T16:04:50","modified_gmt":"2022-11-22T15:04:50","slug":"glen-ample","status":"publish","type":"page","link":"https:\/\/kraege.de\/pol\/produkty\/maliny\/sommertragende-sorten\/glen-ample\/","title":{"rendered":"Glen Ample"},"content":{"rendered":"<div class=\"tabelle-fruechte\">\n<table>\n<tbody>\n<tr>\n<td>Kolor<\/td>\n<td>\u015brednio-czerwona, l\u015bni\u0105cy<\/td>\n<\/tr>\n<tr>\n<td>Uwagi<\/td>\n<td>zdrowa, wczesna odmiana, okr\u0105g\u0142e owoce o du\u017cych rozmiarach pojedynczych owoc\u00f3w<\/td>\n<\/tr>\n<\/tbody>\n<\/table>\n<\/div>\n<div class=\"reifezeit\"><\/div>\n<div class=\"herkunft\">\u2013 odmiana chroniona, W\u0142a\u015bciciel: Scottish Crop Research Institute, Dundee, Szkocja<\/div>\n","protected":false},"excerpt":{"rendered":"<p>Kolor \u015brednio-czerwona, l\u015bni\u0105cy Uwagi zdrowa, wczesna odmiana, okr\u0105g\u0142e owoce o du\u017cych rozmiarach pojedynczych owoc\u00f3w \u2013 odmiana chroniona, W\u0142a\u015bciciel: Scottish Crop Research Institute, Dundee, Szkocja<\/p>\n","protected":false},"author":1,"featured_media":0,"parent":199,"menu_order":1,"comment_status":"open","ping_status":"closed","template":"page_frucht.php","meta":[],"yoast_head":"<!-- This site is optimized with the Yoast SEO plugin v17.2.1 - https:\/\/yoast.com\/wordpress\/plugins\/seo\/ -->\n<meta name=\"robots\" content=\"index, follow, max-snippet:-1, max-image-preview:large, max-video-preview:-1\" \/>\n<link rel=\"canonical\" href=\"https:\/\/kraege.de\/pol\/produkty\/maliny\/sommertragende-sorten\/glen-ample\/\" \/>\n<meta property=\"og:locale\" content=\"pl_PL\" \/>\n<meta property=\"og:type\" content=\"article\" \/>\n<meta property=\"og:title\" content=\"Glen Ample - KRAEGE Beerenpflanzen POL\" \/>\n<meta property=\"og:description\" content=\"Kolor \u015brednio-czerwona, l\u015bni\u0105cy Uwagi zdrowa, wczesna odmiana, okr\u0105g\u0142e owoce o du\u017cych rozmiarach pojedynczych owoc\u00f3w \u2013 odmiana chroniona, W\u0142a\u015bciciel: Scottish Crop Research Institute, Dundee, Szkocja\" \/>\n<meta property=\"og:url\" content=\"https:\/\/kraege.de\/pol\/produkty\/maliny\/sommertragende-sorten\/glen-ample\/\" \/>\n<meta property=\"og:site_name\" content=\"KRAEGE Beerenpflanzen POL\" \/>\n<meta property=\"article:modified_time\" content=\"2022-11-22T15:04:50+00:00\" \/>\n<meta name=\"twitter:card\" content=\"summary\" \/>\n<meta name=\"twitter:label1\" content=\"Szacowany czas czytania\" \/>\n\t<meta name=\"twitter:data1\" content=\"1 minuta\" \/>\n<script type=\"application\/ld+json\" class=\"yoast-schema-graph\">{\"@context\":\"https:\/\/schema.org\",\"@graph\":[{\"@type\":\"WebSite\",\"@id\":\"https:\/\/kraege.de\/pol\/#website\",\"url\":\"https:\/\/kraege.de\/pol\/\",\"name\":\"KRAEGE Beerenpflanzen POL\",\"description\":\"Erdbeeren und Himbeeren aus der Region | Telgte | M\\u00fcnster | Warendorf\",\"potentialAction\":[{\"@type\":\"SearchAction\",\"target\":{\"@type\":\"EntryPoint\",\"urlTemplate\":\"https:\/\/kraege.de\/pol\/?s={search_term_string}\"},\"query-input\":\"required name=search_term_string\"}],\"inLanguage\":\"pl-PL\"},{\"@type\":\"WebPage\",\"@id\":\"https:\/\/kraege.de\/pol\/produkty\/maliny\/sommertragende-sorten\/glen-ample\/#webpage\",\"url\":\"https:\/\/kraege.de\/pol\/produkty\/maliny\/sommertragende-sorten\/glen-ample\/\",\"name\":\"Glen Ample - KRAEGE Beerenpflanzen POL\",\"isPartOf\":{\"@id\":\"https:\/\/kraege.de\/pol\/#website\"},\"datePublished\":\"2015-04-15T10:08:36+00:00\",\"dateModified\":\"2022-11-22T15:04:50+00:00\",\"breadcrumb\":{\"@id\":\"https:\/\/kraege.de\/pol\/produkty\/maliny\/sommertragende-sorten\/glen-ample\/#breadcrumb\"},\"inLanguage\":\"pl-PL\",\"potentialAction\":[{\"@type\":\"ReadAction\",\"target\":[\"https:\/\/kraege.de\/pol\/produkty\/maliny\/sommertragende-sorten\/glen-ample\/\"]}]},{\"@type\":\"BreadcrumbList\",\"@id\":\"https:\/\/kraege.de\/pol\/produkty\/maliny\/sommertragende-sorten\/glen-ample\/#breadcrumb\",\"itemListElement\":[{\"@type\":\"ListItem\",\"position\":1,\"name\":\"Home\",\"item\":\"https:\/\/kraege.de\/pol\/\"},{\"@type\":\"ListItem\",\"position\":2,\"name\":\"Produkty\",\"item\":\"https:\/\/kraege.de\/pol\/produkty\/\"},{\"@type\":\"ListItem\",\"position\":3,\"name\":\"Maliny\",\"item\":\"https:\/\/kraege.de\/pol\/produkty\/maliny\/\"},{\"@type\":\"ListItem\",\"position\":4,\"name\":\"Sadzonki malin\",\"item\":\"https:\/\/kraege.de\/pol\/produkty\/maliny\/sommertragende-sorten\/\"},{\"@type\":\"ListItem\",\"position\":5,\"name\":\"Glen Ample\"}]}]}<\/script>\n<!-- \/ Yoast SEO plugin. -->","yoast_head_json":{"robots":{"index":"index","follow":"follow","max-snippet":"max-snippet:-1","max-image-preview":"max-image-preview:large","max-video-preview":"max-video-preview:-1"},"canonical":"https:\/\/kraege.de\/pol\/produkty\/maliny\/sommertragende-sorten\/glen-ample\/","og_locale":"pl_PL","og_type":"article","og_title":"Glen Ample - KRAEGE Beerenpflanzen POL","og_description":"Kolor \u015brednio-czerwona, l\u015bni\u0105cy Uwagi zdrowa, wczesna odmiana, okr\u0105g\u0142e owoce o du\u017cych rozmiarach pojedynczych owoc\u00f3w \u2013 odmiana chroniona, W\u0142a\u015bciciel: Scottish Crop Research Institute, Dundee, Szkocja","og_url":"https:\/\/kraege.de\/pol\/produkty\/maliny\/sommertragende-sorten\/glen-ample\/","og_site_name":"KRAEGE Beerenpflanzen POL","article_modified_time":"2022-11-22T15:04:50+00:00","twitter_card":"summary","twitter_misc":{"Szacowany czas czytania":"1 minuta"},"schema":{"@context":"https:\/\/schema.org","@graph":[{"@type":"WebSite","@id":"https:\/\/kraege.de\/pol\/#website","url":"https:\/\/kraege.de\/pol\/","name":"KRAEGE Beerenpflanzen POL","description":"Erdbeeren und Himbeeren aus der Region | Telgte | M\u00fcnster | Warendorf","potentialAction":[{"@type":"SearchAction","target":{"@type":"EntryPoint","urlTemplate":"https:\/\/kraege.de\/pol\/?s={search_term_string}"},"query-input":"required name=search_term_string"}],"inLanguage":"pl-PL"},{"@type":"WebPage","@id":"https:\/\/kraege.de\/pol\/produkty\/maliny\/sommertragende-sorten\/glen-ample\/#webpage","url":"https:\/\/kraege.de\/pol\/produkty\/maliny\/sommertragende-sorten\/glen-ample\/","name":"Glen Ample - KRAEGE Beerenpflanzen POL","isPartOf":{"@id":"https:\/\/kraege.de\/pol\/#website"},"datePublished":"2015-04-15T10:08:36+00:00","dateModified":"2022-11-22T15:04:50+00:00","breadcrumb":{"@id":"https:\/\/kraege.de\/pol\/produkty\/maliny\/sommertragende-sorten\/glen-ample\/#breadcrumb"},"inLanguage":"pl-PL","potentialAction":[{"@type":"ReadAction","target":["https:\/\/kraege.de\/pol\/produkty\/maliny\/sommertragende-sorten\/glen-ample\/"]}]},{"@type":"BreadcrumbList","@id":"https:\/\/kraege.de\/pol\/produkty\/maliny\/sommertragende-sorten\/glen-ample\/#breadcrumb","itemListElement":[{"@type":"ListItem","position":1,"name":"Home","item":"https:\/\/kraege.de\/pol\/"},{"@type":"ListItem","position":2,"name":"Produkty","item":"https:\/\/kraege.de\/pol\/produkty\/"},{"@type":"ListItem","position":3,"name":"Maliny","item":"https:\/\/kraege.de\/pol\/produkty\/maliny\/"},{"@type":"ListItem","position":4,"name":"Sadzonki malin","item":"https:\/\/kraege.de\/pol\/produkty\/maliny\/sommertragende-sorten\/"},{"@type":"ListItem","position":5,"name":"Glen Ample"}]}]}},"_links":{"self":[{"href":"https:\/\/kraege.de\/pol\/wp-json\/wp\/v2\/pages\/208"}],"collection":[{"href":"https:\/\/kraege.de\/pol\/wp-json\/wp\/v2\/pages"}],"about":[{"href":"https:\/\/kraege.de\/pol\/wp-json\/wp\/v2\/types\/page"}],"author":[{"embeddable":true,"href":"https:\/\/kraege.de\/pol\/wp-json\/wp\/v2\/users\/1"}],"replies":[{"embeddable":true,"href":"https:\/\/kraege.de\/pol\/wp-json\/wp\/v2\/comments?post=208"}],"version-history":[{"count":7,"href":"https:\/\/kraege.de\/pol\/wp-json\/wp\/v2\/pages\/208\/revisions"}],"predecessor-version":[{"id":1984,"href":"https:\/\/kraege.de\/pol\/wp-json\/wp\/v2\/pages\/208\/revisions\/1984"}],"up":[{"embeddable":true,"href":"https:\/\/kraege.de\/pol\/wp-json\/wp\/v2\/pages\/199"}],"wp:attachment":[{"href":"https:\/\/kraege.de\/pol\/wp-json\/wp\/v2\/media?parent=208"}],"curies":[{"name":"wp","href":"https:\/\/api.w.org\/{rel}","templated":true}]}}