{"id":201,"date":"2015-04-15T12:07:08","date_gmt":"2015-04-15T10:07:08","guid":{"rendered":"http:\/\/kraege.de\/kraege-21\/?page_id=201"},"modified":"2016-01-07T17:24:42","modified_gmt":"2016-01-07T16:24:42","slug":"herbsttragende-sorten","status":"publish","type":"page","link":"https:\/\/kraege.de\/pol\/produkty\/maliny\/herbsttragende-sorten\/","title":{"rendered":"Primocanes"},"content":{"rendered":"<p><strong>Formowanie i ci\u0119cie<br \/>\n<\/strong>Opr\u00f3cz wyboru odmiany, formowanie i ciecie maj\u0105 zasadniczy wp\u0142yw na plon i zdrowie uprawy.<\/p>\n<p><strong>Primocanes \u2013 Jesienne \u2013 z jednym zbiorem w roku<\/strong><br \/>\nW roku sadzenia, rosn\u0105 p\u0119dy. W zale\u017cno\u015bci od daty sadzenia i rozwoju mo\u017cna spodziewa\u0107 si\u0119 ma\u0142ej wydajno\u015bci. Jesieni\u0105\/zim\u0105 tnie si\u0119 p\u0119dy bardzo blisko pod\u0142o\u017ca. Wio-sn\u0105 z korzeni wyrastaj\u0105 nowe p\u0119dy, a z nich jesieni\u0105 b\u0119d\u0105 zbiory.<\/p>\n<p><a href=\"https:\/\/kraege.de\/pol\/wp-content\/uploads\/sites\/7\/2015\/04\/MK_PL_Ansichten_2.jpg\"><img loading=\"lazy\" class=\"alignnone wp-image-1446 size-large\" src=\"https:\/\/kraege.de\/pol\/wp-content\/uploads\/sites\/7\/2015\/04\/MK_PL_Ansichten_2-1024x467.jpg\" alt=\"\" width=\"1024\" height=\"467\" srcset=\"https:\/\/kraege.de\/pol\/wp-content\/uploads\/sites\/7\/2015\/04\/MK_PL_Ansichten_2-1024x467.jpg 1024w, https:\/\/kraege.de\/pol\/wp-content\/uploads\/sites\/7\/2015\/04\/MK_PL_Ansichten_2-320x146.jpg 320w, https:\/\/kraege.de\/pol\/wp-content\/uploads\/sites\/7\/2015\/04\/MK_PL_Ansichten_2-768x350.jpg 768w, https:\/\/kraege.de\/pol\/wp-content\/uploads\/sites\/7\/2015\/04\/MK_PL_Ansichten_2.jpg 1757w\" sizes=\"(max-width: 1024px) 100vw, 1024px\" \/><\/a><\/p>\n<p><strong>Primocanes \u2013 z dwoma zbiorami w drugim roku produkcji<\/strong><br \/>\nW roku sadzenia, rosn\u0105 p\u0119dy. W zale\u017cno\u015bci od daty sadzenia i rozwoju mo\u017cna spodziewa\u0107 si\u0119 ma\u0142ej wydajno\u015bci. Po zbiorze przycinamy poni\u017cej ostatniego kwiatostanu. P\u0119d poni\u017cej ostatniego kwiatostanu pozostaje w miejscu zimowania, zbiory w nast\u0119pnym roku. Zbi\u00f3r odbywa si\u0119 zwykle 2 \u2013 3 tygodnie przed zbiorem letnich odmian. R\u00f3wnolegle do tego zbioru rosn\u0105 m\u0142ode p\u0119dy i dadz\u0105 one zbiory jesieni\u0105 tego roku. Zazwyczaj po trzecim plonie nast\u0119puje czas nowych nasadze\u0144.<br \/>\nTen rodzaj uprawy malin jest bardzo intensywny i zazwyczaj odbywa si\u0119 w specjalnych firmach. Zalecana uprawa w tunelach foliowych i pod pokrowcami przeciwdeszczowymi. Takie metody produkcji cz\u0119sto id\u0105 w parze z upraw\u0105 na pod\u0142o\u017cu z substratu. Pierwsze do\u015bwiadczenia wykaza\u0142y wysokie plony,a rozszerzenie okresu zbioru mo\u017cna osi\u0105gn\u0105\u0107 \u0142\u0105cz\u0105c nowe jesienne odmiany z tymi metodami produkcji.<\/p>\n<p><a href=\"https:\/\/kraege.de\/pol\/wp-content\/uploads\/sites\/7\/2015\/04\/MK_PL_Ansichten_3.jpg\"><img loading=\"lazy\" class=\"alignnone wp-image-1447 size-large\" src=\"https:\/\/kraege.de\/pol\/wp-content\/uploads\/sites\/7\/2015\/04\/MK_PL_Ansichten_3-1024x467.jpg\" alt=\"\" width=\"1024\" height=\"467\" srcset=\"https:\/\/kraege.de\/pol\/wp-content\/uploads\/sites\/7\/2015\/04\/MK_PL_Ansichten_3-1024x467.jpg 1024w, https:\/\/kraege.de\/pol\/wp-content\/uploads\/sites\/7\/2015\/04\/MK_PL_Ansichten_3-320x146.jpg 320w, https:\/\/kraege.de\/pol\/wp-content\/uploads\/sites\/7\/2015\/04\/MK_PL_Ansichten_3-768x350.jpg 768w, https:\/\/kraege.de\/pol\/wp-content\/uploads\/sites\/7\/2015\/04\/MK_PL_Ansichten_3.jpg 1757w\" sizes=\"(max-width: 1024px) 100vw, 1024px\" \/><\/a><\/p>\n","protected":false},"excerpt":{"rendered":"<p>Formowanie i ci\u0119cie Opr\u00f3cz wyboru odmiany, formowanie i ciecie maj\u0105 zasadniczy wp\u0142yw na plon i zdrowie uprawy. Primocanes \u2013 Jesienne \u2013 z jednym zbiorem w roku W roku sadzenia, rosn\u0105 p\u0119dy. W zale\u017cno\u015bci od daty sadzenia i rozwoju mo\u017cna spodziewa\u0107 si\u0119 ma\u0142ej wydajno\u015bci. Jesieni\u0105\/zim\u0105 tnie si\u0119 p\u0119dy bardzo blisko pod\u0142o\u017ca. Wio-sn\u0105 z korzeni wyrastaj\u0105 nowe [&hellip;]<\/p>\n","protected":false},"author":1,"featured_media":0,"parent":548,"menu_order":2,"comment_status":"open","ping_status":"closed","template":"page_frucht.php","meta":[],"yoast_head":"<!-- This site is optimized with the Yoast SEO plugin v17.2.1 - https:\/\/yoast.com\/wordpress\/plugins\/seo\/ -->\n<meta name=\"robots\" content=\"index, follow, max-snippet:-1, max-image-preview:large, max-video-preview:-1\" \/>\n<link rel=\"canonical\" href=\"https:\/\/kraege.de\/pol\/produkty\/maliny\/herbsttragende-sorten\/\" \/>\n<meta property=\"og:locale\" content=\"pl_PL\" \/>\n<meta property=\"og:type\" content=\"article\" \/>\n<meta property=\"og:title\" content=\"Primocanes - KRAEGE Beerenpflanzen POL\" \/>\n<meta property=\"og:description\" content=\"Formowanie i ci\u0119cie Opr\u00f3cz wyboru odmiany, formowanie i ciecie maj\u0105 zasadniczy wp\u0142yw na plon i zdrowie uprawy. Primocanes \u2013 Jesienne \u2013 z jednym zbiorem w roku W roku sadzenia, rosn\u0105 p\u0119dy. W zale\u017cno\u015bci od daty sadzenia i rozwoju mo\u017cna spodziewa\u0107 si\u0119 ma\u0142ej wydajno\u015bci. Jesieni\u0105\/zim\u0105 tnie si\u0119 p\u0119dy bardzo blisko pod\u0142o\u017ca. Wio-sn\u0105 z korzeni wyrastaj\u0105 nowe [&hellip;]\" \/>\n<meta property=\"og:url\" content=\"https:\/\/kraege.de\/pol\/produkty\/maliny\/herbsttragende-sorten\/\" \/>\n<meta property=\"og:site_name\" content=\"KRAEGE Beerenpflanzen POL\" \/>\n<meta property=\"article:modified_time\" content=\"2016-01-07T16:24:42+00:00\" \/>\n<meta property=\"og:image\" content=\"https:\/\/kraege.de\/pol\/wp-content\/uploads\/sites\/7\/2015\/04\/MK_PL_Ansichten_2-1024x467.jpg\" \/>\n<meta name=\"twitter:card\" content=\"summary\" \/>\n<meta name=\"twitter:label1\" content=\"Szacowany czas czytania\" \/>\n\t<meta name=\"twitter:data1\" content=\"1 minuta\" \/>\n<script type=\"application\/ld+json\" class=\"yoast-schema-graph\">{\"@context\":\"https:\/\/schema.org\",\"@graph\":[{\"@type\":\"WebSite\",\"@id\":\"https:\/\/kraege.de\/pol\/#website\",\"url\":\"https:\/\/kraege.de\/pol\/\",\"name\":\"KRAEGE Beerenpflanzen POL\",\"description\":\"Erdbeeren und Himbeeren aus der Region | Telgte | M\\u00fcnster | Warendorf\",\"potentialAction\":[{\"@type\":\"SearchAction\",\"target\":{\"@type\":\"EntryPoint\",\"urlTemplate\":\"https:\/\/kraege.de\/pol\/?s={search_term_string}\"},\"query-input\":\"required name=search_term_string\"}],\"inLanguage\":\"pl-PL\"},{\"@type\":\"ImageObject\",\"@id\":\"https:\/\/kraege.de\/pol\/produkty\/maliny\/herbsttragende-sorten\/#primaryimage\",\"inLanguage\":\"pl-PL\",\"url\":\"https:\/\/kraege.de\/pol\/wp-content\/uploads\/sites\/7\/2015\/04\/MK_PL_Ansichten_2.jpg\",\"contentUrl\":\"https:\/\/kraege.de\/pol\/wp-content\/uploads\/sites\/7\/2015\/04\/MK_PL_Ansichten_2.jpg\",\"width\":1757,\"height\":801},{\"@type\":\"WebPage\",\"@id\":\"https:\/\/kraege.de\/pol\/produkty\/maliny\/herbsttragende-sorten\/#webpage\",\"url\":\"https:\/\/kraege.de\/pol\/produkty\/maliny\/herbsttragende-sorten\/\",\"name\":\"Primocanes - KRAEGE Beerenpflanzen POL\",\"isPartOf\":{\"@id\":\"https:\/\/kraege.de\/pol\/#website\"},\"primaryImageOfPage\":{\"@id\":\"https:\/\/kraege.de\/pol\/produkty\/maliny\/herbsttragende-sorten\/#primaryimage\"},\"datePublished\":\"2015-04-15T10:07:08+00:00\",\"dateModified\":\"2016-01-07T16:24:42+00:00\",\"breadcrumb\":{\"@id\":\"https:\/\/kraege.de\/pol\/produkty\/maliny\/herbsttragende-sorten\/#breadcrumb\"},\"inLanguage\":\"pl-PL\",\"potentialAction\":[{\"@type\":\"ReadAction\",\"target\":[\"https:\/\/kraege.de\/pol\/produkty\/maliny\/herbsttragende-sorten\/\"]}]},{\"@type\":\"BreadcrumbList\",\"@id\":\"https:\/\/kraege.de\/pol\/produkty\/maliny\/herbsttragende-sorten\/#breadcrumb\",\"itemListElement\":[{\"@type\":\"ListItem\",\"position\":1,\"name\":\"Home\",\"item\":\"https:\/\/kraege.de\/pol\/\"},{\"@type\":\"ListItem\",\"position\":2,\"name\":\"Produkty\",\"item\":\"https:\/\/kraege.de\/pol\/produkty\/\"},{\"@type\":\"ListItem\",\"position\":3,\"name\":\"Maliny\",\"item\":\"https:\/\/kraege.de\/pol\/produkty\/maliny\/\"},{\"@type\":\"ListItem\",\"position\":4,\"name\":\"Primocanes\"}]}]}<\/script>\n<!-- \/ Yoast SEO plugin. -->","yoast_head_json":{"robots":{"index":"index","follow":"follow","max-snippet":"max-snippet:-1","max-image-preview":"max-image-preview:large","max-video-preview":"max-video-preview:-1"},"canonical":"https:\/\/kraege.de\/pol\/produkty\/maliny\/herbsttragende-sorten\/","og_locale":"pl_PL","og_type":"article","og_title":"Primocanes - KRAEGE Beerenpflanzen POL","og_description":"Formowanie i ci\u0119cie Opr\u00f3cz wyboru odmiany, formowanie i ciecie maj\u0105 zasadniczy wp\u0142yw na plon i zdrowie uprawy. Primocanes \u2013 Jesienne \u2013 z jednym zbiorem w roku W roku sadzenia, rosn\u0105 p\u0119dy. W zale\u017cno\u015bci od daty sadzenia i rozwoju mo\u017cna spodziewa\u0107 si\u0119 ma\u0142ej wydajno\u015bci. Jesieni\u0105\/zim\u0105 tnie si\u0119 p\u0119dy bardzo blisko pod\u0142o\u017ca. Wio-sn\u0105 z korzeni wyrastaj\u0105 nowe [&hellip;]","og_url":"https:\/\/kraege.de\/pol\/produkty\/maliny\/herbsttragende-sorten\/","og_site_name":"KRAEGE Beerenpflanzen POL","article_modified_time":"2016-01-07T16:24:42+00:00","og_image":[{"url":"https:\/\/kraege.de\/pol\/wp-content\/uploads\/sites\/7\/2015\/04\/MK_PL_Ansichten_2-1024x467.jpg"}],"twitter_card":"summary","twitter_misc":{"Szacowany czas czytania":"1 minuta"},"schema":{"@context":"https:\/\/schema.org","@graph":[{"@type":"WebSite","@id":"https:\/\/kraege.de\/pol\/#website","url":"https:\/\/kraege.de\/pol\/","name":"KRAEGE Beerenpflanzen POL","description":"Erdbeeren und Himbeeren aus der Region | Telgte | M\u00fcnster | Warendorf","potentialAction":[{"@type":"SearchAction","target":{"@type":"EntryPoint","urlTemplate":"https:\/\/kraege.de\/pol\/?s={search_term_string}"},"query-input":"required name=search_term_string"}],"inLanguage":"pl-PL"},{"@type":"ImageObject","@id":"https:\/\/kraege.de\/pol\/produkty\/maliny\/herbsttragende-sorten\/#primaryimage","inLanguage":"pl-PL","url":"https:\/\/kraege.de\/pol\/wp-content\/uploads\/sites\/7\/2015\/04\/MK_PL_Ansichten_2.jpg","contentUrl":"https:\/\/kraege.de\/pol\/wp-content\/uploads\/sites\/7\/2015\/04\/MK_PL_Ansichten_2.jpg","width":1757,"height":801},{"@type":"WebPage","@id":"https:\/\/kraege.de\/pol\/produkty\/maliny\/herbsttragende-sorten\/#webpage","url":"https:\/\/kraege.de\/pol\/produkty\/maliny\/herbsttragende-sorten\/","name":"Primocanes - KRAEGE Beerenpflanzen POL","isPartOf":{"@id":"https:\/\/kraege.de\/pol\/#website"},"primaryImageOfPage":{"@id":"https:\/\/kraege.de\/pol\/produkty\/maliny\/herbsttragende-sorten\/#primaryimage"},"datePublished":"2015-04-15T10:07:08+00:00","dateModified":"2016-01-07T16:24:42+00:00","breadcrumb":{"@id":"https:\/\/kraege.de\/pol\/produkty\/maliny\/herbsttragende-sorten\/#breadcrumb"},"inLanguage":"pl-PL","potentialAction":[{"@type":"ReadAction","target":["https:\/\/kraege.de\/pol\/produkty\/maliny\/herbsttragende-sorten\/"]}]},{"@type":"BreadcrumbList","@id":"https:\/\/kraege.de\/pol\/produkty\/maliny\/herbsttragende-sorten\/#breadcrumb","itemListElement":[{"@type":"ListItem","position":1,"name":"Home","item":"https:\/\/kraege.de\/pol\/"},{"@type":"ListItem","position":2,"name":"Produkty","item":"https:\/\/kraege.de\/pol\/produkty\/"},{"@type":"ListItem","position":3,"name":"Maliny","item":"https:\/\/kraege.de\/pol\/produkty\/maliny\/"},{"@type":"ListItem","position":4,"name":"Primocanes"}]}]}},"_links":{"self":[{"href":"https:\/\/kraege.de\/pol\/wp-json\/wp\/v2\/pages\/201"}],"collection":[{"href":"https:\/\/kraege.de\/pol\/wp-json\/wp\/v2\/pages"}],"about":[{"href":"https:\/\/kraege.de\/pol\/wp-json\/wp\/v2\/types\/page"}],"author":[{"embeddable":true,"href":"https:\/\/kraege.de\/pol\/wp-json\/wp\/v2\/users\/1"}],"replies":[{"embeddable":true,"href":"https:\/\/kraege.de\/pol\/wp-json\/wp\/v2\/comments?post=201"}],"version-history":[{"count":11,"href":"https:\/\/kraege.de\/pol\/wp-json\/wp\/v2\/pages\/201\/revisions"}],"predecessor-version":[{"id":1451,"href":"https:\/\/kraege.de\/pol\/wp-json\/wp\/v2\/pages\/201\/revisions\/1451"}],"up":[{"embeddable":true,"href":"https:\/\/kraege.de\/pol\/wp-json\/wp\/v2\/pages\/548"}],"wp:attachment":[{"href":"https:\/\/kraege.de\/pol\/wp-json\/wp\/v2\/media?parent=201"}],"curies":[{"name":"wp","href":"https:\/\/api.w.org\/{rel}","templated":true}]}}