{"id":1961,"date":"2019-11-14T13:01:09","date_gmt":"2019-11-14T12:01:09","guid":{"rendered":"https:\/\/kraege.de\/pol\/?page_id=1961"},"modified":"2025-11-24T15:48:21","modified_gmt":"2025-11-24T14:48:21","slug":"rendezvous","status":"publish","type":"page","link":"https:\/\/kraege.de\/pol\/produkty\/truskawki\/fruehreifende-sorten\/rendezvous\/","title":{"rendered":"Rendezvous"},"content":{"rendered":"<div class=\"tabelle-fruechte\">\n<table>\n<tbody>\n<tr>\n<td>Kolor<\/td>\n<td>\u015brednio-czerwony, silny po\u0142ysk<\/td>\n<\/tr>\n<tr>\n<td>Uwagi<\/td>\n<td>smaczna, wczesna odmiana o wysokiej wydajno\u015bci<\/td>\n<\/tr>\n<\/tbody>\n<\/table>\n<\/div>\n<div class=\"reifezeit\"><\/div>\n<div class=\"herkunft\">\u2013 odmiana chroniona, W\u0142a\u015bciciel odmiany: Hansabred, Dresden, Niemcy<\/div>\n<div class=\"herkunft\"><\/div>\n<p>Firma Hansabred&nbsp;przedstawia wczesn\u0105 odmian\u0119 o nazwie Rendezvous. Okres dojrzewania&nbsp;owoc\u00f3w porownywalny z odmian\u0105 Clery. Odmiana Rendezvous przekonuje swoim&nbsp;jaskrawo-czerwonym kolorem o bardzo atrakcyjnych i l\u015bni\u0105cych owocach.&nbsp;Owoce s\u0105 \u0142atwe do zbioru, z du\u017cym, twardym&nbsp;mi\u0105\u017cszem. Odmiana ta ma d\u0142uga&nbsp;\u017cywotno\u015bc z wysokimi zbiorami owoc\u00f3w w pierwszej klasie.<br \/>\nPrzez jej wspania\u0142y smak polecana jest do sprzeda\u017cy na wszystkich kana\u0142ach markeitingowych.<\/p>\n<div class=\"herkunft\"><\/div>\n","protected":false},"excerpt":{"rendered":"<p>Kolor \u015brednio-czerwony, silny po\u0142ysk Uwagi smaczna, wczesna odmiana o wysokiej wydajno\u015bci \u2013 odmiana chroniona, W\u0142a\u015bciciel odmiany: Hansabred, Dresden, Niemcy Firma Hansabred&nbsp;przedstawia wczesn\u0105 odmian\u0119 o nazwie Rendezvous. Okres dojrzewania&nbsp;owoc\u00f3w porownywalny z odmian\u0105 Clery. Odmiana Rendezvous przekonuje swoim&nbsp;jaskrawo-czerwonym kolorem o bardzo atrakcyjnych i l\u015bni\u0105cych owocach.&nbsp;Owoce s\u0105 \u0142atwe do zbioru, z du\u017cym, twardym&nbsp;mi\u0105\u017cszem. Odmiana ta ma d\u0142uga&nbsp;\u017cywotno\u015bc z [&hellip;]<\/p>\n","protected":false},"author":1,"featured_media":0,"parent":53,"menu_order":9,"comment_status":"closed","ping_status":"closed","template":"page_frucht.php","meta":[],"yoast_head":"<!-- This site is optimized with the Yoast SEO plugin v17.2.1 - https:\/\/yoast.com\/wordpress\/plugins\/seo\/ -->\n<meta name=\"robots\" content=\"index, follow, max-snippet:-1, max-image-preview:large, max-video-preview:-1\" \/>\n<link rel=\"canonical\" href=\"https:\/\/kraege.de\/pol\/produkty\/truskawki\/fruehreifende-sorten\/rendezvous\/\" \/>\n<meta property=\"og:locale\" content=\"pl_PL\" \/>\n<meta property=\"og:type\" content=\"article\" \/>\n<meta property=\"og:title\" content=\"Rendezvous - KRAEGE Beerenpflanzen POL\" \/>\n<meta property=\"og:description\" content=\"Kolor \u015brednio-czerwony, silny po\u0142ysk Uwagi smaczna, wczesna odmiana o wysokiej wydajno\u015bci \u2013 odmiana chroniona, W\u0142a\u015bciciel odmiany: Hansabred, Dresden, Niemcy Firma Hansabred&nbsp;przedstawia wczesn\u0105 odmian\u0119 o nazwie Rendezvous. Okres dojrzewania&nbsp;owoc\u00f3w porownywalny z odmian\u0105 Clery. Odmiana Rendezvous przekonuje swoim&nbsp;jaskrawo-czerwonym kolorem o bardzo atrakcyjnych i l\u015bni\u0105cych owocach.&nbsp;Owoce s\u0105 \u0142atwe do zbioru, z du\u017cym, twardym&nbsp;mi\u0105\u017cszem. Odmiana ta ma d\u0142uga&nbsp;\u017cywotno\u015bc z [&hellip;]\" \/>\n<meta property=\"og:url\" content=\"https:\/\/kraege.de\/pol\/produkty\/truskawki\/fruehreifende-sorten\/rendezvous\/\" \/>\n<meta property=\"og:site_name\" content=\"KRAEGE Beerenpflanzen POL\" \/>\n<meta property=\"article:modified_time\" content=\"2025-11-24T14:48:21+00:00\" \/>\n<meta name=\"twitter:card\" content=\"summary\" \/>\n<meta name=\"twitter:label1\" content=\"Szacowany czas czytania\" \/>\n\t<meta name=\"twitter:data1\" content=\"1 minuta\" \/>\n<script type=\"application\/ld+json\" class=\"yoast-schema-graph\">{\"@context\":\"https:\/\/schema.org\",\"@graph\":[{\"@type\":\"WebSite\",\"@id\":\"https:\/\/kraege.de\/pol\/#website\",\"url\":\"https:\/\/kraege.de\/pol\/\",\"name\":\"KRAEGE Beerenpflanzen POL\",\"description\":\"Erdbeeren und Himbeeren aus der Region | Telgte | M\\u00fcnster | Warendorf\",\"potentialAction\":[{\"@type\":\"SearchAction\",\"target\":{\"@type\":\"EntryPoint\",\"urlTemplate\":\"https:\/\/kraege.de\/pol\/?s={search_term_string}\"},\"query-input\":\"required name=search_term_string\"}],\"inLanguage\":\"pl-PL\"},{\"@type\":\"WebPage\",\"@id\":\"https:\/\/kraege.de\/pol\/produkty\/truskawki\/fruehreifende-sorten\/rendezvous\/#webpage\",\"url\":\"https:\/\/kraege.de\/pol\/produkty\/truskawki\/fruehreifende-sorten\/rendezvous\/\",\"name\":\"Rendezvous - KRAEGE Beerenpflanzen POL\",\"isPartOf\":{\"@id\":\"https:\/\/kraege.de\/pol\/#website\"},\"datePublished\":\"2019-11-14T12:01:09+00:00\",\"dateModified\":\"2025-11-24T14:48:21+00:00\",\"breadcrumb\":{\"@id\":\"https:\/\/kraege.de\/pol\/produkty\/truskawki\/fruehreifende-sorten\/rendezvous\/#breadcrumb\"},\"inLanguage\":\"pl-PL\",\"potentialAction\":[{\"@type\":\"ReadAction\",\"target\":[\"https:\/\/kraege.de\/pol\/produkty\/truskawki\/fruehreifende-sorten\/rendezvous\/\"]}]},{\"@type\":\"BreadcrumbList\",\"@id\":\"https:\/\/kraege.de\/pol\/produkty\/truskawki\/fruehreifende-sorten\/rendezvous\/#breadcrumb\",\"itemListElement\":[{\"@type\":\"ListItem\",\"position\":1,\"name\":\"Home\",\"item\":\"https:\/\/kraege.de\/pol\/\"},{\"@type\":\"ListItem\",\"position\":2,\"name\":\"Produkty\",\"item\":\"https:\/\/kraege.de\/pol\/produkty\/\"},{\"@type\":\"ListItem\",\"position\":3,\"name\":\"Truskawki\",\"item\":\"https:\/\/kraege.de\/pol\/produkty\/truskawki\/\"},{\"@type\":\"ListItem\",\"position\":4,\"name\":\"Odmiany wcze\\u015bnie dojrzewaj\\u0105ce\",\"item\":\"https:\/\/kraege.de\/pol\/produkty\/truskawki\/fruehreifende-sorten\/\"},{\"@type\":\"ListItem\",\"position\":5,\"name\":\"Rendezvous\"}]}]}<\/script>\n<!-- \/ Yoast SEO plugin. -->","yoast_head_json":{"robots":{"index":"index","follow":"follow","max-snippet":"max-snippet:-1","max-image-preview":"max-image-preview:large","max-video-preview":"max-video-preview:-1"},"canonical":"https:\/\/kraege.de\/pol\/produkty\/truskawki\/fruehreifende-sorten\/rendezvous\/","og_locale":"pl_PL","og_type":"article","og_title":"Rendezvous - KRAEGE Beerenpflanzen POL","og_description":"Kolor \u015brednio-czerwony, silny po\u0142ysk Uwagi smaczna, wczesna odmiana o wysokiej wydajno\u015bci \u2013 odmiana chroniona, W\u0142a\u015bciciel odmiany: Hansabred, Dresden, Niemcy Firma Hansabred&nbsp;przedstawia wczesn\u0105 odmian\u0119 o nazwie Rendezvous. Okres dojrzewania&nbsp;owoc\u00f3w porownywalny z odmian\u0105 Clery. Odmiana Rendezvous przekonuje swoim&nbsp;jaskrawo-czerwonym kolorem o bardzo atrakcyjnych i l\u015bni\u0105cych owocach.&nbsp;Owoce s\u0105 \u0142atwe do zbioru, z du\u017cym, twardym&nbsp;mi\u0105\u017cszem. Odmiana ta ma d\u0142uga&nbsp;\u017cywotno\u015bc z [&hellip;]","og_url":"https:\/\/kraege.de\/pol\/produkty\/truskawki\/fruehreifende-sorten\/rendezvous\/","og_site_name":"KRAEGE Beerenpflanzen POL","article_modified_time":"2025-11-24T14:48:21+00:00","twitter_card":"summary","twitter_misc":{"Szacowany czas czytania":"1 minuta"},"schema":{"@context":"https:\/\/schema.org","@graph":[{"@type":"WebSite","@id":"https:\/\/kraege.de\/pol\/#website","url":"https:\/\/kraege.de\/pol\/","name":"KRAEGE Beerenpflanzen POL","description":"Erdbeeren und Himbeeren aus der Region | Telgte | M\u00fcnster | Warendorf","potentialAction":[{"@type":"SearchAction","target":{"@type":"EntryPoint","urlTemplate":"https:\/\/kraege.de\/pol\/?s={search_term_string}"},"query-input":"required name=search_term_string"}],"inLanguage":"pl-PL"},{"@type":"WebPage","@id":"https:\/\/kraege.de\/pol\/produkty\/truskawki\/fruehreifende-sorten\/rendezvous\/#webpage","url":"https:\/\/kraege.de\/pol\/produkty\/truskawki\/fruehreifende-sorten\/rendezvous\/","name":"Rendezvous - KRAEGE Beerenpflanzen POL","isPartOf":{"@id":"https:\/\/kraege.de\/pol\/#website"},"datePublished":"2019-11-14T12:01:09+00:00","dateModified":"2025-11-24T14:48:21+00:00","breadcrumb":{"@id":"https:\/\/kraege.de\/pol\/produkty\/truskawki\/fruehreifende-sorten\/rendezvous\/#breadcrumb"},"inLanguage":"pl-PL","potentialAction":[{"@type":"ReadAction","target":["https:\/\/kraege.de\/pol\/produkty\/truskawki\/fruehreifende-sorten\/rendezvous\/"]}]},{"@type":"BreadcrumbList","@id":"https:\/\/kraege.de\/pol\/produkty\/truskawki\/fruehreifende-sorten\/rendezvous\/#breadcrumb","itemListElement":[{"@type":"ListItem","position":1,"name":"Home","item":"https:\/\/kraege.de\/pol\/"},{"@type":"ListItem","position":2,"name":"Produkty","item":"https:\/\/kraege.de\/pol\/produkty\/"},{"@type":"ListItem","position":3,"name":"Truskawki","item":"https:\/\/kraege.de\/pol\/produkty\/truskawki\/"},{"@type":"ListItem","position":4,"name":"Odmiany wcze\u015bnie dojrzewaj\u0105ce","item":"https:\/\/kraege.de\/pol\/produkty\/truskawki\/fruehreifende-sorten\/"},{"@type":"ListItem","position":5,"name":"Rendezvous"}]}]}},"_links":{"self":[{"href":"https:\/\/kraege.de\/pol\/wp-json\/wp\/v2\/pages\/1961"}],"collection":[{"href":"https:\/\/kraege.de\/pol\/wp-json\/wp\/v2\/pages"}],"about":[{"href":"https:\/\/kraege.de\/pol\/wp-json\/wp\/v2\/types\/page"}],"author":[{"embeddable":true,"href":"https:\/\/kraege.de\/pol\/wp-json\/wp\/v2\/users\/1"}],"replies":[{"embeddable":true,"href":"https:\/\/kraege.de\/pol\/wp-json\/wp\/v2\/comments?post=1961"}],"version-history":[{"count":6,"href":"https:\/\/kraege.de\/pol\/wp-json\/wp\/v2\/pages\/1961\/revisions"}],"predecessor-version":[{"id":2234,"href":"https:\/\/kraege.de\/pol\/wp-json\/wp\/v2\/pages\/1961\/revisions\/2234"}],"up":[{"embeddable":true,"href":"https:\/\/kraege.de\/pol\/wp-json\/wp\/v2\/pages\/53"}],"wp:attachment":[{"href":"https:\/\/kraege.de\/pol\/wp-json\/wp\/v2\/media?parent=1961"}],"curies":[{"name":"wp","href":"https:\/\/api.w.org\/{rel}","templated":true}]}}