{"id":1927,"date":"2018-11-23T10:52:39","date_gmt":"2018-11-23T09:52:39","guid":{"rendered":"https:\/\/kraege.de\/pol\/?page_id=1927"},"modified":"2022-11-22T17:29:50","modified_gmt":"2022-11-22T16:29:50","slug":"favori","status":"publish","type":"page","link":"https:\/\/kraege.de\/pol\/produkty\/truskawki\/remontierende-sorten\/favori\/","title":{"rendered":"Favori"},"content":{"rendered":"<div class=\"tabelle-fruechte\">\n<table>\n<tbody>\n<tr>\n<td>Kolor<\/td>\n<td>\u015brednio czerwony, z po\u0142yskiem<\/td>\n<\/tr>\n<tr>\n<td>Uwagi<\/td>\n<td>Bardzo smaczna odmiana o mocnym, stabilnym owocu. Rozmiar owoc\u00f3w jest raczej poni\u017cej \u015bredniej. Wielko\u015b\u0107 owoca jest \u015brednia. Favori przekonuje bardzo \u0142adnym wygl\u0119dem. Smaczna, interesuj\u0105ca odmiana, szczeg\u00f3lnie dla marketingu bezpo\u015bredniego.<\/td>\n<\/tr>\n<\/tbody>\n<\/table>\n<\/div>\n<div class=\"reifezeit\"><\/div>\n<div class=\"herkunft\">\u2013 odmiana chroniona, W\u0142a\u015bciciel: Flevo Berry, Holandia<\/div>\n","protected":false},"excerpt":{"rendered":"<p>Kolor \u015brednio czerwony, z po\u0142yskiem Uwagi Bardzo smaczna odmiana o mocnym, stabilnym owocu. Rozmiar owoc\u00f3w jest raczej poni\u017cej \u015bredniej. Wielko\u015b\u0107 owoca jest \u015brednia. Favori przekonuje bardzo \u0142adnym wygl\u0119dem. Smaczna, interesuj\u0105ca odmiana, szczeg\u00f3lnie dla marketingu bezpo\u015bredniego. \u2013 odmiana chroniona, W\u0142a\u015bciciel: Flevo Berry, Holandia<\/p>\n","protected":false},"author":1,"featured_media":0,"parent":61,"menu_order":2,"comment_status":"closed","ping_status":"closed","template":"page_frucht.php","meta":[],"yoast_head":"<!-- This site is optimized with the Yoast SEO plugin v17.2.1 - https:\/\/yoast.com\/wordpress\/plugins\/seo\/ -->\n<meta name=\"robots\" content=\"index, follow, max-snippet:-1, max-image-preview:large, max-video-preview:-1\" \/>\n<link rel=\"canonical\" href=\"https:\/\/kraege.de\/pol\/produkty\/truskawki\/remontierende-sorten\/favori\/\" \/>\n<meta property=\"og:locale\" content=\"pl_PL\" \/>\n<meta property=\"og:type\" content=\"article\" \/>\n<meta property=\"og:title\" content=\"Favori - KRAEGE Beerenpflanzen POL\" \/>\n<meta property=\"og:description\" content=\"Kolor \u015brednio czerwony, z po\u0142yskiem Uwagi Bardzo smaczna odmiana o mocnym, stabilnym owocu. Rozmiar owoc\u00f3w jest raczej poni\u017cej \u015bredniej. Wielko\u015b\u0107 owoca jest \u015brednia. Favori przekonuje bardzo \u0142adnym wygl\u0119dem. Smaczna, interesuj\u0105ca odmiana, szczeg\u00f3lnie dla marketingu bezpo\u015bredniego. \u2013 odmiana chroniona, W\u0142a\u015bciciel: Flevo Berry, Holandia\" \/>\n<meta property=\"og:url\" content=\"https:\/\/kraege.de\/pol\/produkty\/truskawki\/remontierende-sorten\/favori\/\" \/>\n<meta property=\"og:site_name\" content=\"KRAEGE Beerenpflanzen POL\" \/>\n<meta property=\"article:modified_time\" content=\"2022-11-22T16:29:50+00:00\" \/>\n<meta name=\"twitter:card\" content=\"summary\" \/>\n<meta name=\"twitter:label1\" content=\"Szacowany czas czytania\" \/>\n\t<meta name=\"twitter:data1\" content=\"1 minuta\" \/>\n<script type=\"application\/ld+json\" class=\"yoast-schema-graph\">{\"@context\":\"https:\/\/schema.org\",\"@graph\":[{\"@type\":\"WebSite\",\"@id\":\"https:\/\/kraege.de\/pol\/#website\",\"url\":\"https:\/\/kraege.de\/pol\/\",\"name\":\"KRAEGE Beerenpflanzen POL\",\"description\":\"Erdbeeren und Himbeeren aus der Region | Telgte | M\\u00fcnster | Warendorf\",\"potentialAction\":[{\"@type\":\"SearchAction\",\"target\":{\"@type\":\"EntryPoint\",\"urlTemplate\":\"https:\/\/kraege.de\/pol\/?s={search_term_string}\"},\"query-input\":\"required name=search_term_string\"}],\"inLanguage\":\"pl-PL\"},{\"@type\":\"WebPage\",\"@id\":\"https:\/\/kraege.de\/pol\/produkty\/truskawki\/remontierende-sorten\/favori\/#webpage\",\"url\":\"https:\/\/kraege.de\/pol\/produkty\/truskawki\/remontierende-sorten\/favori\/\",\"name\":\"Favori - KRAEGE Beerenpflanzen POL\",\"isPartOf\":{\"@id\":\"https:\/\/kraege.de\/pol\/#website\"},\"datePublished\":\"2018-11-23T09:52:39+00:00\",\"dateModified\":\"2022-11-22T16:29:50+00:00\",\"breadcrumb\":{\"@id\":\"https:\/\/kraege.de\/pol\/produkty\/truskawki\/remontierende-sorten\/favori\/#breadcrumb\"},\"inLanguage\":\"pl-PL\",\"potentialAction\":[{\"@type\":\"ReadAction\",\"target\":[\"https:\/\/kraege.de\/pol\/produkty\/truskawki\/remontierende-sorten\/favori\/\"]}]},{\"@type\":\"BreadcrumbList\",\"@id\":\"https:\/\/kraege.de\/pol\/produkty\/truskawki\/remontierende-sorten\/favori\/#breadcrumb\",\"itemListElement\":[{\"@type\":\"ListItem\",\"position\":1,\"name\":\"Home\",\"item\":\"https:\/\/kraege.de\/pol\/\"},{\"@type\":\"ListItem\",\"position\":2,\"name\":\"Produkty\",\"item\":\"https:\/\/kraege.de\/pol\/produkty\/\"},{\"@type\":\"ListItem\",\"position\":3,\"name\":\"Truskawki\",\"item\":\"https:\/\/kraege.de\/pol\/produkty\/truskawki\/\"},{\"@type\":\"ListItem\",\"position\":4,\"name\":\"Odmiany stale owocuj\\u0105ce\",\"item\":\"https:\/\/kraege.de\/pol\/produkty\/truskawki\/remontierende-sorten\/\"},{\"@type\":\"ListItem\",\"position\":5,\"name\":\"Favori\"}]}]}<\/script>\n<!-- \/ Yoast SEO plugin. -->","yoast_head_json":{"robots":{"index":"index","follow":"follow","max-snippet":"max-snippet:-1","max-image-preview":"max-image-preview:large","max-video-preview":"max-video-preview:-1"},"canonical":"https:\/\/kraege.de\/pol\/produkty\/truskawki\/remontierende-sorten\/favori\/","og_locale":"pl_PL","og_type":"article","og_title":"Favori - KRAEGE Beerenpflanzen POL","og_description":"Kolor \u015brednio czerwony, z po\u0142yskiem Uwagi Bardzo smaczna odmiana o mocnym, stabilnym owocu. Rozmiar owoc\u00f3w jest raczej poni\u017cej \u015bredniej. Wielko\u015b\u0107 owoca jest \u015brednia. Favori przekonuje bardzo \u0142adnym wygl\u0119dem. Smaczna, interesuj\u0105ca odmiana, szczeg\u00f3lnie dla marketingu bezpo\u015bredniego. \u2013 odmiana chroniona, W\u0142a\u015bciciel: Flevo Berry, Holandia","og_url":"https:\/\/kraege.de\/pol\/produkty\/truskawki\/remontierende-sorten\/favori\/","og_site_name":"KRAEGE Beerenpflanzen POL","article_modified_time":"2022-11-22T16:29:50+00:00","twitter_card":"summary","twitter_misc":{"Szacowany czas czytania":"1 minuta"},"schema":{"@context":"https:\/\/schema.org","@graph":[{"@type":"WebSite","@id":"https:\/\/kraege.de\/pol\/#website","url":"https:\/\/kraege.de\/pol\/","name":"KRAEGE Beerenpflanzen POL","description":"Erdbeeren und Himbeeren aus der Region | Telgte | M\u00fcnster | Warendorf","potentialAction":[{"@type":"SearchAction","target":{"@type":"EntryPoint","urlTemplate":"https:\/\/kraege.de\/pol\/?s={search_term_string}"},"query-input":"required name=search_term_string"}],"inLanguage":"pl-PL"},{"@type":"WebPage","@id":"https:\/\/kraege.de\/pol\/produkty\/truskawki\/remontierende-sorten\/favori\/#webpage","url":"https:\/\/kraege.de\/pol\/produkty\/truskawki\/remontierende-sorten\/favori\/","name":"Favori - KRAEGE Beerenpflanzen POL","isPartOf":{"@id":"https:\/\/kraege.de\/pol\/#website"},"datePublished":"2018-11-23T09:52:39+00:00","dateModified":"2022-11-22T16:29:50+00:00","breadcrumb":{"@id":"https:\/\/kraege.de\/pol\/produkty\/truskawki\/remontierende-sorten\/favori\/#breadcrumb"},"inLanguage":"pl-PL","potentialAction":[{"@type":"ReadAction","target":["https:\/\/kraege.de\/pol\/produkty\/truskawki\/remontierende-sorten\/favori\/"]}]},{"@type":"BreadcrumbList","@id":"https:\/\/kraege.de\/pol\/produkty\/truskawki\/remontierende-sorten\/favori\/#breadcrumb","itemListElement":[{"@type":"ListItem","position":1,"name":"Home","item":"https:\/\/kraege.de\/pol\/"},{"@type":"ListItem","position":2,"name":"Produkty","item":"https:\/\/kraege.de\/pol\/produkty\/"},{"@type":"ListItem","position":3,"name":"Truskawki","item":"https:\/\/kraege.de\/pol\/produkty\/truskawki\/"},{"@type":"ListItem","position":4,"name":"Odmiany stale owocuj\u0105ce","item":"https:\/\/kraege.de\/pol\/produkty\/truskawki\/remontierende-sorten\/"},{"@type":"ListItem","position":5,"name":"Favori"}]}]}},"_links":{"self":[{"href":"https:\/\/kraege.de\/pol\/wp-json\/wp\/v2\/pages\/1927"}],"collection":[{"href":"https:\/\/kraege.de\/pol\/wp-json\/wp\/v2\/pages"}],"about":[{"href":"https:\/\/kraege.de\/pol\/wp-json\/wp\/v2\/types\/page"}],"author":[{"embeddable":true,"href":"https:\/\/kraege.de\/pol\/wp-json\/wp\/v2\/users\/1"}],"replies":[{"embeddable":true,"href":"https:\/\/kraege.de\/pol\/wp-json\/wp\/v2\/comments?post=1927"}],"version-history":[{"count":5,"href":"https:\/\/kraege.de\/pol\/wp-json\/wp\/v2\/pages\/1927\/revisions"}],"predecessor-version":[{"id":2107,"href":"https:\/\/kraege.de\/pol\/wp-json\/wp\/v2\/pages\/1927\/revisions\/2107"}],"up":[{"embeddable":true,"href":"https:\/\/kraege.de\/pol\/wp-json\/wp\/v2\/pages\/61"}],"wp:attachment":[{"href":"https:\/\/kraege.de\/pol\/wp-json\/wp\/v2\/media?parent=1927"}],"curies":[{"name":"wp","href":"https:\/\/api.w.org\/{rel}","templated":true}]}}