{"id":1916,"date":"2018-11-23T10:32:53","date_gmt":"2018-11-23T09:32:53","guid":{"rendered":"https:\/\/kraege.de\/pol\/?page_id=1916"},"modified":"2025-11-24T16:00:25","modified_gmt":"2025-11-24T15:00:25","slug":"magnus","status":"publish","type":"page","link":"https:\/\/kraege.de\/pol\/produkty\/truskawki\/spaete-sorten\/magnus\/","title":{"rendered":"Magnus"},"content":{"rendered":"<div class=\"tabelle-fruechte\">\n<table>\n<tbody>\n<tr>\n<td>Kolor<\/td>\n<td>jasny \u2013 \u015brednio czerwony, b\u0142yszcz\u0105cy<\/td>\n<\/tr>\n<tr>\n<td>Uwagi<\/td>\n<td>jasna, j\u0119drna p\u00f3\u017ana odmiana, interesuj\u0105ce dla sprzeda\u017cy hurtowej<\/td>\n<\/tr>\n<\/tbody>\n<\/table>\n<\/div>\n<div class=\"reifezeit\"><\/div>\n<div class=\"herkunft\">\u2013 odmiana chroniona, W\u0142a\u015bciciel odmiany: Flevo Berry, Holandia<\/div>\n\n\n<p>Odmiana Magnus to p\u00f3\u017ana odmiana z programu hodowlanego Flevoberry. Odmiana przekonuje w okresie dojrzewania oko\u0142o 10 dni po Florence \/ Faith atrakcyjnymi owocami i dobrym smakiem. Wydajno\u015b\u0107 jest wysoka. Owoce Magnusa s\u0105 du\u017ce i jednolite, sto\u017ckowate. Owoc ma kolor od jasnego do \u015bredniego czerwonego z atrakcyjnym po\u0142yskiem. Magnus prezentuje si\u0119 z pi\u0119knym wizerunkiem miski i wysok\u0105 proporcj\u0105 owoc\u00f3w klasy 1. Kwitnie kr\u00f3tko pod li\u015b\u0107mi i jest \u0142atwy do pobrania. Odmiana jest bardzo wytrzyma\u0142a I \u017cywotna . W zwi\u0105zku z tym nale\u017cy j\u0105 ustawi\u0107 z nieco szersz\u0105 odleg\u0142o\u015bci\u0105 sadzenia. Magnus jest szczeg\u00f3lnie odporny na choroby li\u015bci. Podobnie jak w przypadku wszystkich p\u00f3\u017ano dojrzewaj\u0105cych odmian, nale\u017cy zwr\u00f3ci\u0107 szczeg\u00f3ln\u0105 uwag\u0119 na wciornastki, przyl\u017ce\u0144ce oraz na kwieciaka malinowca! Magnus jest ciekawym dodatkiem do p\u00f3\u017anego asortymentu, szczeg\u00f3lnie dla marketingu komercyjnego, ze wzgl\u0119du na plon, j\u0119drno\u015b\u0107 owoc\u00f3w i jasny kolor owoc\u00f3w.<\/p>\n\n\n\n<p><\/p>\n\n\n\n<p><\/p>\n\n\n\n<p class=\"has-vivid-red-color has-text-color\"><strong>Strze\u017c si\u0119 zbyt du\u017cej ilo\u015bci azotu!<\/strong><\/p>\n\n\n\n<p class=\"has-black-color has-text-color\">Odmiana Magnus ma problem z tym, \u017ce w pewnych warunkach pozostaje wegetatywna, a nast\u0119pnie nie produkuje lub produkuje zbyt ma\u0142o kwiat\u00f3w. Aby tego unikn\u0105\u0107, nale\u017cy ograniczy\u0107 do minimum dop\u0142yw azotu. Dobrze zaopatrzone gleby nie nadaj\u0105 si\u0119 do uprawy Magnusa! Nieodpowiednie s\u0105 r\u00f3wnie\u017c prekultury uwalniaj\u0105ce azot. Pod koniec lata odmiana mo\u017ce by\u0107 lekko \u201etorturowana\u201d, ma\u0142o lub wcale nawoz\u00f3w, \u017cadnego leczenia m\u0105czniaka itp. Ryzyko uprawy jest znacznie wi\u0119ksze w przypadku ro\u015blin Frigo ni\u017c w przypadku ro\u015blin zielonych. Odmiana ta powinna by\u0107 uprawiana w porozumieniu z hodowc\u0105 (Flevoberry).<\/p>\n","protected":false},"excerpt":{"rendered":"<p>Kolor jasny \u2013 \u015brednio czerwony, b\u0142yszcz\u0105cy Uwagi jasna, j\u0119drna p\u00f3\u017ana odmiana, interesuj\u0105ce dla sprzeda\u017cy hurtowej \u2013 odmiana chroniona, W\u0142a\u015bciciel odmiany: Flevo Berry, Holandia Odmiana Magnus to p\u00f3\u017ana odmiana z programu hodowlanego Flevoberry. Odmiana przekonuje w okresie dojrzewania oko\u0142o 10 dni po Florence \/ Faith atrakcyjnymi owocami i dobrym smakiem. Wydajno\u015b\u0107 jest wysoka. Owoce Magnusa s\u0105 [&hellip;]<\/p>\n","protected":false},"author":1,"featured_media":0,"parent":59,"menu_order":5,"comment_status":"closed","ping_status":"closed","template":"page_frucht.php","meta":[],"yoast_head":"<!-- This site is optimized with the Yoast SEO plugin v17.2.1 - https:\/\/yoast.com\/wordpress\/plugins\/seo\/ -->\n<meta name=\"robots\" content=\"index, follow, max-snippet:-1, max-image-preview:large, max-video-preview:-1\" \/>\n<link rel=\"canonical\" href=\"https:\/\/kraege.de\/pol\/produkty\/truskawki\/spaete-sorten\/magnus\/\" \/>\n<meta property=\"og:locale\" content=\"pl_PL\" \/>\n<meta property=\"og:type\" content=\"article\" \/>\n<meta property=\"og:title\" content=\"Magnus - KRAEGE Beerenpflanzen POL\" \/>\n<meta property=\"og:description\" content=\"Kolor jasny \u2013 \u015brednio czerwony, b\u0142yszcz\u0105cy Uwagi jasna, j\u0119drna p\u00f3\u017ana odmiana, interesuj\u0105ce dla sprzeda\u017cy hurtowej \u2013 odmiana chroniona, W\u0142a\u015bciciel odmiany: Flevo Berry, Holandia Odmiana Magnus to p\u00f3\u017ana odmiana z programu hodowlanego Flevoberry. Odmiana przekonuje w okresie dojrzewania oko\u0142o 10 dni po Florence \/ Faith atrakcyjnymi owocami i dobrym smakiem. Wydajno\u015b\u0107 jest wysoka. Owoce Magnusa s\u0105 [&hellip;]\" \/>\n<meta property=\"og:url\" content=\"https:\/\/kraege.de\/pol\/produkty\/truskawki\/spaete-sorten\/magnus\/\" \/>\n<meta property=\"og:site_name\" content=\"KRAEGE Beerenpflanzen POL\" \/>\n<meta property=\"article:modified_time\" content=\"2025-11-24T15:00:25+00:00\" \/>\n<meta name=\"twitter:card\" content=\"summary\" \/>\n<meta name=\"twitter:label1\" content=\"Szacowany czas czytania\" \/>\n\t<meta name=\"twitter:data1\" content=\"2 minuty\" \/>\n<script type=\"application\/ld+json\" class=\"yoast-schema-graph\">{\"@context\":\"https:\/\/schema.org\",\"@graph\":[{\"@type\":\"WebSite\",\"@id\":\"https:\/\/kraege.de\/pol\/#website\",\"url\":\"https:\/\/kraege.de\/pol\/\",\"name\":\"KRAEGE Beerenpflanzen POL\",\"description\":\"Erdbeeren und Himbeeren aus der Region | Telgte | M\\u00fcnster | Warendorf\",\"potentialAction\":[{\"@type\":\"SearchAction\",\"target\":{\"@type\":\"EntryPoint\",\"urlTemplate\":\"https:\/\/kraege.de\/pol\/?s={search_term_string}\"},\"query-input\":\"required name=search_term_string\"}],\"inLanguage\":\"pl-PL\"},{\"@type\":\"WebPage\",\"@id\":\"https:\/\/kraege.de\/pol\/produkty\/truskawki\/spaete-sorten\/magnus\/#webpage\",\"url\":\"https:\/\/kraege.de\/pol\/produkty\/truskawki\/spaete-sorten\/magnus\/\",\"name\":\"Magnus - KRAEGE Beerenpflanzen POL\",\"isPartOf\":{\"@id\":\"https:\/\/kraege.de\/pol\/#website\"},\"datePublished\":\"2018-11-23T09:32:53+00:00\",\"dateModified\":\"2025-11-24T15:00:25+00:00\",\"breadcrumb\":{\"@id\":\"https:\/\/kraege.de\/pol\/produkty\/truskawki\/spaete-sorten\/magnus\/#breadcrumb\"},\"inLanguage\":\"pl-PL\",\"potentialAction\":[{\"@type\":\"ReadAction\",\"target\":[\"https:\/\/kraege.de\/pol\/produkty\/truskawki\/spaete-sorten\/magnus\/\"]}]},{\"@type\":\"BreadcrumbList\",\"@id\":\"https:\/\/kraege.de\/pol\/produkty\/truskawki\/spaete-sorten\/magnus\/#breadcrumb\",\"itemListElement\":[{\"@type\":\"ListItem\",\"position\":1,\"name\":\"Home\",\"item\":\"https:\/\/kraege.de\/pol\/\"},{\"@type\":\"ListItem\",\"position\":2,\"name\":\"Produkty\",\"item\":\"https:\/\/kraege.de\/pol\/produkty\/\"},{\"@type\":\"ListItem\",\"position\":3,\"name\":\"Truskawki\",\"item\":\"https:\/\/kraege.de\/pol\/produkty\/truskawki\/\"},{\"@type\":\"ListItem\",\"position\":4,\"name\":\"P\\u00f3\\u017ane odmiany\",\"item\":\"https:\/\/kraege.de\/pol\/produkty\/truskawki\/spaete-sorten\/\"},{\"@type\":\"ListItem\",\"position\":5,\"name\":\"Magnus\"}]}]}<\/script>\n<!-- \/ Yoast SEO plugin. -->","yoast_head_json":{"robots":{"index":"index","follow":"follow","max-snippet":"max-snippet:-1","max-image-preview":"max-image-preview:large","max-video-preview":"max-video-preview:-1"},"canonical":"https:\/\/kraege.de\/pol\/produkty\/truskawki\/spaete-sorten\/magnus\/","og_locale":"pl_PL","og_type":"article","og_title":"Magnus - KRAEGE Beerenpflanzen POL","og_description":"Kolor jasny \u2013 \u015brednio czerwony, b\u0142yszcz\u0105cy Uwagi jasna, j\u0119drna p\u00f3\u017ana odmiana, interesuj\u0105ce dla sprzeda\u017cy hurtowej \u2013 odmiana chroniona, W\u0142a\u015bciciel odmiany: Flevo Berry, Holandia Odmiana Magnus to p\u00f3\u017ana odmiana z programu hodowlanego Flevoberry. Odmiana przekonuje w okresie dojrzewania oko\u0142o 10 dni po Florence \/ Faith atrakcyjnymi owocami i dobrym smakiem. Wydajno\u015b\u0107 jest wysoka. Owoce Magnusa s\u0105 [&hellip;]","og_url":"https:\/\/kraege.de\/pol\/produkty\/truskawki\/spaete-sorten\/magnus\/","og_site_name":"KRAEGE Beerenpflanzen POL","article_modified_time":"2025-11-24T15:00:25+00:00","twitter_card":"summary","twitter_misc":{"Szacowany czas czytania":"2 minuty"},"schema":{"@context":"https:\/\/schema.org","@graph":[{"@type":"WebSite","@id":"https:\/\/kraege.de\/pol\/#website","url":"https:\/\/kraege.de\/pol\/","name":"KRAEGE Beerenpflanzen POL","description":"Erdbeeren und Himbeeren aus der Region | Telgte | M\u00fcnster | Warendorf","potentialAction":[{"@type":"SearchAction","target":{"@type":"EntryPoint","urlTemplate":"https:\/\/kraege.de\/pol\/?s={search_term_string}"},"query-input":"required name=search_term_string"}],"inLanguage":"pl-PL"},{"@type":"WebPage","@id":"https:\/\/kraege.de\/pol\/produkty\/truskawki\/spaete-sorten\/magnus\/#webpage","url":"https:\/\/kraege.de\/pol\/produkty\/truskawki\/spaete-sorten\/magnus\/","name":"Magnus - KRAEGE Beerenpflanzen POL","isPartOf":{"@id":"https:\/\/kraege.de\/pol\/#website"},"datePublished":"2018-11-23T09:32:53+00:00","dateModified":"2025-11-24T15:00:25+00:00","breadcrumb":{"@id":"https:\/\/kraege.de\/pol\/produkty\/truskawki\/spaete-sorten\/magnus\/#breadcrumb"},"inLanguage":"pl-PL","potentialAction":[{"@type":"ReadAction","target":["https:\/\/kraege.de\/pol\/produkty\/truskawki\/spaete-sorten\/magnus\/"]}]},{"@type":"BreadcrumbList","@id":"https:\/\/kraege.de\/pol\/produkty\/truskawki\/spaete-sorten\/magnus\/#breadcrumb","itemListElement":[{"@type":"ListItem","position":1,"name":"Home","item":"https:\/\/kraege.de\/pol\/"},{"@type":"ListItem","position":2,"name":"Produkty","item":"https:\/\/kraege.de\/pol\/produkty\/"},{"@type":"ListItem","position":3,"name":"Truskawki","item":"https:\/\/kraege.de\/pol\/produkty\/truskawki\/"},{"@type":"ListItem","position":4,"name":"P\u00f3\u017ane odmiany","item":"https:\/\/kraege.de\/pol\/produkty\/truskawki\/spaete-sorten\/"},{"@type":"ListItem","position":5,"name":"Magnus"}]}]}},"_links":{"self":[{"href":"https:\/\/kraege.de\/pol\/wp-json\/wp\/v2\/pages\/1916"}],"collection":[{"href":"https:\/\/kraege.de\/pol\/wp-json\/wp\/v2\/pages"}],"about":[{"href":"https:\/\/kraege.de\/pol\/wp-json\/wp\/v2\/types\/page"}],"author":[{"embeddable":true,"href":"https:\/\/kraege.de\/pol\/wp-json\/wp\/v2\/users\/1"}],"replies":[{"embeddable":true,"href":"https:\/\/kraege.de\/pol\/wp-json\/wp\/v2\/comments?post=1916"}],"version-history":[{"count":5,"href":"https:\/\/kraege.de\/pol\/wp-json\/wp\/v2\/pages\/1916\/revisions"}],"predecessor-version":[{"id":2337,"href":"https:\/\/kraege.de\/pol\/wp-json\/wp\/v2\/pages\/1916\/revisions\/2337"}],"up":[{"embeddable":true,"href":"https:\/\/kraege.de\/pol\/wp-json\/wp\/v2\/pages\/59"}],"wp:attachment":[{"href":"https:\/\/kraege.de\/pol\/wp-json\/wp\/v2\/media?parent=1916"}],"curies":[{"name":"wp","href":"https:\/\/api.w.org\/{rel}","templated":true}]}}