{"id":1881,"date":"2018-11-23T09:48:22","date_gmt":"2018-11-23T08:48:22","guid":{"rendered":"https:\/\/kraege.de\/pol\/?page_id=1881"},"modified":"2024-11-24T09:47:08","modified_gmt":"2024-11-24T08:47:08","slug":"10-50-01","status":"publish","type":"page","link":"https:\/\/kraege.de\/pol\/produkty\/truskawki\/neuheiten\/10-50-01\/","title":{"rendered":"Aylin"},"content":{"rendered":"<div class=\"tabelle-fruechte\">\n<table>\n<tbody>\n<tr>\n<td>Kolor<\/td>\n<td>\n<p id=\"tw-target-text\" class=\"tw-data-text tw-text-large tw-ta\" dir=\"ltr\" data-placeholder=\"\u00dcbersetzung\" aria-label=\"\u00dcbersetzter Text: jasnoczerwony\" data-ved=\"2ahUKEwj-k-iOx_SJAxU_gf0HHYEwK9EQ3ewLegQIChAT\"><span class=\"Y2IQFc\" lang=\"pl\">jasnoczerwony<\/span><\/p>\n<\/td>\n<\/tr>\n<tr>\n<td>Uwagi<\/td>\n<td>h\u00f6chste Ertr\u00e4ge bei Traypflanzen auf Stellage<\/td>\n<\/tr>\n<\/tbody>\n<\/table>\n<\/div>\n<div class=\"reifezeit\"><\/div>\n<div class=\"herkunft\">\u2013 odmiana chroniona, W\u0142a\u015bciciel odmiany: Stefan Kraege Hodowla<\/div>\n<p>Poprzez odmian\u0119 Aylin (5\/C9\/8\/3) Kraege Z\u00fcchtung wprowadza na rynek wysokowydajn\u0105 odmian\u0119 w okresie dojrzewania odmiany Sonsation. Zachwyca ona jasnoczerwonymi, r\u00f3wnomiernie ukszta\u0142towanymi, atrakcyjnymi owocami i pi\u0119knym wygl\u0105dem sk\u00f3rki. Smak jest dobrego, a plony bardzo wysokie.<\/p>\n<p>Odmiana Aylin (5\/C9\/8\/3) nadaje si\u0119 szczeg\u00f3lnie jako sadzonka typu tray do upraw stela\u017cowych i jest szczeg\u00f3lnie polecana do sprzeda\u017cy hurtowej.<br \/>\nW poprzednich pr\u00f3bach odmianowych (5\/C9\/8\/3) cz\u0119sto nazywana by\u0142a Klaudi\u0105. Aby unikn\u0105\u0107 pomy\u0142ki z podobnie brzmi\u0105cymi odmianami, hodowca zdecydowa\u0142 si\u0119 na zmian\u0119 nazwy odmiany na \u201eAylin\u201d.<\/p>\n","protected":false},"excerpt":{"rendered":"<p>Kolor jasnoczerwony Uwagi h\u00f6chste Ertr\u00e4ge bei Traypflanzen auf Stellage \u2013 odmiana chroniona, W\u0142a\u015bciciel odmiany: Stefan Kraege Hodowla Poprzez odmian\u0119 Aylin (5\/C9\/8\/3) Kraege Z\u00fcchtung wprowadza na rynek wysokowydajn\u0105 odmian\u0119 w okresie dojrzewania odmiany Sonsation. Zachwyca ona jasnoczerwonymi, r\u00f3wnomiernie ukszta\u0142towanymi, atrakcyjnymi owocami i pi\u0119knym wygl\u0105dem sk\u00f3rki. Smak jest dobrego, a plony bardzo wysokie. Odmiana Aylin (5\/C9\/8\/3) nadaje [&hellip;]<\/p>\n","protected":false},"author":1,"featured_media":0,"parent":49,"menu_order":1,"comment_status":"closed","ping_status":"closed","template":"page_frucht.php","meta":[],"yoast_head":"<!-- This site is optimized with the Yoast SEO plugin v17.2.1 - https:\/\/yoast.com\/wordpress\/plugins\/seo\/ -->\n<meta name=\"robots\" content=\"index, follow, max-snippet:-1, max-image-preview:large, max-video-preview:-1\" \/>\n<link rel=\"canonical\" href=\"https:\/\/kraege.de\/pol\/produkty\/truskawki\/neuheiten\/10-50-01\/\" \/>\n<meta property=\"og:locale\" content=\"pl_PL\" \/>\n<meta property=\"og:type\" content=\"article\" \/>\n<meta property=\"og:title\" content=\"Aylin - KRAEGE Beerenpflanzen POL\" \/>\n<meta property=\"og:description\" content=\"Kolor jasnoczerwony Uwagi h\u00f6chste Ertr\u00e4ge bei Traypflanzen auf Stellage \u2013 odmiana chroniona, W\u0142a\u015bciciel odmiany: Stefan Kraege Hodowla Poprzez odmian\u0119 Aylin (5\/C9\/8\/3) Kraege Z\u00fcchtung wprowadza na rynek wysokowydajn\u0105 odmian\u0119 w okresie dojrzewania odmiany Sonsation. Zachwyca ona jasnoczerwonymi, r\u00f3wnomiernie ukszta\u0142towanymi, atrakcyjnymi owocami i pi\u0119knym wygl\u0105dem sk\u00f3rki. Smak jest dobrego, a plony bardzo wysokie. Odmiana Aylin (5\/C9\/8\/3) nadaje [&hellip;]\" \/>\n<meta property=\"og:url\" content=\"https:\/\/kraege.de\/pol\/produkty\/truskawki\/neuheiten\/10-50-01\/\" \/>\n<meta property=\"og:site_name\" content=\"KRAEGE Beerenpflanzen POL\" \/>\n<meta property=\"article:modified_time\" content=\"2024-11-24T08:47:08+00:00\" \/>\n<meta name=\"twitter:card\" content=\"summary\" \/>\n<meta name=\"twitter:label1\" content=\"Szacowany czas czytania\" \/>\n\t<meta name=\"twitter:data1\" content=\"1 minuta\" \/>\n<script type=\"application\/ld+json\" class=\"yoast-schema-graph\">{\"@context\":\"https:\/\/schema.org\",\"@graph\":[{\"@type\":\"WebSite\",\"@id\":\"https:\/\/kraege.de\/pol\/#website\",\"url\":\"https:\/\/kraege.de\/pol\/\",\"name\":\"KRAEGE Beerenpflanzen POL\",\"description\":\"Erdbeeren und Himbeeren aus der Region | Telgte | M\\u00fcnster | Warendorf\",\"potentialAction\":[{\"@type\":\"SearchAction\",\"target\":{\"@type\":\"EntryPoint\",\"urlTemplate\":\"https:\/\/kraege.de\/pol\/?s={search_term_string}\"},\"query-input\":\"required name=search_term_string\"}],\"inLanguage\":\"pl-PL\"},{\"@type\":\"WebPage\",\"@id\":\"https:\/\/kraege.de\/pol\/produkty\/truskawki\/neuheiten\/10-50-01\/#webpage\",\"url\":\"https:\/\/kraege.de\/pol\/produkty\/truskawki\/neuheiten\/10-50-01\/\",\"name\":\"Aylin - KRAEGE Beerenpflanzen POL\",\"isPartOf\":{\"@id\":\"https:\/\/kraege.de\/pol\/#website\"},\"datePublished\":\"2018-11-23T08:48:22+00:00\",\"dateModified\":\"2024-11-24T08:47:08+00:00\",\"breadcrumb\":{\"@id\":\"https:\/\/kraege.de\/pol\/produkty\/truskawki\/neuheiten\/10-50-01\/#breadcrumb\"},\"inLanguage\":\"pl-PL\",\"potentialAction\":[{\"@type\":\"ReadAction\",\"target\":[\"https:\/\/kraege.de\/pol\/produkty\/truskawki\/neuheiten\/10-50-01\/\"]}]},{\"@type\":\"BreadcrumbList\",\"@id\":\"https:\/\/kraege.de\/pol\/produkty\/truskawki\/neuheiten\/10-50-01\/#breadcrumb\",\"itemListElement\":[{\"@type\":\"ListItem\",\"position\":1,\"name\":\"Home\",\"item\":\"https:\/\/kraege.de\/pol\/\"},{\"@type\":\"ListItem\",\"position\":2,\"name\":\"Produkty\",\"item\":\"https:\/\/kraege.de\/pol\/produkty\/\"},{\"@type\":\"ListItem\",\"position\":3,\"name\":\"Truskawki\",\"item\":\"https:\/\/kraege.de\/pol\/produkty\/truskawki\/\"},{\"@type\":\"ListItem\",\"position\":4,\"name\":\"Nowe odmiany\",\"item\":\"https:\/\/kraege.de\/pol\/produkty\/truskawki\/neuheiten\/\"},{\"@type\":\"ListItem\",\"position\":5,\"name\":\"Aylin\"}]}]}<\/script>\n<!-- \/ Yoast SEO plugin. -->","yoast_head_json":{"robots":{"index":"index","follow":"follow","max-snippet":"max-snippet:-1","max-image-preview":"max-image-preview:large","max-video-preview":"max-video-preview:-1"},"canonical":"https:\/\/kraege.de\/pol\/produkty\/truskawki\/neuheiten\/10-50-01\/","og_locale":"pl_PL","og_type":"article","og_title":"Aylin - KRAEGE Beerenpflanzen POL","og_description":"Kolor jasnoczerwony Uwagi h\u00f6chste Ertr\u00e4ge bei Traypflanzen auf Stellage \u2013 odmiana chroniona, W\u0142a\u015bciciel odmiany: Stefan Kraege Hodowla Poprzez odmian\u0119 Aylin (5\/C9\/8\/3) Kraege Z\u00fcchtung wprowadza na rynek wysokowydajn\u0105 odmian\u0119 w okresie dojrzewania odmiany Sonsation. Zachwyca ona jasnoczerwonymi, r\u00f3wnomiernie ukszta\u0142towanymi, atrakcyjnymi owocami i pi\u0119knym wygl\u0105dem sk\u00f3rki. Smak jest dobrego, a plony bardzo wysokie. Odmiana Aylin (5\/C9\/8\/3) nadaje [&hellip;]","og_url":"https:\/\/kraege.de\/pol\/produkty\/truskawki\/neuheiten\/10-50-01\/","og_site_name":"KRAEGE Beerenpflanzen POL","article_modified_time":"2024-11-24T08:47:08+00:00","twitter_card":"summary","twitter_misc":{"Szacowany czas czytania":"1 minuta"},"schema":{"@context":"https:\/\/schema.org","@graph":[{"@type":"WebSite","@id":"https:\/\/kraege.de\/pol\/#website","url":"https:\/\/kraege.de\/pol\/","name":"KRAEGE Beerenpflanzen POL","description":"Erdbeeren und Himbeeren aus der Region | Telgte | M\u00fcnster | Warendorf","potentialAction":[{"@type":"SearchAction","target":{"@type":"EntryPoint","urlTemplate":"https:\/\/kraege.de\/pol\/?s={search_term_string}"},"query-input":"required name=search_term_string"}],"inLanguage":"pl-PL"},{"@type":"WebPage","@id":"https:\/\/kraege.de\/pol\/produkty\/truskawki\/neuheiten\/10-50-01\/#webpage","url":"https:\/\/kraege.de\/pol\/produkty\/truskawki\/neuheiten\/10-50-01\/","name":"Aylin - KRAEGE Beerenpflanzen POL","isPartOf":{"@id":"https:\/\/kraege.de\/pol\/#website"},"datePublished":"2018-11-23T08:48:22+00:00","dateModified":"2024-11-24T08:47:08+00:00","breadcrumb":{"@id":"https:\/\/kraege.de\/pol\/produkty\/truskawki\/neuheiten\/10-50-01\/#breadcrumb"},"inLanguage":"pl-PL","potentialAction":[{"@type":"ReadAction","target":["https:\/\/kraege.de\/pol\/produkty\/truskawki\/neuheiten\/10-50-01\/"]}]},{"@type":"BreadcrumbList","@id":"https:\/\/kraege.de\/pol\/produkty\/truskawki\/neuheiten\/10-50-01\/#breadcrumb","itemListElement":[{"@type":"ListItem","position":1,"name":"Home","item":"https:\/\/kraege.de\/pol\/"},{"@type":"ListItem","position":2,"name":"Produkty","item":"https:\/\/kraege.de\/pol\/produkty\/"},{"@type":"ListItem","position":3,"name":"Truskawki","item":"https:\/\/kraege.de\/pol\/produkty\/truskawki\/"},{"@type":"ListItem","position":4,"name":"Nowe odmiany","item":"https:\/\/kraege.de\/pol\/produkty\/truskawki\/neuheiten\/"},{"@type":"ListItem","position":5,"name":"Aylin"}]}]}},"_links":{"self":[{"href":"https:\/\/kraege.de\/pol\/wp-json\/wp\/v2\/pages\/1881"}],"collection":[{"href":"https:\/\/kraege.de\/pol\/wp-json\/wp\/v2\/pages"}],"about":[{"href":"https:\/\/kraege.de\/pol\/wp-json\/wp\/v2\/types\/page"}],"author":[{"embeddable":true,"href":"https:\/\/kraege.de\/pol\/wp-json\/wp\/v2\/users\/1"}],"replies":[{"embeddable":true,"href":"https:\/\/kraege.de\/pol\/wp-json\/wp\/v2\/comments?post=1881"}],"version-history":[{"count":21,"href":"https:\/\/kraege.de\/pol\/wp-json\/wp\/v2\/pages\/1881\/revisions"}],"predecessor-version":[{"id":2411,"href":"https:\/\/kraege.de\/pol\/wp-json\/wp\/v2\/pages\/1881\/revisions\/2411"}],"up":[{"embeddable":true,"href":"https:\/\/kraege.de\/pol\/wp-json\/wp\/v2\/pages\/49"}],"wp:attachment":[{"href":"https:\/\/kraege.de\/pol\/wp-json\/wp\/v2\/media?parent=1881"}],"curies":[{"name":"wp","href":"https:\/\/api.w.org\/{rel}","templated":true}]}}