{"id":1846,"date":"2017-11-21T15:28:06","date_gmt":"2017-11-21T14:28:06","guid":{"rendered":"http:\/\/kraege.de\/pol\/?page_id=1846"},"modified":"2017-11-21T15:29:17","modified_gmt":"2017-11-21T14:29:17","slug":"formowanie-i-ciecie","status":"publish","type":"page","link":"https:\/\/kraege.de\/pol\/produkty\/maliny\/sommertragende-sorten\/formowanie-i-ciecie\/","title":{"rendered":"Formowanie i ci\u0119cie"},"content":{"rendered":"<p><strong>Formowanie i ci\u0119cie<\/strong><\/p>\n<p>Opr\u00f3cz wyboru odmiany, formowanie i ciecie maj\u0105 zasadniczy wp\u0142yw na plon i zdrowie uprawy.<\/p>\n<p><strong>Floricanes \u2013 Letnie<\/strong><br \/>\nW roku posadzenia p\u0119d jest hodowany dla przysz\u0142ych zbior\u00f3w w roku nast\u0119pnym. W roku produkcji p\u0119dy zatrzyma\u0142y si\u0119 r\u00f3wnolegle do zbior\u00f3w, aby zebra\u0107 je w nast\u0119pnym roku. W ten spos\u00f3b uprawa m\u0142odych p\u0119d\u00f3w konkuruje z plonem. Ten cykl powtarza si\u0119 przez wiele lat.<br \/>\nW celu przeciwdzia\u0142ania konkurencji w wydajno\u015bci nale\u017cy zapobiec wzrostowi m\u0142odych p\u0119d\u00f3w i zmian w zasobach. Uprawa jednoroczna malin pokazuje obiecuj\u0105ce wyniki. W ramach tego post\u0119powania letnie maliny mo\u017cna zebra\u0107 tylko raz, potem stanowiska zostaj\u0105 wyczyszczone i posadzone na nowo.<\/p>\n<p><a href=\"https:\/\/kraege.de\/pol\/wp-content\/uploads\/sites\/7\/2015\/04\/MK_PL_Ansichten_1.jpg\"><img loading=\"lazy\" class=\"alignnone wp-image-1445 size-large\" src=\"https:\/\/kraege.de\/pol\/wp-content\/uploads\/sites\/7\/2015\/04\/MK_PL_Ansichten_1-1024x467.jpg\" alt=\"\" width=\"1024\" height=\"467\" srcset=\"https:\/\/kraege.de\/pol\/wp-content\/uploads\/sites\/7\/2015\/04\/MK_PL_Ansichten_1-1024x467.jpg 1024w, https:\/\/kraege.de\/pol\/wp-content\/uploads\/sites\/7\/2015\/04\/MK_PL_Ansichten_1-320x146.jpg 320w, https:\/\/kraege.de\/pol\/wp-content\/uploads\/sites\/7\/2015\/04\/MK_PL_Ansichten_1-768x350.jpg 768w, https:\/\/kraege.de\/pol\/wp-content\/uploads\/sites\/7\/2015\/04\/MK_PL_Ansichten_1.jpg 1757w\" sizes=\"(max-width: 1024px) 100vw, 1024px\" \/><\/a><\/p>\n","protected":false},"excerpt":{"rendered":"<p>Formowanie i ci\u0119cie Opr\u00f3cz wyboru odmiany, formowanie i ciecie maj\u0105 zasadniczy wp\u0142yw na plon i zdrowie uprawy. Floricanes \u2013 Letnie W roku posadzenia p\u0119d jest hodowany dla przysz\u0142ych zbior\u00f3w w roku nast\u0119pnym. W roku produkcji p\u0119dy zatrzyma\u0142y si\u0119 r\u00f3wnolegle do zbior\u00f3w, aby zebra\u0107 je w nast\u0119pnym roku. W ten spos\u00f3b uprawa m\u0142odych p\u0119d\u00f3w konkuruje z [&hellip;]<\/p>\n","protected":false},"author":1,"featured_media":0,"parent":199,"menu_order":5,"comment_status":"closed","ping_status":"closed","template":"page_frucht.php","meta":[],"yoast_head":"<!-- This site is optimized with the Yoast SEO plugin v17.2.1 - https:\/\/yoast.com\/wordpress\/plugins\/seo\/ -->\n<meta name=\"robots\" content=\"index, follow, max-snippet:-1, max-image-preview:large, max-video-preview:-1\" \/>\n<link rel=\"canonical\" href=\"https:\/\/kraege.de\/pol\/produkty\/maliny\/sommertragende-sorten\/formowanie-i-ciecie\/\" \/>\n<meta property=\"og:locale\" content=\"pl_PL\" \/>\n<meta property=\"og:type\" content=\"article\" \/>\n<meta property=\"og:title\" content=\"Formowanie i ci\u0119cie - KRAEGE Beerenpflanzen POL\" \/>\n<meta property=\"og:description\" content=\"Formowanie i ci\u0119cie Opr\u00f3cz wyboru odmiany, formowanie i ciecie maj\u0105 zasadniczy wp\u0142yw na plon i zdrowie uprawy. Floricanes \u2013 Letnie W roku posadzenia p\u0119d jest hodowany dla przysz\u0142ych zbior\u00f3w w roku nast\u0119pnym. W roku produkcji p\u0119dy zatrzyma\u0142y si\u0119 r\u00f3wnolegle do zbior\u00f3w, aby zebra\u0107 je w nast\u0119pnym roku. W ten spos\u00f3b uprawa m\u0142odych p\u0119d\u00f3w konkuruje z [&hellip;]\" \/>\n<meta property=\"og:url\" content=\"https:\/\/kraege.de\/pol\/produkty\/maliny\/sommertragende-sorten\/formowanie-i-ciecie\/\" \/>\n<meta property=\"og:site_name\" content=\"KRAEGE Beerenpflanzen POL\" \/>\n<meta property=\"article:modified_time\" content=\"2017-11-21T14:29:17+00:00\" \/>\n<meta property=\"og:image\" content=\"https:\/\/kraege.de\/pol\/wp-content\/uploads\/sites\/7\/2015\/04\/MK_PL_Ansichten_1-1024x467.jpg\" \/>\n<meta name=\"twitter:card\" content=\"summary\" \/>\n<meta name=\"twitter:label1\" content=\"Szacowany czas czytania\" \/>\n\t<meta name=\"twitter:data1\" content=\"1 minuta\" \/>\n<script type=\"application\/ld+json\" class=\"yoast-schema-graph\">{\"@context\":\"https:\/\/schema.org\",\"@graph\":[{\"@type\":\"WebSite\",\"@id\":\"https:\/\/kraege.de\/pol\/#website\",\"url\":\"https:\/\/kraege.de\/pol\/\",\"name\":\"KRAEGE Beerenpflanzen POL\",\"description\":\"Erdbeeren und Himbeeren aus der Region | Telgte | M\\u00fcnster | Warendorf\",\"potentialAction\":[{\"@type\":\"SearchAction\",\"target\":{\"@type\":\"EntryPoint\",\"urlTemplate\":\"https:\/\/kraege.de\/pol\/?s={search_term_string}\"},\"query-input\":\"required name=search_term_string\"}],\"inLanguage\":\"pl-PL\"},{\"@type\":\"ImageObject\",\"@id\":\"https:\/\/kraege.de\/pol\/produkty\/maliny\/sommertragende-sorten\/formowanie-i-ciecie\/#primaryimage\",\"inLanguage\":\"pl-PL\",\"url\":\"https:\/\/kraege.de\/pol\/wp-content\/uploads\/sites\/7\/2015\/04\/MK_PL_Ansichten_1.jpg\",\"contentUrl\":\"https:\/\/kraege.de\/pol\/wp-content\/uploads\/sites\/7\/2015\/04\/MK_PL_Ansichten_1.jpg\",\"width\":1757,\"height\":801},{\"@type\":\"WebPage\",\"@id\":\"https:\/\/kraege.de\/pol\/produkty\/maliny\/sommertragende-sorten\/formowanie-i-ciecie\/#webpage\",\"url\":\"https:\/\/kraege.de\/pol\/produkty\/maliny\/sommertragende-sorten\/formowanie-i-ciecie\/\",\"name\":\"Formowanie i ci\\u0119cie - KRAEGE Beerenpflanzen POL\",\"isPartOf\":{\"@id\":\"https:\/\/kraege.de\/pol\/#website\"},\"primaryImageOfPage\":{\"@id\":\"https:\/\/kraege.de\/pol\/produkty\/maliny\/sommertragende-sorten\/formowanie-i-ciecie\/#primaryimage\"},\"datePublished\":\"2017-11-21T14:28:06+00:00\",\"dateModified\":\"2017-11-21T14:29:17+00:00\",\"breadcrumb\":{\"@id\":\"https:\/\/kraege.de\/pol\/produkty\/maliny\/sommertragende-sorten\/formowanie-i-ciecie\/#breadcrumb\"},\"inLanguage\":\"pl-PL\",\"potentialAction\":[{\"@type\":\"ReadAction\",\"target\":[\"https:\/\/kraege.de\/pol\/produkty\/maliny\/sommertragende-sorten\/formowanie-i-ciecie\/\"]}]},{\"@type\":\"BreadcrumbList\",\"@id\":\"https:\/\/kraege.de\/pol\/produkty\/maliny\/sommertragende-sorten\/formowanie-i-ciecie\/#breadcrumb\",\"itemListElement\":[{\"@type\":\"ListItem\",\"position\":1,\"name\":\"Home\",\"item\":\"https:\/\/kraege.de\/pol\/\"},{\"@type\":\"ListItem\",\"position\":2,\"name\":\"Produkty\",\"item\":\"https:\/\/kraege.de\/pol\/produkty\/\"},{\"@type\":\"ListItem\",\"position\":3,\"name\":\"Maliny\",\"item\":\"https:\/\/kraege.de\/pol\/produkty\/maliny\/\"},{\"@type\":\"ListItem\",\"position\":4,\"name\":\"Sadzonki malin\",\"item\":\"https:\/\/kraege.de\/pol\/produkty\/maliny\/sommertragende-sorten\/\"},{\"@type\":\"ListItem\",\"position\":5,\"name\":\"Formowanie i ci\\u0119cie\"}]}]}<\/script>\n<!-- \/ Yoast SEO plugin. -->","yoast_head_json":{"robots":{"index":"index","follow":"follow","max-snippet":"max-snippet:-1","max-image-preview":"max-image-preview:large","max-video-preview":"max-video-preview:-1"},"canonical":"https:\/\/kraege.de\/pol\/produkty\/maliny\/sommertragende-sorten\/formowanie-i-ciecie\/","og_locale":"pl_PL","og_type":"article","og_title":"Formowanie i ci\u0119cie - KRAEGE Beerenpflanzen POL","og_description":"Formowanie i ci\u0119cie Opr\u00f3cz wyboru odmiany, formowanie i ciecie maj\u0105 zasadniczy wp\u0142yw na plon i zdrowie uprawy. Floricanes \u2013 Letnie W roku posadzenia p\u0119d jest hodowany dla przysz\u0142ych zbior\u00f3w w roku nast\u0119pnym. W roku produkcji p\u0119dy zatrzyma\u0142y si\u0119 r\u00f3wnolegle do zbior\u00f3w, aby zebra\u0107 je w nast\u0119pnym roku. W ten spos\u00f3b uprawa m\u0142odych p\u0119d\u00f3w konkuruje z [&hellip;]","og_url":"https:\/\/kraege.de\/pol\/produkty\/maliny\/sommertragende-sorten\/formowanie-i-ciecie\/","og_site_name":"KRAEGE Beerenpflanzen POL","article_modified_time":"2017-11-21T14:29:17+00:00","og_image":[{"url":"https:\/\/kraege.de\/pol\/wp-content\/uploads\/sites\/7\/2015\/04\/MK_PL_Ansichten_1-1024x467.jpg"}],"twitter_card":"summary","twitter_misc":{"Szacowany czas czytania":"1 minuta"},"schema":{"@context":"https:\/\/schema.org","@graph":[{"@type":"WebSite","@id":"https:\/\/kraege.de\/pol\/#website","url":"https:\/\/kraege.de\/pol\/","name":"KRAEGE Beerenpflanzen POL","description":"Erdbeeren und Himbeeren aus der Region | Telgte | M\u00fcnster | Warendorf","potentialAction":[{"@type":"SearchAction","target":{"@type":"EntryPoint","urlTemplate":"https:\/\/kraege.de\/pol\/?s={search_term_string}"},"query-input":"required name=search_term_string"}],"inLanguage":"pl-PL"},{"@type":"ImageObject","@id":"https:\/\/kraege.de\/pol\/produkty\/maliny\/sommertragende-sorten\/formowanie-i-ciecie\/#primaryimage","inLanguage":"pl-PL","url":"https:\/\/kraege.de\/pol\/wp-content\/uploads\/sites\/7\/2015\/04\/MK_PL_Ansichten_1.jpg","contentUrl":"https:\/\/kraege.de\/pol\/wp-content\/uploads\/sites\/7\/2015\/04\/MK_PL_Ansichten_1.jpg","width":1757,"height":801},{"@type":"WebPage","@id":"https:\/\/kraege.de\/pol\/produkty\/maliny\/sommertragende-sorten\/formowanie-i-ciecie\/#webpage","url":"https:\/\/kraege.de\/pol\/produkty\/maliny\/sommertragende-sorten\/formowanie-i-ciecie\/","name":"Formowanie i ci\u0119cie - KRAEGE Beerenpflanzen POL","isPartOf":{"@id":"https:\/\/kraege.de\/pol\/#website"},"primaryImageOfPage":{"@id":"https:\/\/kraege.de\/pol\/produkty\/maliny\/sommertragende-sorten\/formowanie-i-ciecie\/#primaryimage"},"datePublished":"2017-11-21T14:28:06+00:00","dateModified":"2017-11-21T14:29:17+00:00","breadcrumb":{"@id":"https:\/\/kraege.de\/pol\/produkty\/maliny\/sommertragende-sorten\/formowanie-i-ciecie\/#breadcrumb"},"inLanguage":"pl-PL","potentialAction":[{"@type":"ReadAction","target":["https:\/\/kraege.de\/pol\/produkty\/maliny\/sommertragende-sorten\/formowanie-i-ciecie\/"]}]},{"@type":"BreadcrumbList","@id":"https:\/\/kraege.de\/pol\/produkty\/maliny\/sommertragende-sorten\/formowanie-i-ciecie\/#breadcrumb","itemListElement":[{"@type":"ListItem","position":1,"name":"Home","item":"https:\/\/kraege.de\/pol\/"},{"@type":"ListItem","position":2,"name":"Produkty","item":"https:\/\/kraege.de\/pol\/produkty\/"},{"@type":"ListItem","position":3,"name":"Maliny","item":"https:\/\/kraege.de\/pol\/produkty\/maliny\/"},{"@type":"ListItem","position":4,"name":"Sadzonki malin","item":"https:\/\/kraege.de\/pol\/produkty\/maliny\/sommertragende-sorten\/"},{"@type":"ListItem","position":5,"name":"Formowanie i ci\u0119cie"}]}]}},"_links":{"self":[{"href":"https:\/\/kraege.de\/pol\/wp-json\/wp\/v2\/pages\/1846"}],"collection":[{"href":"https:\/\/kraege.de\/pol\/wp-json\/wp\/v2\/pages"}],"about":[{"href":"https:\/\/kraege.de\/pol\/wp-json\/wp\/v2\/types\/page"}],"author":[{"embeddable":true,"href":"https:\/\/kraege.de\/pol\/wp-json\/wp\/v2\/users\/1"}],"replies":[{"embeddable":true,"href":"https:\/\/kraege.de\/pol\/wp-json\/wp\/v2\/comments?post=1846"}],"version-history":[{"count":3,"href":"https:\/\/kraege.de\/pol\/wp-json\/wp\/v2\/pages\/1846\/revisions"}],"predecessor-version":[{"id":1849,"href":"https:\/\/kraege.de\/pol\/wp-json\/wp\/v2\/pages\/1846\/revisions\/1849"}],"up":[{"embeddable":true,"href":"https:\/\/kraege.de\/pol\/wp-json\/wp\/v2\/pages\/199"}],"wp:attachment":[{"href":"https:\/\/kraege.de\/pol\/wp-json\/wp\/v2\/media?parent=1846"}],"curies":[{"name":"wp","href":"https:\/\/api.w.org\/{rel}","templated":true}]}}