{"id":1765,"date":"2016-12-05T08:56:17","date_gmt":"2016-12-05T07:56:17","guid":{"rendered":"http:\/\/kraege.de\/pol\/?page_id=1765"},"modified":"2025-11-24T15:56:56","modified_gmt":"2025-11-24T14:56:56","slug":"sunsation","status":"publish","type":"page","link":"https:\/\/kraege.de\/pol\/produkty\/truskawki\/hauptreifezeit\/sunsation\/","title":{"rendered":"Sonsation"},"content":{"rendered":"<div class=\"tabelle-fruechte\">\n<table>\n<tbody>\n<tr>\n<td>Kolor<\/td>\n<td>\u015brednio-czerwony, atrakcyjny po\u0142ysk<\/td>\n<\/tr>\n<tr>\n<td>Uwagi<\/td>\n<td>interesuj\u0105ca nowo\u015b\u0107, szczeg\u00f3lnie do sprzeda\u017cy bezpo\u015bredniej<\/td>\n<\/tr>\n<\/tbody>\n<\/table>\n<\/div>\n<div class=\"reifezeit\"><\/div>\n<div class=\"herkunft\">\u2013 odmiana chroniona, W\u0142a\u015bciciel odmiany: Flevo Berry, Holandia<\/div>\n<p>Flevo Berry zapewnia z Sunsation now\u0105 odmian\u0119 o \u015brednim okresie dojrzewania. Owoce Sunsation s\u0105 uformowane regularnie. Plony s\u0105 wy\u017csze od Elsanty i Sonaty. Sunsation ma \u0142adne, \u015brednio-czerwone owoce z atrakcyjnym po\u0142yskiem. Odmiana przekonuje dobr\u0105 trwa\u0142o\u015bci\u0105 owoc\u00f3w. Sk\u00f3rka owoc\u00f3w jest delikatna.<br \/>\nSunsation ze swym bardzo dobrym smakiem zaleca si\u0119 szczeg\u00f3lnie do sprzeda\u017cy bezpo\u015bredniej. W\u0142a\u015bnie w g\u0142\u00f3wnym okresie dojrzewania owoc\u00f3w jest alternatyw\u0105 dla istniej\u0105cego asortymentu. Sunsation kwitnie ponad li\u015b\u0107mi, co u\u0142atwia zbi\u00f3r, ale musi by\u0107 chroniona przed przymrozkami.<br \/>\nUdzia\u0142 owoc\u00f3w w pierwszej klasie handlowej jest wysokie. Odmiana jest szybko rosn\u0105ca i ma\u0142o podatna na choroby. Nadaje si\u0119 r\u00f3wnie\u017c do ponownych nasadze\u0144 na tych samych stanowiskach. Sunsation jest interesuj\u0105c\u0105 nowo\u015bci\u0105, szczeg\u00f3lnie do sprzeda\u017cy bezpo\u015bredniej. Czy wytrzyma\u0142o\u015b\u0107, trwa\u0142o\u015b\u0107 owoc\u00f3w jest wystarczaj\u0105ca do handlu, poka\u017ce praktyka.<\/p>\n","protected":false},"excerpt":{"rendered":"<p>Kolor \u015brednio-czerwony, atrakcyjny po\u0142ysk Uwagi interesuj\u0105ca nowo\u015b\u0107, szczeg\u00f3lnie do sprzeda\u017cy bezpo\u015bredniej \u2013 odmiana chroniona, W\u0142a\u015bciciel odmiany: Flevo Berry, Holandia Flevo Berry zapewnia z Sunsation now\u0105 odmian\u0119 o \u015brednim okresie dojrzewania. Owoce Sunsation s\u0105 uformowane regularnie. Plony s\u0105 wy\u017csze od Elsanty i Sonaty. Sunsation ma \u0142adne, \u015brednio-czerwone owoce z atrakcyjnym po\u0142yskiem. Odmiana przekonuje dobr\u0105 trwa\u0142o\u015bci\u0105 owoc\u00f3w. [&hellip;]<\/p>\n","protected":false},"author":1,"featured_media":0,"parent":55,"menu_order":6,"comment_status":"closed","ping_status":"closed","template":"page_frucht.php","meta":[],"yoast_head":"<!-- This site is optimized with the Yoast SEO plugin v17.2.1 - https:\/\/yoast.com\/wordpress\/plugins\/seo\/ -->\n<meta name=\"robots\" content=\"index, follow, max-snippet:-1, max-image-preview:large, max-video-preview:-1\" \/>\n<link rel=\"canonical\" href=\"https:\/\/kraege.de\/pol\/produkty\/truskawki\/hauptreifezeit\/sunsation\/\" \/>\n<meta property=\"og:locale\" content=\"pl_PL\" \/>\n<meta property=\"og:type\" content=\"article\" \/>\n<meta property=\"og:title\" content=\"Sonsation - KRAEGE Beerenpflanzen POL\" \/>\n<meta property=\"og:description\" content=\"Kolor \u015brednio-czerwony, atrakcyjny po\u0142ysk Uwagi interesuj\u0105ca nowo\u015b\u0107, szczeg\u00f3lnie do sprzeda\u017cy bezpo\u015bredniej \u2013 odmiana chroniona, W\u0142a\u015bciciel odmiany: Flevo Berry, Holandia Flevo Berry zapewnia z Sunsation now\u0105 odmian\u0119 o \u015brednim okresie dojrzewania. Owoce Sunsation s\u0105 uformowane regularnie. Plony s\u0105 wy\u017csze od Elsanty i Sonaty. Sunsation ma \u0142adne, \u015brednio-czerwone owoce z atrakcyjnym po\u0142yskiem. Odmiana przekonuje dobr\u0105 trwa\u0142o\u015bci\u0105 owoc\u00f3w. [&hellip;]\" \/>\n<meta property=\"og:url\" content=\"https:\/\/kraege.de\/pol\/produkty\/truskawki\/hauptreifezeit\/sunsation\/\" \/>\n<meta property=\"og:site_name\" content=\"KRAEGE Beerenpflanzen POL\" \/>\n<meta property=\"article:modified_time\" content=\"2025-11-24T14:56:56+00:00\" \/>\n<meta name=\"twitter:card\" content=\"summary\" \/>\n<meta name=\"twitter:label1\" content=\"Szacowany czas czytania\" \/>\n\t<meta name=\"twitter:data1\" content=\"1 minuta\" \/>\n<script type=\"application\/ld+json\" class=\"yoast-schema-graph\">{\"@context\":\"https:\/\/schema.org\",\"@graph\":[{\"@type\":\"WebSite\",\"@id\":\"https:\/\/kraege.de\/pol\/#website\",\"url\":\"https:\/\/kraege.de\/pol\/\",\"name\":\"KRAEGE Beerenpflanzen POL\",\"description\":\"Erdbeeren und Himbeeren aus der Region | Telgte | M\\u00fcnster | Warendorf\",\"potentialAction\":[{\"@type\":\"SearchAction\",\"target\":{\"@type\":\"EntryPoint\",\"urlTemplate\":\"https:\/\/kraege.de\/pol\/?s={search_term_string}\"},\"query-input\":\"required name=search_term_string\"}],\"inLanguage\":\"pl-PL\"},{\"@type\":\"WebPage\",\"@id\":\"https:\/\/kraege.de\/pol\/produkty\/truskawki\/hauptreifezeit\/sunsation\/#webpage\",\"url\":\"https:\/\/kraege.de\/pol\/produkty\/truskawki\/hauptreifezeit\/sunsation\/\",\"name\":\"Sonsation - KRAEGE Beerenpflanzen POL\",\"isPartOf\":{\"@id\":\"https:\/\/kraege.de\/pol\/#website\"},\"datePublished\":\"2016-12-05T07:56:17+00:00\",\"dateModified\":\"2025-11-24T14:56:56+00:00\",\"breadcrumb\":{\"@id\":\"https:\/\/kraege.de\/pol\/produkty\/truskawki\/hauptreifezeit\/sunsation\/#breadcrumb\"},\"inLanguage\":\"pl-PL\",\"potentialAction\":[{\"@type\":\"ReadAction\",\"target\":[\"https:\/\/kraege.de\/pol\/produkty\/truskawki\/hauptreifezeit\/sunsation\/\"]}]},{\"@type\":\"BreadcrumbList\",\"@id\":\"https:\/\/kraege.de\/pol\/produkty\/truskawki\/hauptreifezeit\/sunsation\/#breadcrumb\",\"itemListElement\":[{\"@type\":\"ListItem\",\"position\":1,\"name\":\"Home\",\"item\":\"https:\/\/kraege.de\/pol\/\"},{\"@type\":\"ListItem\",\"position\":2,\"name\":\"Produkty\",\"item\":\"https:\/\/kraege.de\/pol\/produkty\/\"},{\"@type\":\"ListItem\",\"position\":3,\"name\":\"Truskawki\",\"item\":\"https:\/\/kraege.de\/pol\/produkty\/truskawki\/\"},{\"@type\":\"ListItem\",\"position\":4,\"name\":\"G\\u0142\\u00f3wna pora dojrzewania\",\"item\":\"https:\/\/kraege.de\/pol\/produkty\/truskawki\/hauptreifezeit\/\"},{\"@type\":\"ListItem\",\"position\":5,\"name\":\"Sonsation\"}]}]}<\/script>\n<!-- \/ Yoast SEO plugin. -->","yoast_head_json":{"robots":{"index":"index","follow":"follow","max-snippet":"max-snippet:-1","max-image-preview":"max-image-preview:large","max-video-preview":"max-video-preview:-1"},"canonical":"https:\/\/kraege.de\/pol\/produkty\/truskawki\/hauptreifezeit\/sunsation\/","og_locale":"pl_PL","og_type":"article","og_title":"Sonsation - KRAEGE Beerenpflanzen POL","og_description":"Kolor \u015brednio-czerwony, atrakcyjny po\u0142ysk Uwagi interesuj\u0105ca nowo\u015b\u0107, szczeg\u00f3lnie do sprzeda\u017cy bezpo\u015bredniej \u2013 odmiana chroniona, W\u0142a\u015bciciel odmiany: Flevo Berry, Holandia Flevo Berry zapewnia z Sunsation now\u0105 odmian\u0119 o \u015brednim okresie dojrzewania. Owoce Sunsation s\u0105 uformowane regularnie. Plony s\u0105 wy\u017csze od Elsanty i Sonaty. Sunsation ma \u0142adne, \u015brednio-czerwone owoce z atrakcyjnym po\u0142yskiem. Odmiana przekonuje dobr\u0105 trwa\u0142o\u015bci\u0105 owoc\u00f3w. [&hellip;]","og_url":"https:\/\/kraege.de\/pol\/produkty\/truskawki\/hauptreifezeit\/sunsation\/","og_site_name":"KRAEGE Beerenpflanzen POL","article_modified_time":"2025-11-24T14:56:56+00:00","twitter_card":"summary","twitter_misc":{"Szacowany czas czytania":"1 minuta"},"schema":{"@context":"https:\/\/schema.org","@graph":[{"@type":"WebSite","@id":"https:\/\/kraege.de\/pol\/#website","url":"https:\/\/kraege.de\/pol\/","name":"KRAEGE Beerenpflanzen POL","description":"Erdbeeren und Himbeeren aus der Region | Telgte | M\u00fcnster | Warendorf","potentialAction":[{"@type":"SearchAction","target":{"@type":"EntryPoint","urlTemplate":"https:\/\/kraege.de\/pol\/?s={search_term_string}"},"query-input":"required name=search_term_string"}],"inLanguage":"pl-PL"},{"@type":"WebPage","@id":"https:\/\/kraege.de\/pol\/produkty\/truskawki\/hauptreifezeit\/sunsation\/#webpage","url":"https:\/\/kraege.de\/pol\/produkty\/truskawki\/hauptreifezeit\/sunsation\/","name":"Sonsation - KRAEGE Beerenpflanzen POL","isPartOf":{"@id":"https:\/\/kraege.de\/pol\/#website"},"datePublished":"2016-12-05T07:56:17+00:00","dateModified":"2025-11-24T14:56:56+00:00","breadcrumb":{"@id":"https:\/\/kraege.de\/pol\/produkty\/truskawki\/hauptreifezeit\/sunsation\/#breadcrumb"},"inLanguage":"pl-PL","potentialAction":[{"@type":"ReadAction","target":["https:\/\/kraege.de\/pol\/produkty\/truskawki\/hauptreifezeit\/sunsation\/"]}]},{"@type":"BreadcrumbList","@id":"https:\/\/kraege.de\/pol\/produkty\/truskawki\/hauptreifezeit\/sunsation\/#breadcrumb","itemListElement":[{"@type":"ListItem","position":1,"name":"Home","item":"https:\/\/kraege.de\/pol\/"},{"@type":"ListItem","position":2,"name":"Produkty","item":"https:\/\/kraege.de\/pol\/produkty\/"},{"@type":"ListItem","position":3,"name":"Truskawki","item":"https:\/\/kraege.de\/pol\/produkty\/truskawki\/"},{"@type":"ListItem","position":4,"name":"G\u0142\u00f3wna pora dojrzewania","item":"https:\/\/kraege.de\/pol\/produkty\/truskawki\/hauptreifezeit\/"},{"@type":"ListItem","position":5,"name":"Sonsation"}]}]}},"_links":{"self":[{"href":"https:\/\/kraege.de\/pol\/wp-json\/wp\/v2\/pages\/1765"}],"collection":[{"href":"https:\/\/kraege.de\/pol\/wp-json\/wp\/v2\/pages"}],"about":[{"href":"https:\/\/kraege.de\/pol\/wp-json\/wp\/v2\/types\/page"}],"author":[{"embeddable":true,"href":"https:\/\/kraege.de\/pol\/wp-json\/wp\/v2\/users\/1"}],"replies":[{"embeddable":true,"href":"https:\/\/kraege.de\/pol\/wp-json\/wp\/v2\/comments?post=1765"}],"version-history":[{"count":8,"href":"https:\/\/kraege.de\/pol\/wp-json\/wp\/v2\/pages\/1765\/revisions"}],"predecessor-version":[{"id":2182,"href":"https:\/\/kraege.de\/pol\/wp-json\/wp\/v2\/pages\/1765\/revisions\/2182"}],"up":[{"embeddable":true,"href":"https:\/\/kraege.de\/pol\/wp-json\/wp\/v2\/pages\/55"}],"wp:attachment":[{"href":"https:\/\/kraege.de\/pol\/wp-json\/wp\/v2\/media?parent=1765"}],"curies":[{"name":"wp","href":"https:\/\/api.w.org\/{rel}","templated":true}]}}