{"id":1683,"date":"2016-11-14T19:24:38","date_gmt":"2016-11-14T18:24:38","guid":{"rendered":"http:\/\/kraege.de\/pol\/?page_id=1683"},"modified":"2025-11-24T15:46:14","modified_gmt":"2025-11-24T14:46:14","slug":"ff-1602","status":"publish","type":"page","link":"https:\/\/kraege.de\/pol\/produkty\/truskawki\/fruehreifende-sorten\/ff-1602\/","title":{"rendered":"Allegro"},"content":{"rendered":"<div class=\"tabelle-fruechte\">\n<table>\n<tbody>\n<tr>\n<td>Kolor:<\/td>\n<td>\u015brednio-czerwony, silny po\u0142ysk<\/td>\n<\/tr>\n<tr>\n<td>Uwagi:<\/td>\n<td>atrakcyjna, wczesna odmiana, o dobrym smaku,dobra do sprzeda\u017cy na ka\u017cdym rynku<\/td>\n<\/tr>\n<\/tbody>\n<\/table>\n<\/div>\n<div class=\"reifezeit\">\n<p>\u2013 odmiana chroniona, W\u0142a\u015bciciel odmiany: Fresh Forward B.V., Wageningen, Holandia<\/p>\n<\/div>\n<p>Fresh Forward z Allegro (FF 1602) prezentuje nowa odmian\u0119, kt\u00f3ra otrzyma now\u0105 nazw\u0119 pod koniec roku. Allegro jest now\u0105 wczesn\u0105 odmian\u0105 z wcze\u015bniejszym od Clery okresem dojrzewania owoc\u00f3w. Dodatkow\u0105 zalet\u0105 odmiany jest przydatno\u015b\u0107 dla wszystkich kana\u0142\u00f3w marketingowych. Selekcja przekonuje \u015brednimi do du\u017cych, twardymi owocami, kt\u00f3re s\u0105 jasno-czerwone, o bardzo regularnym sto\u017ckowatym kszta\u0142cie i pierwszej klasie handlowej. Wydajno\u015b\u0107 wy\u017csza od Rumby i wyra\u017anie wi\u0119ksza od Clery. Soczyste owoce o wysokiej zawarto\u015bci cukru. Bardzo dobry smak. Jest to wczesna odmiana zas\u0142uguj\u0105ca na uwag\u0119 w odpowiednim handlu.<br \/>\nAllegro jest bujn\u0105 ro\u015blin\u0105. Jest ma\u0142o podatna na choroby korzeni jak Phytophthora cactorum i Verticilium. Tak\u017ce zdrowotno\u015b\u0107 li\u015bci jest bardzo dobra (niewielka podatno\u015b\u0107 na m\u0105czniak). Niewielkie problemy z Botrytis na owocach. Dlatego zaleca si\u0119 ponowne nasadzenia na tych samych stanowiskach. Allegro jest siln\u0105, dobrze rosn\u0105c\u0105 ro\u015blin\u0105. Dlatego zaleca si\u0119 wi\u0119ksz\u0105 odleg\u0142o\u015b\u0107 sadzenia mi\u0119dzy ro\u015blinami, co u\u0142atwi p\u00f3\u017aniejsze zbiory. Nast\u0119pn\u0105 wa\u017cn\u0105 cech\u0105 wczesnych odmian jest d\u0142ugo\u015b\u0107 kwiatostan\u00f3w. Allegro kwitnie pod li\u015b\u0107mi albo r\u00f3wno z li\u015b\u0107mi. Kwiaty s\u0105 chronione przed p\u00f3\u017anymi przymrozkami. S\u0105dzimy, \u017ce Allegro jest interesuj\u0105c\u0105 now\u0105, wczesn\u0105 odmian\u0105, z powodu jej jako\u015bci owoc\u00f3w i bardzo dobrej zdrowotno\u015bci ro\u015blin. Odpowiednia wielko\u015b\u0107 owoc\u00f3w, ich trwa\u0142o\u015b\u0107 i bardzo dobry smak, dobry zar\u00f3wno do handlu, jak i sprzeda\u017cy bezpo\u015bredniej.<\/p>\n","protected":false},"excerpt":{"rendered":"<p>Kolor: \u015brednio-czerwony, silny po\u0142ysk Uwagi: atrakcyjna, wczesna odmiana, o dobrym smaku,dobra do sprzeda\u017cy na ka\u017cdym rynku \u2013 odmiana chroniona, W\u0142a\u015bciciel odmiany: Fresh Forward B.V., Wageningen, Holandia Fresh Forward z Allegro (FF 1602) prezentuje nowa odmian\u0119, kt\u00f3ra otrzyma now\u0105 nazw\u0119 pod koniec roku. Allegro jest now\u0105 wczesn\u0105 odmian\u0105 z wcze\u015bniejszym od Clery okresem dojrzewania owoc\u00f3w. Dodatkow\u0105 [&hellip;]<\/p>\n","protected":false},"author":1,"featured_media":0,"parent":53,"menu_order":3,"comment_status":"closed","ping_status":"closed","template":"page_frucht.php","meta":[],"yoast_head":"<!-- This site is optimized with the Yoast SEO plugin v17.2.1 - https:\/\/yoast.com\/wordpress\/plugins\/seo\/ -->\n<meta name=\"robots\" content=\"index, follow, max-snippet:-1, max-image-preview:large, max-video-preview:-1\" \/>\n<link rel=\"canonical\" href=\"https:\/\/kraege.de\/pol\/produkty\/truskawki\/fruehreifende-sorten\/ff-1602\/\" \/>\n<meta property=\"og:locale\" content=\"pl_PL\" \/>\n<meta property=\"og:type\" content=\"article\" \/>\n<meta property=\"og:title\" content=\"Allegro - KRAEGE Beerenpflanzen POL\" \/>\n<meta property=\"og:description\" content=\"Kolor: \u015brednio-czerwony, silny po\u0142ysk Uwagi: atrakcyjna, wczesna odmiana, o dobrym smaku,dobra do sprzeda\u017cy na ka\u017cdym rynku \u2013 odmiana chroniona, W\u0142a\u015bciciel odmiany: Fresh Forward B.V., Wageningen, Holandia Fresh Forward z Allegro (FF 1602) prezentuje nowa odmian\u0119, kt\u00f3ra otrzyma now\u0105 nazw\u0119 pod koniec roku. Allegro jest now\u0105 wczesn\u0105 odmian\u0105 z wcze\u015bniejszym od Clery okresem dojrzewania owoc\u00f3w. Dodatkow\u0105 [&hellip;]\" \/>\n<meta property=\"og:url\" content=\"https:\/\/kraege.de\/pol\/produkty\/truskawki\/fruehreifende-sorten\/ff-1602\/\" \/>\n<meta property=\"og:site_name\" content=\"KRAEGE Beerenpflanzen POL\" \/>\n<meta property=\"article:modified_time\" content=\"2025-11-24T14:46:14+00:00\" \/>\n<meta name=\"twitter:card\" content=\"summary\" \/>\n<meta name=\"twitter:label1\" content=\"Szacowany czas czytania\" \/>\n\t<meta name=\"twitter:data1\" content=\"1 minuta\" \/>\n<script type=\"application\/ld+json\" class=\"yoast-schema-graph\">{\"@context\":\"https:\/\/schema.org\",\"@graph\":[{\"@type\":\"WebSite\",\"@id\":\"https:\/\/kraege.de\/pol\/#website\",\"url\":\"https:\/\/kraege.de\/pol\/\",\"name\":\"KRAEGE Beerenpflanzen POL\",\"description\":\"Erdbeeren und Himbeeren aus der Region | Telgte | M\\u00fcnster | Warendorf\",\"potentialAction\":[{\"@type\":\"SearchAction\",\"target\":{\"@type\":\"EntryPoint\",\"urlTemplate\":\"https:\/\/kraege.de\/pol\/?s={search_term_string}\"},\"query-input\":\"required name=search_term_string\"}],\"inLanguage\":\"pl-PL\"},{\"@type\":\"WebPage\",\"@id\":\"https:\/\/kraege.de\/pol\/produkty\/truskawki\/fruehreifende-sorten\/ff-1602\/#webpage\",\"url\":\"https:\/\/kraege.de\/pol\/produkty\/truskawki\/fruehreifende-sorten\/ff-1602\/\",\"name\":\"Allegro - KRAEGE Beerenpflanzen POL\",\"isPartOf\":{\"@id\":\"https:\/\/kraege.de\/pol\/#website\"},\"datePublished\":\"2016-11-14T18:24:38+00:00\",\"dateModified\":\"2025-11-24T14:46:14+00:00\",\"breadcrumb\":{\"@id\":\"https:\/\/kraege.de\/pol\/produkty\/truskawki\/fruehreifende-sorten\/ff-1602\/#breadcrumb\"},\"inLanguage\":\"pl-PL\",\"potentialAction\":[{\"@type\":\"ReadAction\",\"target\":[\"https:\/\/kraege.de\/pol\/produkty\/truskawki\/fruehreifende-sorten\/ff-1602\/\"]}]},{\"@type\":\"BreadcrumbList\",\"@id\":\"https:\/\/kraege.de\/pol\/produkty\/truskawki\/fruehreifende-sorten\/ff-1602\/#breadcrumb\",\"itemListElement\":[{\"@type\":\"ListItem\",\"position\":1,\"name\":\"Home\",\"item\":\"https:\/\/kraege.de\/pol\/\"},{\"@type\":\"ListItem\",\"position\":2,\"name\":\"Produkty\",\"item\":\"https:\/\/kraege.de\/pol\/produkty\/\"},{\"@type\":\"ListItem\",\"position\":3,\"name\":\"Truskawki\",\"item\":\"https:\/\/kraege.de\/pol\/produkty\/truskawki\/\"},{\"@type\":\"ListItem\",\"position\":4,\"name\":\"Odmiany wcze\\u015bnie dojrzewaj\\u0105ce\",\"item\":\"https:\/\/kraege.de\/pol\/produkty\/truskawki\/fruehreifende-sorten\/\"},{\"@type\":\"ListItem\",\"position\":5,\"name\":\"Allegro\"}]}]}<\/script>\n<!-- \/ Yoast SEO plugin. -->","yoast_head_json":{"robots":{"index":"index","follow":"follow","max-snippet":"max-snippet:-1","max-image-preview":"max-image-preview:large","max-video-preview":"max-video-preview:-1"},"canonical":"https:\/\/kraege.de\/pol\/produkty\/truskawki\/fruehreifende-sorten\/ff-1602\/","og_locale":"pl_PL","og_type":"article","og_title":"Allegro - KRAEGE Beerenpflanzen POL","og_description":"Kolor: \u015brednio-czerwony, silny po\u0142ysk Uwagi: atrakcyjna, wczesna odmiana, o dobrym smaku,dobra do sprzeda\u017cy na ka\u017cdym rynku \u2013 odmiana chroniona, W\u0142a\u015bciciel odmiany: Fresh Forward B.V., Wageningen, Holandia Fresh Forward z Allegro (FF 1602) prezentuje nowa odmian\u0119, kt\u00f3ra otrzyma now\u0105 nazw\u0119 pod koniec roku. Allegro jest now\u0105 wczesn\u0105 odmian\u0105 z wcze\u015bniejszym od Clery okresem dojrzewania owoc\u00f3w. Dodatkow\u0105 [&hellip;]","og_url":"https:\/\/kraege.de\/pol\/produkty\/truskawki\/fruehreifende-sorten\/ff-1602\/","og_site_name":"KRAEGE Beerenpflanzen POL","article_modified_time":"2025-11-24T14:46:14+00:00","twitter_card":"summary","twitter_misc":{"Szacowany czas czytania":"1 minuta"},"schema":{"@context":"https:\/\/schema.org","@graph":[{"@type":"WebSite","@id":"https:\/\/kraege.de\/pol\/#website","url":"https:\/\/kraege.de\/pol\/","name":"KRAEGE Beerenpflanzen POL","description":"Erdbeeren und Himbeeren aus der Region | Telgte | M\u00fcnster | Warendorf","potentialAction":[{"@type":"SearchAction","target":{"@type":"EntryPoint","urlTemplate":"https:\/\/kraege.de\/pol\/?s={search_term_string}"},"query-input":"required name=search_term_string"}],"inLanguage":"pl-PL"},{"@type":"WebPage","@id":"https:\/\/kraege.de\/pol\/produkty\/truskawki\/fruehreifende-sorten\/ff-1602\/#webpage","url":"https:\/\/kraege.de\/pol\/produkty\/truskawki\/fruehreifende-sorten\/ff-1602\/","name":"Allegro - KRAEGE Beerenpflanzen POL","isPartOf":{"@id":"https:\/\/kraege.de\/pol\/#website"},"datePublished":"2016-11-14T18:24:38+00:00","dateModified":"2025-11-24T14:46:14+00:00","breadcrumb":{"@id":"https:\/\/kraege.de\/pol\/produkty\/truskawki\/fruehreifende-sorten\/ff-1602\/#breadcrumb"},"inLanguage":"pl-PL","potentialAction":[{"@type":"ReadAction","target":["https:\/\/kraege.de\/pol\/produkty\/truskawki\/fruehreifende-sorten\/ff-1602\/"]}]},{"@type":"BreadcrumbList","@id":"https:\/\/kraege.de\/pol\/produkty\/truskawki\/fruehreifende-sorten\/ff-1602\/#breadcrumb","itemListElement":[{"@type":"ListItem","position":1,"name":"Home","item":"https:\/\/kraege.de\/pol\/"},{"@type":"ListItem","position":2,"name":"Produkty","item":"https:\/\/kraege.de\/pol\/produkty\/"},{"@type":"ListItem","position":3,"name":"Truskawki","item":"https:\/\/kraege.de\/pol\/produkty\/truskawki\/"},{"@type":"ListItem","position":4,"name":"Odmiany wcze\u015bnie dojrzewaj\u0105ce","item":"https:\/\/kraege.de\/pol\/produkty\/truskawki\/fruehreifende-sorten\/"},{"@type":"ListItem","position":5,"name":"Allegro"}]}]}},"_links":{"self":[{"href":"https:\/\/kraege.de\/pol\/wp-json\/wp\/v2\/pages\/1683"}],"collection":[{"href":"https:\/\/kraege.de\/pol\/wp-json\/wp\/v2\/pages"}],"about":[{"href":"https:\/\/kraege.de\/pol\/wp-json\/wp\/v2\/types\/page"}],"author":[{"embeddable":true,"href":"https:\/\/kraege.de\/pol\/wp-json\/wp\/v2\/users\/1"}],"replies":[{"embeddable":true,"href":"https:\/\/kraege.de\/pol\/wp-json\/wp\/v2\/comments?post=1683"}],"version-history":[{"count":7,"href":"https:\/\/kraege.de\/pol\/wp-json\/wp\/v2\/pages\/1683\/revisions"}],"predecessor-version":[{"id":2028,"href":"https:\/\/kraege.de\/pol\/wp-json\/wp\/v2\/pages\/1683\/revisions\/2028"}],"up":[{"embeddable":true,"href":"https:\/\/kraege.de\/pol\/wp-json\/wp\/v2\/pages\/53"}],"wp:attachment":[{"href":"https:\/\/kraege.de\/pol\/wp-json\/wp\/v2\/media?parent=1683"}],"curies":[{"name":"wp","href":"https:\/\/api.w.org\/{rel}","templated":true}]}}