{"id":168,"date":"2015-04-15T11:57:10","date_gmt":"2015-04-15T09:57:10","guid":{"rendered":"http:\/\/kraege.de\/kraege-21\/?page_id=168"},"modified":"2022-11-22T17:29:04","modified_gmt":"2022-11-22T16:29:04","slug":"mara-des-bois","status":"publish","type":"page","link":"https:\/\/kraege.de\/pol\/produkty\/truskawki\/remontierende-sorten\/mara-des-bois\/","title":{"rendered":"Mara des Bois"},"content":{"rendered":"<div class=\"tabelle-fruechte\">\n<table>\n<tbody>\n<tr>\n<td>Kolor<\/td>\n<td>czerwony<\/td>\n<\/tr>\n<tr>\n<td>Uwagi<\/td>\n<td>Hodowla francuska o smaku dzikiej truskawki. Wydajno\u015b\u0107, wielko\u015b\u0107 owoc\u00f3w i termin przydatno\u015bci do spo\u017cycia Mara des Bois le\u017c\u0105 w \u015brodkowym przedziale , ale smak jest wyj\u0105tkowy. Nadaje si\u0119 na specjalne rynki, takie jak gastronomia, cukiernie lub jako funkcja specjalna odmiana w marketingu bezpo\u015brednim.<\/td>\n<\/tr>\n<\/tbody>\n<\/table>\n<\/div>\n<div class=\"herkunft\">\u2013 odmiana chroniona, W\u0142a\u015bciciel odmiany: J. Marionnet, Francja<\/div>\n","protected":false},"excerpt":{"rendered":"<p>Kolor czerwony Uwagi Hodowla francuska o smaku dzikiej truskawki. Wydajno\u015b\u0107, wielko\u015b\u0107 owoc\u00f3w i termin przydatno\u015bci do spo\u017cycia Mara des Bois le\u017c\u0105 w \u015brodkowym przedziale , ale smak jest wyj\u0105tkowy. Nadaje si\u0119 na specjalne rynki, takie jak gastronomia, cukiernie lub jako funkcja specjalna odmiana w marketingu bezpo\u015brednim. \u2013 odmiana chroniona, W\u0142a\u015bciciel odmiany: J. Marionnet, Francja<\/p>\n","protected":false},"author":1,"featured_media":0,"parent":61,"menu_order":1,"comment_status":"open","ping_status":"closed","template":"page_frucht.php","meta":[],"yoast_head":"<!-- This site is optimized with the Yoast SEO plugin v17.2.1 - https:\/\/yoast.com\/wordpress\/plugins\/seo\/ -->\n<meta name=\"robots\" content=\"index, follow, max-snippet:-1, max-image-preview:large, max-video-preview:-1\" \/>\n<link rel=\"canonical\" href=\"https:\/\/kraege.de\/pol\/produkty\/truskawki\/remontierende-sorten\/mara-des-bois\/\" \/>\n<meta property=\"og:locale\" content=\"pl_PL\" \/>\n<meta property=\"og:type\" content=\"article\" \/>\n<meta property=\"og:title\" content=\"Mara des Bois - KRAEGE Beerenpflanzen POL\" \/>\n<meta property=\"og:description\" content=\"Kolor czerwony Uwagi Hodowla francuska o smaku dzikiej truskawki. Wydajno\u015b\u0107, wielko\u015b\u0107 owoc\u00f3w i termin przydatno\u015bci do spo\u017cycia Mara des Bois le\u017c\u0105 w \u015brodkowym przedziale , ale smak jest wyj\u0105tkowy. Nadaje si\u0119 na specjalne rynki, takie jak gastronomia, cukiernie lub jako funkcja specjalna odmiana w marketingu bezpo\u015brednim. \u2013 odmiana chroniona, W\u0142a\u015bciciel odmiany: J. Marionnet, Francja\" \/>\n<meta property=\"og:url\" content=\"https:\/\/kraege.de\/pol\/produkty\/truskawki\/remontierende-sorten\/mara-des-bois\/\" \/>\n<meta property=\"og:site_name\" content=\"KRAEGE Beerenpflanzen POL\" \/>\n<meta property=\"article:modified_time\" content=\"2022-11-22T16:29:04+00:00\" \/>\n<meta name=\"twitter:card\" content=\"summary\" \/>\n<meta name=\"twitter:label1\" content=\"Szacowany czas czytania\" \/>\n\t<meta name=\"twitter:data1\" content=\"1 minuta\" \/>\n<script type=\"application\/ld+json\" class=\"yoast-schema-graph\">{\"@context\":\"https:\/\/schema.org\",\"@graph\":[{\"@type\":\"WebSite\",\"@id\":\"https:\/\/kraege.de\/pol\/#website\",\"url\":\"https:\/\/kraege.de\/pol\/\",\"name\":\"KRAEGE Beerenpflanzen POL\",\"description\":\"Erdbeeren und Himbeeren aus der Region | Telgte | M\\u00fcnster | Warendorf\",\"potentialAction\":[{\"@type\":\"SearchAction\",\"target\":{\"@type\":\"EntryPoint\",\"urlTemplate\":\"https:\/\/kraege.de\/pol\/?s={search_term_string}\"},\"query-input\":\"required name=search_term_string\"}],\"inLanguage\":\"pl-PL\"},{\"@type\":\"WebPage\",\"@id\":\"https:\/\/kraege.de\/pol\/produkty\/truskawki\/remontierende-sorten\/mara-des-bois\/#webpage\",\"url\":\"https:\/\/kraege.de\/pol\/produkty\/truskawki\/remontierende-sorten\/mara-des-bois\/\",\"name\":\"Mara des Bois - KRAEGE Beerenpflanzen POL\",\"isPartOf\":{\"@id\":\"https:\/\/kraege.de\/pol\/#website\"},\"datePublished\":\"2015-04-15T09:57:10+00:00\",\"dateModified\":\"2022-11-22T16:29:04+00:00\",\"breadcrumb\":{\"@id\":\"https:\/\/kraege.de\/pol\/produkty\/truskawki\/remontierende-sorten\/mara-des-bois\/#breadcrumb\"},\"inLanguage\":\"pl-PL\",\"potentialAction\":[{\"@type\":\"ReadAction\",\"target\":[\"https:\/\/kraege.de\/pol\/produkty\/truskawki\/remontierende-sorten\/mara-des-bois\/\"]}]},{\"@type\":\"BreadcrumbList\",\"@id\":\"https:\/\/kraege.de\/pol\/produkty\/truskawki\/remontierende-sorten\/mara-des-bois\/#breadcrumb\",\"itemListElement\":[{\"@type\":\"ListItem\",\"position\":1,\"name\":\"Home\",\"item\":\"https:\/\/kraege.de\/pol\/\"},{\"@type\":\"ListItem\",\"position\":2,\"name\":\"Produkty\",\"item\":\"https:\/\/kraege.de\/pol\/produkty\/\"},{\"@type\":\"ListItem\",\"position\":3,\"name\":\"Truskawki\",\"item\":\"https:\/\/kraege.de\/pol\/produkty\/truskawki\/\"},{\"@type\":\"ListItem\",\"position\":4,\"name\":\"Odmiany stale owocuj\\u0105ce\",\"item\":\"https:\/\/kraege.de\/pol\/produkty\/truskawki\/remontierende-sorten\/\"},{\"@type\":\"ListItem\",\"position\":5,\"name\":\"Mara des Bois\"}]}]}<\/script>\n<!-- \/ Yoast SEO plugin. -->","yoast_head_json":{"robots":{"index":"index","follow":"follow","max-snippet":"max-snippet:-1","max-image-preview":"max-image-preview:large","max-video-preview":"max-video-preview:-1"},"canonical":"https:\/\/kraege.de\/pol\/produkty\/truskawki\/remontierende-sorten\/mara-des-bois\/","og_locale":"pl_PL","og_type":"article","og_title":"Mara des Bois - KRAEGE Beerenpflanzen POL","og_description":"Kolor czerwony Uwagi Hodowla francuska o smaku dzikiej truskawki. Wydajno\u015b\u0107, wielko\u015b\u0107 owoc\u00f3w i termin przydatno\u015bci do spo\u017cycia Mara des Bois le\u017c\u0105 w \u015brodkowym przedziale , ale smak jest wyj\u0105tkowy. Nadaje si\u0119 na specjalne rynki, takie jak gastronomia, cukiernie lub jako funkcja specjalna odmiana w marketingu bezpo\u015brednim. \u2013 odmiana chroniona, W\u0142a\u015bciciel odmiany: J. Marionnet, Francja","og_url":"https:\/\/kraege.de\/pol\/produkty\/truskawki\/remontierende-sorten\/mara-des-bois\/","og_site_name":"KRAEGE Beerenpflanzen POL","article_modified_time":"2022-11-22T16:29:04+00:00","twitter_card":"summary","twitter_misc":{"Szacowany czas czytania":"1 minuta"},"schema":{"@context":"https:\/\/schema.org","@graph":[{"@type":"WebSite","@id":"https:\/\/kraege.de\/pol\/#website","url":"https:\/\/kraege.de\/pol\/","name":"KRAEGE Beerenpflanzen POL","description":"Erdbeeren und Himbeeren aus der Region | Telgte | M\u00fcnster | Warendorf","potentialAction":[{"@type":"SearchAction","target":{"@type":"EntryPoint","urlTemplate":"https:\/\/kraege.de\/pol\/?s={search_term_string}"},"query-input":"required name=search_term_string"}],"inLanguage":"pl-PL"},{"@type":"WebPage","@id":"https:\/\/kraege.de\/pol\/produkty\/truskawki\/remontierende-sorten\/mara-des-bois\/#webpage","url":"https:\/\/kraege.de\/pol\/produkty\/truskawki\/remontierende-sorten\/mara-des-bois\/","name":"Mara des Bois - KRAEGE Beerenpflanzen POL","isPartOf":{"@id":"https:\/\/kraege.de\/pol\/#website"},"datePublished":"2015-04-15T09:57:10+00:00","dateModified":"2022-11-22T16:29:04+00:00","breadcrumb":{"@id":"https:\/\/kraege.de\/pol\/produkty\/truskawki\/remontierende-sorten\/mara-des-bois\/#breadcrumb"},"inLanguage":"pl-PL","potentialAction":[{"@type":"ReadAction","target":["https:\/\/kraege.de\/pol\/produkty\/truskawki\/remontierende-sorten\/mara-des-bois\/"]}]},{"@type":"BreadcrumbList","@id":"https:\/\/kraege.de\/pol\/produkty\/truskawki\/remontierende-sorten\/mara-des-bois\/#breadcrumb","itemListElement":[{"@type":"ListItem","position":1,"name":"Home","item":"https:\/\/kraege.de\/pol\/"},{"@type":"ListItem","position":2,"name":"Produkty","item":"https:\/\/kraege.de\/pol\/produkty\/"},{"@type":"ListItem","position":3,"name":"Truskawki","item":"https:\/\/kraege.de\/pol\/produkty\/truskawki\/"},{"@type":"ListItem","position":4,"name":"Odmiany stale owocuj\u0105ce","item":"https:\/\/kraege.de\/pol\/produkty\/truskawki\/remontierende-sorten\/"},{"@type":"ListItem","position":5,"name":"Mara des Bois"}]}]}},"_links":{"self":[{"href":"https:\/\/kraege.de\/pol\/wp-json\/wp\/v2\/pages\/168"}],"collection":[{"href":"https:\/\/kraege.de\/pol\/wp-json\/wp\/v2\/pages"}],"about":[{"href":"https:\/\/kraege.de\/pol\/wp-json\/wp\/v2\/types\/page"}],"author":[{"embeddable":true,"href":"https:\/\/kraege.de\/pol\/wp-json\/wp\/v2\/users\/1"}],"replies":[{"embeddable":true,"href":"https:\/\/kraege.de\/pol\/wp-json\/wp\/v2\/comments?post=168"}],"version-history":[{"count":9,"href":"https:\/\/kraege.de\/pol\/wp-json\/wp\/v2\/pages\/168\/revisions"}],"predecessor-version":[{"id":2106,"href":"https:\/\/kraege.de\/pol\/wp-json\/wp\/v2\/pages\/168\/revisions\/2106"}],"up":[{"embeddable":true,"href":"https:\/\/kraege.de\/pol\/wp-json\/wp\/v2\/pages\/61"}],"wp:attachment":[{"href":"https:\/\/kraege.de\/pol\/wp-json\/wp\/v2\/media?parent=168"}],"curies":[{"name":"wp","href":"https:\/\/api.w.org\/{rel}","templated":true}]}}