{"id":1665,"date":"2016-11-14T19:14:37","date_gmt":"2016-11-14T18:14:37","guid":{"rendered":"http:\/\/kraege.de\/pol\/?page_id=1665"},"modified":"2021-11-17T17:41:42","modified_gmt":"2021-11-17T16:41:42","slug":"murano","status":"publish","type":"page","link":"https:\/\/kraege.de\/pol\/produkty\/truskawki\/remontierende-sorten\/murano\/","title":{"rendered":"Murano"},"content":{"rendered":"<div class=\"tabelle-fruechte\">\n<table>\n<tbody>\n<tr>\n<td>Kolor:<\/td>\n<td>\u015brednio-czerwony \u2026 czerwony, po\u0142yskuj\u0105cy<\/td>\n<\/tr>\n<tr>\n<td>Uwagi:<\/td>\n<td>Ciekawa odmiana z \u015brednio dobrym smakiem. Wydajno\u015bci plonu jest wysoka<br \/>\no \u015brednim rozmiarze owoc\u00f3w. Atrakcyjne owoce maj\u0105 dobr\u0105 trwa\u0142o\u015b.<br \/>\nMurano jest jedn\u0105 ze standardowych odmian do wystawiania plon\u00f3w.<\/td>\n<\/tr>\n<\/tbody>\n<\/table>\n<\/div>\n<div class=\"reifezeit\"><\/div>\n<div class=\"herkunft\">\n<p>&#8211; Odmiana chroniona, W\u0142a\u015bciciel odmiany: C.I.V, W\u0142ochy<\/p>\n<\/div>\n<p>&nbsp;<\/p>\n","protected":false},"excerpt":{"rendered":"<p>Kolor: \u015brednio-czerwony \u2026 czerwony, po\u0142yskuj\u0105cy Uwagi: Ciekawa odmiana z \u015brednio dobrym smakiem. Wydajno\u015bci plonu jest wysoka o \u015brednim rozmiarze owoc\u00f3w. Atrakcyjne owoce maj\u0105 dobr\u0105 trwa\u0142o\u015b. Murano jest jedn\u0105 ze standardowych odmian do wystawiania plon\u00f3w. &#8211; Odmiana chroniona, W\u0142a\u015bciciel odmiany: C.I.V, W\u0142ochy &nbsp;<\/p>\n","protected":false},"author":1,"featured_media":0,"parent":61,"menu_order":5,"comment_status":"closed","ping_status":"closed","template":"page_frucht.php","meta":[],"yoast_head":"<!-- This site is optimized with the Yoast SEO plugin v17.2.1 - https:\/\/yoast.com\/wordpress\/plugins\/seo\/ -->\n<meta name=\"robots\" content=\"index, follow, max-snippet:-1, max-image-preview:large, max-video-preview:-1\" \/>\n<link rel=\"canonical\" href=\"https:\/\/kraege.de\/pol\/produkty\/truskawki\/remontierende-sorten\/murano\/\" \/>\n<meta property=\"og:locale\" content=\"pl_PL\" \/>\n<meta property=\"og:type\" content=\"article\" \/>\n<meta property=\"og:title\" content=\"Murano - KRAEGE Beerenpflanzen POL\" \/>\n<meta property=\"og:description\" content=\"Kolor: \u015brednio-czerwony \u2026 czerwony, po\u0142yskuj\u0105cy Uwagi: Ciekawa odmiana z \u015brednio dobrym smakiem. Wydajno\u015bci plonu jest wysoka o \u015brednim rozmiarze owoc\u00f3w. Atrakcyjne owoce maj\u0105 dobr\u0105 trwa\u0142o\u015b. Murano jest jedn\u0105 ze standardowych odmian do wystawiania plon\u00f3w. &#8211; Odmiana chroniona, W\u0142a\u015bciciel odmiany: C.I.V, W\u0142ochy &nbsp;\" \/>\n<meta property=\"og:url\" content=\"https:\/\/kraege.de\/pol\/produkty\/truskawki\/remontierende-sorten\/murano\/\" \/>\n<meta property=\"og:site_name\" content=\"KRAEGE Beerenpflanzen POL\" \/>\n<meta property=\"article:modified_time\" content=\"2021-11-17T16:41:42+00:00\" \/>\n<meta name=\"twitter:card\" content=\"summary\" \/>\n<script type=\"application\/ld+json\" class=\"yoast-schema-graph\">{\"@context\":\"https:\/\/schema.org\",\"@graph\":[{\"@type\":\"WebSite\",\"@id\":\"https:\/\/kraege.de\/pol\/#website\",\"url\":\"https:\/\/kraege.de\/pol\/\",\"name\":\"KRAEGE Beerenpflanzen POL\",\"description\":\"Erdbeeren und Himbeeren aus der Region | Telgte | M\\u00fcnster | Warendorf\",\"potentialAction\":[{\"@type\":\"SearchAction\",\"target\":{\"@type\":\"EntryPoint\",\"urlTemplate\":\"https:\/\/kraege.de\/pol\/?s={search_term_string}\"},\"query-input\":\"required name=search_term_string\"}],\"inLanguage\":\"pl-PL\"},{\"@type\":\"WebPage\",\"@id\":\"https:\/\/kraege.de\/pol\/produkty\/truskawki\/remontierende-sorten\/murano\/#webpage\",\"url\":\"https:\/\/kraege.de\/pol\/produkty\/truskawki\/remontierende-sorten\/murano\/\",\"name\":\"Murano - KRAEGE Beerenpflanzen POL\",\"isPartOf\":{\"@id\":\"https:\/\/kraege.de\/pol\/#website\"},\"datePublished\":\"2016-11-14T18:14:37+00:00\",\"dateModified\":\"2021-11-17T16:41:42+00:00\",\"breadcrumb\":{\"@id\":\"https:\/\/kraege.de\/pol\/produkty\/truskawki\/remontierende-sorten\/murano\/#breadcrumb\"},\"inLanguage\":\"pl-PL\",\"potentialAction\":[{\"@type\":\"ReadAction\",\"target\":[\"https:\/\/kraege.de\/pol\/produkty\/truskawki\/remontierende-sorten\/murano\/\"]}]},{\"@type\":\"BreadcrumbList\",\"@id\":\"https:\/\/kraege.de\/pol\/produkty\/truskawki\/remontierende-sorten\/murano\/#breadcrumb\",\"itemListElement\":[{\"@type\":\"ListItem\",\"position\":1,\"name\":\"Home\",\"item\":\"https:\/\/kraege.de\/pol\/\"},{\"@type\":\"ListItem\",\"position\":2,\"name\":\"Produkty\",\"item\":\"https:\/\/kraege.de\/pol\/produkty\/\"},{\"@type\":\"ListItem\",\"position\":3,\"name\":\"Truskawki\",\"item\":\"https:\/\/kraege.de\/pol\/produkty\/truskawki\/\"},{\"@type\":\"ListItem\",\"position\":4,\"name\":\"Odmiany stale owocuj\\u0105ce\",\"item\":\"https:\/\/kraege.de\/pol\/produkty\/truskawki\/remontierende-sorten\/\"},{\"@type\":\"ListItem\",\"position\":5,\"name\":\"Murano\"}]}]}<\/script>\n<!-- \/ Yoast SEO plugin. -->","yoast_head_json":{"robots":{"index":"index","follow":"follow","max-snippet":"max-snippet:-1","max-image-preview":"max-image-preview:large","max-video-preview":"max-video-preview:-1"},"canonical":"https:\/\/kraege.de\/pol\/produkty\/truskawki\/remontierende-sorten\/murano\/","og_locale":"pl_PL","og_type":"article","og_title":"Murano - KRAEGE Beerenpflanzen POL","og_description":"Kolor: \u015brednio-czerwony \u2026 czerwony, po\u0142yskuj\u0105cy Uwagi: Ciekawa odmiana z \u015brednio dobrym smakiem. Wydajno\u015bci plonu jest wysoka o \u015brednim rozmiarze owoc\u00f3w. Atrakcyjne owoce maj\u0105 dobr\u0105 trwa\u0142o\u015b. Murano jest jedn\u0105 ze standardowych odmian do wystawiania plon\u00f3w. &#8211; Odmiana chroniona, W\u0142a\u015bciciel odmiany: C.I.V, W\u0142ochy &nbsp;","og_url":"https:\/\/kraege.de\/pol\/produkty\/truskawki\/remontierende-sorten\/murano\/","og_site_name":"KRAEGE Beerenpflanzen POL","article_modified_time":"2021-11-17T16:41:42+00:00","twitter_card":"summary","schema":{"@context":"https:\/\/schema.org","@graph":[{"@type":"WebSite","@id":"https:\/\/kraege.de\/pol\/#website","url":"https:\/\/kraege.de\/pol\/","name":"KRAEGE Beerenpflanzen POL","description":"Erdbeeren und Himbeeren aus der Region | Telgte | M\u00fcnster | Warendorf","potentialAction":[{"@type":"SearchAction","target":{"@type":"EntryPoint","urlTemplate":"https:\/\/kraege.de\/pol\/?s={search_term_string}"},"query-input":"required name=search_term_string"}],"inLanguage":"pl-PL"},{"@type":"WebPage","@id":"https:\/\/kraege.de\/pol\/produkty\/truskawki\/remontierende-sorten\/murano\/#webpage","url":"https:\/\/kraege.de\/pol\/produkty\/truskawki\/remontierende-sorten\/murano\/","name":"Murano - KRAEGE Beerenpflanzen POL","isPartOf":{"@id":"https:\/\/kraege.de\/pol\/#website"},"datePublished":"2016-11-14T18:14:37+00:00","dateModified":"2021-11-17T16:41:42+00:00","breadcrumb":{"@id":"https:\/\/kraege.de\/pol\/produkty\/truskawki\/remontierende-sorten\/murano\/#breadcrumb"},"inLanguage":"pl-PL","potentialAction":[{"@type":"ReadAction","target":["https:\/\/kraege.de\/pol\/produkty\/truskawki\/remontierende-sorten\/murano\/"]}]},{"@type":"BreadcrumbList","@id":"https:\/\/kraege.de\/pol\/produkty\/truskawki\/remontierende-sorten\/murano\/#breadcrumb","itemListElement":[{"@type":"ListItem","position":1,"name":"Home","item":"https:\/\/kraege.de\/pol\/"},{"@type":"ListItem","position":2,"name":"Produkty","item":"https:\/\/kraege.de\/pol\/produkty\/"},{"@type":"ListItem","position":3,"name":"Truskawki","item":"https:\/\/kraege.de\/pol\/produkty\/truskawki\/"},{"@type":"ListItem","position":4,"name":"Odmiany stale owocuj\u0105ce","item":"https:\/\/kraege.de\/pol\/produkty\/truskawki\/remontierende-sorten\/"},{"@type":"ListItem","position":5,"name":"Murano"}]}]}},"_links":{"self":[{"href":"https:\/\/kraege.de\/pol\/wp-json\/wp\/v2\/pages\/1665"}],"collection":[{"href":"https:\/\/kraege.de\/pol\/wp-json\/wp\/v2\/pages"}],"about":[{"href":"https:\/\/kraege.de\/pol\/wp-json\/wp\/v2\/types\/page"}],"author":[{"embeddable":true,"href":"https:\/\/kraege.de\/pol\/wp-json\/wp\/v2\/users\/1"}],"replies":[{"embeddable":true,"href":"https:\/\/kraege.de\/pol\/wp-json\/wp\/v2\/comments?post=1665"}],"version-history":[{"count":7,"href":"https:\/\/kraege.de\/pol\/wp-json\/wp\/v2\/pages\/1665\/revisions"}],"predecessor-version":[{"id":2112,"href":"https:\/\/kraege.de\/pol\/wp-json\/wp\/v2\/pages\/1665\/revisions\/2112"}],"up":[{"embeddable":true,"href":"https:\/\/kraege.de\/pol\/wp-json\/wp\/v2\/pages\/61"}],"wp:attachment":[{"href":"https:\/\/kraege.de\/pol\/wp-json\/wp\/v2\/media?parent=1665"}],"curies":[{"name":"wp","href":"https:\/\/api.w.org\/{rel}","templated":true}]}}