{"id":1649,"date":"2016-03-08T21:03:14","date_gmt":"2016-03-08T20:03:14","guid":{"rendered":"http:\/\/kraege.de\/pol\/?page_id=1649"},"modified":"2024-11-24T08:19:27","modified_gmt":"2024-11-24T07:19:27","slug":"kolejnosc-dat","status":"publish","type":"page","link":"https:\/\/kraege.de\/pol\/produkty\/kolejnosc-dat\/","title":{"rendered":"Kolejno\u015b\u0107 dat \/ Terminy zam\u00f3wie\u0144"},"content":{"rendered":"<p>W ostatnich kilku latach liczba gatunk\u00f3w a tak\u017ce mo\u017cliwe procesy kulturowe proporcjonalnie wzrasta\u0142y. Dla r\u00f3\u017cnych typ\u00f3w ro\u015blin s\u0105 potrzebne zr\u00f3\u017cnicowane metody produkcji. Te wszystkie ro\u015bliny w po\u017c\u0105danych odmianach nie jeste\u015bmy w stanie posiada\u0107, graniczy to prawie z niemo\u017cliwo\u015bci\u0105. Aby na pewno na czas otrzyma\u0107 rodzaj ro\u015bliny, kt\u00f3rej potrzebujesz prosimy o wcze\u015bniejsze poinformowanie nas o swoich planach.<\/p>\n<table style=\"height: 106px;\" width=\"1175\">\n<tbody>\n<tr>\n<td width=\"110\"><strong>Truskawki<br \/>\n<\/strong><strong>Sadzonki frigo:<\/strong><br \/>\nPa\u017adziernik \u2013 stycze\u0144<br \/>\n\u2799 Z dostaw\u0105 od stycznia<\/td>\n<td width=\"130\"><strong>Sadzonki z zagon\u00f3w oczekuj\u0105cych:<\/strong><br \/>\ndo 30 maja<br \/>\n\u2799 Dostawa w nast\u0119pnym roku<\/td>\n<td width=\"130\"><strong><br \/>\nSadzonki tray:<\/strong><br \/>\ndo 15 maja<br \/>\n\u2799 Dostawa w nast\u0119pnym roku<\/td>\n<td width=\"130\"><strong><br \/>\n\u015awie\u017ce, zielone sadzonki:<\/strong><br \/>\ndo 30 maja<br \/>\n\u2799 Dostawa w lipcu\/sierpniu<\/td>\n<td width=\"130\"><strong><br \/>\n\u015awie\u017ce, ro\u015bliny doniczkowe<\/strong><br \/>\ndo 30 maja<br \/>\n\u2799 Dostawa w lipcu\/sierpniu<\/td>\n<\/tr>\n<\/tbody>\n<\/table>\n<table style=\"height: 31px;\" width=\"282\">\n<tbody>\n<tr>\n<td width=\"153\"><\/td>\n<td width=\"153\"><\/td>\n<td width=\"153\"><\/td>\n<\/tr>\n<\/tbody>\n<\/table>\n<p><strong>Dostawa ro\u015blin<\/strong><br \/>\nNasza niezawodna logistyka zapewnia szybk\u0105 dostaw\u0119 ro\u015blin bezpo\u015brednio do Twojego gospodarstwa. \u017b\u0105dany termin transportu powinien by\u0107 przedyskutowany z nami 2 \u2013 3 dni wcze\u015bniej. Ro\u015bliny dostarczane s\u0105 w us\u0142udze jednodniowej po konkurencyjnych cenach transportowych. Za niewielk\u0105 do datkow\u0105 op\u0142at\u0105 jest r\u00f3wnie\u017c mo\u017cliwa dostawa ro\u015blin samochodem cie\u017carowym z ch\u0142odni\u0105.<br \/>\nOczywi\u015bcie mo\u017cna swoje sadzonki r\u00f3wnie\u017c odebra\u0107 osobi\u015bcie.<br \/>\nKr\u00f3tkie potwierdzenie terminu odbioru pomo\u017ce unikn\u0105\u0107 niepotrzebnych czas\u00f3w oczekiwa\u0144. Odbi\u00f3r osobisty jest mo\u017cliwy od poniedzia\u0142ku do pi\u0105tku po wcze\u015bniejszym potwierdzeniu terminu.<\/p>\n","protected":false},"excerpt":{"rendered":"<p>W ostatnich kilku latach liczba gatunk\u00f3w a tak\u017ce mo\u017cliwe procesy kulturowe proporcjonalnie wzrasta\u0142y. Dla r\u00f3\u017cnych typ\u00f3w ro\u015blin s\u0105 potrzebne zr\u00f3\u017cnicowane metody produkcji. Te wszystkie ro\u015bliny w po\u017c\u0105danych odmianach nie jeste\u015bmy w stanie posiada\u0107, graniczy to prawie z niemo\u017cliwo\u015bci\u0105. Aby na pewno na czas otrzyma\u0107 rodzaj ro\u015bliny, kt\u00f3rej potrzebujesz prosimy o wcze\u015bniejsze poinformowanie nas o swoich [&hellip;]<\/p>\n","protected":false},"author":1,"featured_media":0,"parent":629,"menu_order":0,"comment_status":"closed","ping_status":"closed","template":"","meta":[],"yoast_head":"<!-- This site is optimized with the Yoast SEO plugin v17.2.1 - https:\/\/yoast.com\/wordpress\/plugins\/seo\/ -->\n<meta name=\"robots\" content=\"index, follow, max-snippet:-1, max-image-preview:large, max-video-preview:-1\" \/>\n<link rel=\"canonical\" href=\"https:\/\/kraege.de\/pol\/produkty\/kolejnosc-dat\/\" \/>\n<meta property=\"og:locale\" content=\"pl_PL\" \/>\n<meta property=\"og:type\" content=\"article\" \/>\n<meta property=\"og:title\" content=\"Kolejno\u015b\u0107 dat \/ Terminy zam\u00f3wie\u0144 - KRAEGE Beerenpflanzen POL\" \/>\n<meta property=\"og:description\" content=\"W ostatnich kilku latach liczba gatunk\u00f3w a tak\u017ce mo\u017cliwe procesy kulturowe proporcjonalnie wzrasta\u0142y. Dla r\u00f3\u017cnych typ\u00f3w ro\u015blin s\u0105 potrzebne zr\u00f3\u017cnicowane metody produkcji. Te wszystkie ro\u015bliny w po\u017c\u0105danych odmianach nie jeste\u015bmy w stanie posiada\u0107, graniczy to prawie z niemo\u017cliwo\u015bci\u0105. Aby na pewno na czas otrzyma\u0107 rodzaj ro\u015bliny, kt\u00f3rej potrzebujesz prosimy o wcze\u015bniejsze poinformowanie nas o swoich [&hellip;]\" \/>\n<meta property=\"og:url\" content=\"https:\/\/kraege.de\/pol\/produkty\/kolejnosc-dat\/\" \/>\n<meta property=\"og:site_name\" content=\"KRAEGE Beerenpflanzen POL\" \/>\n<meta property=\"article:modified_time\" content=\"2024-11-24T07:19:27+00:00\" \/>\n<meta name=\"twitter:card\" content=\"summary\" \/>\n<meta name=\"twitter:label1\" content=\"Szacowany czas czytania\" \/>\n\t<meta name=\"twitter:data1\" content=\"1 minuta\" \/>\n<script type=\"application\/ld+json\" class=\"yoast-schema-graph\">{\"@context\":\"https:\/\/schema.org\",\"@graph\":[{\"@type\":\"WebSite\",\"@id\":\"https:\/\/kraege.de\/pol\/#website\",\"url\":\"https:\/\/kraege.de\/pol\/\",\"name\":\"KRAEGE Beerenpflanzen POL\",\"description\":\"Erdbeeren und Himbeeren aus der Region | Telgte | M\\u00fcnster | Warendorf\",\"potentialAction\":[{\"@type\":\"SearchAction\",\"target\":{\"@type\":\"EntryPoint\",\"urlTemplate\":\"https:\/\/kraege.de\/pol\/?s={search_term_string}\"},\"query-input\":\"required name=search_term_string\"}],\"inLanguage\":\"pl-PL\"},{\"@type\":\"WebPage\",\"@id\":\"https:\/\/kraege.de\/pol\/produkty\/kolejnosc-dat\/#webpage\",\"url\":\"https:\/\/kraege.de\/pol\/produkty\/kolejnosc-dat\/\",\"name\":\"Kolejno\\u015b\\u0107 dat \/ Terminy zam\\u00f3wie\\u0144 - KRAEGE Beerenpflanzen POL\",\"isPartOf\":{\"@id\":\"https:\/\/kraege.de\/pol\/#website\"},\"datePublished\":\"2016-03-08T20:03:14+00:00\",\"dateModified\":\"2024-11-24T07:19:27+00:00\",\"breadcrumb\":{\"@id\":\"https:\/\/kraege.de\/pol\/produkty\/kolejnosc-dat\/#breadcrumb\"},\"inLanguage\":\"pl-PL\",\"potentialAction\":[{\"@type\":\"ReadAction\",\"target\":[\"https:\/\/kraege.de\/pol\/produkty\/kolejnosc-dat\/\"]}]},{\"@type\":\"BreadcrumbList\",\"@id\":\"https:\/\/kraege.de\/pol\/produkty\/kolejnosc-dat\/#breadcrumb\",\"itemListElement\":[{\"@type\":\"ListItem\",\"position\":1,\"name\":\"Home\",\"item\":\"https:\/\/kraege.de\/pol\/\"},{\"@type\":\"ListItem\",\"position\":2,\"name\":\"Produkty\",\"item\":\"https:\/\/kraege.de\/pol\/produkty\/\"},{\"@type\":\"ListItem\",\"position\":3,\"name\":\"Kolejno\\u015b\\u0107 dat \/ Terminy zam\\u00f3wie\\u0144\"}]}]}<\/script>\n<!-- \/ Yoast SEO plugin. -->","yoast_head_json":{"robots":{"index":"index","follow":"follow","max-snippet":"max-snippet:-1","max-image-preview":"max-image-preview:large","max-video-preview":"max-video-preview:-1"},"canonical":"https:\/\/kraege.de\/pol\/produkty\/kolejnosc-dat\/","og_locale":"pl_PL","og_type":"article","og_title":"Kolejno\u015b\u0107 dat \/ Terminy zam\u00f3wie\u0144 - KRAEGE Beerenpflanzen POL","og_description":"W ostatnich kilku latach liczba gatunk\u00f3w a tak\u017ce mo\u017cliwe procesy kulturowe proporcjonalnie wzrasta\u0142y. Dla r\u00f3\u017cnych typ\u00f3w ro\u015blin s\u0105 potrzebne zr\u00f3\u017cnicowane metody produkcji. Te wszystkie ro\u015bliny w po\u017c\u0105danych odmianach nie jeste\u015bmy w stanie posiada\u0107, graniczy to prawie z niemo\u017cliwo\u015bci\u0105. Aby na pewno na czas otrzyma\u0107 rodzaj ro\u015bliny, kt\u00f3rej potrzebujesz prosimy o wcze\u015bniejsze poinformowanie nas o swoich [&hellip;]","og_url":"https:\/\/kraege.de\/pol\/produkty\/kolejnosc-dat\/","og_site_name":"KRAEGE Beerenpflanzen POL","article_modified_time":"2024-11-24T07:19:27+00:00","twitter_card":"summary","twitter_misc":{"Szacowany czas czytania":"1 minuta"},"schema":{"@context":"https:\/\/schema.org","@graph":[{"@type":"WebSite","@id":"https:\/\/kraege.de\/pol\/#website","url":"https:\/\/kraege.de\/pol\/","name":"KRAEGE Beerenpflanzen POL","description":"Erdbeeren und Himbeeren aus der Region | Telgte | M\u00fcnster | Warendorf","potentialAction":[{"@type":"SearchAction","target":{"@type":"EntryPoint","urlTemplate":"https:\/\/kraege.de\/pol\/?s={search_term_string}"},"query-input":"required name=search_term_string"}],"inLanguage":"pl-PL"},{"@type":"WebPage","@id":"https:\/\/kraege.de\/pol\/produkty\/kolejnosc-dat\/#webpage","url":"https:\/\/kraege.de\/pol\/produkty\/kolejnosc-dat\/","name":"Kolejno\u015b\u0107 dat \/ Terminy zam\u00f3wie\u0144 - KRAEGE Beerenpflanzen POL","isPartOf":{"@id":"https:\/\/kraege.de\/pol\/#website"},"datePublished":"2016-03-08T20:03:14+00:00","dateModified":"2024-11-24T07:19:27+00:00","breadcrumb":{"@id":"https:\/\/kraege.de\/pol\/produkty\/kolejnosc-dat\/#breadcrumb"},"inLanguage":"pl-PL","potentialAction":[{"@type":"ReadAction","target":["https:\/\/kraege.de\/pol\/produkty\/kolejnosc-dat\/"]}]},{"@type":"BreadcrumbList","@id":"https:\/\/kraege.de\/pol\/produkty\/kolejnosc-dat\/#breadcrumb","itemListElement":[{"@type":"ListItem","position":1,"name":"Home","item":"https:\/\/kraege.de\/pol\/"},{"@type":"ListItem","position":2,"name":"Produkty","item":"https:\/\/kraege.de\/pol\/produkty\/"},{"@type":"ListItem","position":3,"name":"Kolejno\u015b\u0107 dat \/ Terminy zam\u00f3wie\u0144"}]}]}},"_links":{"self":[{"href":"https:\/\/kraege.de\/pol\/wp-json\/wp\/v2\/pages\/1649"}],"collection":[{"href":"https:\/\/kraege.de\/pol\/wp-json\/wp\/v2\/pages"}],"about":[{"href":"https:\/\/kraege.de\/pol\/wp-json\/wp\/v2\/types\/page"}],"author":[{"embeddable":true,"href":"https:\/\/kraege.de\/pol\/wp-json\/wp\/v2\/users\/1"}],"replies":[{"embeddable":true,"href":"https:\/\/kraege.de\/pol\/wp-json\/wp\/v2\/comments?post=1649"}],"version-history":[{"count":34,"href":"https:\/\/kraege.de\/pol\/wp-json\/wp\/v2\/pages\/1649\/revisions"}],"predecessor-version":[{"id":2387,"href":"https:\/\/kraege.de\/pol\/wp-json\/wp\/v2\/pages\/1649\/revisions\/2387"}],"up":[{"embeddable":true,"href":"https:\/\/kraege.de\/pol\/wp-json\/wp\/v2\/pages\/629"}],"wp:attachment":[{"href":"https:\/\/kraege.de\/pol\/wp-json\/wp\/v2\/media?parent=1649"}],"curies":[{"name":"wp","href":"https:\/\/api.w.org\/{rel}","templated":true}]}}