{"id":1637,"date":"2016-03-02T16:42:49","date_gmt":"2016-03-02T15:42:49","guid":{"rendered":"http:\/\/kraege.de\/pol\/?page_id=1637"},"modified":"2021-11-19T14:12:34","modified_gmt":"2021-11-19T13:12:34","slug":"osoba-kontaktowa","status":"publish","type":"page","link":"https:\/\/kraege.de\/pol\/osoba-kontaktowa\/","title":{"rendered":"Osoba kontaktowa"},"content":{"rendered":"<h1 class=\"entry-title\">Sandra Kettler<\/h1>\n<p class=\"tel\">Fon +49 2504 7000-32<\/p>\n<p><a class=\"email\" title=\"Mail an Karsten Pieper\" href=\"ma&#105;&#108;&#116;&#x6f;&#x3a;&#x6b;&#x65;&#x74;tl&#101;&#114;&#64;&#x6b;&#x72;&#x61;&#x65;&#x67;e&#46;&#100;&#101;\" target=\"_blank\" rel=\"noopener\">&#x6b;&#x65;&#x74;&#x74;&#x6c;&#x65;&#x72;&#x40;&#x6b;&#x72;&#x61;&#x65;&#x67;&#x65;&#46;&#100;&#101;<\/a><\/p>\n<p>Pan Maciej Krasi\u0144ski jest oszustem i od po\u0142owy 2017 roku nie pracuje w Firmie KRAEGE!<\/p>\n<p>Ro\u015bliny truskawek i malin rozprowadzane przez pana Macieja Krasi\u0144skiego nie pochodz\u0105 z KRAEGE.<\/p>\n","protected":false},"excerpt":{"rendered":"<p>Sandra Kettler Fon +49 2504 7000-32 ke&#116;&#116;&#108;&#x65;&#x72;&#x40;&#x6b;ra&#101;&#103;&#101;&#x2e;&#x64;&#x65; Pan Maciej Krasi\u0144ski jest oszustem i od po\u0142owy 2017 roku nie pracuje w Firmie KRAEGE! Ro\u015bliny truskawek i malin rozprowadzane przez pana Macieja Krasi\u0144skiego nie pochodz\u0105 z KRAEGE.<\/p>\n","protected":false},"author":1,"featured_media":0,"parent":0,"menu_order":0,"comment_status":"closed","ping_status":"closed","template":"","meta":[],"yoast_head":"<!-- This site is optimized with the Yoast SEO plugin v17.2.1 - https:\/\/yoast.com\/wordpress\/plugins\/seo\/ -->\n<meta name=\"robots\" content=\"index, follow, max-snippet:-1, max-image-preview:large, max-video-preview:-1\" \/>\n<link rel=\"canonical\" href=\"https:\/\/kraege.de\/pol\/osoba-kontaktowa\/\" \/>\n<meta property=\"og:locale\" content=\"pl_PL\" \/>\n<meta property=\"og:type\" content=\"article\" \/>\n<meta property=\"og:title\" content=\"Osoba kontaktowa - KRAEGE Beerenpflanzen POL\" \/>\n<meta property=\"og:description\" content=\"Sandra Kettler Fon +49 2504 7000-32 &#x6b;&#x65;&#116;&#116;&#108;e&#x72;&#x40;&#x6b;&#114;&#097;eg&#x65;&#x2e;&#x64;&#101; Pan Maciej Krasi\u0144ski jest oszustem i od po\u0142owy 2017 roku nie pracuje w Firmie KRAEGE! Ro\u015bliny truskawek i malin rozprowadzane przez pana Macieja Krasi\u0144skiego nie pochodz\u0105 z KRAEGE.\" \/>\n<meta property=\"og:url\" content=\"https:\/\/kraege.de\/pol\/osoba-kontaktowa\/\" \/>\n<meta property=\"og:site_name\" content=\"KRAEGE Beerenpflanzen POL\" \/>\n<meta property=\"article:modified_time\" content=\"2021-11-19T13:12:34+00:00\" \/>\n<meta name=\"twitter:card\" content=\"summary\" \/>\n<meta name=\"twitter:label1\" content=\"Szacowany czas czytania\" \/>\n\t<meta name=\"twitter:data1\" content=\"1 minuta\" \/>\n<script type=\"application\/ld+json\" class=\"yoast-schema-graph\">{\"@context\":\"https:\/\/schema.org\",\"@graph\":[{\"@type\":\"WebSite\",\"@id\":\"https:\/\/kraege.de\/pol\/#website\",\"url\":\"https:\/\/kraege.de\/pol\/\",\"name\":\"KRAEGE Beerenpflanzen POL\",\"description\":\"Erdbeeren und Himbeeren aus der Region | Telgte | M\\u00fcnster | Warendorf\",\"potentialAction\":[{\"@type\":\"SearchAction\",\"target\":{\"@type\":\"EntryPoint\",\"urlTemplate\":\"https:\/\/kraege.de\/pol\/?s={search_term_string}\"},\"query-input\":\"required name=search_term_string\"}],\"inLanguage\":\"pl-PL\"},{\"@type\":\"WebPage\",\"@id\":\"https:\/\/kraege.de\/pol\/osoba-kontaktowa\/#webpage\",\"url\":\"https:\/\/kraege.de\/pol\/osoba-kontaktowa\/\",\"name\":\"Osoba kontaktowa - KRAEGE Beerenpflanzen POL\",\"isPartOf\":{\"@id\":\"https:\/\/kraege.de\/pol\/#website\"},\"datePublished\":\"2016-03-02T15:42:49+00:00\",\"dateModified\":\"2021-11-19T13:12:34+00:00\",\"breadcrumb\":{\"@id\":\"https:\/\/kraege.de\/pol\/osoba-kontaktowa\/#breadcrumb\"},\"inLanguage\":\"pl-PL\",\"potentialAction\":[{\"@type\":\"ReadAction\",\"target\":[\"https:\/\/kraege.de\/pol\/osoba-kontaktowa\/\"]}]},{\"@type\":\"BreadcrumbList\",\"@id\":\"https:\/\/kraege.de\/pol\/osoba-kontaktowa\/#breadcrumb\",\"itemListElement\":[{\"@type\":\"ListItem\",\"position\":1,\"name\":\"Home\",\"item\":\"https:\/\/kraege.de\/pol\/\"},{\"@type\":\"ListItem\",\"position\":2,\"name\":\"Osoba kontaktowa\"}]}]}<\/script>\n<!-- \/ Yoast SEO plugin. -->","yoast_head_json":{"robots":{"index":"index","follow":"follow","max-snippet":"max-snippet:-1","max-image-preview":"max-image-preview:large","max-video-preview":"max-video-preview:-1"},"canonical":"https:\/\/kraege.de\/pol\/osoba-kontaktowa\/","og_locale":"pl_PL","og_type":"article","og_title":"Osoba kontaktowa - KRAEGE Beerenpflanzen POL","og_description":"Sandra Kettler Fon +49 2504 7000-32 &#x6b;&#x65;&#116;&#116;&#108;e&#x72;&#x40;&#x6b;&#114;&#97;eg&#x65;&#x2e;&#x64;&#101; Pan Maciej Krasi\u0144ski jest oszustem i od po\u0142owy 2017 roku nie pracuje w Firmie KRAEGE! Ro\u015bliny truskawek i malin rozprowadzane przez pana Macieja Krasi\u0144skiego nie pochodz\u0105 z KRAEGE.","og_url":"https:\/\/kraege.de\/pol\/osoba-kontaktowa\/","og_site_name":"KRAEGE Beerenpflanzen POL","article_modified_time":"2021-11-19T13:12:34+00:00","twitter_card":"summary","twitter_misc":{"Szacowany czas czytania":"1 minuta"},"schema":{"@context":"https:\/\/schema.org","@graph":[{"@type":"WebSite","@id":"https:\/\/kraege.de\/pol\/#website","url":"https:\/\/kraege.de\/pol\/","name":"KRAEGE Beerenpflanzen POL","description":"Erdbeeren und Himbeeren aus der Region | Telgte | M\u00fcnster | Warendorf","potentialAction":[{"@type":"SearchAction","target":{"@type":"EntryPoint","urlTemplate":"https:\/\/kraege.de\/pol\/?s={search_term_string}"},"query-input":"required name=search_term_string"}],"inLanguage":"pl-PL"},{"@type":"WebPage","@id":"https:\/\/kraege.de\/pol\/osoba-kontaktowa\/#webpage","url":"https:\/\/kraege.de\/pol\/osoba-kontaktowa\/","name":"Osoba kontaktowa - KRAEGE Beerenpflanzen POL","isPartOf":{"@id":"https:\/\/kraege.de\/pol\/#website"},"datePublished":"2016-03-02T15:42:49+00:00","dateModified":"2021-11-19T13:12:34+00:00","breadcrumb":{"@id":"https:\/\/kraege.de\/pol\/osoba-kontaktowa\/#breadcrumb"},"inLanguage":"pl-PL","potentialAction":[{"@type":"ReadAction","target":["https:\/\/kraege.de\/pol\/osoba-kontaktowa\/"]}]},{"@type":"BreadcrumbList","@id":"https:\/\/kraege.de\/pol\/osoba-kontaktowa\/#breadcrumb","itemListElement":[{"@type":"ListItem","position":1,"name":"Home","item":"https:\/\/kraege.de\/pol\/"},{"@type":"ListItem","position":2,"name":"Osoba kontaktowa"}]}]}},"_links":{"self":[{"href":"https:\/\/kraege.de\/pol\/wp-json\/wp\/v2\/pages\/1637"}],"collection":[{"href":"https:\/\/kraege.de\/pol\/wp-json\/wp\/v2\/pages"}],"about":[{"href":"https:\/\/kraege.de\/pol\/wp-json\/wp\/v2\/types\/page"}],"author":[{"embeddable":true,"href":"https:\/\/kraege.de\/pol\/wp-json\/wp\/v2\/users\/1"}],"replies":[{"embeddable":true,"href":"https:\/\/kraege.de\/pol\/wp-json\/wp\/v2\/comments?post=1637"}],"version-history":[{"count":15,"href":"https:\/\/kraege.de\/pol\/wp-json\/wp\/v2\/pages\/1637\/revisions"}],"predecessor-version":[{"id":2248,"href":"https:\/\/kraege.de\/pol\/wp-json\/wp\/v2\/pages\/1637\/revisions\/2248"}],"wp:attachment":[{"href":"https:\/\/kraege.de\/pol\/wp-json\/wp\/v2\/media?parent=1637"}],"curies":[{"name":"wp","href":"https:\/\/api.w.org\/{rel}","templated":true}]}}