{"id":145,"date":"2015-04-15T11:05:42","date_gmt":"2015-04-15T09:05:42","guid":{"rendered":"http:\/\/kraege.de\/kraege-21\/?page_id=145"},"modified":"2025-11-24T15:57:02","modified_gmt":"2025-11-24T14:57:02","slug":"asia","status":"publish","type":"page","link":"https:\/\/kraege.de\/pol\/produkty\/truskawki\/hauptreifezeit\/asia\/","title":{"rendered":"Asia"},"content":{"rendered":"<div class=\"tabelle-fruechte\">\n<table>\n<tbody>\n<tr>\n<td>Kolor<\/td>\n<td>jasno-czerwony \u2026 czerwony<\/td>\n<\/tr>\n<tr>\n<td>Uwagi<\/td>\n<td>bardzo du\u017ce pierwsze owoce, \u0142adnie wygl\u0105da w kobia\u0142kach i koszykach<\/td>\n<\/tr>\n<\/tbody>\n<\/table>\n<\/div>\n<div class=\"reifezeit\"><\/div>\n<div class=\"herkunft\">\u2013 odmiana chroniona, W\u0142a\u015bciciel odmiany: New Fruits, W\u0142ochy<\/div>\n<p><strong>Interesuj\u0105ca odmiana w pe\u0142ni sezonu<\/strong><br \/>\nAsia, odmiana z New Fruits, W\u0142ochy, dojrzewa na 2 \u2013 3 dni po Elsanta. R\u00f3wnomiernie ukszta\u0142towane i atrakcyjnie po\u0142yskuj\u0105ce owoce z dobr\u0105 odporno\u015bci\u0105. Kolor owoc\u00f3w Asia jest jasnoczerwony do czerwonego. Wydajno\u015b\u0107 jest podobna do plon\u00f3w Elsanta ale z wi\u0119ksz\u0105 cz\u0119\u015bci\u0105 klasy handlowej 1. Asia kwitnie nieco pod li\u015b\u0107mi, umo\u017c\u00adliwia to zbieranie du\u017cych owoc\u00f3w przy wysokiej wydajno\u015bci. Owoce prezentuj\u0105 si\u0119 doskonale zar\u00f3wno w koszykach, jak i w ko\u00adbia\u0142\u00adkach. Dlatego Asia jest szczeg\u00f3lnie interesuj\u0105ca do samodzielnego zbierania i sprzeda\u017cy bezpo\u015bredniej.<br \/>\nHandlu hurtowego mo\u017cna spr\u00f3bowa\u0107 w zale\u017cno\u015bci od warunk\u00f3w pogodowych. Ro\u015bliny s\u0105 bujne i ma\u0142o podatne na Verticillium.<\/p>\n","protected":false},"excerpt":{"rendered":"<p>Kolor jasno-czerwony \u2026 czerwony Uwagi bardzo du\u017ce pierwsze owoce, \u0142adnie wygl\u0105da w kobia\u0142kach i koszykach \u2013 odmiana chroniona, W\u0142a\u015bciciel odmiany: New Fruits, W\u0142ochy Interesuj\u0105ca odmiana w pe\u0142ni sezonu Asia, odmiana z New Fruits, W\u0142ochy, dojrzewa na 2 \u2013 3 dni po Elsanta. R\u00f3wnomiernie ukszta\u0142towane i atrakcyjnie po\u0142yskuj\u0105ce owoce z dobr\u0105 odporno\u015bci\u0105. Kolor owoc\u00f3w Asia jest [&hellip;]<\/p>\n","protected":false},"author":1,"featured_media":0,"parent":55,"menu_order":7,"comment_status":"open","ping_status":"closed","template":"page_frucht.php","meta":[],"yoast_head":"<!-- This site is optimized with the Yoast SEO plugin v17.2.1 - https:\/\/yoast.com\/wordpress\/plugins\/seo\/ -->\n<meta name=\"robots\" content=\"index, follow, max-snippet:-1, max-image-preview:large, max-video-preview:-1\" \/>\n<link rel=\"canonical\" href=\"https:\/\/kraege.de\/pol\/produkty\/truskawki\/hauptreifezeit\/asia\/\" \/>\n<meta property=\"og:locale\" content=\"pl_PL\" \/>\n<meta property=\"og:type\" content=\"article\" \/>\n<meta property=\"og:title\" content=\"Asia - KRAEGE Beerenpflanzen POL\" \/>\n<meta property=\"og:description\" content=\"Kolor jasno-czerwony \u2026 czerwony Uwagi bardzo du\u017ce pierwsze owoce, \u0142adnie wygl\u0105da w kobia\u0142kach i koszykach \u2013 odmiana chroniona, W\u0142a\u015bciciel odmiany: New Fruits, W\u0142ochy Interesuj\u0105ca odmiana w pe\u0142ni sezonu Asia, odmiana z New Fruits, W\u0142ochy, dojrzewa na 2 \u2013 3 dni po Elsanta. R\u00f3wnomiernie ukszta\u0142towane i atrakcyjnie po\u0142yskuj\u0105ce owoce z dobr\u0105 odporno\u015bci\u0105. Kolor owoc\u00f3w Asia jest [&hellip;]\" \/>\n<meta property=\"og:url\" content=\"https:\/\/kraege.de\/pol\/produkty\/truskawki\/hauptreifezeit\/asia\/\" \/>\n<meta property=\"og:site_name\" content=\"KRAEGE Beerenpflanzen POL\" \/>\n<meta property=\"article:modified_time\" content=\"2025-11-24T14:57:02+00:00\" \/>\n<meta name=\"twitter:card\" content=\"summary\" \/>\n<meta name=\"twitter:label1\" content=\"Szacowany czas czytania\" \/>\n\t<meta name=\"twitter:data1\" content=\"1 minuta\" \/>\n<script type=\"application\/ld+json\" class=\"yoast-schema-graph\">{\"@context\":\"https:\/\/schema.org\",\"@graph\":[{\"@type\":\"WebSite\",\"@id\":\"https:\/\/kraege.de\/pol\/#website\",\"url\":\"https:\/\/kraege.de\/pol\/\",\"name\":\"KRAEGE Beerenpflanzen POL\",\"description\":\"Erdbeeren und Himbeeren aus der Region | Telgte | M\\u00fcnster | Warendorf\",\"potentialAction\":[{\"@type\":\"SearchAction\",\"target\":{\"@type\":\"EntryPoint\",\"urlTemplate\":\"https:\/\/kraege.de\/pol\/?s={search_term_string}\"},\"query-input\":\"required name=search_term_string\"}],\"inLanguage\":\"pl-PL\"},{\"@type\":\"WebPage\",\"@id\":\"https:\/\/kraege.de\/pol\/produkty\/truskawki\/hauptreifezeit\/asia\/#webpage\",\"url\":\"https:\/\/kraege.de\/pol\/produkty\/truskawki\/hauptreifezeit\/asia\/\",\"name\":\"Asia - KRAEGE Beerenpflanzen POL\",\"isPartOf\":{\"@id\":\"https:\/\/kraege.de\/pol\/#website\"},\"datePublished\":\"2015-04-15T09:05:42+00:00\",\"dateModified\":\"2025-11-24T14:57:02+00:00\",\"breadcrumb\":{\"@id\":\"https:\/\/kraege.de\/pol\/produkty\/truskawki\/hauptreifezeit\/asia\/#breadcrumb\"},\"inLanguage\":\"pl-PL\",\"potentialAction\":[{\"@type\":\"ReadAction\",\"target\":[\"https:\/\/kraege.de\/pol\/produkty\/truskawki\/hauptreifezeit\/asia\/\"]}]},{\"@type\":\"BreadcrumbList\",\"@id\":\"https:\/\/kraege.de\/pol\/produkty\/truskawki\/hauptreifezeit\/asia\/#breadcrumb\",\"itemListElement\":[{\"@type\":\"ListItem\",\"position\":1,\"name\":\"Home\",\"item\":\"https:\/\/kraege.de\/pol\/\"},{\"@type\":\"ListItem\",\"position\":2,\"name\":\"Produkty\",\"item\":\"https:\/\/kraege.de\/pol\/produkty\/\"},{\"@type\":\"ListItem\",\"position\":3,\"name\":\"Truskawki\",\"item\":\"https:\/\/kraege.de\/pol\/produkty\/truskawki\/\"},{\"@type\":\"ListItem\",\"position\":4,\"name\":\"G\\u0142\\u00f3wna pora dojrzewania\",\"item\":\"https:\/\/kraege.de\/pol\/produkty\/truskawki\/hauptreifezeit\/\"},{\"@type\":\"ListItem\",\"position\":5,\"name\":\"Asia\"}]}]}<\/script>\n<!-- \/ Yoast SEO plugin. -->","yoast_head_json":{"robots":{"index":"index","follow":"follow","max-snippet":"max-snippet:-1","max-image-preview":"max-image-preview:large","max-video-preview":"max-video-preview:-1"},"canonical":"https:\/\/kraege.de\/pol\/produkty\/truskawki\/hauptreifezeit\/asia\/","og_locale":"pl_PL","og_type":"article","og_title":"Asia - KRAEGE Beerenpflanzen POL","og_description":"Kolor jasno-czerwony \u2026 czerwony Uwagi bardzo du\u017ce pierwsze owoce, \u0142adnie wygl\u0105da w kobia\u0142kach i koszykach \u2013 odmiana chroniona, W\u0142a\u015bciciel odmiany: New Fruits, W\u0142ochy Interesuj\u0105ca odmiana w pe\u0142ni sezonu Asia, odmiana z New Fruits, W\u0142ochy, dojrzewa na 2 \u2013 3 dni po Elsanta. R\u00f3wnomiernie ukszta\u0142towane i atrakcyjnie po\u0142yskuj\u0105ce owoce z dobr\u0105 odporno\u015bci\u0105. Kolor owoc\u00f3w Asia jest [&hellip;]","og_url":"https:\/\/kraege.de\/pol\/produkty\/truskawki\/hauptreifezeit\/asia\/","og_site_name":"KRAEGE Beerenpflanzen POL","article_modified_time":"2025-11-24T14:57:02+00:00","twitter_card":"summary","twitter_misc":{"Szacowany czas czytania":"1 minuta"},"schema":{"@context":"https:\/\/schema.org","@graph":[{"@type":"WebSite","@id":"https:\/\/kraege.de\/pol\/#website","url":"https:\/\/kraege.de\/pol\/","name":"KRAEGE Beerenpflanzen POL","description":"Erdbeeren und Himbeeren aus der Region | Telgte | M\u00fcnster | Warendorf","potentialAction":[{"@type":"SearchAction","target":{"@type":"EntryPoint","urlTemplate":"https:\/\/kraege.de\/pol\/?s={search_term_string}"},"query-input":"required name=search_term_string"}],"inLanguage":"pl-PL"},{"@type":"WebPage","@id":"https:\/\/kraege.de\/pol\/produkty\/truskawki\/hauptreifezeit\/asia\/#webpage","url":"https:\/\/kraege.de\/pol\/produkty\/truskawki\/hauptreifezeit\/asia\/","name":"Asia - KRAEGE Beerenpflanzen POL","isPartOf":{"@id":"https:\/\/kraege.de\/pol\/#website"},"datePublished":"2015-04-15T09:05:42+00:00","dateModified":"2025-11-24T14:57:02+00:00","breadcrumb":{"@id":"https:\/\/kraege.de\/pol\/produkty\/truskawki\/hauptreifezeit\/asia\/#breadcrumb"},"inLanguage":"pl-PL","potentialAction":[{"@type":"ReadAction","target":["https:\/\/kraege.de\/pol\/produkty\/truskawki\/hauptreifezeit\/asia\/"]}]},{"@type":"BreadcrumbList","@id":"https:\/\/kraege.de\/pol\/produkty\/truskawki\/hauptreifezeit\/asia\/#breadcrumb","itemListElement":[{"@type":"ListItem","position":1,"name":"Home","item":"https:\/\/kraege.de\/pol\/"},{"@type":"ListItem","position":2,"name":"Produkty","item":"https:\/\/kraege.de\/pol\/produkty\/"},{"@type":"ListItem","position":3,"name":"Truskawki","item":"https:\/\/kraege.de\/pol\/produkty\/truskawki\/"},{"@type":"ListItem","position":4,"name":"G\u0142\u00f3wna pora dojrzewania","item":"https:\/\/kraege.de\/pol\/produkty\/truskawki\/hauptreifezeit\/"},{"@type":"ListItem","position":5,"name":"Asia"}]}]}},"_links":{"self":[{"href":"https:\/\/kraege.de\/pol\/wp-json\/wp\/v2\/pages\/145"}],"collection":[{"href":"https:\/\/kraege.de\/pol\/wp-json\/wp\/v2\/pages"}],"about":[{"href":"https:\/\/kraege.de\/pol\/wp-json\/wp\/v2\/types\/page"}],"author":[{"embeddable":true,"href":"https:\/\/kraege.de\/pol\/wp-json\/wp\/v2\/users\/1"}],"replies":[{"embeddable":true,"href":"https:\/\/kraege.de\/pol\/wp-json\/wp\/v2\/comments?post=145"}],"version-history":[{"count":9,"href":"https:\/\/kraege.de\/pol\/wp-json\/wp\/v2\/pages\/145\/revisions"}],"predecessor-version":[{"id":2006,"href":"https:\/\/kraege.de\/pol\/wp-json\/wp\/v2\/pages\/145\/revisions\/2006"}],"up":[{"embeddable":true,"href":"https:\/\/kraege.de\/pol\/wp-json\/wp\/v2\/pages\/55"}],"wp:attachment":[{"href":"https:\/\/kraege.de\/pol\/wp-json\/wp\/v2\/media?parent=145"}],"curies":[{"name":"wp","href":"https:\/\/api.w.org\/{rel}","templated":true}]}}