{"id":143,"date":"2015-04-15T11:05:29","date_gmt":"2015-04-15T09:05:29","guid":{"rendered":"http:\/\/kraege.de\/kraege-21\/?page_id=143"},"modified":"2025-11-24T15:56:01","modified_gmt":"2025-11-24T14:56:01","slug":"sonata","status":"publish","type":"page","link":"https:\/\/kraege.de\/pol\/produkty\/truskawki\/hauptreifezeit\/sonata\/","title":{"rendered":"Sonata"},"content":{"rendered":"<div class=\"tabelle-fruechte\">\n<table>\n<tbody>\n<tr>\n<td>Kolor<\/td>\n<td>\u015brednio czerwony, b\u0142yszcz\u0105cy<\/td>\n<\/tr>\n<tr>\n<td>Uwagi<\/td>\n<td>bez skar\u0142owacenia, bez zielonych ko\u0144c\u00f3wek, dobrze nadaje si\u0119 do marketingu bezpo\u015bredniego i do sprzeda\u017cy na targach, ze sk\u0142onno\u015bci\u0105 do Phyt. cactorum<\/td>\n<\/tr>\n<\/tbody>\n<\/table>\n<\/div>\n<div class=\"reifezeit\"><\/div>\n<div class=\"herkunft\">\u2013 odmiana chroniona, W\u0142a\u015bciciel odmiany: Fresh Forward B.V., Wageningen, Holandia<\/div>\n<p>Sonata jest krzy\u017c\u00f3wk\u0105 (Elsanta x Polka) z programu upraw Fresh Forward. Pora dojrzewania przypada 1 \u2013 3 dni po Elsanta. Owoce przekonuj\u0105 nas przez wielko\u015b\u0107, trwa\u0142o\u015b\u0107 i uroczy kszta\u0142t.<br \/>\nWszystkie owoce s\u0105 czerwone, z po\u0142yskiem, bez zielonej ko\u0144c\u00f3wki, maj\u0105 dobry smak. Kolejn\u0105 du\u017c\u0105 zalet\u0105 w por\u00f3wnaniu do Elsanty jest jednakowy kszta\u0142t owoc\u00f3w bez wyst\u0119powania okaleczonych sztuk. Wydajno\u015b\u0107 jest wysoka.<br \/>\nRo\u015blina jest bujna, z podatno\u015bci\u0105 na Phythophtora cactorum. Konie-cznie trzeba wzi\u0105\u0107 pod uwag\u0119 \u015bro- dki ochrony ro\u015blin. Sonata jest<br \/>\nwra\u017cliwa na wysokie temperatury. Uprawa wczesna pod os\u0142onami jest mo\u017cliwa ale nie przyniesie takich efekt\u00f3w jak np. Darselect<sup class=\"registered\">&reg;<\/sup>.<br \/>\nMo\u017cliwe jest te\u017c op\u00f3\u017anianie uprawy za pomoc\u0105 s\u0142omy. Ro\u015bliny idealne do sadzenia to A+, wartebeetepflanze na upraw\u0119 terminow\u0105, 60 dni.<\/p>\n","protected":false},"excerpt":{"rendered":"<p>Kolor \u015brednio czerwony, b\u0142yszcz\u0105cy Uwagi bez skar\u0142owacenia, bez zielonych ko\u0144c\u00f3wek, dobrze nadaje si\u0119 do marketingu bezpo\u015bredniego i do sprzeda\u017cy na targach, ze sk\u0142onno\u015bci\u0105 do Phyt. cactorum \u2013 odmiana chroniona, W\u0142a\u015bciciel odmiany: Fresh Forward B.V., Wageningen, Holandia Sonata jest krzy\u017c\u00f3wk\u0105 (Elsanta x Polka) z programu upraw Fresh Forward. Pora dojrzewania przypada 1 \u2013 3 dni po [&hellip;]<\/p>\n","protected":false},"author":1,"featured_media":0,"parent":55,"menu_order":2,"comment_status":"open","ping_status":"closed","template":"page_frucht.php","meta":[],"yoast_head":"<!-- This site is optimized with the Yoast SEO plugin v17.2.1 - https:\/\/yoast.com\/wordpress\/plugins\/seo\/ -->\n<meta name=\"robots\" content=\"index, follow, max-snippet:-1, max-image-preview:large, max-video-preview:-1\" \/>\n<link rel=\"canonical\" href=\"https:\/\/kraege.de\/pol\/produkty\/truskawki\/hauptreifezeit\/sonata\/\" \/>\n<meta property=\"og:locale\" content=\"pl_PL\" \/>\n<meta property=\"og:type\" content=\"article\" \/>\n<meta property=\"og:title\" content=\"Sonata - KRAEGE Beerenpflanzen POL\" \/>\n<meta property=\"og:description\" content=\"Kolor \u015brednio czerwony, b\u0142yszcz\u0105cy Uwagi bez skar\u0142owacenia, bez zielonych ko\u0144c\u00f3wek, dobrze nadaje si\u0119 do marketingu bezpo\u015bredniego i do sprzeda\u017cy na targach, ze sk\u0142onno\u015bci\u0105 do Phyt. cactorum \u2013 odmiana chroniona, W\u0142a\u015bciciel odmiany: Fresh Forward B.V., Wageningen, Holandia Sonata jest krzy\u017c\u00f3wk\u0105 (Elsanta x Polka) z programu upraw Fresh Forward. Pora dojrzewania przypada 1 \u2013 3 dni po [&hellip;]\" \/>\n<meta property=\"og:url\" content=\"https:\/\/kraege.de\/pol\/produkty\/truskawki\/hauptreifezeit\/sonata\/\" \/>\n<meta property=\"og:site_name\" content=\"KRAEGE Beerenpflanzen POL\" \/>\n<meta property=\"article:modified_time\" content=\"2025-11-24T14:56:01+00:00\" \/>\n<meta name=\"twitter:card\" content=\"summary\" \/>\n<meta name=\"twitter:label1\" content=\"Szacowany czas czytania\" \/>\n\t<meta name=\"twitter:data1\" content=\"1 minuta\" \/>\n<script type=\"application\/ld+json\" class=\"yoast-schema-graph\">{\"@context\":\"https:\/\/schema.org\",\"@graph\":[{\"@type\":\"WebSite\",\"@id\":\"https:\/\/kraege.de\/pol\/#website\",\"url\":\"https:\/\/kraege.de\/pol\/\",\"name\":\"KRAEGE Beerenpflanzen POL\",\"description\":\"Erdbeeren und Himbeeren aus der Region | Telgte | M\\u00fcnster | Warendorf\",\"potentialAction\":[{\"@type\":\"SearchAction\",\"target\":{\"@type\":\"EntryPoint\",\"urlTemplate\":\"https:\/\/kraege.de\/pol\/?s={search_term_string}\"},\"query-input\":\"required name=search_term_string\"}],\"inLanguage\":\"pl-PL\"},{\"@type\":\"WebPage\",\"@id\":\"https:\/\/kraege.de\/pol\/produkty\/truskawki\/hauptreifezeit\/sonata\/#webpage\",\"url\":\"https:\/\/kraege.de\/pol\/produkty\/truskawki\/hauptreifezeit\/sonata\/\",\"name\":\"Sonata - KRAEGE Beerenpflanzen POL\",\"isPartOf\":{\"@id\":\"https:\/\/kraege.de\/pol\/#website\"},\"datePublished\":\"2015-04-15T09:05:29+00:00\",\"dateModified\":\"2025-11-24T14:56:01+00:00\",\"breadcrumb\":{\"@id\":\"https:\/\/kraege.de\/pol\/produkty\/truskawki\/hauptreifezeit\/sonata\/#breadcrumb\"},\"inLanguage\":\"pl-PL\",\"potentialAction\":[{\"@type\":\"ReadAction\",\"target\":[\"https:\/\/kraege.de\/pol\/produkty\/truskawki\/hauptreifezeit\/sonata\/\"]}]},{\"@type\":\"BreadcrumbList\",\"@id\":\"https:\/\/kraege.de\/pol\/produkty\/truskawki\/hauptreifezeit\/sonata\/#breadcrumb\",\"itemListElement\":[{\"@type\":\"ListItem\",\"position\":1,\"name\":\"Home\",\"item\":\"https:\/\/kraege.de\/pol\/\"},{\"@type\":\"ListItem\",\"position\":2,\"name\":\"Produkty\",\"item\":\"https:\/\/kraege.de\/pol\/produkty\/\"},{\"@type\":\"ListItem\",\"position\":3,\"name\":\"Truskawki\",\"item\":\"https:\/\/kraege.de\/pol\/produkty\/truskawki\/\"},{\"@type\":\"ListItem\",\"position\":4,\"name\":\"G\\u0142\\u00f3wna pora dojrzewania\",\"item\":\"https:\/\/kraege.de\/pol\/produkty\/truskawki\/hauptreifezeit\/\"},{\"@type\":\"ListItem\",\"position\":5,\"name\":\"Sonata\"}]}]}<\/script>\n<!-- \/ Yoast SEO plugin. -->","yoast_head_json":{"robots":{"index":"index","follow":"follow","max-snippet":"max-snippet:-1","max-image-preview":"max-image-preview:large","max-video-preview":"max-video-preview:-1"},"canonical":"https:\/\/kraege.de\/pol\/produkty\/truskawki\/hauptreifezeit\/sonata\/","og_locale":"pl_PL","og_type":"article","og_title":"Sonata - KRAEGE Beerenpflanzen POL","og_description":"Kolor \u015brednio czerwony, b\u0142yszcz\u0105cy Uwagi bez skar\u0142owacenia, bez zielonych ko\u0144c\u00f3wek, dobrze nadaje si\u0119 do marketingu bezpo\u015bredniego i do sprzeda\u017cy na targach, ze sk\u0142onno\u015bci\u0105 do Phyt. cactorum \u2013 odmiana chroniona, W\u0142a\u015bciciel odmiany: Fresh Forward B.V., Wageningen, Holandia Sonata jest krzy\u017c\u00f3wk\u0105 (Elsanta x Polka) z programu upraw Fresh Forward. Pora dojrzewania przypada 1 \u2013 3 dni po [&hellip;]","og_url":"https:\/\/kraege.de\/pol\/produkty\/truskawki\/hauptreifezeit\/sonata\/","og_site_name":"KRAEGE Beerenpflanzen POL","article_modified_time":"2025-11-24T14:56:01+00:00","twitter_card":"summary","twitter_misc":{"Szacowany czas czytania":"1 minuta"},"schema":{"@context":"https:\/\/schema.org","@graph":[{"@type":"WebSite","@id":"https:\/\/kraege.de\/pol\/#website","url":"https:\/\/kraege.de\/pol\/","name":"KRAEGE Beerenpflanzen POL","description":"Erdbeeren und Himbeeren aus der Region | Telgte | M\u00fcnster | Warendorf","potentialAction":[{"@type":"SearchAction","target":{"@type":"EntryPoint","urlTemplate":"https:\/\/kraege.de\/pol\/?s={search_term_string}"},"query-input":"required name=search_term_string"}],"inLanguage":"pl-PL"},{"@type":"WebPage","@id":"https:\/\/kraege.de\/pol\/produkty\/truskawki\/hauptreifezeit\/sonata\/#webpage","url":"https:\/\/kraege.de\/pol\/produkty\/truskawki\/hauptreifezeit\/sonata\/","name":"Sonata - KRAEGE Beerenpflanzen POL","isPartOf":{"@id":"https:\/\/kraege.de\/pol\/#website"},"datePublished":"2015-04-15T09:05:29+00:00","dateModified":"2025-11-24T14:56:01+00:00","breadcrumb":{"@id":"https:\/\/kraege.de\/pol\/produkty\/truskawki\/hauptreifezeit\/sonata\/#breadcrumb"},"inLanguage":"pl-PL","potentialAction":[{"@type":"ReadAction","target":["https:\/\/kraege.de\/pol\/produkty\/truskawki\/hauptreifezeit\/sonata\/"]}]},{"@type":"BreadcrumbList","@id":"https:\/\/kraege.de\/pol\/produkty\/truskawki\/hauptreifezeit\/sonata\/#breadcrumb","itemListElement":[{"@type":"ListItem","position":1,"name":"Home","item":"https:\/\/kraege.de\/pol\/"},{"@type":"ListItem","position":2,"name":"Produkty","item":"https:\/\/kraege.de\/pol\/produkty\/"},{"@type":"ListItem","position":3,"name":"Truskawki","item":"https:\/\/kraege.de\/pol\/produkty\/truskawki\/"},{"@type":"ListItem","position":4,"name":"G\u0142\u00f3wna pora dojrzewania","item":"https:\/\/kraege.de\/pol\/produkty\/truskawki\/hauptreifezeit\/"},{"@type":"ListItem","position":5,"name":"Sonata"}]}]}},"_links":{"self":[{"href":"https:\/\/kraege.de\/pol\/wp-json\/wp\/v2\/pages\/143"}],"collection":[{"href":"https:\/\/kraege.de\/pol\/wp-json\/wp\/v2\/pages"}],"about":[{"href":"https:\/\/kraege.de\/pol\/wp-json\/wp\/v2\/types\/page"}],"author":[{"embeddable":true,"href":"https:\/\/kraege.de\/pol\/wp-json\/wp\/v2\/users\/1"}],"replies":[{"embeddable":true,"href":"https:\/\/kraege.de\/pol\/wp-json\/wp\/v2\/comments?post=143"}],"version-history":[{"count":12,"href":"https:\/\/kraege.de\/pol\/wp-json\/wp\/v2\/pages\/143\/revisions"}],"predecessor-version":[{"id":2013,"href":"https:\/\/kraege.de\/pol\/wp-json\/wp\/v2\/pages\/143\/revisions\/2013"}],"up":[{"embeddable":true,"href":"https:\/\/kraege.de\/pol\/wp-json\/wp\/v2\/pages\/55"}],"wp:attachment":[{"href":"https:\/\/kraege.de\/pol\/wp-json\/wp\/v2\/media?parent=143"}],"curies":[{"name":"wp","href":"https:\/\/api.w.org\/{rel}","templated":true}]}}