{"id":141,"date":"2015-04-15T11:05:15","date_gmt":"2015-04-15T09:05:15","guid":{"rendered":"http:\/\/kraege.de\/kraege-21\/?page_id=141"},"modified":"2024-11-24T08:38:56","modified_gmt":"2024-11-24T07:38:56","slug":"elegance","status":"publish","type":"page","link":"https:\/\/kraege.de\/pol\/produkty\/truskawki\/mittelspaete-sorten\/elegance\/","title":{"rendered":"Elegance"},"content":{"rendered":"<div class=\"tabelle-fruechte\">\n<table>\n<tbody>\n<tr>\n<td>Kolor<\/td>\n<td>\u015brednio-jasnoczerwony, z po\u0142yskiem<\/td>\n<\/tr>\n<tr>\n<td>Uwagi<\/td>\n<td>bardzo atrakcyjne owoce, \u015bwietne do supermarket\u00f3w, wra\u017cliwy na Phytophthora<\/td>\n<\/tr>\n<\/tbody>\n<\/table>\n<\/div>\n<div class=\"reifezeit\"><\/div>\n<div class=\"herkunft\">\u2013 odmiana chroniona, W\u0142a\u015bciciel odmiany: Meiosis, Wielka Brytania<\/div>\n<p><a href=\"https:\/\/kraege.de\/pol\/wp-content\/uploads\/sites\/7\/2016\/02\/www.pol_elegance.jpg\"><img loading=\"lazy\" class=\"alignleft wp-image-1573 size-medium\" src=\"https:\/\/kraege.de\/pol\/wp-content\/uploads\/sites\/7\/2016\/02\/www.pol_elegance-172x320.jpg\" alt=\"\" width=\"172\" height=\"320\" srcset=\"https:\/\/kraege.de\/pol\/wp-content\/uploads\/sites\/7\/2016\/02\/www.pol_elegance-172x320.jpg 172w, https:\/\/kraege.de\/pol\/wp-content\/uploads\/sites\/7\/2016\/02\/www.pol_elegance-768x1428.jpg 768w, https:\/\/kraege.de\/pol\/wp-content\/uploads\/sites\/7\/2016\/02\/www.pol_elegance-551x1024.jpg 551w, https:\/\/kraege.de\/pol\/wp-content\/uploads\/sites\/7\/2016\/02\/www.pol_elegance.jpg 775w\" sizes=\"(max-width: 172px) 100vw, 172px\" \/><\/a>Elegance jest odmian\u0105 \u015bredniowczesn\u0105, pochodzi z programu up\u00ad-raw firmy East Malling. Dojrzewa niewiele p\u00f3\u017aniej od Elsanta, czas zbior\u00f3w jest d\u0142ugi. Produkuje du\u017ce, bardzo regularne, czerwone owoce. S\u0105 one prawie bez skazy. Po\u0142ysk jest atrakcyjny i og\u00f3lny wygl\u0105d w kobia\u0142ce jest bardzo przekonuj\u0105cy. Wydajno\u015b\u0107 odmiany jest bardzo wysoka, 1 klasa handlowa. Du\u017ca wytrzyma\u0142o\u015b\u0107 w przechowywaniu \u015bwiadczy, \u017ce Elegance jest bardzo interesuj\u0105c\u0105 odmian\u0105 dla supermarket\u00f3w, natomiast trzeba zaakceptowa\u0107 jego zwyczajny smak i ma\u0142o wyra\u017any aromat. Elegance jest \u0142atwy do zrywania i nadaje si\u0119 do produkcji terminowej na 60 dni.<br \/>\nRo\u015biny s\u0105 zdrowe o prostym pokroju. D\u0142ugie szypu\u0142y kwiatowe, za\u00adpe\u00adwniaj\u0105 wysok\u0105 wydajno\u015b\u0107.<br \/>\nDo\u015b\u00adwiad\u00adczenie pokazuje nam, \u017ce uprawa jest do\u015b\u0107 \u0142atwa. Je\u015bli chodzi o choroby, to musimy wspomnie\u0107 o du\u017cej wra\u017cliwo\u015bci na m\u0105czniak i Phytophthora.<br \/>\nElegance jest obiecuj\u0105c\u0105 odmian\u0105 dla supermarket\u00f3w. Owoce bardzo dobrze wygl\u0105daj\u0105 w kobia\u0142kach.<a href=\"https:\/\/kraege.de\/pol\/wp-content\/uploads\/sites\/7\/2016\/02\/elegance_im_vergleich_pol.jpg\"><img loading=\"lazy\" class=\"alignleft wp-image-1589 size-large\" src=\"https:\/\/kraege.de\/pol\/wp-content\/uploads\/sites\/7\/2016\/02\/elegance_im_vergleich_pol-1024x314.jpg\" alt=\"\" width=\"1024\" height=\"314\" srcset=\"https:\/\/kraege.de\/pol\/wp-content\/uploads\/sites\/7\/2016\/02\/elegance_im_vergleich_pol-1024x314.jpg 1024w, https:\/\/kraege.de\/pol\/wp-content\/uploads\/sites\/7\/2016\/02\/elegance_im_vergleich_pol-320x98.jpg 320w, https:\/\/kraege.de\/pol\/wp-content\/uploads\/sites\/7\/2016\/02\/elegance_im_vergleich_pol-768x236.jpg 768w\" sizes=\"(max-width: 1024px) 100vw, 1024px\" \/><\/a><\/p>\n","protected":false},"excerpt":{"rendered":"<p>Kolor \u015brednio-jasnoczerwony, z po\u0142yskiem Uwagi bardzo atrakcyjne owoce, \u015bwietne do supermarket\u00f3w, wra\u017cliwy na Phytophthora \u2013 odmiana chroniona, W\u0142a\u015bciciel odmiany: Meiosis, Wielka Brytania Elegance jest odmian\u0105 \u015bredniowczesn\u0105, pochodzi z programu up\u00ad-raw firmy East Malling. Dojrzewa niewiele p\u00f3\u017aniej od Elsanta, czas zbior\u00f3w jest d\u0142ugi. Produkuje du\u017ce, bardzo regularne, czerwone owoce. S\u0105 one prawie bez skazy. Po\u0142ysk jest [&hellip;]<\/p>\n","protected":false},"author":1,"featured_media":0,"parent":57,"menu_order":2,"comment_status":"open","ping_status":"closed","template":"page_frucht.php","meta":[],"yoast_head":"<!-- This site is optimized with the Yoast SEO plugin v17.2.1 - https:\/\/yoast.com\/wordpress\/plugins\/seo\/ -->\n<meta name=\"robots\" content=\"index, follow, max-snippet:-1, max-image-preview:large, max-video-preview:-1\" \/>\n<link rel=\"canonical\" href=\"https:\/\/kraege.de\/pol\/produkty\/truskawki\/mittelspaete-sorten\/elegance\/\" \/>\n<meta property=\"og:locale\" content=\"pl_PL\" \/>\n<meta property=\"og:type\" content=\"article\" \/>\n<meta property=\"og:title\" content=\"Elegance - KRAEGE Beerenpflanzen POL\" \/>\n<meta property=\"og:description\" content=\"Kolor \u015brednio-jasnoczerwony, z po\u0142yskiem Uwagi bardzo atrakcyjne owoce, \u015bwietne do supermarket\u00f3w, wra\u017cliwy na Phytophthora \u2013 odmiana chroniona, W\u0142a\u015bciciel odmiany: Meiosis, Wielka Brytania Elegance jest odmian\u0105 \u015bredniowczesn\u0105, pochodzi z programu up\u00ad-raw firmy East Malling. Dojrzewa niewiele p\u00f3\u017aniej od Elsanta, czas zbior\u00f3w jest d\u0142ugi. Produkuje du\u017ce, bardzo regularne, czerwone owoce. S\u0105 one prawie bez skazy. Po\u0142ysk jest [&hellip;]\" \/>\n<meta property=\"og:url\" content=\"https:\/\/kraege.de\/pol\/produkty\/truskawki\/mittelspaete-sorten\/elegance\/\" \/>\n<meta property=\"og:site_name\" content=\"KRAEGE Beerenpflanzen POL\" \/>\n<meta property=\"article:modified_time\" content=\"2024-11-24T07:38:56+00:00\" \/>\n<meta property=\"og:image\" content=\"https:\/\/kraege.de\/pol\/wp-content\/uploads\/sites\/7\/2016\/02\/www.pol_elegance-172x320.jpg\" \/>\n<meta name=\"twitter:card\" content=\"summary\" \/>\n<meta name=\"twitter:label1\" content=\"Szacowany czas czytania\" \/>\n\t<meta name=\"twitter:data1\" content=\"2 minuty\" \/>\n<script type=\"application\/ld+json\" class=\"yoast-schema-graph\">{\"@context\":\"https:\/\/schema.org\",\"@graph\":[{\"@type\":\"WebSite\",\"@id\":\"https:\/\/kraege.de\/pol\/#website\",\"url\":\"https:\/\/kraege.de\/pol\/\",\"name\":\"KRAEGE Beerenpflanzen POL\",\"description\":\"Erdbeeren und Himbeeren aus der Region | Telgte | M\\u00fcnster | Warendorf\",\"potentialAction\":[{\"@type\":\"SearchAction\",\"target\":{\"@type\":\"EntryPoint\",\"urlTemplate\":\"https:\/\/kraege.de\/pol\/?s={search_term_string}\"},\"query-input\":\"required name=search_term_string\"}],\"inLanguage\":\"pl-PL\"},{\"@type\":\"ImageObject\",\"@id\":\"https:\/\/kraege.de\/pol\/produkty\/truskawki\/mittelspaete-sorten\/elegance\/#primaryimage\",\"inLanguage\":\"pl-PL\",\"url\":\"https:\/\/kraege.de\/pol\/wp-content\/uploads\/sites\/7\/2016\/02\/www.pol_elegance.jpg\",\"contentUrl\":\"https:\/\/kraege.de\/pol\/wp-content\/uploads\/sites\/7\/2016\/02\/www.pol_elegance.jpg\",\"width\":775,\"height\":1441},{\"@type\":\"WebPage\",\"@id\":\"https:\/\/kraege.de\/pol\/produkty\/truskawki\/mittelspaete-sorten\/elegance\/#webpage\",\"url\":\"https:\/\/kraege.de\/pol\/produkty\/truskawki\/mittelspaete-sorten\/elegance\/\",\"name\":\"Elegance - KRAEGE Beerenpflanzen POL\",\"isPartOf\":{\"@id\":\"https:\/\/kraege.de\/pol\/#website\"},\"primaryImageOfPage\":{\"@id\":\"https:\/\/kraege.de\/pol\/produkty\/truskawki\/mittelspaete-sorten\/elegance\/#primaryimage\"},\"datePublished\":\"2015-04-15T09:05:15+00:00\",\"dateModified\":\"2024-11-24T07:38:56+00:00\",\"breadcrumb\":{\"@id\":\"https:\/\/kraege.de\/pol\/produkty\/truskawki\/mittelspaete-sorten\/elegance\/#breadcrumb\"},\"inLanguage\":\"pl-PL\",\"potentialAction\":[{\"@type\":\"ReadAction\",\"target\":[\"https:\/\/kraege.de\/pol\/produkty\/truskawki\/mittelspaete-sorten\/elegance\/\"]}]},{\"@type\":\"BreadcrumbList\",\"@id\":\"https:\/\/kraege.de\/pol\/produkty\/truskawki\/mittelspaete-sorten\/elegance\/#breadcrumb\",\"itemListElement\":[{\"@type\":\"ListItem\",\"position\":1,\"name\":\"Home\",\"item\":\"https:\/\/kraege.de\/pol\/\"},{\"@type\":\"ListItem\",\"position\":2,\"name\":\"Produkty\",\"item\":\"https:\/\/kraege.de\/pol\/produkty\/\"},{\"@type\":\"ListItem\",\"position\":3,\"name\":\"Truskawki\",\"item\":\"https:\/\/kraege.de\/pol\/produkty\/truskawki\/\"},{\"@type\":\"ListItem\",\"position\":4,\"name\":\"\\u015arednio wczesny\",\"item\":\"https:\/\/kraege.de\/pol\/produkty\/truskawki\/mittelspaete-sorten\/\"},{\"@type\":\"ListItem\",\"position\":5,\"name\":\"Elegance\"}]}]}<\/script>\n<!-- \/ Yoast SEO plugin. -->","yoast_head_json":{"robots":{"index":"index","follow":"follow","max-snippet":"max-snippet:-1","max-image-preview":"max-image-preview:large","max-video-preview":"max-video-preview:-1"},"canonical":"https:\/\/kraege.de\/pol\/produkty\/truskawki\/mittelspaete-sorten\/elegance\/","og_locale":"pl_PL","og_type":"article","og_title":"Elegance - KRAEGE Beerenpflanzen POL","og_description":"Kolor \u015brednio-jasnoczerwony, z po\u0142yskiem Uwagi bardzo atrakcyjne owoce, \u015bwietne do supermarket\u00f3w, wra\u017cliwy na Phytophthora \u2013 odmiana chroniona, W\u0142a\u015bciciel odmiany: Meiosis, Wielka Brytania Elegance jest odmian\u0105 \u015bredniowczesn\u0105, pochodzi z programu up\u00ad-raw firmy East Malling. Dojrzewa niewiele p\u00f3\u017aniej od Elsanta, czas zbior\u00f3w jest d\u0142ugi. Produkuje du\u017ce, bardzo regularne, czerwone owoce. S\u0105 one prawie bez skazy. Po\u0142ysk jest [&hellip;]","og_url":"https:\/\/kraege.de\/pol\/produkty\/truskawki\/mittelspaete-sorten\/elegance\/","og_site_name":"KRAEGE Beerenpflanzen POL","article_modified_time":"2024-11-24T07:38:56+00:00","og_image":[{"url":"https:\/\/kraege.de\/pol\/wp-content\/uploads\/sites\/7\/2016\/02\/www.pol_elegance-172x320.jpg"}],"twitter_card":"summary","twitter_misc":{"Szacowany czas czytania":"2 minuty"},"schema":{"@context":"https:\/\/schema.org","@graph":[{"@type":"WebSite","@id":"https:\/\/kraege.de\/pol\/#website","url":"https:\/\/kraege.de\/pol\/","name":"KRAEGE Beerenpflanzen POL","description":"Erdbeeren und Himbeeren aus der Region | Telgte | M\u00fcnster | Warendorf","potentialAction":[{"@type":"SearchAction","target":{"@type":"EntryPoint","urlTemplate":"https:\/\/kraege.de\/pol\/?s={search_term_string}"},"query-input":"required name=search_term_string"}],"inLanguage":"pl-PL"},{"@type":"ImageObject","@id":"https:\/\/kraege.de\/pol\/produkty\/truskawki\/mittelspaete-sorten\/elegance\/#primaryimage","inLanguage":"pl-PL","url":"https:\/\/kraege.de\/pol\/wp-content\/uploads\/sites\/7\/2016\/02\/www.pol_elegance.jpg","contentUrl":"https:\/\/kraege.de\/pol\/wp-content\/uploads\/sites\/7\/2016\/02\/www.pol_elegance.jpg","width":775,"height":1441},{"@type":"WebPage","@id":"https:\/\/kraege.de\/pol\/produkty\/truskawki\/mittelspaete-sorten\/elegance\/#webpage","url":"https:\/\/kraege.de\/pol\/produkty\/truskawki\/mittelspaete-sorten\/elegance\/","name":"Elegance - KRAEGE Beerenpflanzen POL","isPartOf":{"@id":"https:\/\/kraege.de\/pol\/#website"},"primaryImageOfPage":{"@id":"https:\/\/kraege.de\/pol\/produkty\/truskawki\/mittelspaete-sorten\/elegance\/#primaryimage"},"datePublished":"2015-04-15T09:05:15+00:00","dateModified":"2024-11-24T07:38:56+00:00","breadcrumb":{"@id":"https:\/\/kraege.de\/pol\/produkty\/truskawki\/mittelspaete-sorten\/elegance\/#breadcrumb"},"inLanguage":"pl-PL","potentialAction":[{"@type":"ReadAction","target":["https:\/\/kraege.de\/pol\/produkty\/truskawki\/mittelspaete-sorten\/elegance\/"]}]},{"@type":"BreadcrumbList","@id":"https:\/\/kraege.de\/pol\/produkty\/truskawki\/mittelspaete-sorten\/elegance\/#breadcrumb","itemListElement":[{"@type":"ListItem","position":1,"name":"Home","item":"https:\/\/kraege.de\/pol\/"},{"@type":"ListItem","position":2,"name":"Produkty","item":"https:\/\/kraege.de\/pol\/produkty\/"},{"@type":"ListItem","position":3,"name":"Truskawki","item":"https:\/\/kraege.de\/pol\/produkty\/truskawki\/"},{"@type":"ListItem","position":4,"name":"\u015arednio wczesny","item":"https:\/\/kraege.de\/pol\/produkty\/truskawki\/mittelspaete-sorten\/"},{"@type":"ListItem","position":5,"name":"Elegance"}]}]}},"_links":{"self":[{"href":"https:\/\/kraege.de\/pol\/wp-json\/wp\/v2\/pages\/141"}],"collection":[{"href":"https:\/\/kraege.de\/pol\/wp-json\/wp\/v2\/pages"}],"about":[{"href":"https:\/\/kraege.de\/pol\/wp-json\/wp\/v2\/types\/page"}],"author":[{"embeddable":true,"href":"https:\/\/kraege.de\/pol\/wp-json\/wp\/v2\/users\/1"}],"replies":[{"embeddable":true,"href":"https:\/\/kraege.de\/pol\/wp-json\/wp\/v2\/comments?post=141"}],"version-history":[{"count":20,"href":"https:\/\/kraege.de\/pol\/wp-json\/wp\/v2\/pages\/141\/revisions"}],"predecessor-version":[{"id":2359,"href":"https:\/\/kraege.de\/pol\/wp-json\/wp\/v2\/pages\/141\/revisions\/2359"}],"up":[{"embeddable":true,"href":"https:\/\/kraege.de\/pol\/wp-json\/wp\/v2\/pages\/57"}],"wp:attachment":[{"href":"https:\/\/kraege.de\/pol\/wp-json\/wp\/v2\/media?parent=141"}],"curies":[{"name":"wp","href":"https:\/\/api.w.org\/{rel}","templated":true}]}}