{"id":118,"date":"2015-04-15T11:00:43","date_gmt":"2015-04-15T09:00:43","guid":{"rendered":"http:\/\/kraege.de\/kraege-21\/?page_id=118"},"modified":"2025-11-25T08:58:04","modified_gmt":"2025-11-25T07:58:04","slug":"darselect","status":"publish","type":"page","link":"https:\/\/kraege.de\/pol\/produkty\/truskawki\/fruehreifende-sorten\/darselect\/","title":{"rendered":"Rosaria"},"content":{"rendered":"<div class=\"tabelle-fruechte\">\n<table>\n<tbody>\n<tr>\n<td>\n<div class=\"tabelle-fruechte\">\n<table>\n<tbody>\n<tr>\n<td>Kolor<\/td>\n<td>jasnoczerwony, b\u0142yszcz\u0105cy<\/td>\n<\/tr>\n<tr>\n<td>Uwagi<\/td>\n<td>du\u017cy owoc, bardzo dobra wydajno\u015b\u0107 zbior\u00f3w, mo\u017cliwo\u015b\u0107 przechowywania, ciekawa wczesna odmiana o dobrym smaku szczeg\u00f3lnie do marketingu bezpo\u015bredniego<\/td>\n<\/tr>\n<\/tbody>\n<\/table>\n<\/div>\n<div class=\"reifezeit\"><\/div>\n<div class=\"herkunft\">\u2013 odmiana chroniona, W\u0142a\u015bciciel odmiany: Stefan Kraege Hodowla<\/div>\n<p>Rosaria to wczesna odmiana z programu hodowlanego Stefana Kraege. Pochodzi z tego samego krzy\u017ca co odmiana Serabellai obie odmiany maj\u0105 wyra\u017ane podobie\u0144stwa pod wzgl\u0119dem czasu dojrzewania, j\u0119drno\u015bci i smaku. Obie odmiany znajduj\u0105 si\u0119 w przedziale wczesnej dojrza\u0142o\u015bci Clery. Konsekwentnie du\u017ce owoce s\u0105 jasnoczerwone, b\u0142yszcz\u0105ce i maj\u0105 bardzo dobry smak. Wysoka indywidualna waga owoc\u00f3w o wysokiej proporcji klasy 1 gwarantuje bardzo dobr\u0105 wydajno\u015b\u0107 zbierania. Pierwsze owoce Rosarii mog\u0105 mie\u0107 niewielkie pod\u0142u\u017cne pofa\u0142dowania . Nie jest to problem w marketingu bezpo\u015brednim, ale mo\u017ce by\u0107 trudny w marketingu komercyjnym. Po pierwszym zbiorze owoce s\u0105 jednak bardzo jednolite i nadaj\u0105 si\u0119 r\u00f3wnie\u017c do komercyjnego marketingu. Rosaria mo\u017ce zwisa\u0107 z krzewu przez d\u0142ugi czas, nie \u015bciemniaj\u0105c si\u0119. Rosaria to \u017cywa odmiana z d\u0142ugimi \u0142odygami kwiat\u00f3w, wi\u0119c sadzenie na wysokich kopcach, rynnach lub stojakach jest zdecydowanie zalecane. Odmiana jest og\u00f3lnie bardzo zdrowa. W indywidualnych przypadkach zaobserwowano wyst\u0119powanie Antraknozy truskawki, nale\u017cy to uwzgl\u0119dni\u0107 w planowaniu oprysk\u00f3w kwiatowych. Po\u0142\u0105czenie plonu, smaku i zdrowia sprawia, \u017ce Rosaria jest szczeg\u00f3lnie interesuj\u0105ca w marketingu bezpo\u015brednim. Marketing komercyjny jest r\u00f3wnie\u017c bardzo dobrze mo\u017cliwy po pierwszym zbiorze<\/td>\n<td><\/td>\n<\/tr>\n<tr>\n<td><\/td>\n<td><\/td>\n<\/tr>\n<\/tbody>\n<\/table>\n<\/div>\n","protected":false},"excerpt":{"rendered":"<p>Kolor jasnoczerwony, b\u0142yszcz\u0105cy Uwagi du\u017cy owoc, bardzo dobra wydajno\u015b\u0107 zbior\u00f3w, mo\u017cliwo\u015b\u0107 przechowywania, ciekawa wczesna odmiana o dobrym smaku szczeg\u00f3lnie do marketingu bezpo\u015bredniego \u2013 odmiana chroniona, W\u0142a\u015bciciel odmiany: Stefan Kraege Hodowla Rosaria to wczesna odmiana z programu hodowlanego Stefana Kraege. Pochodzi z tego samego krzy\u017ca co odmiana Serabellai obie odmiany maj\u0105 wyra\u017ane podobie\u0144stwa pod wzgl\u0119dem czasu [&hellip;]<\/p>\n","protected":false},"author":1,"featured_media":0,"parent":53,"menu_order":8,"comment_status":"open","ping_status":"closed","template":"page_frucht.php","meta":[],"yoast_head":"<!-- This site is optimized with the Yoast SEO plugin v17.2.1 - https:\/\/yoast.com\/wordpress\/plugins\/seo\/ -->\n<meta name=\"robots\" content=\"index, follow, max-snippet:-1, max-image-preview:large, max-video-preview:-1\" \/>\n<link rel=\"canonical\" href=\"https:\/\/kraege.de\/pol\/produkty\/truskawki\/fruehreifende-sorten\/darselect\/\" \/>\n<meta property=\"og:locale\" content=\"pl_PL\" \/>\n<meta property=\"og:type\" content=\"article\" \/>\n<meta property=\"og:title\" content=\"Rosaria - KRAEGE Beerenpflanzen POL\" \/>\n<meta property=\"og:description\" content=\"Kolor jasnoczerwony, b\u0142yszcz\u0105cy Uwagi du\u017cy owoc, bardzo dobra wydajno\u015b\u0107 zbior\u00f3w, mo\u017cliwo\u015b\u0107 przechowywania, ciekawa wczesna odmiana o dobrym smaku szczeg\u00f3lnie do marketingu bezpo\u015bredniego \u2013 odmiana chroniona, W\u0142a\u015bciciel odmiany: Stefan Kraege Hodowla Rosaria to wczesna odmiana z programu hodowlanego Stefana Kraege. Pochodzi z tego samego krzy\u017ca co odmiana Serabellai obie odmiany maj\u0105 wyra\u017ane podobie\u0144stwa pod wzgl\u0119dem czasu [&hellip;]\" \/>\n<meta property=\"og:url\" content=\"https:\/\/kraege.de\/pol\/produkty\/truskawki\/fruehreifende-sorten\/darselect\/\" \/>\n<meta property=\"og:site_name\" content=\"KRAEGE Beerenpflanzen POL\" \/>\n<meta property=\"article:modified_time\" content=\"2025-11-25T07:58:04+00:00\" \/>\n<meta name=\"twitter:card\" content=\"summary\" \/>\n<meta name=\"twitter:label1\" content=\"Szacowany czas czytania\" \/>\n\t<meta name=\"twitter:data1\" content=\"1 minuta\" \/>\n<script type=\"application\/ld+json\" class=\"yoast-schema-graph\">{\"@context\":\"https:\/\/schema.org\",\"@graph\":[{\"@type\":\"WebSite\",\"@id\":\"https:\/\/kraege.de\/pol\/#website\",\"url\":\"https:\/\/kraege.de\/pol\/\",\"name\":\"KRAEGE Beerenpflanzen POL\",\"description\":\"Erdbeeren und Himbeeren aus der Region | Telgte | M\\u00fcnster | Warendorf\",\"potentialAction\":[{\"@type\":\"SearchAction\",\"target\":{\"@type\":\"EntryPoint\",\"urlTemplate\":\"https:\/\/kraege.de\/pol\/?s={search_term_string}\"},\"query-input\":\"required name=search_term_string\"}],\"inLanguage\":\"pl-PL\"},{\"@type\":\"WebPage\",\"@id\":\"https:\/\/kraege.de\/pol\/produkty\/truskawki\/fruehreifende-sorten\/darselect\/#webpage\",\"url\":\"https:\/\/kraege.de\/pol\/produkty\/truskawki\/fruehreifende-sorten\/darselect\/\",\"name\":\"Rosaria - KRAEGE Beerenpflanzen POL\",\"isPartOf\":{\"@id\":\"https:\/\/kraege.de\/pol\/#website\"},\"datePublished\":\"2015-04-15T09:00:43+00:00\",\"dateModified\":\"2025-11-25T07:58:04+00:00\",\"breadcrumb\":{\"@id\":\"https:\/\/kraege.de\/pol\/produkty\/truskawki\/fruehreifende-sorten\/darselect\/#breadcrumb\"},\"inLanguage\":\"pl-PL\",\"potentialAction\":[{\"@type\":\"ReadAction\",\"target\":[\"https:\/\/kraege.de\/pol\/produkty\/truskawki\/fruehreifende-sorten\/darselect\/\"]}]},{\"@type\":\"BreadcrumbList\",\"@id\":\"https:\/\/kraege.de\/pol\/produkty\/truskawki\/fruehreifende-sorten\/darselect\/#breadcrumb\",\"itemListElement\":[{\"@type\":\"ListItem\",\"position\":1,\"name\":\"Home\",\"item\":\"https:\/\/kraege.de\/pol\/\"},{\"@type\":\"ListItem\",\"position\":2,\"name\":\"Produkty\",\"item\":\"https:\/\/kraege.de\/pol\/produkty\/\"},{\"@type\":\"ListItem\",\"position\":3,\"name\":\"Truskawki\",\"item\":\"https:\/\/kraege.de\/pol\/produkty\/truskawki\/\"},{\"@type\":\"ListItem\",\"position\":4,\"name\":\"Odmiany wcze\\u015bnie dojrzewaj\\u0105ce\",\"item\":\"https:\/\/kraege.de\/pol\/produkty\/truskawki\/fruehreifende-sorten\/\"},{\"@type\":\"ListItem\",\"position\":5,\"name\":\"Rosaria\"}]}]}<\/script>\n<!-- \/ Yoast SEO plugin. -->","yoast_head_json":{"robots":{"index":"index","follow":"follow","max-snippet":"max-snippet:-1","max-image-preview":"max-image-preview:large","max-video-preview":"max-video-preview:-1"},"canonical":"https:\/\/kraege.de\/pol\/produkty\/truskawki\/fruehreifende-sorten\/darselect\/","og_locale":"pl_PL","og_type":"article","og_title":"Rosaria - KRAEGE Beerenpflanzen POL","og_description":"Kolor jasnoczerwony, b\u0142yszcz\u0105cy Uwagi du\u017cy owoc, bardzo dobra wydajno\u015b\u0107 zbior\u00f3w, mo\u017cliwo\u015b\u0107 przechowywania, ciekawa wczesna odmiana o dobrym smaku szczeg\u00f3lnie do marketingu bezpo\u015bredniego \u2013 odmiana chroniona, W\u0142a\u015bciciel odmiany: Stefan Kraege Hodowla Rosaria to wczesna odmiana z programu hodowlanego Stefana Kraege. Pochodzi z tego samego krzy\u017ca co odmiana Serabellai obie odmiany maj\u0105 wyra\u017ane podobie\u0144stwa pod wzgl\u0119dem czasu [&hellip;]","og_url":"https:\/\/kraege.de\/pol\/produkty\/truskawki\/fruehreifende-sorten\/darselect\/","og_site_name":"KRAEGE Beerenpflanzen POL","article_modified_time":"2025-11-25T07:58:04+00:00","twitter_card":"summary","twitter_misc":{"Szacowany czas czytania":"1 minuta"},"schema":{"@context":"https:\/\/schema.org","@graph":[{"@type":"WebSite","@id":"https:\/\/kraege.de\/pol\/#website","url":"https:\/\/kraege.de\/pol\/","name":"KRAEGE Beerenpflanzen POL","description":"Erdbeeren und Himbeeren aus der Region | Telgte | M\u00fcnster | Warendorf","potentialAction":[{"@type":"SearchAction","target":{"@type":"EntryPoint","urlTemplate":"https:\/\/kraege.de\/pol\/?s={search_term_string}"},"query-input":"required name=search_term_string"}],"inLanguage":"pl-PL"},{"@type":"WebPage","@id":"https:\/\/kraege.de\/pol\/produkty\/truskawki\/fruehreifende-sorten\/darselect\/#webpage","url":"https:\/\/kraege.de\/pol\/produkty\/truskawki\/fruehreifende-sorten\/darselect\/","name":"Rosaria - KRAEGE Beerenpflanzen POL","isPartOf":{"@id":"https:\/\/kraege.de\/pol\/#website"},"datePublished":"2015-04-15T09:00:43+00:00","dateModified":"2025-11-25T07:58:04+00:00","breadcrumb":{"@id":"https:\/\/kraege.de\/pol\/produkty\/truskawki\/fruehreifende-sorten\/darselect\/#breadcrumb"},"inLanguage":"pl-PL","potentialAction":[{"@type":"ReadAction","target":["https:\/\/kraege.de\/pol\/produkty\/truskawki\/fruehreifende-sorten\/darselect\/"]}]},{"@type":"BreadcrumbList","@id":"https:\/\/kraege.de\/pol\/produkty\/truskawki\/fruehreifende-sorten\/darselect\/#breadcrumb","itemListElement":[{"@type":"ListItem","position":1,"name":"Home","item":"https:\/\/kraege.de\/pol\/"},{"@type":"ListItem","position":2,"name":"Produkty","item":"https:\/\/kraege.de\/pol\/produkty\/"},{"@type":"ListItem","position":3,"name":"Truskawki","item":"https:\/\/kraege.de\/pol\/produkty\/truskawki\/"},{"@type":"ListItem","position":4,"name":"Odmiany wcze\u015bnie dojrzewaj\u0105ce","item":"https:\/\/kraege.de\/pol\/produkty\/truskawki\/fruehreifende-sorten\/"},{"@type":"ListItem","position":5,"name":"Rosaria"}]}]}},"_links":{"self":[{"href":"https:\/\/kraege.de\/pol\/wp-json\/wp\/v2\/pages\/118"}],"collection":[{"href":"https:\/\/kraege.de\/pol\/wp-json\/wp\/v2\/pages"}],"about":[{"href":"https:\/\/kraege.de\/pol\/wp-json\/wp\/v2\/types\/page"}],"author":[{"embeddable":true,"href":"https:\/\/kraege.de\/pol\/wp-json\/wp\/v2\/users\/1"}],"replies":[{"embeddable":true,"href":"https:\/\/kraege.de\/pol\/wp-json\/wp\/v2\/comments?post=118"}],"version-history":[{"count":17,"href":"https:\/\/kraege.de\/pol\/wp-json\/wp\/v2\/pages\/118\/revisions"}],"predecessor-version":[{"id":2500,"href":"https:\/\/kraege.de\/pol\/wp-json\/wp\/v2\/pages\/118\/revisions\/2500"}],"up":[{"embeddable":true,"href":"https:\/\/kraege.de\/pol\/wp-json\/wp\/v2\/pages\/53"}],"wp:attachment":[{"href":"https:\/\/kraege.de\/pol\/wp-json\/wp\/v2\/media?parent=118"}],"curies":[{"name":"wp","href":"https:\/\/api.w.org\/{rel}","templated":true}]}}