{"id":116,"date":"2015-04-15T11:00:25","date_gmt":"2015-04-15T09:00:25","guid":{"rendered":"http:\/\/kraege.de\/kraege-21\/?page_id=116"},"modified":"2025-11-24T15:45:28","modified_gmt":"2025-11-24T14:45:28","slug":"deluxe","status":"publish","type":"page","link":"https:\/\/kraege.de\/pol\/produkty\/truskawki\/fruehreifende-sorten\/deluxe\/","title":{"rendered":"Serabella"},"content":{"rendered":"<div class=\"tabelle-fruechte\">\n<table>\n<tbody>\n<tr>\n<td>Kolor<\/td>\n<td>jasnoczerwony, b\u0142yszcz\u0105cy<\/td>\n<\/tr>\n<tr>\n<td>Uwagi<\/td>\n<td>atrakcyjny wygl\u0105d, bardzo dobry smak, ciekawa wczesna odmiana na wszystkie szlaki marketingowe<\/td>\n<\/tr>\n<\/tbody>\n<\/table>\n<\/div>\n<p>\u2013 odmiana chroniona, W\u0142a\u015bciciel odmiany: Stefan Kraege Hodowla<\/p>\n<p>Serabella jest nowym wczesnym szczepem z programu hodowlanego Stefana Kraege.<br \/>\nPochodzi z tej samej krzy\u017c\u00f3wki co odmiana Rosaria i obie odmiany maj\u0105 wyra\u017ane podobie\u0144stwa pod wzgl\u0119dem czasu dojrzewania, j\u0119drno\u015bci i smaku. Obie odmiany znajduj\u0105 si\u0119 w przedziale wczesnej dojrza\u0142o\u015bci Clery. Owoce Serafiny s\u0105 jednorodnie ukszta\u0142towane, a ich wielko\u015b\u0107 jest niezmiennie dobra w czasie zbior\u00f3w . S\u0105 jasnoczerwone l\u015bni\u0105ce i prezentuj\u0105 si\u0119 bardzo \u0142adnie w koszyku.<br \/>\nWysoka indywidualna waga owoc\u00f3w o wysokiej proporcji klasy 1 gwarantuje bardzo dobr\u0105 wydajno\u015b\u0107 zbierania. Zalecamy sadzenie Serafiny wcze\u015bnie jako zielona lub zielona ro\u015blina doniczkowa, aby zapewni\u0107 wysokie plony. Po\u0142\u0105czenie plonu, smaku i zdrowia sprawia, \u017ce ta odmiana jest interesuj\u0105ca dla wszystkich szlak\u00f3w marketingowych.<\/p>\n","protected":false},"excerpt":{"rendered":"<p>Kolor jasnoczerwony, b\u0142yszcz\u0105cy Uwagi atrakcyjny wygl\u0105d, bardzo dobry smak, ciekawa wczesna odmiana na wszystkie szlaki marketingowe \u2013 odmiana chroniona, W\u0142a\u015bciciel odmiany: Stefan Kraege Hodowla Serabella jest nowym wczesnym szczepem z programu hodowlanego Stefana Kraege. Pochodzi z tej samej krzy\u017c\u00f3wki co odmiana Rosaria i obie odmiany maj\u0105 wyra\u017ane podobie\u0144stwa pod wzgl\u0119dem czasu dojrzewania, j\u0119drno\u015bci i smaku. [&hellip;]<\/p>\n","protected":false},"author":1,"featured_media":0,"parent":53,"menu_order":1,"comment_status":"open","ping_status":"closed","template":"page_frucht.php","meta":[],"yoast_head":"<!-- This site is optimized with the Yoast SEO plugin v17.2.1 - https:\/\/yoast.com\/wordpress\/plugins\/seo\/ -->\n<meta name=\"robots\" content=\"index, follow, max-snippet:-1, max-image-preview:large, max-video-preview:-1\" \/>\n<link rel=\"canonical\" href=\"https:\/\/kraege.de\/pol\/produkty\/truskawki\/fruehreifende-sorten\/deluxe\/\" \/>\n<meta property=\"og:locale\" content=\"pl_PL\" \/>\n<meta property=\"og:type\" content=\"article\" \/>\n<meta property=\"og:title\" content=\"Serabella - KRAEGE Beerenpflanzen POL\" \/>\n<meta property=\"og:description\" content=\"Kolor jasnoczerwony, b\u0142yszcz\u0105cy Uwagi atrakcyjny wygl\u0105d, bardzo dobry smak, ciekawa wczesna odmiana na wszystkie szlaki marketingowe \u2013 odmiana chroniona, W\u0142a\u015bciciel odmiany: Stefan Kraege Hodowla Serabella jest nowym wczesnym szczepem z programu hodowlanego Stefana Kraege. Pochodzi z tej samej krzy\u017c\u00f3wki co odmiana Rosaria i obie odmiany maj\u0105 wyra\u017ane podobie\u0144stwa pod wzgl\u0119dem czasu dojrzewania, j\u0119drno\u015bci i smaku. [&hellip;]\" \/>\n<meta property=\"og:url\" content=\"https:\/\/kraege.de\/pol\/produkty\/truskawki\/fruehreifende-sorten\/deluxe\/\" \/>\n<meta property=\"og:site_name\" content=\"KRAEGE Beerenpflanzen POL\" \/>\n<meta property=\"article:modified_time\" content=\"2025-11-24T14:45:28+00:00\" \/>\n<meta name=\"twitter:card\" content=\"summary\" \/>\n<meta name=\"twitter:label1\" content=\"Szacowany czas czytania\" \/>\n\t<meta name=\"twitter:data1\" content=\"1 minuta\" \/>\n<script type=\"application\/ld+json\" class=\"yoast-schema-graph\">{\"@context\":\"https:\/\/schema.org\",\"@graph\":[{\"@type\":\"WebSite\",\"@id\":\"https:\/\/kraege.de\/pol\/#website\",\"url\":\"https:\/\/kraege.de\/pol\/\",\"name\":\"KRAEGE Beerenpflanzen POL\",\"description\":\"Erdbeeren und Himbeeren aus der Region | Telgte | M\\u00fcnster | Warendorf\",\"potentialAction\":[{\"@type\":\"SearchAction\",\"target\":{\"@type\":\"EntryPoint\",\"urlTemplate\":\"https:\/\/kraege.de\/pol\/?s={search_term_string}\"},\"query-input\":\"required name=search_term_string\"}],\"inLanguage\":\"pl-PL\"},{\"@type\":\"WebPage\",\"@id\":\"https:\/\/kraege.de\/pol\/produkty\/truskawki\/fruehreifende-sorten\/deluxe\/#webpage\",\"url\":\"https:\/\/kraege.de\/pol\/produkty\/truskawki\/fruehreifende-sorten\/deluxe\/\",\"name\":\"Serabella - KRAEGE Beerenpflanzen POL\",\"isPartOf\":{\"@id\":\"https:\/\/kraege.de\/pol\/#website\"},\"datePublished\":\"2015-04-15T09:00:25+00:00\",\"dateModified\":\"2025-11-24T14:45:28+00:00\",\"breadcrumb\":{\"@id\":\"https:\/\/kraege.de\/pol\/produkty\/truskawki\/fruehreifende-sorten\/deluxe\/#breadcrumb\"},\"inLanguage\":\"pl-PL\",\"potentialAction\":[{\"@type\":\"ReadAction\",\"target\":[\"https:\/\/kraege.de\/pol\/produkty\/truskawki\/fruehreifende-sorten\/deluxe\/\"]}]},{\"@type\":\"BreadcrumbList\",\"@id\":\"https:\/\/kraege.de\/pol\/produkty\/truskawki\/fruehreifende-sorten\/deluxe\/#breadcrumb\",\"itemListElement\":[{\"@type\":\"ListItem\",\"position\":1,\"name\":\"Home\",\"item\":\"https:\/\/kraege.de\/pol\/\"},{\"@type\":\"ListItem\",\"position\":2,\"name\":\"Produkty\",\"item\":\"https:\/\/kraege.de\/pol\/produkty\/\"},{\"@type\":\"ListItem\",\"position\":3,\"name\":\"Truskawki\",\"item\":\"https:\/\/kraege.de\/pol\/produkty\/truskawki\/\"},{\"@type\":\"ListItem\",\"position\":4,\"name\":\"Odmiany wcze\\u015bnie dojrzewaj\\u0105ce\",\"item\":\"https:\/\/kraege.de\/pol\/produkty\/truskawki\/fruehreifende-sorten\/\"},{\"@type\":\"ListItem\",\"position\":5,\"name\":\"Serabella\"}]}]}<\/script>\n<!-- \/ Yoast SEO plugin. -->","yoast_head_json":{"robots":{"index":"index","follow":"follow","max-snippet":"max-snippet:-1","max-image-preview":"max-image-preview:large","max-video-preview":"max-video-preview:-1"},"canonical":"https:\/\/kraege.de\/pol\/produkty\/truskawki\/fruehreifende-sorten\/deluxe\/","og_locale":"pl_PL","og_type":"article","og_title":"Serabella - KRAEGE Beerenpflanzen POL","og_description":"Kolor jasnoczerwony, b\u0142yszcz\u0105cy Uwagi atrakcyjny wygl\u0105d, bardzo dobry smak, ciekawa wczesna odmiana na wszystkie szlaki marketingowe \u2013 odmiana chroniona, W\u0142a\u015bciciel odmiany: Stefan Kraege Hodowla Serabella jest nowym wczesnym szczepem z programu hodowlanego Stefana Kraege. Pochodzi z tej samej krzy\u017c\u00f3wki co odmiana Rosaria i obie odmiany maj\u0105 wyra\u017ane podobie\u0144stwa pod wzgl\u0119dem czasu dojrzewania, j\u0119drno\u015bci i smaku. [&hellip;]","og_url":"https:\/\/kraege.de\/pol\/produkty\/truskawki\/fruehreifende-sorten\/deluxe\/","og_site_name":"KRAEGE Beerenpflanzen POL","article_modified_time":"2025-11-24T14:45:28+00:00","twitter_card":"summary","twitter_misc":{"Szacowany czas czytania":"1 minuta"},"schema":{"@context":"https:\/\/schema.org","@graph":[{"@type":"WebSite","@id":"https:\/\/kraege.de\/pol\/#website","url":"https:\/\/kraege.de\/pol\/","name":"KRAEGE Beerenpflanzen POL","description":"Erdbeeren und Himbeeren aus der Region | Telgte | M\u00fcnster | Warendorf","potentialAction":[{"@type":"SearchAction","target":{"@type":"EntryPoint","urlTemplate":"https:\/\/kraege.de\/pol\/?s={search_term_string}"},"query-input":"required name=search_term_string"}],"inLanguage":"pl-PL"},{"@type":"WebPage","@id":"https:\/\/kraege.de\/pol\/produkty\/truskawki\/fruehreifende-sorten\/deluxe\/#webpage","url":"https:\/\/kraege.de\/pol\/produkty\/truskawki\/fruehreifende-sorten\/deluxe\/","name":"Serabella - KRAEGE Beerenpflanzen POL","isPartOf":{"@id":"https:\/\/kraege.de\/pol\/#website"},"datePublished":"2015-04-15T09:00:25+00:00","dateModified":"2025-11-24T14:45:28+00:00","breadcrumb":{"@id":"https:\/\/kraege.de\/pol\/produkty\/truskawki\/fruehreifende-sorten\/deluxe\/#breadcrumb"},"inLanguage":"pl-PL","potentialAction":[{"@type":"ReadAction","target":["https:\/\/kraege.de\/pol\/produkty\/truskawki\/fruehreifende-sorten\/deluxe\/"]}]},{"@type":"BreadcrumbList","@id":"https:\/\/kraege.de\/pol\/produkty\/truskawki\/fruehreifende-sorten\/deluxe\/#breadcrumb","itemListElement":[{"@type":"ListItem","position":1,"name":"Home","item":"https:\/\/kraege.de\/pol\/"},{"@type":"ListItem","position":2,"name":"Produkty","item":"https:\/\/kraege.de\/pol\/produkty\/"},{"@type":"ListItem","position":3,"name":"Truskawki","item":"https:\/\/kraege.de\/pol\/produkty\/truskawki\/"},{"@type":"ListItem","position":4,"name":"Odmiany wcze\u015bnie dojrzewaj\u0105ce","item":"https:\/\/kraege.de\/pol\/produkty\/truskawki\/fruehreifende-sorten\/"},{"@type":"ListItem","position":5,"name":"Serabella"}]}]}},"_links":{"self":[{"href":"https:\/\/kraege.de\/pol\/wp-json\/wp\/v2\/pages\/116"}],"collection":[{"href":"https:\/\/kraege.de\/pol\/wp-json\/wp\/v2\/pages"}],"about":[{"href":"https:\/\/kraege.de\/pol\/wp-json\/wp\/v2\/types\/page"}],"author":[{"embeddable":true,"href":"https:\/\/kraege.de\/pol\/wp-json\/wp\/v2\/users\/1"}],"replies":[{"embeddable":true,"href":"https:\/\/kraege.de\/pol\/wp-json\/wp\/v2\/comments?post=116"}],"version-history":[{"count":8,"href":"https:\/\/kraege.de\/pol\/wp-json\/wp\/v2\/pages\/116\/revisions"}],"predecessor-version":[{"id":2454,"href":"https:\/\/kraege.de\/pol\/wp-json\/wp\/v2\/pages\/116\/revisions\/2454"}],"up":[{"embeddable":true,"href":"https:\/\/kraege.de\/pol\/wp-json\/wp\/v2\/pages\/53"}],"wp:attachment":[{"href":"https:\/\/kraege.de\/pol\/wp-json\/wp\/v2\/media?parent=116"}],"curies":[{"name":"wp","href":"https:\/\/api.w.org\/{rel}","templated":true}]}}