{"id":114,"date":"2015-04-15T11:00:02","date_gmt":"2015-04-15T09:00:02","guid":{"rendered":"http:\/\/kraege.de\/kraege-21\/?page_id=114"},"modified":"2025-11-24T15:49:19","modified_gmt":"2025-11-24T14:49:19","slug":"malling-centenary","status":"publish","type":"page","link":"https:\/\/kraege.de\/pol\/produkty\/truskawki\/fruehreifende-sorten\/malling-centenary\/","title":{"rendered":"Malling Centenary"},"content":{"rendered":"<div class=\"tabelle-fruechte\">\n<table>\n<tbody>\n<tr>\n<td>Kolor<\/td>\n<td>czerwona, o wysokim po\u0142ysku<\/td>\n<\/tr>\n<tr>\n<td>Uwagi<\/td>\n<td>bardzo atrakcyjne owoce, nadaje si\u0119 do ka\u017cdego rodzaju sprzeda\u017cy. Podatna na Xanthomonas i Phythophthora<\/td>\n<\/tr>\n<\/tbody>\n<\/table>\n<\/div>\n<div class=\"reifezeit\"><\/div>\n<div class=\"herkunft\">\u2013 odmiana chroniona, W\u0142a\u015bciciel odmiany: Meiosis, Wielka Brytania<\/div>\n<p><a href=\"https:\/\/kraege.de\/pol\/wp-content\/uploads\/sites\/7\/2016\/02\/www.pol_malling.jpg\"><img loading=\"lazy\" class=\"alignleft wp-image-1575 size-medium\" src=\"https:\/\/kraege.de\/pol\/wp-content\/uploads\/sites\/7\/2016\/02\/www.pol_malling-193x320.jpg\" alt=\"\" width=\"193\" height=\"320\" srcset=\"https:\/\/kraege.de\/pol\/wp-content\/uploads\/sites\/7\/2016\/02\/www.pol_malling-193x320.jpg 193w, https:\/\/kraege.de\/pol\/wp-content\/uploads\/sites\/7\/2016\/02\/www.pol_malling-618x1024.jpg 618w, https:\/\/kraege.de\/pol\/wp-content\/uploads\/sites\/7\/2016\/02\/www.pol_malling.jpg 763w\" sizes=\"(max-width: 193px) 100vw, 193px\" \/><\/a>W 2013 roku, Malling Centenary zaskoczy\u0142a nas bardzo wczesn\u0105 por\u0105 dojrzewania (1 \u2013 2 dni wcze\u015bniej od Clery). St\u0105d uwa\u017camy, \u017ce ta odmiana jest mo\u017cliw\u0105 alternatyw\u0105 na obszarze bardzo wczesnych zbior\u00f3w. Niestety ten wynik nie zosta\u0142 powt\u00f3rzony w tym roku. W 2014 roku pora dojrzewania by\u0142a o kilka dni wcze\u015bniej ni\u017c Elsanta. Odmiana ta mo\u017ce by\u0107 \u0142atwo uprawiana wcze\u015bniej, z pocz\u0105tkiem zbior\u00f3w 3 \u2013 5 dni po Clery. Plony z wczesnych upraw przekraczaj\u0105 nieco plony z Clery. Natomiast plony z normalnych upraw s\u0105 wy\u017csze ani\u017celi plony z Elsanta. W Anglii ludzie zg\u0142aszali dobre rezultaty z Malling Centenary w 60-dniowej uprawie. Malling Centenary to nowa odmiana o wyj\u0105tkowych cechach owoc\u00f3w.<br \/>\nSmak owoc\u00f3w Malling Centenary jest dobry do bardzo dobrego z pi\u0119knym truskawkowym aromatem. Owoce s\u0105 czerwone, ciemniej\u0105 po sch\u0142odzeniu. Maj\u0105 jednolicie czerwon\u0105 barw\u0119, s\u0105 odrobin\u0119 ciemniejsze od owoc\u00f3w Elsanta. Malling Centenary przekonuje przepi\u0119knym po\u0142yskiem. Owoce s\u0105 du\u017ce i bardzo, bardzo regularne. Zebrali\u015bmy 98% owoc\u00f3w w klasie 1. Owoce s\u0105 bardzo trwa\u0142e. Nasze wyniki dla trwa\u0142o\u015bci s\u0105 znacznie wy\u017csze od Elsanta.<br \/>\nW\u0142a\u015bciwo\u015bci owoc\u00f3w, kt\u00f3re ma Malling Centenary s\u0105 dla nas przekonywuj\u0105ce, ale&nbsp; bierzemy pod uwag\u0119 tak\u017ce ryzyko. Odmiana ta jest bardzo podatna na Xanthomonas i Phytophthora cactorum. Kwiatostany rosn\u0105 powy\u017cej li\u015bci, wi\u0119c musz\u0105 by\u0107 chronione przed mrozem. Po pocz\u0105tkowych negatywnych opiniach o szkodach, jakie wyrz\u0105dza deszcz, stwierdza si\u0119, \u017ce na polach, otwartych uprawach tych szk\u00f3d jest wi\u0119cej. Poprzez sw\u00f3j wygl\u0105d w koszykach (szalkach) i dobry smak Malling Centenary jest doskona\u0142y dla wszystkich kana\u0142\u00f3w marketingowych. Du\u017cy rozmiar owocu z pewno\u015bci\u0105 osi\u0105gnie si\u0119 w uprawach w tunelach. Jako\u015b\u0107 owoc\u00f3w i plony, jakie mo\u017cna osi\u0105gn\u0105\u0107 s\u0105 wybitne. Odmiana ta daje owoce tylko w pierwszej klasie handlowej, z bardzo wysok\u0105 wag\u0105 pojedynczych owoc\u00f3w. Wydajno\u015b\u0107 zbior\u00f3w jest fantastyczna. Dla nas Malling Centenary jest jedn\u0105 z najbardziej obiecuj\u0105cych odmian na rynku. Ma ona bardzo ciekawy czas dojrzewania owoc\u00f3w i dobry smak, Malling Centenary jako owoc to klasa sama w sobie!<\/p>\n","protected":false},"excerpt":{"rendered":"<p>Kolor czerwona, o wysokim po\u0142ysku Uwagi bardzo atrakcyjne owoce, nadaje si\u0119 do ka\u017cdego rodzaju sprzeda\u017cy. Podatna na Xanthomonas i Phythophthora \u2013 odmiana chroniona, W\u0142a\u015bciciel odmiany: Meiosis, Wielka Brytania W 2013 roku, Malling Centenary zaskoczy\u0142a nas bardzo wczesn\u0105 por\u0105 dojrzewania (1 \u2013 2 dni wcze\u015bniej od Clery). St\u0105d uwa\u017camy, \u017ce ta odmiana jest mo\u017cliw\u0105 alternatyw\u0105 na [&hellip;]<\/p>\n","protected":false},"author":1,"featured_media":0,"parent":53,"menu_order":10,"comment_status":"open","ping_status":"closed","template":"page_frucht.php","meta":[],"yoast_head":"<!-- This site is optimized with the Yoast SEO plugin v17.2.1 - https:\/\/yoast.com\/wordpress\/plugins\/seo\/ -->\n<meta name=\"robots\" content=\"index, follow, max-snippet:-1, max-image-preview:large, max-video-preview:-1\" \/>\n<link rel=\"canonical\" href=\"https:\/\/kraege.de\/pol\/produkty\/truskawki\/fruehreifende-sorten\/malling-centenary\/\" \/>\n<meta property=\"og:locale\" content=\"pl_PL\" \/>\n<meta property=\"og:type\" content=\"article\" \/>\n<meta property=\"og:title\" content=\"Malling Centenary - KRAEGE Beerenpflanzen POL\" \/>\n<meta property=\"og:description\" content=\"Kolor czerwona, o wysokim po\u0142ysku Uwagi bardzo atrakcyjne owoce, nadaje si\u0119 do ka\u017cdego rodzaju sprzeda\u017cy. Podatna na Xanthomonas i Phythophthora \u2013 odmiana chroniona, W\u0142a\u015bciciel odmiany: Meiosis, Wielka Brytania W 2013 roku, Malling Centenary zaskoczy\u0142a nas bardzo wczesn\u0105 por\u0105 dojrzewania (1 \u2013 2 dni wcze\u015bniej od Clery). St\u0105d uwa\u017camy, \u017ce ta odmiana jest mo\u017cliw\u0105 alternatyw\u0105 na [&hellip;]\" \/>\n<meta property=\"og:url\" content=\"https:\/\/kraege.de\/pol\/produkty\/truskawki\/fruehreifende-sorten\/malling-centenary\/\" \/>\n<meta property=\"og:site_name\" content=\"KRAEGE Beerenpflanzen POL\" \/>\n<meta property=\"article:modified_time\" content=\"2025-11-24T14:49:19+00:00\" \/>\n<meta property=\"og:image\" content=\"https:\/\/kraege.de\/pol\/wp-content\/uploads\/sites\/7\/2016\/02\/www.pol_malling-193x320.jpg\" \/>\n<meta name=\"twitter:card\" content=\"summary\" \/>\n<meta name=\"twitter:label1\" content=\"Szacowany czas czytania\" \/>\n\t<meta name=\"twitter:data1\" content=\"2 minuty\" \/>\n<script type=\"application\/ld+json\" class=\"yoast-schema-graph\">{\"@context\":\"https:\/\/schema.org\",\"@graph\":[{\"@type\":\"WebSite\",\"@id\":\"https:\/\/kraege.de\/pol\/#website\",\"url\":\"https:\/\/kraege.de\/pol\/\",\"name\":\"KRAEGE Beerenpflanzen POL\",\"description\":\"Erdbeeren und Himbeeren aus der Region | Telgte | M\\u00fcnster | Warendorf\",\"potentialAction\":[{\"@type\":\"SearchAction\",\"target\":{\"@type\":\"EntryPoint\",\"urlTemplate\":\"https:\/\/kraege.de\/pol\/?s={search_term_string}\"},\"query-input\":\"required name=search_term_string\"}],\"inLanguage\":\"pl-PL\"},{\"@type\":\"ImageObject\",\"@id\":\"https:\/\/kraege.de\/pol\/produkty\/truskawki\/fruehreifende-sorten\/malling-centenary\/#primaryimage\",\"inLanguage\":\"pl-PL\",\"url\":\"https:\/\/kraege.de\/pol\/wp-content\/uploads\/sites\/7\/2016\/02\/www.pol_malling.jpg\",\"contentUrl\":\"https:\/\/kraege.de\/pol\/wp-content\/uploads\/sites\/7\/2016\/02\/www.pol_malling.jpg\",\"width\":763,\"height\":1264},{\"@type\":\"WebPage\",\"@id\":\"https:\/\/kraege.de\/pol\/produkty\/truskawki\/fruehreifende-sorten\/malling-centenary\/#webpage\",\"url\":\"https:\/\/kraege.de\/pol\/produkty\/truskawki\/fruehreifende-sorten\/malling-centenary\/\",\"name\":\"Malling Centenary - KRAEGE Beerenpflanzen POL\",\"isPartOf\":{\"@id\":\"https:\/\/kraege.de\/pol\/#website\"},\"primaryImageOfPage\":{\"@id\":\"https:\/\/kraege.de\/pol\/produkty\/truskawki\/fruehreifende-sorten\/malling-centenary\/#primaryimage\"},\"datePublished\":\"2015-04-15T09:00:02+00:00\",\"dateModified\":\"2025-11-24T14:49:19+00:00\",\"breadcrumb\":{\"@id\":\"https:\/\/kraege.de\/pol\/produkty\/truskawki\/fruehreifende-sorten\/malling-centenary\/#breadcrumb\"},\"inLanguage\":\"pl-PL\",\"potentialAction\":[{\"@type\":\"ReadAction\",\"target\":[\"https:\/\/kraege.de\/pol\/produkty\/truskawki\/fruehreifende-sorten\/malling-centenary\/\"]}]},{\"@type\":\"BreadcrumbList\",\"@id\":\"https:\/\/kraege.de\/pol\/produkty\/truskawki\/fruehreifende-sorten\/malling-centenary\/#breadcrumb\",\"itemListElement\":[{\"@type\":\"ListItem\",\"position\":1,\"name\":\"Home\",\"item\":\"https:\/\/kraege.de\/pol\/\"},{\"@type\":\"ListItem\",\"position\":2,\"name\":\"Produkty\",\"item\":\"https:\/\/kraege.de\/pol\/produkty\/\"},{\"@type\":\"ListItem\",\"position\":3,\"name\":\"Truskawki\",\"item\":\"https:\/\/kraege.de\/pol\/produkty\/truskawki\/\"},{\"@type\":\"ListItem\",\"position\":4,\"name\":\"Odmiany wcze\\u015bnie dojrzewaj\\u0105ce\",\"item\":\"https:\/\/kraege.de\/pol\/produkty\/truskawki\/fruehreifende-sorten\/\"},{\"@type\":\"ListItem\",\"position\":5,\"name\":\"Malling Centenary\"}]}]}<\/script>\n<!-- \/ Yoast SEO plugin. -->","yoast_head_json":{"robots":{"index":"index","follow":"follow","max-snippet":"max-snippet:-1","max-image-preview":"max-image-preview:large","max-video-preview":"max-video-preview:-1"},"canonical":"https:\/\/kraege.de\/pol\/produkty\/truskawki\/fruehreifende-sorten\/malling-centenary\/","og_locale":"pl_PL","og_type":"article","og_title":"Malling Centenary - KRAEGE Beerenpflanzen POL","og_description":"Kolor czerwona, o wysokim po\u0142ysku Uwagi bardzo atrakcyjne owoce, nadaje si\u0119 do ka\u017cdego rodzaju sprzeda\u017cy. Podatna na Xanthomonas i Phythophthora \u2013 odmiana chroniona, W\u0142a\u015bciciel odmiany: Meiosis, Wielka Brytania W 2013 roku, Malling Centenary zaskoczy\u0142a nas bardzo wczesn\u0105 por\u0105 dojrzewania (1 \u2013 2 dni wcze\u015bniej od Clery). St\u0105d uwa\u017camy, \u017ce ta odmiana jest mo\u017cliw\u0105 alternatyw\u0105 na [&hellip;]","og_url":"https:\/\/kraege.de\/pol\/produkty\/truskawki\/fruehreifende-sorten\/malling-centenary\/","og_site_name":"KRAEGE Beerenpflanzen POL","article_modified_time":"2025-11-24T14:49:19+00:00","og_image":[{"url":"https:\/\/kraege.de\/pol\/wp-content\/uploads\/sites\/7\/2016\/02\/www.pol_malling-193x320.jpg"}],"twitter_card":"summary","twitter_misc":{"Szacowany czas czytania":"2 minuty"},"schema":{"@context":"https:\/\/schema.org","@graph":[{"@type":"WebSite","@id":"https:\/\/kraege.de\/pol\/#website","url":"https:\/\/kraege.de\/pol\/","name":"KRAEGE Beerenpflanzen POL","description":"Erdbeeren und Himbeeren aus der Region | Telgte | M\u00fcnster | Warendorf","potentialAction":[{"@type":"SearchAction","target":{"@type":"EntryPoint","urlTemplate":"https:\/\/kraege.de\/pol\/?s={search_term_string}"},"query-input":"required name=search_term_string"}],"inLanguage":"pl-PL"},{"@type":"ImageObject","@id":"https:\/\/kraege.de\/pol\/produkty\/truskawki\/fruehreifende-sorten\/malling-centenary\/#primaryimage","inLanguage":"pl-PL","url":"https:\/\/kraege.de\/pol\/wp-content\/uploads\/sites\/7\/2016\/02\/www.pol_malling.jpg","contentUrl":"https:\/\/kraege.de\/pol\/wp-content\/uploads\/sites\/7\/2016\/02\/www.pol_malling.jpg","width":763,"height":1264},{"@type":"WebPage","@id":"https:\/\/kraege.de\/pol\/produkty\/truskawki\/fruehreifende-sorten\/malling-centenary\/#webpage","url":"https:\/\/kraege.de\/pol\/produkty\/truskawki\/fruehreifende-sorten\/malling-centenary\/","name":"Malling Centenary - KRAEGE Beerenpflanzen POL","isPartOf":{"@id":"https:\/\/kraege.de\/pol\/#website"},"primaryImageOfPage":{"@id":"https:\/\/kraege.de\/pol\/produkty\/truskawki\/fruehreifende-sorten\/malling-centenary\/#primaryimage"},"datePublished":"2015-04-15T09:00:02+00:00","dateModified":"2025-11-24T14:49:19+00:00","breadcrumb":{"@id":"https:\/\/kraege.de\/pol\/produkty\/truskawki\/fruehreifende-sorten\/malling-centenary\/#breadcrumb"},"inLanguage":"pl-PL","potentialAction":[{"@type":"ReadAction","target":["https:\/\/kraege.de\/pol\/produkty\/truskawki\/fruehreifende-sorten\/malling-centenary\/"]}]},{"@type":"BreadcrumbList","@id":"https:\/\/kraege.de\/pol\/produkty\/truskawki\/fruehreifende-sorten\/malling-centenary\/#breadcrumb","itemListElement":[{"@type":"ListItem","position":1,"name":"Home","item":"https:\/\/kraege.de\/pol\/"},{"@type":"ListItem","position":2,"name":"Produkty","item":"https:\/\/kraege.de\/pol\/produkty\/"},{"@type":"ListItem","position":3,"name":"Truskawki","item":"https:\/\/kraege.de\/pol\/produkty\/truskawki\/"},{"@type":"ListItem","position":4,"name":"Odmiany wcze\u015bnie dojrzewaj\u0105ce","item":"https:\/\/kraege.de\/pol\/produkty\/truskawki\/fruehreifende-sorten\/"},{"@type":"ListItem","position":5,"name":"Malling Centenary"}]}]}},"_links":{"self":[{"href":"https:\/\/kraege.de\/pol\/wp-json\/wp\/v2\/pages\/114"}],"collection":[{"href":"https:\/\/kraege.de\/pol\/wp-json\/wp\/v2\/pages"}],"about":[{"href":"https:\/\/kraege.de\/pol\/wp-json\/wp\/v2\/types\/page"}],"author":[{"embeddable":true,"href":"https:\/\/kraege.de\/pol\/wp-json\/wp\/v2\/users\/1"}],"replies":[{"embeddable":true,"href":"https:\/\/kraege.de\/pol\/wp-json\/wp\/v2\/comments?post=114"}],"version-history":[{"count":18,"href":"https:\/\/kraege.de\/pol\/wp-json\/wp\/v2\/pages\/114\/revisions"}],"predecessor-version":[{"id":2357,"href":"https:\/\/kraege.de\/pol\/wp-json\/wp\/v2\/pages\/114\/revisions\/2357"}],"up":[{"embeddable":true,"href":"https:\/\/kraege.de\/pol\/wp-json\/wp\/v2\/pages\/53"}],"wp:attachment":[{"href":"https:\/\/kraege.de\/pol\/wp-json\/wp\/v2\/media?parent=114"}],"curies":[{"name":"wp","href":"https:\/\/api.w.org\/{rel}","templated":true}]}}