{"id":112,"date":"2015-04-15T10:59:46","date_gmt":"2015-04-15T08:59:46","guid":{"rendered":"http:\/\/kraege.de\/kraege-21\/?page_id=112"},"modified":"2025-11-24T15:48:09","modified_gmt":"2025-11-24T14:48:09","slug":"rumba","status":"publish","type":"page","link":"https:\/\/kraege.de\/pol\/produkty\/truskawki\/fruehreifende-sorten\/rumba\/","title":{"rendered":"Rumba"},"content":{"rendered":"<div class=\"tabelle-fruechte\">\n<table>\n<tbody>\n<tr>\n<td>Kolor<\/td>\n<td>\u015brednio \u2013 czerwony, z po\u0142yskiem<\/td>\n<\/tr>\n<tr>\n<td>Uwagi<\/td>\n<td>bardzo \u0142adna sk\u00f3rka, mocna ro\u015blina<\/td>\n<\/tr>\n<\/tbody>\n<\/table>\n<\/div>\n<div class=\"reifezeit\"><\/div>\n<div class=\"herkunft\">\u2013 odmiana chroniona, W\u0142a\u015bciciel odmiany: Fresh Forward B.V., Wageningen, Holandia<\/div>\n<p><a href=\"https:\/\/kraege.de\/pol\/wp-content\/uploads\/sites\/7\/2016\/02\/www.pol_rumba.jpg\"><img loading=\"lazy\" class=\"alignleft wp-image-1578 size-medium\" src=\"https:\/\/kraege.de\/pol\/wp-content\/uploads\/sites\/7\/2016\/02\/www.pol_rumba-179x320.jpg\" alt=\"\" width=\"179\" height=\"320\" srcset=\"https:\/\/kraege.de\/pol\/wp-content\/uploads\/sites\/7\/2016\/02\/www.pol_rumba-179x320.jpg 179w, https:\/\/kraege.de\/pol\/wp-content\/uploads\/sites\/7\/2016\/02\/www.pol_rumba-571x1024.jpg 571w, https:\/\/kraege.de\/pol\/wp-content\/uploads\/sites\/7\/2016\/02\/www.pol_rumba.jpg 754w\" sizes=\"(max-width: 179px) 100vw, 179px\" \/><\/a>Rumba jest wcze\u015bnie dojrzewaj\u0105c\u0105 odmian\u0105, z programu upraw firmy Fresh Forward. Rumba dojrzewa siedem dni wcze\u015bniej od Sonaty, przy czym czas zbior\u00f3w jest d\u0142u\u017cszy od Honeoye i Clery. Odmiana ta daje czerwone owoce z atrakcyjnym po\u0142yskiem. Owoce s\u0105 du\u017ce, jednakowe i trwa\u0142e. Maj\u0105 one dobry okres przechowywania, zachowuje po\u0142ysk, l\u015bni nawet po przechowywaniu w ch\u0142odni. Owoce s\u0105 so\u00ad-czyste o dobrym smaku. Bardzo wa\u017cne jest regularne zbieranie, poniewa\u017c owoce mog\u0105 ciemnie\u0107.<br \/>\nRumba nadaje si\u0119 zar\u00f3wno do up- rawy pod agrow\u0142\u00f3knin\u0105 i\/lub pod foli\u0105, ale tak\u017ce w tunelach. Plony s\u0105 wysokie z dobr\u0105 wielko\u015bci\u0105 owoc\u00f3w i wysok\u0105 wag\u0105 poszczeg\u00f3lnych sztuk. Nie ma prawie \u017cadnych okaleczonych owoc\u00f3w.<br \/>\nKwiatostany nie s\u0105 za d\u0142ugie, tak wi\u0119c odmiana ta jest stosunkowo dobrze chroniona przez li\u015bcie przed p\u00f3\u017anymi przymrozkami i silnym deszczem. Wiosn\u0105 nale\u017cy jednak os\u0142ania\u0107 ro\u015bliny agrow\u0142\u00f3knin\u0105 lub foli\u0105 przed mrozem aby unikn\u0105\u0107 przemarzania kwiatostan\u00f3w.<br \/>\nRumba jest bardzo zdrow\u0105 i bujn\u0105 odmian\u0105, do tej pory nie wykaza\u0142a \u017cadnej podatno\u015bci na najwa\u017cniejsze choroby. Niemniej jednak zapobiegawczo zalecamy opryski przeciwko Botrytis i Rhizoctonia.<br \/>\nSprawdzony odst\u0119p mi\u0119dzy ro\u015blinami to 35 cm. Rumba mo\u017ce by\u0107 sadzona zar\u00f3wno jako ro\u015blina frigo, jak i \u015bwie\u017ca, zielona na pocz\u0105tku sierpnia. Drugoroczna uprawa daje bezproblemowo zdrowe i du\u017ce owoce. Odmiana ta w drugim roku musi by\u0107 zabezpieczona przed zimowymi mrozami, poniewa\u017c stosunkowo wysoko znajduje si\u0119 k\u0142\u0105cze.<br \/>\nOdmiana ta \u0142atwo przyswaja pierwiastek \u015bladowy bor, wi\u0119c stosuj\u0105c naw\u00f3z zawieraj\u0105cy bor mog\u0105 wy\u00ad-st\u0105\u00adpi\u0107 nadwy\u017cki. Poza tym uprawa tej odmiany jest stosunkowo \u0142atwa i nie wymaga specjalnego nawo\u017cenia.<\/p>\n","protected":false},"excerpt":{"rendered":"<p>Kolor \u015brednio \u2013 czerwony, z po\u0142yskiem Uwagi bardzo \u0142adna sk\u00f3rka, mocna ro\u015blina \u2013 odmiana chroniona, W\u0142a\u015bciciel odmiany: Fresh Forward B.V., Wageningen, Holandia Rumba jest wcze\u015bnie dojrzewaj\u0105c\u0105 odmian\u0105, z programu upraw firmy Fresh Forward. Rumba dojrzewa siedem dni wcze\u015bniej od Sonaty, przy czym czas zbior\u00f3w jest d\u0142u\u017cszy od Honeoye i Clery. Odmiana ta daje czerwone owoce [&hellip;]<\/p>\n","protected":false},"author":1,"featured_media":0,"parent":53,"menu_order":11,"comment_status":"open","ping_status":"closed","template":"page_frucht.php","meta":[],"yoast_head":"<!-- This site is optimized with the Yoast SEO plugin v17.2.1 - https:\/\/yoast.com\/wordpress\/plugins\/seo\/ -->\n<meta name=\"robots\" content=\"index, follow, max-snippet:-1, max-image-preview:large, max-video-preview:-1\" \/>\n<link rel=\"canonical\" href=\"https:\/\/kraege.de\/pol\/produkty\/truskawki\/fruehreifende-sorten\/rumba\/\" \/>\n<meta property=\"og:locale\" content=\"pl_PL\" \/>\n<meta property=\"og:type\" content=\"article\" \/>\n<meta property=\"og:title\" content=\"Rumba - KRAEGE Beerenpflanzen POL\" \/>\n<meta property=\"og:description\" content=\"Kolor \u015brednio \u2013 czerwony, z po\u0142yskiem Uwagi bardzo \u0142adna sk\u00f3rka, mocna ro\u015blina \u2013 odmiana chroniona, W\u0142a\u015bciciel odmiany: Fresh Forward B.V., Wageningen, Holandia Rumba jest wcze\u015bnie dojrzewaj\u0105c\u0105 odmian\u0105, z programu upraw firmy Fresh Forward. Rumba dojrzewa siedem dni wcze\u015bniej od Sonaty, przy czym czas zbior\u00f3w jest d\u0142u\u017cszy od Honeoye i Clery. Odmiana ta daje czerwone owoce [&hellip;]\" \/>\n<meta property=\"og:url\" content=\"https:\/\/kraege.de\/pol\/produkty\/truskawki\/fruehreifende-sorten\/rumba\/\" \/>\n<meta property=\"og:site_name\" content=\"KRAEGE Beerenpflanzen POL\" \/>\n<meta property=\"article:modified_time\" content=\"2025-11-24T14:48:09+00:00\" \/>\n<meta property=\"og:image\" content=\"https:\/\/kraege.de\/pol\/wp-content\/uploads\/sites\/7\/2016\/02\/www.pol_rumba-179x320.jpg\" \/>\n<meta name=\"twitter:card\" content=\"summary\" \/>\n<meta name=\"twitter:label1\" content=\"Szacowany czas czytania\" \/>\n\t<meta name=\"twitter:data1\" content=\"2 minuty\" \/>\n<script type=\"application\/ld+json\" class=\"yoast-schema-graph\">{\"@context\":\"https:\/\/schema.org\",\"@graph\":[{\"@type\":\"WebSite\",\"@id\":\"https:\/\/kraege.de\/pol\/#website\",\"url\":\"https:\/\/kraege.de\/pol\/\",\"name\":\"KRAEGE Beerenpflanzen POL\",\"description\":\"Erdbeeren und Himbeeren aus der Region | Telgte | M\\u00fcnster | Warendorf\",\"potentialAction\":[{\"@type\":\"SearchAction\",\"target\":{\"@type\":\"EntryPoint\",\"urlTemplate\":\"https:\/\/kraege.de\/pol\/?s={search_term_string}\"},\"query-input\":\"required name=search_term_string\"}],\"inLanguage\":\"pl-PL\"},{\"@type\":\"ImageObject\",\"@id\":\"https:\/\/kraege.de\/pol\/produkty\/truskawki\/fruehreifende-sorten\/rumba\/#primaryimage\",\"inLanguage\":\"pl-PL\",\"url\":\"https:\/\/kraege.de\/pol\/wp-content\/uploads\/sites\/7\/2016\/02\/www.pol_rumba.jpg\",\"contentUrl\":\"https:\/\/kraege.de\/pol\/wp-content\/uploads\/sites\/7\/2016\/02\/www.pol_rumba.jpg\",\"width\":754,\"height\":1351},{\"@type\":\"WebPage\",\"@id\":\"https:\/\/kraege.de\/pol\/produkty\/truskawki\/fruehreifende-sorten\/rumba\/#webpage\",\"url\":\"https:\/\/kraege.de\/pol\/produkty\/truskawki\/fruehreifende-sorten\/rumba\/\",\"name\":\"Rumba - KRAEGE Beerenpflanzen POL\",\"isPartOf\":{\"@id\":\"https:\/\/kraege.de\/pol\/#website\"},\"primaryImageOfPage\":{\"@id\":\"https:\/\/kraege.de\/pol\/produkty\/truskawki\/fruehreifende-sorten\/rumba\/#primaryimage\"},\"datePublished\":\"2015-04-15T08:59:46+00:00\",\"dateModified\":\"2025-11-24T14:48:09+00:00\",\"breadcrumb\":{\"@id\":\"https:\/\/kraege.de\/pol\/produkty\/truskawki\/fruehreifende-sorten\/rumba\/#breadcrumb\"},\"inLanguage\":\"pl-PL\",\"potentialAction\":[{\"@type\":\"ReadAction\",\"target\":[\"https:\/\/kraege.de\/pol\/produkty\/truskawki\/fruehreifende-sorten\/rumba\/\"]}]},{\"@type\":\"BreadcrumbList\",\"@id\":\"https:\/\/kraege.de\/pol\/produkty\/truskawki\/fruehreifende-sorten\/rumba\/#breadcrumb\",\"itemListElement\":[{\"@type\":\"ListItem\",\"position\":1,\"name\":\"Home\",\"item\":\"https:\/\/kraege.de\/pol\/\"},{\"@type\":\"ListItem\",\"position\":2,\"name\":\"Produkty\",\"item\":\"https:\/\/kraege.de\/pol\/produkty\/\"},{\"@type\":\"ListItem\",\"position\":3,\"name\":\"Truskawki\",\"item\":\"https:\/\/kraege.de\/pol\/produkty\/truskawki\/\"},{\"@type\":\"ListItem\",\"position\":4,\"name\":\"Odmiany wcze\\u015bnie dojrzewaj\\u0105ce\",\"item\":\"https:\/\/kraege.de\/pol\/produkty\/truskawki\/fruehreifende-sorten\/\"},{\"@type\":\"ListItem\",\"position\":5,\"name\":\"Rumba\"}]}]}<\/script>\n<!-- \/ Yoast SEO plugin. -->","yoast_head_json":{"robots":{"index":"index","follow":"follow","max-snippet":"max-snippet:-1","max-image-preview":"max-image-preview:large","max-video-preview":"max-video-preview:-1"},"canonical":"https:\/\/kraege.de\/pol\/produkty\/truskawki\/fruehreifende-sorten\/rumba\/","og_locale":"pl_PL","og_type":"article","og_title":"Rumba - KRAEGE Beerenpflanzen POL","og_description":"Kolor \u015brednio \u2013 czerwony, z po\u0142yskiem Uwagi bardzo \u0142adna sk\u00f3rka, mocna ro\u015blina \u2013 odmiana chroniona, W\u0142a\u015bciciel odmiany: Fresh Forward B.V., Wageningen, Holandia Rumba jest wcze\u015bnie dojrzewaj\u0105c\u0105 odmian\u0105, z programu upraw firmy Fresh Forward. Rumba dojrzewa siedem dni wcze\u015bniej od Sonaty, przy czym czas zbior\u00f3w jest d\u0142u\u017cszy od Honeoye i Clery. Odmiana ta daje czerwone owoce [&hellip;]","og_url":"https:\/\/kraege.de\/pol\/produkty\/truskawki\/fruehreifende-sorten\/rumba\/","og_site_name":"KRAEGE Beerenpflanzen POL","article_modified_time":"2025-11-24T14:48:09+00:00","og_image":[{"url":"https:\/\/kraege.de\/pol\/wp-content\/uploads\/sites\/7\/2016\/02\/www.pol_rumba-179x320.jpg"}],"twitter_card":"summary","twitter_misc":{"Szacowany czas czytania":"2 minuty"},"schema":{"@context":"https:\/\/schema.org","@graph":[{"@type":"WebSite","@id":"https:\/\/kraege.de\/pol\/#website","url":"https:\/\/kraege.de\/pol\/","name":"KRAEGE Beerenpflanzen POL","description":"Erdbeeren und Himbeeren aus der Region | Telgte | M\u00fcnster | Warendorf","potentialAction":[{"@type":"SearchAction","target":{"@type":"EntryPoint","urlTemplate":"https:\/\/kraege.de\/pol\/?s={search_term_string}"},"query-input":"required name=search_term_string"}],"inLanguage":"pl-PL"},{"@type":"ImageObject","@id":"https:\/\/kraege.de\/pol\/produkty\/truskawki\/fruehreifende-sorten\/rumba\/#primaryimage","inLanguage":"pl-PL","url":"https:\/\/kraege.de\/pol\/wp-content\/uploads\/sites\/7\/2016\/02\/www.pol_rumba.jpg","contentUrl":"https:\/\/kraege.de\/pol\/wp-content\/uploads\/sites\/7\/2016\/02\/www.pol_rumba.jpg","width":754,"height":1351},{"@type":"WebPage","@id":"https:\/\/kraege.de\/pol\/produkty\/truskawki\/fruehreifende-sorten\/rumba\/#webpage","url":"https:\/\/kraege.de\/pol\/produkty\/truskawki\/fruehreifende-sorten\/rumba\/","name":"Rumba - KRAEGE Beerenpflanzen POL","isPartOf":{"@id":"https:\/\/kraege.de\/pol\/#website"},"primaryImageOfPage":{"@id":"https:\/\/kraege.de\/pol\/produkty\/truskawki\/fruehreifende-sorten\/rumba\/#primaryimage"},"datePublished":"2015-04-15T08:59:46+00:00","dateModified":"2025-11-24T14:48:09+00:00","breadcrumb":{"@id":"https:\/\/kraege.de\/pol\/produkty\/truskawki\/fruehreifende-sorten\/rumba\/#breadcrumb"},"inLanguage":"pl-PL","potentialAction":[{"@type":"ReadAction","target":["https:\/\/kraege.de\/pol\/produkty\/truskawki\/fruehreifende-sorten\/rumba\/"]}]},{"@type":"BreadcrumbList","@id":"https:\/\/kraege.de\/pol\/produkty\/truskawki\/fruehreifende-sorten\/rumba\/#breadcrumb","itemListElement":[{"@type":"ListItem","position":1,"name":"Home","item":"https:\/\/kraege.de\/pol\/"},{"@type":"ListItem","position":2,"name":"Produkty","item":"https:\/\/kraege.de\/pol\/produkty\/"},{"@type":"ListItem","position":3,"name":"Truskawki","item":"https:\/\/kraege.de\/pol\/produkty\/truskawki\/"},{"@type":"ListItem","position":4,"name":"Odmiany wcze\u015bnie dojrzewaj\u0105ce","item":"https:\/\/kraege.de\/pol\/produkty\/truskawki\/fruehreifende-sorten\/"},{"@type":"ListItem","position":5,"name":"Rumba"}]}]}},"_links":{"self":[{"href":"https:\/\/kraege.de\/pol\/wp-json\/wp\/v2\/pages\/112"}],"collection":[{"href":"https:\/\/kraege.de\/pol\/wp-json\/wp\/v2\/pages"}],"about":[{"href":"https:\/\/kraege.de\/pol\/wp-json\/wp\/v2\/types\/page"}],"author":[{"embeddable":true,"href":"https:\/\/kraege.de\/pol\/wp-json\/wp\/v2\/users\/1"}],"replies":[{"embeddable":true,"href":"https:\/\/kraege.de\/pol\/wp-json\/wp\/v2\/comments?post=112"}],"version-history":[{"count":14,"href":"https:\/\/kraege.de\/pol\/wp-json\/wp\/v2\/pages\/112\/revisions"}],"predecessor-version":[{"id":2358,"href":"https:\/\/kraege.de\/pol\/wp-json\/wp\/v2\/pages\/112\/revisions\/2358"}],"up":[{"embeddable":true,"href":"https:\/\/kraege.de\/pol\/wp-json\/wp\/v2\/pages\/53"}],"wp:attachment":[{"href":"https:\/\/kraege.de\/pol\/wp-json\/wp\/v2\/media?parent=112"}],"curies":[{"name":"wp","href":"https:\/\/api.w.org\/{rel}","templated":true}]}}