{"id":110,"date":"2015-04-15T10:59:31","date_gmt":"2015-04-15T08:59:31","guid":{"rendered":"http:\/\/kraege.de\/kraege-21\/?page_id=110"},"modified":"2025-11-24T16:00:34","modified_gmt":"2025-11-24T15:00:34","slug":"dream","status":"publish","type":"page","link":"https:\/\/kraege.de\/pol\/produkty\/truskawki\/spaete-sorten\/dream\/","title":{"rendered":"Marieka"},"content":{"rendered":"<div class=\"tabelle-fruechte\">\n<table>\n<tbody>\n<tr>\n<td>Kolor<\/td>\n<td>czerwony\u2026ciemnoczerwony, b\u0142yszcz\u0105cy<\/td>\n<\/tr>\n<tr>\n<td>Uwagi<\/td>\n<td>bardzo dobry smak, delikatna sk\u00f3rka owocowa, ciekawa alternatywa dla Faith w marketingu bezpo\u015brednim<\/td>\n<\/tr>\n<\/tbody>\n<\/table>\n<\/div>\n<div class=\"herkunft\">\u2013 odmiana chroniona, W\u0142a\u015bciciel odmiany: Peter Stoppel, Niemcy<\/div>\n<p>Marika is a new late variety from the breeding of Peter Stoppel. The ripening time is similar to the one of Faith, about 5 \u2013 7 days before Malwina. The yield of Marika is high with a high percentage of class 1 fruits. The big fruits are evenly shaped, very glossy and easy to pick. Marika has red to dark red fruits and convinces with a very good taste.<br \/>\nDue to the sensitive skin of the fruits, Marika qualifies only for direct marketing.<\/p>\n","protected":false},"excerpt":{"rendered":"<p>Kolor czerwony\u2026ciemnoczerwony, b\u0142yszcz\u0105cy Uwagi bardzo dobry smak, delikatna sk\u00f3rka owocowa, ciekawa alternatywa dla Faith w marketingu bezpo\u015brednim \u2013 odmiana chroniona, W\u0142a\u015bciciel odmiany: Peter Stoppel, Niemcy Marika is a new late variety from the breeding of Peter Stoppel. The ripening time is similar to the one of Faith, about 5 \u2013 7 days before Malwina. The [&hellip;]<\/p>\n","protected":false},"author":1,"featured_media":0,"parent":59,"menu_order":6,"comment_status":"open","ping_status":"closed","template":"page_frucht.php","meta":[],"yoast_head":"<!-- This site is optimized with the Yoast SEO plugin v17.2.1 - https:\/\/yoast.com\/wordpress\/plugins\/seo\/ -->\n<meta name=\"robots\" content=\"index, follow, max-snippet:-1, max-image-preview:large, max-video-preview:-1\" \/>\n<link rel=\"canonical\" href=\"https:\/\/kraege.de\/pol\/produkty\/truskawki\/spaete-sorten\/dream\/\" \/>\n<meta property=\"og:locale\" content=\"pl_PL\" \/>\n<meta property=\"og:type\" content=\"article\" \/>\n<meta property=\"og:title\" content=\"Marieka - KRAEGE Beerenpflanzen POL\" \/>\n<meta property=\"og:description\" content=\"Kolor czerwony\u2026ciemnoczerwony, b\u0142yszcz\u0105cy Uwagi bardzo dobry smak, delikatna sk\u00f3rka owocowa, ciekawa alternatywa dla Faith w marketingu bezpo\u015brednim \u2013 odmiana chroniona, W\u0142a\u015bciciel odmiany: Peter Stoppel, Niemcy Marika is a new late variety from the breeding of Peter Stoppel. The ripening time is similar to the one of Faith, about 5 \u2013 7 days before Malwina. The [&hellip;]\" \/>\n<meta property=\"og:url\" content=\"https:\/\/kraege.de\/pol\/produkty\/truskawki\/spaete-sorten\/dream\/\" \/>\n<meta property=\"og:site_name\" content=\"KRAEGE Beerenpflanzen POL\" \/>\n<meta property=\"article:modified_time\" content=\"2025-11-24T15:00:34+00:00\" \/>\n<meta name=\"twitter:card\" content=\"summary\" \/>\n<meta name=\"twitter:label1\" content=\"Szacowany czas czytania\" \/>\n\t<meta name=\"twitter:data1\" content=\"1 minuta\" \/>\n<script type=\"application\/ld+json\" class=\"yoast-schema-graph\">{\"@context\":\"https:\/\/schema.org\",\"@graph\":[{\"@type\":\"WebSite\",\"@id\":\"https:\/\/kraege.de\/pol\/#website\",\"url\":\"https:\/\/kraege.de\/pol\/\",\"name\":\"KRAEGE Beerenpflanzen POL\",\"description\":\"Erdbeeren und Himbeeren aus der Region | Telgte | M\\u00fcnster | Warendorf\",\"potentialAction\":[{\"@type\":\"SearchAction\",\"target\":{\"@type\":\"EntryPoint\",\"urlTemplate\":\"https:\/\/kraege.de\/pol\/?s={search_term_string}\"},\"query-input\":\"required name=search_term_string\"}],\"inLanguage\":\"pl-PL\"},{\"@type\":\"WebPage\",\"@id\":\"https:\/\/kraege.de\/pol\/produkty\/truskawki\/spaete-sorten\/dream\/#webpage\",\"url\":\"https:\/\/kraege.de\/pol\/produkty\/truskawki\/spaete-sorten\/dream\/\",\"name\":\"Marieka - KRAEGE Beerenpflanzen POL\",\"isPartOf\":{\"@id\":\"https:\/\/kraege.de\/pol\/#website\"},\"datePublished\":\"2015-04-15T08:59:31+00:00\",\"dateModified\":\"2025-11-24T15:00:34+00:00\",\"breadcrumb\":{\"@id\":\"https:\/\/kraege.de\/pol\/produkty\/truskawki\/spaete-sorten\/dream\/#breadcrumb\"},\"inLanguage\":\"pl-PL\",\"potentialAction\":[{\"@type\":\"ReadAction\",\"target\":[\"https:\/\/kraege.de\/pol\/produkty\/truskawki\/spaete-sorten\/dream\/\"]}]},{\"@type\":\"BreadcrumbList\",\"@id\":\"https:\/\/kraege.de\/pol\/produkty\/truskawki\/spaete-sorten\/dream\/#breadcrumb\",\"itemListElement\":[{\"@type\":\"ListItem\",\"position\":1,\"name\":\"Home\",\"item\":\"https:\/\/kraege.de\/pol\/\"},{\"@type\":\"ListItem\",\"position\":2,\"name\":\"Produkty\",\"item\":\"https:\/\/kraege.de\/pol\/produkty\/\"},{\"@type\":\"ListItem\",\"position\":3,\"name\":\"Truskawki\",\"item\":\"https:\/\/kraege.de\/pol\/produkty\/truskawki\/\"},{\"@type\":\"ListItem\",\"position\":4,\"name\":\"P\\u00f3\\u017ane odmiany\",\"item\":\"https:\/\/kraege.de\/pol\/produkty\/truskawki\/spaete-sorten\/\"},{\"@type\":\"ListItem\",\"position\":5,\"name\":\"Marieka\"}]}]}<\/script>\n<!-- \/ Yoast SEO plugin. -->","yoast_head_json":{"robots":{"index":"index","follow":"follow","max-snippet":"max-snippet:-1","max-image-preview":"max-image-preview:large","max-video-preview":"max-video-preview:-1"},"canonical":"https:\/\/kraege.de\/pol\/produkty\/truskawki\/spaete-sorten\/dream\/","og_locale":"pl_PL","og_type":"article","og_title":"Marieka - KRAEGE Beerenpflanzen POL","og_description":"Kolor czerwony\u2026ciemnoczerwony, b\u0142yszcz\u0105cy Uwagi bardzo dobry smak, delikatna sk\u00f3rka owocowa, ciekawa alternatywa dla Faith w marketingu bezpo\u015brednim \u2013 odmiana chroniona, W\u0142a\u015bciciel odmiany: Peter Stoppel, Niemcy Marika is a new late variety from the breeding of Peter Stoppel. The ripening time is similar to the one of Faith, about 5 \u2013 7 days before Malwina. The [&hellip;]","og_url":"https:\/\/kraege.de\/pol\/produkty\/truskawki\/spaete-sorten\/dream\/","og_site_name":"KRAEGE Beerenpflanzen POL","article_modified_time":"2025-11-24T15:00:34+00:00","twitter_card":"summary","twitter_misc":{"Szacowany czas czytania":"1 minuta"},"schema":{"@context":"https:\/\/schema.org","@graph":[{"@type":"WebSite","@id":"https:\/\/kraege.de\/pol\/#website","url":"https:\/\/kraege.de\/pol\/","name":"KRAEGE Beerenpflanzen POL","description":"Erdbeeren und Himbeeren aus der Region | Telgte | M\u00fcnster | Warendorf","potentialAction":[{"@type":"SearchAction","target":{"@type":"EntryPoint","urlTemplate":"https:\/\/kraege.de\/pol\/?s={search_term_string}"},"query-input":"required name=search_term_string"}],"inLanguage":"pl-PL"},{"@type":"WebPage","@id":"https:\/\/kraege.de\/pol\/produkty\/truskawki\/spaete-sorten\/dream\/#webpage","url":"https:\/\/kraege.de\/pol\/produkty\/truskawki\/spaete-sorten\/dream\/","name":"Marieka - KRAEGE Beerenpflanzen POL","isPartOf":{"@id":"https:\/\/kraege.de\/pol\/#website"},"datePublished":"2015-04-15T08:59:31+00:00","dateModified":"2025-11-24T15:00:34+00:00","breadcrumb":{"@id":"https:\/\/kraege.de\/pol\/produkty\/truskawki\/spaete-sorten\/dream\/#breadcrumb"},"inLanguage":"pl-PL","potentialAction":[{"@type":"ReadAction","target":["https:\/\/kraege.de\/pol\/produkty\/truskawki\/spaete-sorten\/dream\/"]}]},{"@type":"BreadcrumbList","@id":"https:\/\/kraege.de\/pol\/produkty\/truskawki\/spaete-sorten\/dream\/#breadcrumb","itemListElement":[{"@type":"ListItem","position":1,"name":"Home","item":"https:\/\/kraege.de\/pol\/"},{"@type":"ListItem","position":2,"name":"Produkty","item":"https:\/\/kraege.de\/pol\/produkty\/"},{"@type":"ListItem","position":3,"name":"Truskawki","item":"https:\/\/kraege.de\/pol\/produkty\/truskawki\/"},{"@type":"ListItem","position":4,"name":"P\u00f3\u017ane odmiany","item":"https:\/\/kraege.de\/pol\/produkty\/truskawki\/spaete-sorten\/"},{"@type":"ListItem","position":5,"name":"Marieka"}]}]}},"_links":{"self":[{"href":"https:\/\/kraege.de\/pol\/wp-json\/wp\/v2\/pages\/110"}],"collection":[{"href":"https:\/\/kraege.de\/pol\/wp-json\/wp\/v2\/pages"}],"about":[{"href":"https:\/\/kraege.de\/pol\/wp-json\/wp\/v2\/types\/page"}],"author":[{"embeddable":true,"href":"https:\/\/kraege.de\/pol\/wp-json\/wp\/v2\/users\/1"}],"replies":[{"embeddable":true,"href":"https:\/\/kraege.de\/pol\/wp-json\/wp\/v2\/comments?post=110"}],"version-history":[{"count":8,"href":"https:\/\/kraege.de\/pol\/wp-json\/wp\/v2\/pages\/110\/revisions"}],"predecessor-version":[{"id":2340,"href":"https:\/\/kraege.de\/pol\/wp-json\/wp\/v2\/pages\/110\/revisions\/2340"}],"up":[{"embeddable":true,"href":"https:\/\/kraege.de\/pol\/wp-json\/wp\/v2\/pages\/59"}],"wp:attachment":[{"href":"https:\/\/kraege.de\/pol\/wp-json\/wp\/v2\/media?parent=110"}],"curies":[{"name":"wp","href":"https:\/\/api.w.org\/{rel}","templated":true}]}}