{"id":998,"date":"2015-12-04T12:04:16","date_gmt":"2015-12-04T11:04:16","guid":{"rendered":"http:\/\/kraege.de\/kraege-21\/?page_id=998"},"modified":"2023-03-15T17:29:24","modified_gmt":"2023-03-15T16:29:24","slug":"ff1602","status":"publish","type":"page","link":"https:\/\/kraege.de\/ltu\/services\/strawberries\/early-season\/ff1602\/","title":{"rendered":"Allegro"},"content":{"rendered":"<div class=\"tabelle-fruechte\">\n<table>\n<tbody>\n<tr>\n<td>Spalva<\/td>\n<td>\u0160viesiai raudona, labai blizgi<\/td>\n<\/tr>\n<tr>\n<td>Pastaba<\/td>\n<td>Gra\u017eios i\u0161vaizdos, ankstyva, gero skonio veisl\u0117, tinka tiesioginei prekybai ir perdirbimui<\/td>\n<\/tr>\n<\/tbody>\n<\/table>\n<\/div>\n<div class=\"reifezeit\"><\/div>\n<div class=\"herkunft\">\u2013 saugoma veisl\u0117, veisl\u0117s savininkas: \u201eFresh Forward B.V.\u201c, Wageningen, Nyderlandai<\/div>\n<p>Ypa\u010d tinkamos tiesioginei prekybai ir perdirbimui. Uogos yra vidutin\u0117s ir didel\u0117s, tvirtos, ry\u0161kiai raudonos, labai tolygiai k\u016bgi\u0161kos formos.<br \/>\nDauguma uog\u0173 yra 1 komercin\u0117s klas\u0117s. Derlius yra gerokai didesnis nei,,Clery\u201c. Uogos sultingos, turi daug cukraus. Skonis yra labai geras. Puiki ankstyva komercin\u0117 veisl\u0117.<br \/>\nAllegro yra tvirtas augalas. Ma\u017eai jautrus \u0161akn\u0173 ligoms, tokioms kaip ,,Phytophthora cactorum\u201c- \u0161akn\u0173 puviniui ir ,,Verticillum\u201c- grybelin\u0117ms ligoms, taip pat labai atsparus miltligei ir pilkajam uog\u0173 pel\u0117siui ,,botrytis\u201c.<\/p>\n<p>Tai yra svarbu, ypa\u010d s\u0117jomainoms. Auginant \u0161iltnamiuose ir po priedangomis Allegro spar\u010diai auga. D\u0117l to rekomenduojama nepadidinti azoto kiekio. \u0160ia tema \u201eFresh Forward\u201c vykdo daugyb\u0119 bandym\u0173, kad parengt\u0173 rekomendacijas d\u0117l tr\u0105\u0161\u0173.<br \/>\nRekomenduojamas didesnis sodinimo atstumas, nes derlius gali \u017eymiai suma\u017e\u0117ti d\u0117l kr\u016bm\u0173 tankumo.<\/p>\n<p>Kita svarbi ankstyvosios veisl\u0117s savyb\u0117 yra \u017eiedyn\u0173 ilgis. Allegro \u017eiedai yra po lapais arba lap\u0173 auk\u0161tyje. Taigi \u017eiedai yra apsaugoti nuo pavasario v\u0117lyv\u0173 \u0161aln\u0173. Ta\u010diau jei augalas auga per greitai, gali kilti problem\u0173 d\u0117l tuometini\u0173 labai ilg\u0173 \u017eiedko\u010di\u0173. \u201eAllegro\u201c taip pat galima ankstinti derli\u0173 su dangomis.<br \/>\nMes manome, kad \u201eAllegro\u201c yra \u012fdomi nauja ankstyva veisl\u0117, pasi\u017eyminti uog\u0173 geromis savyb\u0117mis ir labai dideliu atsparumu ligoms. D\u0117l uog\u0173 dyd\u017eio,tvirtumo ir labai gero skonio ji tinkama komercinei prekybai ir tiesioginei pardavimui.<\/p>\n","protected":false},"excerpt":{"rendered":"<p>Spalva \u0160viesiai raudona, labai blizgi Pastaba Gra\u017eios i\u0161vaizdos, ankstyva, gero skonio veisl\u0117, tinka tiesioginei prekybai ir perdirbimui \u2013 saugoma veisl\u0117, veisl\u0117s savininkas: \u201eFresh Forward B.V.\u201c, Wageningen, Nyderlandai Ypa\u010d tinkamos tiesioginei prekybai ir perdirbimui. Uogos yra vidutin\u0117s ir didel\u0117s, tvirtos, ry\u0161kiai raudonos, labai tolygiai k\u016bgi\u0161kos formos. Dauguma uog\u0173 yra 1 komercin\u0117s klas\u0117s. Derlius yra gerokai didesnis [&hellip;]<\/p>\n","protected":false},"author":1,"featured_media":0,"parent":53,"menu_order":5,"comment_status":"closed","ping_status":"closed","template":"page_frucht.php","meta":[],"yoast_head":"<!-- This site is optimized with the Yoast SEO plugin v17.2.1 - https:\/\/yoast.com\/wordpress\/plugins\/seo\/ -->\n<meta name=\"robots\" content=\"index, follow, max-snippet:-1, max-image-preview:large, max-video-preview:-1\" \/>\n<link rel=\"canonical\" href=\"https:\/\/kraege.de\/ltu\/services\/strawberries\/early-season\/ff1602\/\" \/>\n<meta property=\"og:locale\" content=\"lt_LT\" \/>\n<meta property=\"og:type\" content=\"article\" \/>\n<meta property=\"og:title\" content=\"Allegro - KRAEGE Beerenpflanzen ltu\" \/>\n<meta property=\"og:description\" content=\"Spalva \u0160viesiai raudona, labai blizgi Pastaba Gra\u017eios i\u0161vaizdos, ankstyva, gero skonio veisl\u0117, tinka tiesioginei prekybai ir perdirbimui \u2013 saugoma veisl\u0117, veisl\u0117s savininkas: \u201eFresh Forward B.V.\u201c, Wageningen, Nyderlandai Ypa\u010d tinkamos tiesioginei prekybai ir perdirbimui. Uogos yra vidutin\u0117s ir didel\u0117s, tvirtos, ry\u0161kiai raudonos, labai tolygiai k\u016bgi\u0161kos formos. Dauguma uog\u0173 yra 1 komercin\u0117s klas\u0117s. Derlius yra gerokai didesnis [&hellip;]\" \/>\n<meta property=\"og:url\" content=\"https:\/\/kraege.de\/ltu\/services\/strawberries\/early-season\/ff1602\/\" \/>\n<meta property=\"og:site_name\" content=\"KRAEGE Beerenpflanzen ltu\" \/>\n<meta property=\"article:modified_time\" content=\"2023-03-15T16:29:24+00:00\" \/>\n<meta name=\"twitter:card\" content=\"summary\" \/>\n<meta name=\"twitter:label1\" content=\"Est. reading time\" \/>\n\t<meta name=\"twitter:data1\" content=\"1 minut\u0117\" \/>\n<script type=\"application\/ld+json\" class=\"yoast-schema-graph\">{\"@context\":\"https:\/\/schema.org\",\"@graph\":[{\"@type\":\"WebSite\",\"@id\":\"https:\/\/kraege.de\/ltu\/#website\",\"url\":\"https:\/\/kraege.de\/ltu\/\",\"name\":\"KRAEGE Beerenpflanzen ltu\",\"description\":\"Erdbeeren und Himbeeren aus der Region | Telgte | M\\u00fcnster | Warendorf\",\"potentialAction\":[{\"@type\":\"SearchAction\",\"target\":{\"@type\":\"EntryPoint\",\"urlTemplate\":\"https:\/\/kraege.de\/ltu\/?s={search_term_string}\"},\"query-input\":\"required name=search_term_string\"}],\"inLanguage\":\"lt-LT\"},{\"@type\":\"WebPage\",\"@id\":\"https:\/\/kraege.de\/ltu\/services\/strawberries\/early-season\/ff1602\/#webpage\",\"url\":\"https:\/\/kraege.de\/ltu\/services\/strawberries\/early-season\/ff1602\/\",\"name\":\"Allegro - KRAEGE Beerenpflanzen ltu\",\"isPartOf\":{\"@id\":\"https:\/\/kraege.de\/ltu\/#website\"},\"datePublished\":\"2015-12-04T11:04:16+00:00\",\"dateModified\":\"2023-03-15T16:29:24+00:00\",\"breadcrumb\":{\"@id\":\"https:\/\/kraege.de\/ltu\/services\/strawberries\/early-season\/ff1602\/#breadcrumb\"},\"inLanguage\":\"lt-LT\",\"potentialAction\":[{\"@type\":\"ReadAction\",\"target\":[\"https:\/\/kraege.de\/ltu\/services\/strawberries\/early-season\/ff1602\/\"]}]},{\"@type\":\"BreadcrumbList\",\"@id\":\"https:\/\/kraege.de\/ltu\/services\/strawberries\/early-season\/ff1602\/#breadcrumb\",\"itemListElement\":[{\"@type\":\"ListItem\",\"position\":1,\"name\":\"Home\",\"item\":\"https:\/\/kraege.de\/ltu\/\"},{\"@type\":\"ListItem\",\"position\":2,\"name\":\"Services\",\"item\":\"https:\/\/kraege.de\/ltu\/services\/\"},{\"@type\":\"ListItem\",\"position\":3,\"name\":\"Strawberries\",\"item\":\"https:\/\/kraege.de\/ltu\/services\/strawberries\/\"},{\"@type\":\"ListItem\",\"position\":4,\"name\":\"Ankstyvos veisl\\u0117s\",\"item\":\"https:\/\/kraege.de\/ltu\/services\/strawberries\/early-season\/\"},{\"@type\":\"ListItem\",\"position\":5,\"name\":\"Allegro\"}]}]}<\/script>\n<!-- \/ Yoast SEO plugin. -->","yoast_head_json":{"robots":{"index":"index","follow":"follow","max-snippet":"max-snippet:-1","max-image-preview":"max-image-preview:large","max-video-preview":"max-video-preview:-1"},"canonical":"https:\/\/kraege.de\/ltu\/services\/strawberries\/early-season\/ff1602\/","og_locale":"lt_LT","og_type":"article","og_title":"Allegro - KRAEGE Beerenpflanzen ltu","og_description":"Spalva \u0160viesiai raudona, labai blizgi Pastaba Gra\u017eios i\u0161vaizdos, ankstyva, gero skonio veisl\u0117, tinka tiesioginei prekybai ir perdirbimui \u2013 saugoma veisl\u0117, veisl\u0117s savininkas: \u201eFresh Forward B.V.\u201c, Wageningen, Nyderlandai Ypa\u010d tinkamos tiesioginei prekybai ir perdirbimui. Uogos yra vidutin\u0117s ir didel\u0117s, tvirtos, ry\u0161kiai raudonos, labai tolygiai k\u016bgi\u0161kos formos. Dauguma uog\u0173 yra 1 komercin\u0117s klas\u0117s. Derlius yra gerokai didesnis [&hellip;]","og_url":"https:\/\/kraege.de\/ltu\/services\/strawberries\/early-season\/ff1602\/","og_site_name":"KRAEGE Beerenpflanzen ltu","article_modified_time":"2023-03-15T16:29:24+00:00","twitter_card":"summary","twitter_misc":{"Est. reading time":"1 minut\u0117"},"schema":{"@context":"https:\/\/schema.org","@graph":[{"@type":"WebSite","@id":"https:\/\/kraege.de\/ltu\/#website","url":"https:\/\/kraege.de\/ltu\/","name":"KRAEGE Beerenpflanzen ltu","description":"Erdbeeren und Himbeeren aus der Region | Telgte | M\u00fcnster | Warendorf","potentialAction":[{"@type":"SearchAction","target":{"@type":"EntryPoint","urlTemplate":"https:\/\/kraege.de\/ltu\/?s={search_term_string}"},"query-input":"required name=search_term_string"}],"inLanguage":"lt-LT"},{"@type":"WebPage","@id":"https:\/\/kraege.de\/ltu\/services\/strawberries\/early-season\/ff1602\/#webpage","url":"https:\/\/kraege.de\/ltu\/services\/strawberries\/early-season\/ff1602\/","name":"Allegro - KRAEGE Beerenpflanzen ltu","isPartOf":{"@id":"https:\/\/kraege.de\/ltu\/#website"},"datePublished":"2015-12-04T11:04:16+00:00","dateModified":"2023-03-15T16:29:24+00:00","breadcrumb":{"@id":"https:\/\/kraege.de\/ltu\/services\/strawberries\/early-season\/ff1602\/#breadcrumb"},"inLanguage":"lt-LT","potentialAction":[{"@type":"ReadAction","target":["https:\/\/kraege.de\/ltu\/services\/strawberries\/early-season\/ff1602\/"]}]},{"@type":"BreadcrumbList","@id":"https:\/\/kraege.de\/ltu\/services\/strawberries\/early-season\/ff1602\/#breadcrumb","itemListElement":[{"@type":"ListItem","position":1,"name":"Home","item":"https:\/\/kraege.de\/ltu\/"},{"@type":"ListItem","position":2,"name":"Services","item":"https:\/\/kraege.de\/ltu\/services\/"},{"@type":"ListItem","position":3,"name":"Strawberries","item":"https:\/\/kraege.de\/ltu\/services\/strawberries\/"},{"@type":"ListItem","position":4,"name":"Ankstyvos veisl\u0117s","item":"https:\/\/kraege.de\/ltu\/services\/strawberries\/early-season\/"},{"@type":"ListItem","position":5,"name":"Allegro"}]}]}},"_links":{"self":[{"href":"https:\/\/kraege.de\/ltu\/wp-json\/wp\/v2\/pages\/998"}],"collection":[{"href":"https:\/\/kraege.de\/ltu\/wp-json\/wp\/v2\/pages"}],"about":[{"href":"https:\/\/kraege.de\/ltu\/wp-json\/wp\/v2\/types\/page"}],"author":[{"embeddable":true,"href":"https:\/\/kraege.de\/ltu\/wp-json\/wp\/v2\/users\/1"}],"replies":[{"embeddable":true,"href":"https:\/\/kraege.de\/ltu\/wp-json\/wp\/v2\/comments?post=998"}],"version-history":[{"count":18,"href":"https:\/\/kraege.de\/ltu\/wp-json\/wp\/v2\/pages\/998\/revisions"}],"predecessor-version":[{"id":2514,"href":"https:\/\/kraege.de\/ltu\/wp-json\/wp\/v2\/pages\/998\/revisions\/2514"}],"up":[{"embeddable":true,"href":"https:\/\/kraege.de\/ltu\/wp-json\/wp\/v2\/pages\/53"}],"wp:attachment":[{"href":"https:\/\/kraege.de\/ltu\/wp-json\/wp\/v2\/media?parent=998"}],"curies":[{"name":"wp","href":"https:\/\/api.w.org\/{rel}","templated":true}]}}