{"id":98,"date":"2015-04-15T10:57:55","date_gmt":"2015-04-15T08:57:55","guid":{"rendered":"http:\/\/kraege.de\/kraege-21\/?page_id=98"},"modified":"2023-03-15T15:26:42","modified_gmt":"2023-03-15T14:26:42","slug":"flair","status":"publish","type":"page","link":"https:\/\/kraege.de\/ltu\/services\/strawberries\/early-season\/flair\/","title":{"rendered":"Flair"},"content":{"rendered":"<div class=\"tabelle-fruechte\">\n<table>\n<tbody>\n<tr>\n<td>Spalva<\/td>\n<td>\u0160viesiaii raudona ar raudona, blizgi<\/td>\n<\/tr>\n<tr>\n<td>Pastaba<\/td>\n<td>Norint i\u0161auginti didesnes uogas ir didesn\u012f derli\u0173 reikalingas specialus auginimo b\u016bdas<\/td>\n<\/tr>\n<\/tbody>\n<\/table>\n<\/div>\n<div class=\"reifezeit\"><\/div>\n<div class=\"herkunft\">\u2013 saugoma veisl\u0117, veisl\u0117s savininkas: Flevo Berry, Nyderlandai<\/div>\n<p><a href=\"https:\/\/kraege.de\/kraege-2\/wp-content\/uploads\/sites\/8\/2015\/04\/www.en_flair.jpg\" rel=\"attachment wp-att-1622\"><img loading=\"lazy\" class=\"size-medium wp-image-1622 alignleft\" src=\"https:\/\/kraege.de\/kraege-2\/wp-content\/uploads\/sites\/8\/2015\/04\/www.en_flair-205x320.jpg\" alt=\"www.en_flair\" width=\"205\" height=\"320\" srcset=\"https:\/\/kraege.de\/ltu\/wp-content\/uploads\/sites\/8\/2015\/04\/www.en_flair-205x320.jpg 205w, https:\/\/kraege.de\/ltu\/wp-content\/uploads\/sites\/8\/2015\/04\/www.en_flair-656x1024.jpg 656w, https:\/\/kraege.de\/ltu\/wp-content\/uploads\/sites\/8\/2015\/04\/www.en_flair.jpg 734w\" sizes=\"(max-width: 205px) 100vw, 205px\" \/><\/a>Flair, Flevo Berry veisl\u0117, sunoksta 5 \u2013 7 dienos prie\u0161 \u201eHoneoye\u201c. Veisl\u0117 tinkama derliaus ankstinimui, augalas turi ilgus \u017eiedko\u010diais, tod\u0117l b\u016bkite pasireng\u0119 apsaugoti nuo nu\u0161alimo!<br \/>\nDerliaus nu\u0117mimo procesas yra labai kompakti\u0161kas ir labai greitai galima priskinti daug uog\u0173.<br \/>\nFlair pasi\u017eymi \u0161viesiai raudona spalva, uogos labai gerai matosi ir gra\u017eiai blizga, labai geras skonis.<br \/>\nLabai svarbus didesnis vandens kiekis, kitaip bus ma\u017eas derlius.<br \/>\nKadangi po sodinimo Flair veisl\u0117 b\u016bna ypa\u010d silpna, tod\u0117l ji tur\u0117t\u0173 b\u016bti sodinama \u012f ger\u0105 dirv\u0105. \u0160ios veisl\u0117s frigo daig\u0173 sodinimas turi b\u016bti gegu\u017e\u0117s \u2013 bir\u017eelio m\u0117n., o \u017eali daigai nuo rugpj\u016b\u010dio 1 iki 10 dienos. Tada augalas turi pakankamai laiko pumpur\u0173 energijos kaupimui ruden\u012f. Labai svarbu, kad daigas b\u016bt\u0173 pasodintas tinkamam gylyje. Rekomenduojama sodinti 25 \u2013 30 cm atstumu. Pasodinus Flair frigo daigus b\u016btina kuo grei\u010diau i\u0161karpyti i\u0161lindus \u017eiedynams ir neleisti der\u0117ti.<br \/>\nFlair (A+) tinka planuojamam sodinimui t\u0173 pa\u010di\u0173 met\u0173 derliui.<br \/>\nB\u016btinai reikalingas laistymas ir lap\u0173 dr\u0117kinimas.<br \/>\nFlair veisl\u0117 po sodinimo yra jautri herbicidams. Kol augalas dar n\u0117ra tinkamai \u012fsi\u0161aknij\u0119s, pur\u0161kimo normos tur\u0117t\u0173 b\u016bti ma\u017eos. Po sodinimo rekomenduojamas prevencinis gydymas nuo Phytophthora cactorum. Auginant reikia pastoviai papildyti mikroelementais. Ypa\u010d reikia cinko ir mangano, kurio tr\u016bkum\u0105 parodo lap\u0173 pa\u0161vies\u0117jimas.<br \/>\nFlair lap\u0173 pana\u0161\u016bs po\u017eymiai ir d\u0117l auk\u0161tesnio pH ir \u017eemos dirvo\u017eemio temperat\u016bros. Tod\u0117l svarbu laiku tr\u0119\u0161ti per lapus. Ypatingas d\u0117mesys reikalingas pavasar\u012f, kai Flair pradeda labai greitai augti.<br \/>\nFlair yra tinkama auginti lauke ir taip pat po priedangomis.<br \/>\nKadangi Flair yra atvirais auk\u0161tais \u017eiedynais tai jai b\u016btina saugi priedanga, kad anksti gauti s\u0117kming\u0105 derli\u0173. \u0160ita veisl\u0117 reikalauja daug prie\u017ei\u016bros. \u017diemai reik\u0117t\u0173 apsaugoti nuo \u0161aln\u0173 j\u0105 apdengiant.<br \/>\nFlair tinkama tiesioginei prekybai veisl\u0117, kuri turi b\u016bti intensyviai pri\u017ei\u016brima nuo pavasario prad\u017eios. Visais auginimo sezonais reikia tinkamai apr\u016bpinti vandeniu! Tada ji duos pakankamai derliaus. Labai ankstyva ir turinti ger\u0105 skon\u012f veisl\u0117.<\/p>\n","protected":false},"excerpt":{"rendered":"<p>Spalva \u0160viesiaii raudona ar raudona, blizgi Pastaba Norint i\u0161auginti didesnes uogas ir didesn\u012f derli\u0173 reikalingas specialus auginimo b\u016bdas \u2013 saugoma veisl\u0117, veisl\u0117s savininkas: Flevo Berry, Nyderlandai Flair, Flevo Berry veisl\u0117, sunoksta 5 \u2013 7 dienos prie\u0161 \u201eHoneoye\u201c. Veisl\u0117 tinkama derliaus ankstinimui, augalas turi ilgus \u017eiedko\u010diais, tod\u0117l b\u016bkite pasireng\u0119 apsaugoti nuo nu\u0161alimo! Derliaus nu\u0117mimo procesas yra [&hellip;]<\/p>\n","protected":false},"author":1,"featured_media":0,"parent":53,"menu_order":1,"comment_status":"open","ping_status":"closed","template":"page_frucht.php","meta":[],"yoast_head":"<!-- This site is optimized with the Yoast SEO plugin v17.2.1 - https:\/\/yoast.com\/wordpress\/plugins\/seo\/ -->\n<meta name=\"robots\" content=\"index, follow, max-snippet:-1, max-image-preview:large, max-video-preview:-1\" \/>\n<link rel=\"canonical\" href=\"https:\/\/kraege.de\/ltu\/services\/strawberries\/early-season\/flair\/\" \/>\n<meta property=\"og:locale\" content=\"lt_LT\" \/>\n<meta property=\"og:type\" content=\"article\" \/>\n<meta property=\"og:title\" content=\"Flair - KRAEGE Beerenpflanzen ltu\" \/>\n<meta property=\"og:description\" content=\"Spalva \u0160viesiaii raudona ar raudona, blizgi Pastaba Norint i\u0161auginti didesnes uogas ir didesn\u012f derli\u0173 reikalingas specialus auginimo b\u016bdas \u2013 saugoma veisl\u0117, veisl\u0117s savininkas: Flevo Berry, Nyderlandai Flair, Flevo Berry veisl\u0117, sunoksta 5 \u2013 7 dienos prie\u0161 \u201eHoneoye\u201c. Veisl\u0117 tinkama derliaus ankstinimui, augalas turi ilgus \u017eiedko\u010diais, tod\u0117l b\u016bkite pasireng\u0119 apsaugoti nuo nu\u0161alimo! Derliaus nu\u0117mimo procesas yra [&hellip;]\" \/>\n<meta property=\"og:url\" content=\"https:\/\/kraege.de\/ltu\/services\/strawberries\/early-season\/flair\/\" \/>\n<meta property=\"og:site_name\" content=\"KRAEGE Beerenpflanzen ltu\" \/>\n<meta property=\"article:modified_time\" content=\"2023-03-15T14:26:42+00:00\" \/>\n<meta property=\"og:image\" content=\"https:\/\/kraege.de\/kraege-2\/wp-content\/uploads\/sites\/8\/2015\/04\/www.en_flair-205x320.jpg\" \/>\n<meta name=\"twitter:card\" content=\"summary\" \/>\n<meta name=\"twitter:label1\" content=\"Est. reading time\" \/>\n\t<meta name=\"twitter:data1\" content=\"2 minut\u0117s\" \/>\n<script type=\"application\/ld+json\" class=\"yoast-schema-graph\">{\"@context\":\"https:\/\/schema.org\",\"@graph\":[{\"@type\":\"WebSite\",\"@id\":\"https:\/\/kraege.de\/ltu\/#website\",\"url\":\"https:\/\/kraege.de\/ltu\/\",\"name\":\"KRAEGE Beerenpflanzen ltu\",\"description\":\"Erdbeeren und Himbeeren aus der Region | Telgte | M\\u00fcnster | Warendorf\",\"potentialAction\":[{\"@type\":\"SearchAction\",\"target\":{\"@type\":\"EntryPoint\",\"urlTemplate\":\"https:\/\/kraege.de\/ltu\/?s={search_term_string}\"},\"query-input\":\"required name=search_term_string\"}],\"inLanguage\":\"lt-LT\"},{\"@type\":\"ImageObject\",\"@id\":\"https:\/\/kraege.de\/ltu\/services\/strawberries\/early-season\/flair\/#primaryimage\",\"inLanguage\":\"lt-LT\",\"url\":\"https:\/\/kraege.de\/kraege-2\/wp-content\/uploads\/sites\/8\/2015\/04\/www.en_flair-205x320.jpg\",\"contentUrl\":\"https:\/\/kraege.de\/kraege-2\/wp-content\/uploads\/sites\/8\/2015\/04\/www.en_flair-205x320.jpg\"},{\"@type\":\"WebPage\",\"@id\":\"https:\/\/kraege.de\/ltu\/services\/strawberries\/early-season\/flair\/#webpage\",\"url\":\"https:\/\/kraege.de\/ltu\/services\/strawberries\/early-season\/flair\/\",\"name\":\"Flair - KRAEGE Beerenpflanzen ltu\",\"isPartOf\":{\"@id\":\"https:\/\/kraege.de\/ltu\/#website\"},\"primaryImageOfPage\":{\"@id\":\"https:\/\/kraege.de\/ltu\/services\/strawberries\/early-season\/flair\/#primaryimage\"},\"datePublished\":\"2015-04-15T08:57:55+00:00\",\"dateModified\":\"2023-03-15T14:26:42+00:00\",\"breadcrumb\":{\"@id\":\"https:\/\/kraege.de\/ltu\/services\/strawberries\/early-season\/flair\/#breadcrumb\"},\"inLanguage\":\"lt-LT\",\"potentialAction\":[{\"@type\":\"ReadAction\",\"target\":[\"https:\/\/kraege.de\/ltu\/services\/strawberries\/early-season\/flair\/\"]}]},{\"@type\":\"BreadcrumbList\",\"@id\":\"https:\/\/kraege.de\/ltu\/services\/strawberries\/early-season\/flair\/#breadcrumb\",\"itemListElement\":[{\"@type\":\"ListItem\",\"position\":1,\"name\":\"Home\",\"item\":\"https:\/\/kraege.de\/ltu\/\"},{\"@type\":\"ListItem\",\"position\":2,\"name\":\"Services\",\"item\":\"https:\/\/kraege.de\/ltu\/services\/\"},{\"@type\":\"ListItem\",\"position\":3,\"name\":\"Strawberries\",\"item\":\"https:\/\/kraege.de\/ltu\/services\/strawberries\/\"},{\"@type\":\"ListItem\",\"position\":4,\"name\":\"Ankstyvos veisl\\u0117s\",\"item\":\"https:\/\/kraege.de\/ltu\/services\/strawberries\/early-season\/\"},{\"@type\":\"ListItem\",\"position\":5,\"name\":\"Flair\"}]}]}<\/script>\n<!-- \/ Yoast SEO plugin. -->","yoast_head_json":{"robots":{"index":"index","follow":"follow","max-snippet":"max-snippet:-1","max-image-preview":"max-image-preview:large","max-video-preview":"max-video-preview:-1"},"canonical":"https:\/\/kraege.de\/ltu\/services\/strawberries\/early-season\/flair\/","og_locale":"lt_LT","og_type":"article","og_title":"Flair - KRAEGE Beerenpflanzen ltu","og_description":"Spalva \u0160viesiaii raudona ar raudona, blizgi Pastaba Norint i\u0161auginti didesnes uogas ir didesn\u012f derli\u0173 reikalingas specialus auginimo b\u016bdas \u2013 saugoma veisl\u0117, veisl\u0117s savininkas: Flevo Berry, Nyderlandai Flair, Flevo Berry veisl\u0117, sunoksta 5 \u2013 7 dienos prie\u0161 \u201eHoneoye\u201c. Veisl\u0117 tinkama derliaus ankstinimui, augalas turi ilgus \u017eiedko\u010diais, tod\u0117l b\u016bkite pasireng\u0119 apsaugoti nuo nu\u0161alimo! Derliaus nu\u0117mimo procesas yra [&hellip;]","og_url":"https:\/\/kraege.de\/ltu\/services\/strawberries\/early-season\/flair\/","og_site_name":"KRAEGE Beerenpflanzen ltu","article_modified_time":"2023-03-15T14:26:42+00:00","og_image":[{"url":"https:\/\/kraege.de\/kraege-2\/wp-content\/uploads\/sites\/8\/2015\/04\/www.en_flair-205x320.jpg"}],"twitter_card":"summary","twitter_misc":{"Est. reading time":"2 minut\u0117s"},"schema":{"@context":"https:\/\/schema.org","@graph":[{"@type":"WebSite","@id":"https:\/\/kraege.de\/ltu\/#website","url":"https:\/\/kraege.de\/ltu\/","name":"KRAEGE Beerenpflanzen ltu","description":"Erdbeeren und Himbeeren aus der Region | Telgte | M\u00fcnster | Warendorf","potentialAction":[{"@type":"SearchAction","target":{"@type":"EntryPoint","urlTemplate":"https:\/\/kraege.de\/ltu\/?s={search_term_string}"},"query-input":"required name=search_term_string"}],"inLanguage":"lt-LT"},{"@type":"ImageObject","@id":"https:\/\/kraege.de\/ltu\/services\/strawberries\/early-season\/flair\/#primaryimage","inLanguage":"lt-LT","url":"https:\/\/kraege.de\/kraege-2\/wp-content\/uploads\/sites\/8\/2015\/04\/www.en_flair-205x320.jpg","contentUrl":"https:\/\/kraege.de\/kraege-2\/wp-content\/uploads\/sites\/8\/2015\/04\/www.en_flair-205x320.jpg"},{"@type":"WebPage","@id":"https:\/\/kraege.de\/ltu\/services\/strawberries\/early-season\/flair\/#webpage","url":"https:\/\/kraege.de\/ltu\/services\/strawberries\/early-season\/flair\/","name":"Flair - KRAEGE Beerenpflanzen ltu","isPartOf":{"@id":"https:\/\/kraege.de\/ltu\/#website"},"primaryImageOfPage":{"@id":"https:\/\/kraege.de\/ltu\/services\/strawberries\/early-season\/flair\/#primaryimage"},"datePublished":"2015-04-15T08:57:55+00:00","dateModified":"2023-03-15T14:26:42+00:00","breadcrumb":{"@id":"https:\/\/kraege.de\/ltu\/services\/strawberries\/early-season\/flair\/#breadcrumb"},"inLanguage":"lt-LT","potentialAction":[{"@type":"ReadAction","target":["https:\/\/kraege.de\/ltu\/services\/strawberries\/early-season\/flair\/"]}]},{"@type":"BreadcrumbList","@id":"https:\/\/kraege.de\/ltu\/services\/strawberries\/early-season\/flair\/#breadcrumb","itemListElement":[{"@type":"ListItem","position":1,"name":"Home","item":"https:\/\/kraege.de\/ltu\/"},{"@type":"ListItem","position":2,"name":"Services","item":"https:\/\/kraege.de\/ltu\/services\/"},{"@type":"ListItem","position":3,"name":"Strawberries","item":"https:\/\/kraege.de\/ltu\/services\/strawberries\/"},{"@type":"ListItem","position":4,"name":"Ankstyvos veisl\u0117s","item":"https:\/\/kraege.de\/ltu\/services\/strawberries\/early-season\/"},{"@type":"ListItem","position":5,"name":"Flair"}]}]}},"_links":{"self":[{"href":"https:\/\/kraege.de\/ltu\/wp-json\/wp\/v2\/pages\/98"}],"collection":[{"href":"https:\/\/kraege.de\/ltu\/wp-json\/wp\/v2\/pages"}],"about":[{"href":"https:\/\/kraege.de\/ltu\/wp-json\/wp\/v2\/types\/page"}],"author":[{"embeddable":true,"href":"https:\/\/kraege.de\/ltu\/wp-json\/wp\/v2\/users\/1"}],"replies":[{"embeddable":true,"href":"https:\/\/kraege.de\/ltu\/wp-json\/wp\/v2\/comments?post=98"}],"version-history":[{"count":25,"href":"https:\/\/kraege.de\/ltu\/wp-json\/wp\/v2\/pages\/98\/revisions"}],"predecessor-version":[{"id":2504,"href":"https:\/\/kraege.de\/ltu\/wp-json\/wp\/v2\/pages\/98\/revisions\/2504"}],"up":[{"embeddable":true,"href":"https:\/\/kraege.de\/ltu\/wp-json\/wp\/v2\/pages\/53"}],"wp:attachment":[{"href":"https:\/\/kraege.de\/ltu\/wp-json\/wp\/v2\/media?parent=98"}],"curies":[{"name":"wp","href":"https:\/\/api.w.org\/{rel}","templated":true}]}}