{"id":877,"date":"2015-12-03T18:23:05","date_gmt":"2015-12-03T17:23:05","guid":{"rendered":"http:\/\/kraege.de\/kraege-21\/?page_id=877"},"modified":"2023-03-15T14:32:51","modified_gmt":"2023-03-15T13:32:51","slug":"faith","status":"publish","type":"page","link":"https:\/\/kraege.de\/ltu\/services\/strawberries\/late-season\/faith\/","title":{"rendered":"Faith"},"content":{"rendered":"<div class=\"tabelle-fruechte\">\n<table>\n<tbody>\n<tr>\n<td>Spalva<\/td>\n<td>Vidutini\u0161kai raudona ar raudona, blizgi<\/td>\n<\/tr>\n<tr>\n<td>Pastava<\/td>\n<td>Gra\u017eios prekin\u0117 i\u0161vaizdos, atspari lietui, puikiai tinka perpardavimui ir tiesiogin\u0117 prekybai<\/td>\n<\/tr>\n<\/tbody>\n<\/table>\n<\/div>\n<div class=\"reifezeit\"><\/div>\n<div class=\"herkunft\">\u2013 saugoma veisl\u0117, veisl\u0117s savininkas: Flevo Berry, Nyderlandai<\/div>\n<p>Faith yra v\u0117lyva veisl\u0117 i\u0161vesta Flevo Berry. Uogos sunoksta ma\u017edaug 7 \u2013 10 dien\u0173 po Elsantos ir prie\u0161 Malwina. Faith pasi\u017eymi dideliais, tolygiai k\u016bgin\u0117s formos tvirtais vaisiai. Spalva vidutini\u0161kai raudona, patraukliai blizgi. Didelis derlingumas, uogos sunkios ir didel\u0117s.<br \/>\nFaith yra priskiriama prie skani\u0173, su gra\u017eia odele, uog\u0173. Uog\u0173 kek\u0117s yra \u0161akotos, atskiros viena nuo kitos, tod\u0117l skynimas yra efektyvus ir lengvas. Faith turi stambius kr\u016bmus, tod\u0117l turi b\u016bti sodinamos didesniais atstumais. \u017dydi ilgai, derlius per sezon\u0105 yra tolygus.<br \/>\nFaith yra atsparesn\u0117 miltligei ir, \u201eBotrytis\u201c \u2013 grybeliams, bet tur\u0117t\u0173 b\u016bti apsaugota nuo, \u201ePhy\u00adthoph\u00adthora cactorum\u201c\u2013 \u0161akn\u0173 puvinio. \u012eprastas rekomenduojamas profilaktinis gydymas su preparatu turin\u010diu fosforo r\u016bg\u0161ties. Atlikti bandymai parod\u0117, jog Faith paken\u010dia liet\u0173. Ji yra v\u0117lyvoji veisl\u0117, dera tarp Sonatos ir Malwinos, yra gero skonio ir labai geros prekybin\u0117s i\u0161vaizdos. Tinka tiesioginei prekybai ir perpardavimui.<\/p>\n<p><a href=\"https:\/\/kraege.de\/kraege-2\/wp-content\/uploads\/sites\/8\/2016\/02\/Faith_im_vergleich_en2.jpg\"><img loading=\"lazy\" class=\"alignleft wp-image-1662 size-large\" src=\"https:\/\/kraege.de\/kraege-2\/wp-content\/uploads\/sites\/8\/2016\/02\/Faith_im_vergleich_en2-1024x363.jpg\" alt=\"\" width=\"1024\" height=\"363\" srcset=\"https:\/\/kraege.de\/ltu\/wp-content\/uploads\/sites\/8\/2016\/02\/Faith_im_vergleich_en2-1024x363.jpg 1024w, https:\/\/kraege.de\/ltu\/wp-content\/uploads\/sites\/8\/2016\/02\/Faith_im_vergleich_en2-320x113.jpg 320w, https:\/\/kraege.de\/ltu\/wp-content\/uploads\/sites\/8\/2016\/02\/Faith_im_vergleich_en2-768x272.jpg 768w\" sizes=\"(max-width: 1024px) 100vw, 1024px\" \/><\/a><\/p>\n","protected":false},"excerpt":{"rendered":"<p>Spalva Vidutini\u0161kai raudona ar raudona, blizgi Pastava Gra\u017eios prekin\u0117 i\u0161vaizdos, atspari lietui, puikiai tinka perpardavimui ir tiesiogin\u0117 prekybai \u2013 saugoma veisl\u0117, veisl\u0117s savininkas: Flevo Berry, Nyderlandai Faith yra v\u0117lyva veisl\u0117 i\u0161vesta Flevo Berry. Uogos sunoksta ma\u017edaug 7 \u2013 10 dien\u0173 po Elsantos ir prie\u0161 Malwina. Faith pasi\u017eymi dideliais, tolygiai k\u016bgin\u0117s formos tvirtais vaisiai. Spalva vidutini\u0161kai [&hellip;]<\/p>\n","protected":false},"author":1,"featured_media":0,"parent":59,"menu_order":4,"comment_status":"closed","ping_status":"closed","template":"page_frucht.php","meta":[],"yoast_head":"<!-- This site is optimized with the Yoast SEO plugin v17.2.1 - https:\/\/yoast.com\/wordpress\/plugins\/seo\/ -->\n<meta name=\"robots\" content=\"index, follow, max-snippet:-1, max-image-preview:large, max-video-preview:-1\" \/>\n<link rel=\"canonical\" href=\"https:\/\/kraege.de\/ltu\/services\/strawberries\/late-season\/faith\/\" \/>\n<meta property=\"og:locale\" content=\"lt_LT\" \/>\n<meta property=\"og:type\" content=\"article\" \/>\n<meta property=\"og:title\" content=\"Faith - KRAEGE Beerenpflanzen ltu\" \/>\n<meta property=\"og:description\" content=\"Spalva Vidutini\u0161kai raudona ar raudona, blizgi Pastava Gra\u017eios prekin\u0117 i\u0161vaizdos, atspari lietui, puikiai tinka perpardavimui ir tiesiogin\u0117 prekybai \u2013 saugoma veisl\u0117, veisl\u0117s savininkas: Flevo Berry, Nyderlandai Faith yra v\u0117lyva veisl\u0117 i\u0161vesta Flevo Berry. Uogos sunoksta ma\u017edaug 7 \u2013 10 dien\u0173 po Elsantos ir prie\u0161 Malwina. Faith pasi\u017eymi dideliais, tolygiai k\u016bgin\u0117s formos tvirtais vaisiai. Spalva vidutini\u0161kai [&hellip;]\" \/>\n<meta property=\"og:url\" content=\"https:\/\/kraege.de\/ltu\/services\/strawberries\/late-season\/faith\/\" \/>\n<meta property=\"og:site_name\" content=\"KRAEGE Beerenpflanzen ltu\" \/>\n<meta property=\"article:modified_time\" content=\"2023-03-15T13:32:51+00:00\" \/>\n<meta property=\"og:image\" content=\"https:\/\/kraege.de\/kraege-2\/wp-content\/uploads\/sites\/8\/2016\/02\/Faith_im_vergleich_en2-1024x363.jpg\" \/>\n<meta name=\"twitter:card\" content=\"summary\" \/>\n<meta name=\"twitter:label1\" content=\"Est. reading time\" \/>\n\t<meta name=\"twitter:data1\" content=\"1 minut\u0117\" \/>\n<script type=\"application\/ld+json\" class=\"yoast-schema-graph\">{\"@context\":\"https:\/\/schema.org\",\"@graph\":[{\"@type\":\"WebSite\",\"@id\":\"https:\/\/kraege.de\/ltu\/#website\",\"url\":\"https:\/\/kraege.de\/ltu\/\",\"name\":\"KRAEGE Beerenpflanzen ltu\",\"description\":\"Erdbeeren und Himbeeren aus der Region | Telgte | M\\u00fcnster | Warendorf\",\"potentialAction\":[{\"@type\":\"SearchAction\",\"target\":{\"@type\":\"EntryPoint\",\"urlTemplate\":\"https:\/\/kraege.de\/ltu\/?s={search_term_string}\"},\"query-input\":\"required name=search_term_string\"}],\"inLanguage\":\"lt-LT\"},{\"@type\":\"ImageObject\",\"@id\":\"https:\/\/kraege.de\/ltu\/services\/strawberries\/late-season\/faith\/#primaryimage\",\"inLanguage\":\"lt-LT\",\"url\":\"https:\/\/kraege.de\/kraege-2\/wp-content\/uploads\/sites\/8\/2016\/02\/Faith_im_vergleich_en2-1024x363.jpg\",\"contentUrl\":\"https:\/\/kraege.de\/kraege-2\/wp-content\/uploads\/sites\/8\/2016\/02\/Faith_im_vergleich_en2-1024x363.jpg\"},{\"@type\":\"WebPage\",\"@id\":\"https:\/\/kraege.de\/ltu\/services\/strawberries\/late-season\/faith\/#webpage\",\"url\":\"https:\/\/kraege.de\/ltu\/services\/strawberries\/late-season\/faith\/\",\"name\":\"Faith - KRAEGE Beerenpflanzen ltu\",\"isPartOf\":{\"@id\":\"https:\/\/kraege.de\/ltu\/#website\"},\"primaryImageOfPage\":{\"@id\":\"https:\/\/kraege.de\/ltu\/services\/strawberries\/late-season\/faith\/#primaryimage\"},\"datePublished\":\"2015-12-03T17:23:05+00:00\",\"dateModified\":\"2023-03-15T13:32:51+00:00\",\"breadcrumb\":{\"@id\":\"https:\/\/kraege.de\/ltu\/services\/strawberries\/late-season\/faith\/#breadcrumb\"},\"inLanguage\":\"lt-LT\",\"potentialAction\":[{\"@type\":\"ReadAction\",\"target\":[\"https:\/\/kraege.de\/ltu\/services\/strawberries\/late-season\/faith\/\"]}]},{\"@type\":\"BreadcrumbList\",\"@id\":\"https:\/\/kraege.de\/ltu\/services\/strawberries\/late-season\/faith\/#breadcrumb\",\"itemListElement\":[{\"@type\":\"ListItem\",\"position\":1,\"name\":\"Home\",\"item\":\"https:\/\/kraege.de\/ltu\/\"},{\"@type\":\"ListItem\",\"position\":2,\"name\":\"Services\",\"item\":\"https:\/\/kraege.de\/ltu\/services\/\"},{\"@type\":\"ListItem\",\"position\":3,\"name\":\"Strawberries\",\"item\":\"https:\/\/kraege.de\/ltu\/services\/strawberries\/\"},{\"@type\":\"ListItem\",\"position\":4,\"name\":\"V\\u0117lyvosveisl\\u0117s\",\"item\":\"https:\/\/kraege.de\/ltu\/services\/strawberries\/late-season\/\"},{\"@type\":\"ListItem\",\"position\":5,\"name\":\"Faith\"}]}]}<\/script>\n<!-- \/ Yoast SEO plugin. -->","yoast_head_json":{"robots":{"index":"index","follow":"follow","max-snippet":"max-snippet:-1","max-image-preview":"max-image-preview:large","max-video-preview":"max-video-preview:-1"},"canonical":"https:\/\/kraege.de\/ltu\/services\/strawberries\/late-season\/faith\/","og_locale":"lt_LT","og_type":"article","og_title":"Faith - KRAEGE Beerenpflanzen ltu","og_description":"Spalva Vidutini\u0161kai raudona ar raudona, blizgi Pastava Gra\u017eios prekin\u0117 i\u0161vaizdos, atspari lietui, puikiai tinka perpardavimui ir tiesiogin\u0117 prekybai \u2013 saugoma veisl\u0117, veisl\u0117s savininkas: Flevo Berry, Nyderlandai Faith yra v\u0117lyva veisl\u0117 i\u0161vesta Flevo Berry. Uogos sunoksta ma\u017edaug 7 \u2013 10 dien\u0173 po Elsantos ir prie\u0161 Malwina. Faith pasi\u017eymi dideliais, tolygiai k\u016bgin\u0117s formos tvirtais vaisiai. Spalva vidutini\u0161kai [&hellip;]","og_url":"https:\/\/kraege.de\/ltu\/services\/strawberries\/late-season\/faith\/","og_site_name":"KRAEGE Beerenpflanzen ltu","article_modified_time":"2023-03-15T13:32:51+00:00","og_image":[{"url":"https:\/\/kraege.de\/kraege-2\/wp-content\/uploads\/sites\/8\/2016\/02\/Faith_im_vergleich_en2-1024x363.jpg"}],"twitter_card":"summary","twitter_misc":{"Est. reading time":"1 minut\u0117"},"schema":{"@context":"https:\/\/schema.org","@graph":[{"@type":"WebSite","@id":"https:\/\/kraege.de\/ltu\/#website","url":"https:\/\/kraege.de\/ltu\/","name":"KRAEGE Beerenpflanzen ltu","description":"Erdbeeren und Himbeeren aus der Region | Telgte | M\u00fcnster | Warendorf","potentialAction":[{"@type":"SearchAction","target":{"@type":"EntryPoint","urlTemplate":"https:\/\/kraege.de\/ltu\/?s={search_term_string}"},"query-input":"required name=search_term_string"}],"inLanguage":"lt-LT"},{"@type":"ImageObject","@id":"https:\/\/kraege.de\/ltu\/services\/strawberries\/late-season\/faith\/#primaryimage","inLanguage":"lt-LT","url":"https:\/\/kraege.de\/kraege-2\/wp-content\/uploads\/sites\/8\/2016\/02\/Faith_im_vergleich_en2-1024x363.jpg","contentUrl":"https:\/\/kraege.de\/kraege-2\/wp-content\/uploads\/sites\/8\/2016\/02\/Faith_im_vergleich_en2-1024x363.jpg"},{"@type":"WebPage","@id":"https:\/\/kraege.de\/ltu\/services\/strawberries\/late-season\/faith\/#webpage","url":"https:\/\/kraege.de\/ltu\/services\/strawberries\/late-season\/faith\/","name":"Faith - KRAEGE Beerenpflanzen ltu","isPartOf":{"@id":"https:\/\/kraege.de\/ltu\/#website"},"primaryImageOfPage":{"@id":"https:\/\/kraege.de\/ltu\/services\/strawberries\/late-season\/faith\/#primaryimage"},"datePublished":"2015-12-03T17:23:05+00:00","dateModified":"2023-03-15T13:32:51+00:00","breadcrumb":{"@id":"https:\/\/kraege.de\/ltu\/services\/strawberries\/late-season\/faith\/#breadcrumb"},"inLanguage":"lt-LT","potentialAction":[{"@type":"ReadAction","target":["https:\/\/kraege.de\/ltu\/services\/strawberries\/late-season\/faith\/"]}]},{"@type":"BreadcrumbList","@id":"https:\/\/kraege.de\/ltu\/services\/strawberries\/late-season\/faith\/#breadcrumb","itemListElement":[{"@type":"ListItem","position":1,"name":"Home","item":"https:\/\/kraege.de\/ltu\/"},{"@type":"ListItem","position":2,"name":"Services","item":"https:\/\/kraege.de\/ltu\/services\/"},{"@type":"ListItem","position":3,"name":"Strawberries","item":"https:\/\/kraege.de\/ltu\/services\/strawberries\/"},{"@type":"ListItem","position":4,"name":"V\u0117lyvosveisl\u0117s","item":"https:\/\/kraege.de\/ltu\/services\/strawberries\/late-season\/"},{"@type":"ListItem","position":5,"name":"Faith"}]}]}},"_links":{"self":[{"href":"https:\/\/kraege.de\/ltu\/wp-json\/wp\/v2\/pages\/877"}],"collection":[{"href":"https:\/\/kraege.de\/ltu\/wp-json\/wp\/v2\/pages"}],"about":[{"href":"https:\/\/kraege.de\/ltu\/wp-json\/wp\/v2\/types\/page"}],"author":[{"embeddable":true,"href":"https:\/\/kraege.de\/ltu\/wp-json\/wp\/v2\/users\/1"}],"replies":[{"embeddable":true,"href":"https:\/\/kraege.de\/ltu\/wp-json\/wp\/v2\/comments?post=877"}],"version-history":[{"count":15,"href":"https:\/\/kraege.de\/ltu\/wp-json\/wp\/v2\/pages\/877\/revisions"}],"predecessor-version":[{"id":2474,"href":"https:\/\/kraege.de\/ltu\/wp-json\/wp\/v2\/pages\/877\/revisions\/2474"}],"up":[{"embeddable":true,"href":"https:\/\/kraege.de\/ltu\/wp-json\/wp\/v2\/pages\/59"}],"wp:attachment":[{"href":"https:\/\/kraege.de\/ltu\/wp-json\/wp\/v2\/media?parent=877"}],"curies":[{"name":"wp","href":"https:\/\/api.w.org\/{rel}","templated":true}]}}