{"id":61,"date":"2015-04-14T11:48:23","date_gmt":"2015-04-14T09:48:23","guid":{"rendered":"http:\/\/kraege.de\/kraege-21\/?page_id=61"},"modified":"2023-10-27T15:09:54","modified_gmt":"2023-10-27T13:09:54","slug":"remontierende-sorten","status":"publish","type":"page","link":"https:\/\/kraege.de\/ltu\/services\/strawberries\/remontierende-sorten\/","title":{"rendered":"Remontantin\u0117s veisl\u0117s"},"content":{"rendered":"<p>\u0160io tipo bra\u0161ki\u0173 veisl\u0117 yra vadinama \u201evisada deranti\u201c veisl\u0117 skirtingai nei vien\u0105 sezon\u0105 deran\u010dios vasarin\u0117s veisl\u0117s.\u0160ie augalai gali \u017eyd\u0117ti ir der\u0117ti i\u0161tisus metus, jeigu yra tinkamos \u0161viesos ir temperat\u016bros s\u0105lygos.<\/p>\n<p>Remontantini\u0173 bra\u0161ki\u0173 veisli\u0173 auginimas pastaraisiais metais vis labiau i\u0161augo. Nors \u0161ios veisl\u0117s anks\u010diau buvo nepriimtino skonio. \u0160iuo metu jau yra si\u016bloma daug veisli\u0173 su geromis skonio savyb\u0117mis.D\u0117l \u0161i\u016b savybi\u0173 ple\u010diamas auginimas substrate \u0161iltnamiuose ir tuneliuose. Daig\u0173 WB ir (A+) auginimas \u0161iltnamiuose ir tuneliuose gali b\u016bti labai efektyvus.<\/p>\n<p>Pagal norim\u0105 derliaus laik\u0105 galima pasirinkti atskiras veisles sodinimui. Be standartinio auginimo (\u017er. apra\u0161ym\u0105 Kraege 2020 kataloge 49 puslapyje), taip pat galima sodinti Tray daigus, kad b\u016bt\u0173 galima nuimti labai ankstyv\u0105 derli\u0173 turi b\u016bti i\u0161 rudenio susiformav\u0119 \u017eiedynai. (\u017er. apra\u0161ym\u0105 Kraege 2020 kataloge 29 puslapyje). Tai tik du galimi pavyzd\u017eiai.<\/p>\n<p>Auginimo b\u016bd\u0105 pasirinksite pagal savo poreik\u012f prekybos laikui.<\/p>\n","protected":false},"excerpt":{"rendered":"<p>\u0160io tipo bra\u0161ki\u0173 veisl\u0117 yra vadinama \u201evisada deranti\u201c veisl\u0117 skirtingai nei vien\u0105 sezon\u0105 deran\u010dios vasarin\u0117s veisl\u0117s.\u0160ie augalai gali \u017eyd\u0117ti ir der\u0117ti i\u0161tisus metus, jeigu yra tinkamos \u0161viesos ir temperat\u016bros s\u0105lygos. Remontantini\u0173 bra\u0161ki\u0173 veisli\u0173 auginimas pastaraisiais metais vis labiau i\u0161augo. Nors \u0161ios veisl\u0117s anks\u010diau buvo nepriimtino skonio. \u0160iuo metu jau yra si\u016bloma daug veisli\u0173 su geromis [&hellip;]<\/p>\n","protected":false},"author":1,"featured_media":0,"parent":547,"menu_order":7,"comment_status":"open","ping_status":"closed","template":"page_frucht.php","meta":[],"yoast_head":"<!-- This site is optimized with the Yoast SEO plugin v17.2.1 - https:\/\/yoast.com\/wordpress\/plugins\/seo\/ -->\n<meta name=\"robots\" content=\"index, follow, max-snippet:-1, max-image-preview:large, max-video-preview:-1\" \/>\n<link rel=\"canonical\" href=\"https:\/\/kraege.de\/ltu\/services\/strawberries\/remontierende-sorten\/\" \/>\n<meta property=\"og:locale\" content=\"lt_LT\" \/>\n<meta property=\"og:type\" content=\"article\" \/>\n<meta property=\"og:title\" content=\"Remontantin\u0117s veisl\u0117s - KRAEGE Beerenpflanzen ltu\" \/>\n<meta property=\"og:description\" content=\"\u0160io tipo bra\u0161ki\u0173 veisl\u0117 yra vadinama \u201evisada deranti\u201c veisl\u0117 skirtingai nei vien\u0105 sezon\u0105 deran\u010dios vasarin\u0117s veisl\u0117s.\u0160ie augalai gali \u017eyd\u0117ti ir der\u0117ti i\u0161tisus metus, jeigu yra tinkamos \u0161viesos ir temperat\u016bros s\u0105lygos. Remontantini\u0173 bra\u0161ki\u0173 veisli\u0173 auginimas pastaraisiais metais vis labiau i\u0161augo. Nors \u0161ios veisl\u0117s anks\u010diau buvo nepriimtino skonio. \u0160iuo metu jau yra si\u016bloma daug veisli\u0173 su geromis [&hellip;]\" \/>\n<meta property=\"og:url\" content=\"https:\/\/kraege.de\/ltu\/services\/strawberries\/remontierende-sorten\/\" \/>\n<meta property=\"og:site_name\" content=\"KRAEGE Beerenpflanzen ltu\" \/>\n<meta property=\"article:modified_time\" content=\"2023-10-27T13:09:54+00:00\" \/>\n<meta name=\"twitter:card\" content=\"summary\" \/>\n<meta name=\"twitter:label1\" content=\"Est. reading time\" \/>\n\t<meta name=\"twitter:data1\" content=\"1 minut\u0117\" \/>\n<script type=\"application\/ld+json\" class=\"yoast-schema-graph\">{\"@context\":\"https:\/\/schema.org\",\"@graph\":[{\"@type\":\"WebSite\",\"@id\":\"https:\/\/kraege.de\/ltu\/#website\",\"url\":\"https:\/\/kraege.de\/ltu\/\",\"name\":\"KRAEGE Beerenpflanzen ltu\",\"description\":\"Erdbeeren und Himbeeren aus der Region | Telgte | M\\u00fcnster | Warendorf\",\"potentialAction\":[{\"@type\":\"SearchAction\",\"target\":{\"@type\":\"EntryPoint\",\"urlTemplate\":\"https:\/\/kraege.de\/ltu\/?s={search_term_string}\"},\"query-input\":\"required name=search_term_string\"}],\"inLanguage\":\"lt-LT\"},{\"@type\":\"WebPage\",\"@id\":\"https:\/\/kraege.de\/ltu\/services\/strawberries\/remontierende-sorten\/#webpage\",\"url\":\"https:\/\/kraege.de\/ltu\/services\/strawberries\/remontierende-sorten\/\",\"name\":\"Remontantin\\u0117s veisl\\u0117s - KRAEGE Beerenpflanzen ltu\",\"isPartOf\":{\"@id\":\"https:\/\/kraege.de\/ltu\/#website\"},\"datePublished\":\"2015-04-14T09:48:23+00:00\",\"dateModified\":\"2023-10-27T13:09:54+00:00\",\"breadcrumb\":{\"@id\":\"https:\/\/kraege.de\/ltu\/services\/strawberries\/remontierende-sorten\/#breadcrumb\"},\"inLanguage\":\"lt-LT\",\"potentialAction\":[{\"@type\":\"ReadAction\",\"target\":[\"https:\/\/kraege.de\/ltu\/services\/strawberries\/remontierende-sorten\/\"]}]},{\"@type\":\"BreadcrumbList\",\"@id\":\"https:\/\/kraege.de\/ltu\/services\/strawberries\/remontierende-sorten\/#breadcrumb\",\"itemListElement\":[{\"@type\":\"ListItem\",\"position\":1,\"name\":\"Home\",\"item\":\"https:\/\/kraege.de\/ltu\/\"},{\"@type\":\"ListItem\",\"position\":2,\"name\":\"Services\",\"item\":\"https:\/\/kraege.de\/ltu\/services\/\"},{\"@type\":\"ListItem\",\"position\":3,\"name\":\"Strawberries\",\"item\":\"https:\/\/kraege.de\/ltu\/services\/strawberries\/\"},{\"@type\":\"ListItem\",\"position\":4,\"name\":\"Remontantin\\u0117s veisl\\u0117s\"}]}]}<\/script>\n<!-- \/ Yoast SEO plugin. -->","yoast_head_json":{"robots":{"index":"index","follow":"follow","max-snippet":"max-snippet:-1","max-image-preview":"max-image-preview:large","max-video-preview":"max-video-preview:-1"},"canonical":"https:\/\/kraege.de\/ltu\/services\/strawberries\/remontierende-sorten\/","og_locale":"lt_LT","og_type":"article","og_title":"Remontantin\u0117s veisl\u0117s - KRAEGE Beerenpflanzen ltu","og_description":"\u0160io tipo bra\u0161ki\u0173 veisl\u0117 yra vadinama \u201evisada deranti\u201c veisl\u0117 skirtingai nei vien\u0105 sezon\u0105 deran\u010dios vasarin\u0117s veisl\u0117s.\u0160ie augalai gali \u017eyd\u0117ti ir der\u0117ti i\u0161tisus metus, jeigu yra tinkamos \u0161viesos ir temperat\u016bros s\u0105lygos. Remontantini\u0173 bra\u0161ki\u0173 veisli\u0173 auginimas pastaraisiais metais vis labiau i\u0161augo. Nors \u0161ios veisl\u0117s anks\u010diau buvo nepriimtino skonio. \u0160iuo metu jau yra si\u016bloma daug veisli\u0173 su geromis [&hellip;]","og_url":"https:\/\/kraege.de\/ltu\/services\/strawberries\/remontierende-sorten\/","og_site_name":"KRAEGE Beerenpflanzen ltu","article_modified_time":"2023-10-27T13:09:54+00:00","twitter_card":"summary","twitter_misc":{"Est. reading time":"1 minut\u0117"},"schema":{"@context":"https:\/\/schema.org","@graph":[{"@type":"WebSite","@id":"https:\/\/kraege.de\/ltu\/#website","url":"https:\/\/kraege.de\/ltu\/","name":"KRAEGE Beerenpflanzen ltu","description":"Erdbeeren und Himbeeren aus der Region | Telgte | M\u00fcnster | Warendorf","potentialAction":[{"@type":"SearchAction","target":{"@type":"EntryPoint","urlTemplate":"https:\/\/kraege.de\/ltu\/?s={search_term_string}"},"query-input":"required name=search_term_string"}],"inLanguage":"lt-LT"},{"@type":"WebPage","@id":"https:\/\/kraege.de\/ltu\/services\/strawberries\/remontierende-sorten\/#webpage","url":"https:\/\/kraege.de\/ltu\/services\/strawberries\/remontierende-sorten\/","name":"Remontantin\u0117s veisl\u0117s - KRAEGE Beerenpflanzen ltu","isPartOf":{"@id":"https:\/\/kraege.de\/ltu\/#website"},"datePublished":"2015-04-14T09:48:23+00:00","dateModified":"2023-10-27T13:09:54+00:00","breadcrumb":{"@id":"https:\/\/kraege.de\/ltu\/services\/strawberries\/remontierende-sorten\/#breadcrumb"},"inLanguage":"lt-LT","potentialAction":[{"@type":"ReadAction","target":["https:\/\/kraege.de\/ltu\/services\/strawberries\/remontierende-sorten\/"]}]},{"@type":"BreadcrumbList","@id":"https:\/\/kraege.de\/ltu\/services\/strawberries\/remontierende-sorten\/#breadcrumb","itemListElement":[{"@type":"ListItem","position":1,"name":"Home","item":"https:\/\/kraege.de\/ltu\/"},{"@type":"ListItem","position":2,"name":"Services","item":"https:\/\/kraege.de\/ltu\/services\/"},{"@type":"ListItem","position":3,"name":"Strawberries","item":"https:\/\/kraege.de\/ltu\/services\/strawberries\/"},{"@type":"ListItem","position":4,"name":"Remontantin\u0117s veisl\u0117s"}]}]}},"_links":{"self":[{"href":"https:\/\/kraege.de\/ltu\/wp-json\/wp\/v2\/pages\/61"}],"collection":[{"href":"https:\/\/kraege.de\/ltu\/wp-json\/wp\/v2\/pages"}],"about":[{"href":"https:\/\/kraege.de\/ltu\/wp-json\/wp\/v2\/types\/page"}],"author":[{"embeddable":true,"href":"https:\/\/kraege.de\/ltu\/wp-json\/wp\/v2\/users\/1"}],"replies":[{"embeddable":true,"href":"https:\/\/kraege.de\/ltu\/wp-json\/wp\/v2\/comments?post=61"}],"version-history":[{"count":7,"href":"https:\/\/kraege.de\/ltu\/wp-json\/wp\/v2\/pages\/61\/revisions"}],"predecessor-version":[{"id":2607,"href":"https:\/\/kraege.de\/ltu\/wp-json\/wp\/v2\/pages\/61\/revisions\/2607"}],"up":[{"embeddable":true,"href":"https:\/\/kraege.de\/ltu\/wp-json\/wp\/v2\/pages\/547"}],"wp:attachment":[{"href":"https:\/\/kraege.de\/ltu\/wp-json\/wp\/v2\/media?parent=61"}],"curies":[{"name":"wp","href":"https:\/\/api.w.org\/{rel}","templated":true}]}}