{"id":548,"date":"2015-04-14T06:10:41","date_gmt":"2015-04-14T04:10:41","guid":{"rendered":"http:\/\/kraege.de\/kraege-21\/?page_id=20"},"modified":"2020-04-16T18:57:43","modified_gmt":"2020-04-16T16:57:43","slug":"raspberries","status":"publish","type":"page","link":"https:\/\/kraege.de\/ltu\/services\/raspberries\/","title":{"rendered":"Aviet\u0117s"},"content":{"rendered":"\n<!-- Page-list plugin v.5.2 wordpress.org\/plugins\/page-list\/ -->\n<ul class=\"page-list subpages-page-list alignleft\">\n<li class=\"page_item page-item-199 page_item_has_children\"><a href=\"https:\/\/kraege.de\/ltu\/services\/raspberries\/sommertragende-sorten\/\">Vasara<\/a>\n<ul class='children'>\n\t<li class=\"page_item page-item-208\"><a href=\"https:\/\/kraege.de\/ltu\/services\/raspberries\/sommertragende-sorten\/glen-ample\/\">Glen Ample<\/a><\/li>\n\t<li class=\"page_item page-item-210\"><a href=\"https:\/\/kraege.de\/ltu\/services\/raspberries\/sommertragende-sorten\/tulameen\/\">Tulameen<\/a><\/li>\n\t<li class=\"page_item page-item-1776\"><a href=\"https:\/\/kraege.de\/ltu\/services\/raspberries\/sommertragende-sorten\/floricanes-upbringing-and-reaping\/\">Floricanes training and pruning<\/a><\/li>\n<\/ul>\n<\/li>\n<li class=\"page_item page-item-201 page_item_has_children\"><a href=\"https:\/\/kraege.de\/ltu\/services\/raspberries\/primocanes\/\">Ruduo<\/a>\n<ul class='children'>\n\t<li class=\"page_item page-item-220\"><a href=\"https:\/\/kraege.de\/ltu\/services\/raspberries\/primocanes\/polka\/\">Polka<\/a><\/li>\n\t<li class=\"page_item page-item-222\"><a href=\"https:\/\/kraege.de\/ltu\/services\/raspberries\/primocanes\/no-8\/\">Mapema<sup>\u00ae<\/sup><\/a><\/li>\n\t<li class=\"page_item page-item-228\"><a href=\"https:\/\/kraege.de\/ltu\/services\/raspberries\/primocanes\/kwanza\/\">Kwanza<sup>\u00ae<\/sup><\/a><\/li>\n\t<li class=\"page_item page-item-1773\"><a href=\"https:\/\/kraege.de\/ltu\/services\/raspberries\/primocanes\/primocanes-upbringing-and-reaping\/\">Primocanes training and pruning<\/a><\/li>\n<\/ul>\n<\/li>\n<li class=\"page_item page-item-197\"><a href=\"https:\/\/kraege.de\/ltu\/services\/raspberries\/uebersicht-reifezeiten\/\">Nokimo laik\u0173 ap\u017evalga<\/a><\/li>\n\n<\/ul>\n<p>Avie\u010di\u0173 auginimas pastaraisiais metais stabiliai augo. Naujos veisl\u0117s ir vis intensyvesnis auginimas padar\u0117 \u0161i\u0105 kult\u016br\u0105 \u012fdomia ne tik tiesioginiams pardavimams, bet ir komercinei produkcijai.<\/p>\n<p>Nors prie\u0161 kelerius metus buvo populiarios veisl\u0117s \u201eTulameen\u201c ir \u201eGlen Ample\u201c, dabar pastebime vis didesn\u0119 rudenini\u0173 veisli\u0173<br \/>\npaklaus\u0105. Naujesn\u0117s veisl\u0117s, tokios kaip Kwanza, Kweli ir Mapema, yra alternatyva patikrintoms Himbo-Top<sup class=\"registered\">&reg;<\/sup> ir Polka veisl\u0117ms.<\/p>\n<p>Did\u0117ja prekybos reikalavimai avie\u010di\u0173 kokybei. Norint \u012fvykdyti \u0161iuos reikalavimus, lemiam\u0105 reik\u0161m\u0119 turi ne tik r\u016b\u0161ies pasirinkimas, bet ir gamybos procesas. Trumpesnis auginimo laikas, intensyvesnis avie\u010di\u0173 auginimas ir avie\u010di\u0173 auginimas substrate lemia geresnes ir vienodesnes uog\u0173 savybes. Substrate paprastai auginamos aviet\u0117s stiebais vazonuose, nuo kuri\u0173 renkamas derlius.<\/p>\n<p>Atsi\u017evelgiant \u012f intensyvesn\u012f auginimo b\u016bd\u0105, daigui turi b\u016bti parinkta tinkama sodinamoji med\u017eiaga. Mes i\u0161pl\u0117t\u0117me savo pa\u010di\u0173 auk\u0161tos kokyb\u0117s avie\u010di\u0173 daig\u0173 auginim\u0105, \u012ftraukdami daigus u\u017eaugintus daigyklose ir daigus ilgais stiebais vazonuose.<\/p>\n<p>&nbsp;<\/p>\n<p>&nbsp;<\/p>\n","protected":false},"excerpt":{"rendered":"<p>Avie\u010di\u0173 auginimas pastaraisiais metais stabiliai augo. Naujos veisl\u0117s ir vis intensyvesnis auginimas padar\u0117 \u0161i\u0105 kult\u016br\u0105 \u012fdomia ne tik tiesioginiams pardavimams, bet ir komercinei produkcijai. Nors prie\u0161 kelerius metus buvo populiarios veisl\u0117s \u201eTulameen\u201c ir \u201eGlen Ample\u201c, dabar pastebime vis didesn\u0119 rudenini\u0173 veisli\u0173 paklaus\u0105. Naujesn\u0117s veisl\u0117s, tokios kaip Kwanza, Kweli ir Mapema, yra alternatyva patikrintoms Himbo-Top&reg; ir [&hellip;]<\/p>\n","protected":false},"author":1,"featured_media":0,"parent":629,"menu_order":2,"comment_status":"open","ping_status":"closed","template":"","meta":[],"yoast_head":"<!-- This site is optimized with the Yoast SEO plugin v17.2.1 - https:\/\/yoast.com\/wordpress\/plugins\/seo\/ -->\n<meta name=\"robots\" content=\"index, follow, max-snippet:-1, max-image-preview:large, max-video-preview:-1\" \/>\n<link rel=\"canonical\" href=\"https:\/\/kraege.de\/ltu\/services\/raspberries\/\" \/>\n<meta property=\"og:locale\" content=\"lt_LT\" \/>\n<meta property=\"og:type\" content=\"article\" \/>\n<meta property=\"og:title\" content=\"Aviet\u0117s - KRAEGE Beerenpflanzen ltu\" \/>\n<meta property=\"og:description\" content=\"Avie\u010di\u0173 auginimas pastaraisiais metais stabiliai augo. Naujos veisl\u0117s ir vis intensyvesnis auginimas padar\u0117 \u0161i\u0105 kult\u016br\u0105 \u012fdomia ne tik tiesioginiams pardavimams, bet ir komercinei produkcijai. Nors prie\u0161 kelerius metus buvo populiarios veisl\u0117s \u201eTulameen\u201c ir \u201eGlen Ample\u201c, dabar pastebime vis didesn\u0119 rudenini\u0173 veisli\u0173 paklaus\u0105. Naujesn\u0117s veisl\u0117s, tokios kaip Kwanza, Kweli ir Mapema, yra alternatyva patikrintoms Himbo-Top&reg; ir [&hellip;]\" \/>\n<meta property=\"og:url\" content=\"https:\/\/kraege.de\/ltu\/services\/raspberries\/\" \/>\n<meta property=\"og:site_name\" content=\"KRAEGE Beerenpflanzen ltu\" \/>\n<meta property=\"article:modified_time\" content=\"2020-04-16T16:57:43+00:00\" \/>\n<meta name=\"twitter:card\" content=\"summary\" \/>\n<meta name=\"twitter:label1\" content=\"Est. reading time\" \/>\n\t<meta name=\"twitter:data1\" content=\"1 minut\u0117\" \/>\n<script type=\"application\/ld+json\" class=\"yoast-schema-graph\">{\"@context\":\"https:\/\/schema.org\",\"@graph\":[{\"@type\":\"WebSite\",\"@id\":\"https:\/\/kraege.de\/ltu\/#website\",\"url\":\"https:\/\/kraege.de\/ltu\/\",\"name\":\"KRAEGE Beerenpflanzen ltu\",\"description\":\"Erdbeeren und Himbeeren aus der Region | Telgte | M\\u00fcnster | Warendorf\",\"potentialAction\":[{\"@type\":\"SearchAction\",\"target\":{\"@type\":\"EntryPoint\",\"urlTemplate\":\"https:\/\/kraege.de\/ltu\/?s={search_term_string}\"},\"query-input\":\"required name=search_term_string\"}],\"inLanguage\":\"lt-LT\"},{\"@type\":\"WebPage\",\"@id\":\"https:\/\/kraege.de\/ltu\/services\/raspberries\/#webpage\",\"url\":\"https:\/\/kraege.de\/ltu\/services\/raspberries\/\",\"name\":\"Aviet\\u0117s - KRAEGE Beerenpflanzen ltu\",\"isPartOf\":{\"@id\":\"https:\/\/kraege.de\/ltu\/#website\"},\"datePublished\":\"2015-04-14T04:10:41+00:00\",\"dateModified\":\"2020-04-16T16:57:43+00:00\",\"breadcrumb\":{\"@id\":\"https:\/\/kraege.de\/ltu\/services\/raspberries\/#breadcrumb\"},\"inLanguage\":\"lt-LT\",\"potentialAction\":[{\"@type\":\"ReadAction\",\"target\":[\"https:\/\/kraege.de\/ltu\/services\/raspberries\/\"]}]},{\"@type\":\"BreadcrumbList\",\"@id\":\"https:\/\/kraege.de\/ltu\/services\/raspberries\/#breadcrumb\",\"itemListElement\":[{\"@type\":\"ListItem\",\"position\":1,\"name\":\"Home\",\"item\":\"https:\/\/kraege.de\/ltu\/\"},{\"@type\":\"ListItem\",\"position\":2,\"name\":\"Services\",\"item\":\"https:\/\/kraege.de\/ltu\/services\/\"},{\"@type\":\"ListItem\",\"position\":3,\"name\":\"Aviet\\u0117s\"}]}]}<\/script>\n<!-- \/ Yoast SEO plugin. -->","yoast_head_json":{"robots":{"index":"index","follow":"follow","max-snippet":"max-snippet:-1","max-image-preview":"max-image-preview:large","max-video-preview":"max-video-preview:-1"},"canonical":"https:\/\/kraege.de\/ltu\/services\/raspberries\/","og_locale":"lt_LT","og_type":"article","og_title":"Aviet\u0117s - KRAEGE Beerenpflanzen ltu","og_description":"Avie\u010di\u0173 auginimas pastaraisiais metais stabiliai augo. Naujos veisl\u0117s ir vis intensyvesnis auginimas padar\u0117 \u0161i\u0105 kult\u016br\u0105 \u012fdomia ne tik tiesioginiams pardavimams, bet ir komercinei produkcijai. Nors prie\u0161 kelerius metus buvo populiarios veisl\u0117s \u201eTulameen\u201c ir \u201eGlen Ample\u201c, dabar pastebime vis didesn\u0119 rudenini\u0173 veisli\u0173 paklaus\u0105. Naujesn\u0117s veisl\u0117s, tokios kaip Kwanza, Kweli ir Mapema, yra alternatyva patikrintoms Himbo-Top&reg; ir [&hellip;]","og_url":"https:\/\/kraege.de\/ltu\/services\/raspberries\/","og_site_name":"KRAEGE Beerenpflanzen ltu","article_modified_time":"2020-04-16T16:57:43+00:00","twitter_card":"summary","twitter_misc":{"Est. reading time":"1 minut\u0117"},"schema":{"@context":"https:\/\/schema.org","@graph":[{"@type":"WebSite","@id":"https:\/\/kraege.de\/ltu\/#website","url":"https:\/\/kraege.de\/ltu\/","name":"KRAEGE Beerenpflanzen ltu","description":"Erdbeeren und Himbeeren aus der Region | Telgte | M\u00fcnster | Warendorf","potentialAction":[{"@type":"SearchAction","target":{"@type":"EntryPoint","urlTemplate":"https:\/\/kraege.de\/ltu\/?s={search_term_string}"},"query-input":"required name=search_term_string"}],"inLanguage":"lt-LT"},{"@type":"WebPage","@id":"https:\/\/kraege.de\/ltu\/services\/raspberries\/#webpage","url":"https:\/\/kraege.de\/ltu\/services\/raspberries\/","name":"Aviet\u0117s - KRAEGE Beerenpflanzen ltu","isPartOf":{"@id":"https:\/\/kraege.de\/ltu\/#website"},"datePublished":"2015-04-14T04:10:41+00:00","dateModified":"2020-04-16T16:57:43+00:00","breadcrumb":{"@id":"https:\/\/kraege.de\/ltu\/services\/raspberries\/#breadcrumb"},"inLanguage":"lt-LT","potentialAction":[{"@type":"ReadAction","target":["https:\/\/kraege.de\/ltu\/services\/raspberries\/"]}]},{"@type":"BreadcrumbList","@id":"https:\/\/kraege.de\/ltu\/services\/raspberries\/#breadcrumb","itemListElement":[{"@type":"ListItem","position":1,"name":"Home","item":"https:\/\/kraege.de\/ltu\/"},{"@type":"ListItem","position":2,"name":"Services","item":"https:\/\/kraege.de\/ltu\/services\/"},{"@type":"ListItem","position":3,"name":"Aviet\u0117s"}]}]}},"_links":{"self":[{"href":"https:\/\/kraege.de\/ltu\/wp-json\/wp\/v2\/pages\/548"}],"collection":[{"href":"https:\/\/kraege.de\/ltu\/wp-json\/wp\/v2\/pages"}],"about":[{"href":"https:\/\/kraege.de\/ltu\/wp-json\/wp\/v2\/types\/page"}],"author":[{"embeddable":true,"href":"https:\/\/kraege.de\/ltu\/wp-json\/wp\/v2\/users\/1"}],"replies":[{"embeddable":true,"href":"https:\/\/kraege.de\/ltu\/wp-json\/wp\/v2\/comments?post=548"}],"version-history":[{"count":18,"href":"https:\/\/kraege.de\/ltu\/wp-json\/wp\/v2\/pages\/548\/revisions"}],"predecessor-version":[{"id":2277,"href":"https:\/\/kraege.de\/ltu\/wp-json\/wp\/v2\/pages\/548\/revisions\/2277"}],"up":[{"embeddable":true,"href":"https:\/\/kraege.de\/ltu\/wp-json\/wp\/v2\/pages\/629"}],"wp:attachment":[{"href":"https:\/\/kraege.de\/ltu\/wp-json\/wp\/v2\/media?parent=548"}],"curies":[{"name":"wp","href":"https:\/\/api.w.org\/{rel}","templated":true}]}}