{"id":4,"date":"2015-04-14T05:58:00","date_gmt":"2015-04-14T03:58:00","guid":{"rendered":"http:\/\/kraege.de\/kraege-21\/?page_id=4"},"modified":"2023-03-16T13:51:57","modified_gmt":"2023-03-16T12:51:57","slug":"home","status":"publish","type":"page","link":"https:\/\/kraege.de\/ltu\/","title":{"rendered":"Sveiki!"},"content":{"rendered":"<div class=\"col\">\n<p><span style=\"color: #333333;\">Kraege International \u016bkis nuo 1958 m. yra bra\u0161ki\u0173 ir avie\u010di\u0173 daig\u0173 dauginimo specialistas.<br \/>\nM\u016bs\u0173 \u016bkis gamina daugiau kaip 50 skirting\u0173 r\u016b\u0161i\u0173 bra\u0161ki\u0173 daig\u0173 ir komercini\u0173 avie\u010di\u0173 veisles daugiau nei 300 hektar\u0173 nuomojamoje \u017eem\u0117je. Auginami \u017eali bra\u0161ki\u0173 daigai, frigo, daigyklose, i\u0161 vazon\u0117li\u0173 u\u017e\u0161aldyti ir persodinti i\u0161laukti bra\u0161ki\u0173 daigai (WB) Motininiai daigai. Sodinamosios med\u017eiagos gamyba vykdoma tik naujai paruo\u0161toje \u017eem\u0117je kurioje daig\u0173 motinynas buvo seniau kaip prie\u0161 tris metus.<br \/>\nNuolat atliekame \u017eem\u0117s tyrimus. Standartiniai darbai tai naikinti nematodus ir verticillium grybelines ligas.<\/span><\/p>\n<\/div>\n<div class=\"col\">\n<p>Visa augal\u0173 produkcija yra kontroliuojama Westfalijos \u017dem\u0117s \u016bkio r\u016bm\u0173. M\u016bs\u0173 \u016bkyje daigai laiku paruo\u0161iami ir patalpinami \u012f \u0161aldytuvus<\/p>\n<p><strong>\u010cia rasite m\u016bs\u0173 dabartin\u012f <a href=\"https:\/\/kraege.de\/ltu\/wp-content\/uploads\/sites\/8\/2023\/03\/www_Litauen_15.03.2023.pdf\" target=\"_blank\" rel=\"noopener\">katalog\u0105.<\/a><\/strong><\/p>\n<\/div>\n","protected":false},"excerpt":{"rendered":"<p>Kraege International \u016bkis nuo 1958 m. yra bra\u0161ki\u0173 ir avie\u010di\u0173 daig\u0173 dauginimo specialistas. M\u016bs\u0173 \u016bkis gamina daugiau kaip 50 skirting\u0173 r\u016b\u0161i\u0173 bra\u0161ki\u0173 daig\u0173 ir komercini\u0173 avie\u010di\u0173 veisles daugiau nei 300 hektar\u0173 nuomojamoje \u017eem\u0117je. Auginami \u017eali bra\u0161ki\u0173 daigai, frigo, daigyklose, i\u0161 vazon\u0117li\u0173 u\u017e\u0161aldyti ir persodinti i\u0161laukti bra\u0161ki\u0173 daigai (WB) Motininiai daigai. Sodinamosios med\u017eiagos gamyba vykdoma tik [&hellip;]<\/p>\n","protected":false},"author":1,"featured_media":0,"parent":0,"menu_order":0,"comment_status":"open","ping_status":"closed","template":"page_home.php","meta":[],"yoast_head":"<!-- This site is optimized with the Yoast SEO plugin v17.2.1 - https:\/\/yoast.com\/wordpress\/plugins\/seo\/ -->\n<meta name=\"robots\" content=\"index, follow, max-snippet:-1, max-image-preview:large, max-video-preview:-1\" \/>\n<link rel=\"canonical\" href=\"https:\/\/kraege.de\/ltu\/\" \/>\n<meta property=\"og:locale\" content=\"lt_LT\" \/>\n<meta property=\"og:type\" content=\"article\" \/>\n<meta property=\"og:title\" content=\"Sveiki! - KRAEGE Beerenpflanzen ltu\" \/>\n<meta property=\"og:description\" content=\"Kraege International \u016bkis nuo 1958 m. yra bra\u0161ki\u0173 ir avie\u010di\u0173 daig\u0173 dauginimo specialistas. M\u016bs\u0173 \u016bkis gamina daugiau kaip 50 skirting\u0173 r\u016b\u0161i\u0173 bra\u0161ki\u0173 daig\u0173 ir komercini\u0173 avie\u010di\u0173 veisles daugiau nei 300 hektar\u0173 nuomojamoje \u017eem\u0117je. Auginami \u017eali bra\u0161ki\u0173 daigai, frigo, daigyklose, i\u0161 vazon\u0117li\u0173 u\u017e\u0161aldyti ir persodinti i\u0161laukti bra\u0161ki\u0173 daigai (WB) Motininiai daigai. Sodinamosios med\u017eiagos gamyba vykdoma tik [&hellip;]\" \/>\n<meta property=\"og:url\" content=\"https:\/\/kraege.de\/ltu\/\" \/>\n<meta property=\"og:site_name\" content=\"KRAEGE Beerenpflanzen ltu\" \/>\n<meta property=\"article:modified_time\" content=\"2023-03-16T12:51:57+00:00\" \/>\n<meta name=\"twitter:card\" content=\"summary\" \/>\n<meta name=\"twitter:label1\" content=\"Est. reading time\" \/>\n\t<meta name=\"twitter:data1\" content=\"1 minut\u0117\" \/>\n<script type=\"application\/ld+json\" class=\"yoast-schema-graph\">{\"@context\":\"https:\/\/schema.org\",\"@graph\":[{\"@type\":\"WebSite\",\"@id\":\"https:\/\/kraege.de\/ltu\/#website\",\"url\":\"https:\/\/kraege.de\/ltu\/\",\"name\":\"KRAEGE Beerenpflanzen ltu\",\"description\":\"Erdbeeren und Himbeeren aus der Region | Telgte | M\\u00fcnster | Warendorf\",\"potentialAction\":[{\"@type\":\"SearchAction\",\"target\":{\"@type\":\"EntryPoint\",\"urlTemplate\":\"https:\/\/kraege.de\/ltu\/?s={search_term_string}\"},\"query-input\":\"required name=search_term_string\"}],\"inLanguage\":\"lt-LT\"},{\"@type\":\"WebPage\",\"@id\":\"https:\/\/kraege.de\/ltu\/#webpage\",\"url\":\"https:\/\/kraege.de\/ltu\/\",\"name\":\"Sveiki! - KRAEGE Beerenpflanzen ltu\",\"isPartOf\":{\"@id\":\"https:\/\/kraege.de\/ltu\/#website\"},\"datePublished\":\"2015-04-14T03:58:00+00:00\",\"dateModified\":\"2023-03-16T12:51:57+00:00\",\"breadcrumb\":{\"@id\":\"https:\/\/kraege.de\/ltu\/#breadcrumb\"},\"inLanguage\":\"lt-LT\",\"potentialAction\":[{\"@type\":\"ReadAction\",\"target\":[\"https:\/\/kraege.de\/ltu\/\"]}]},{\"@type\":\"BreadcrumbList\",\"@id\":\"https:\/\/kraege.de\/ltu\/#breadcrumb\",\"itemListElement\":[{\"@type\":\"ListItem\",\"position\":1,\"name\":\"Home\",\"item\":\"https:\/\/kraege.de\/ltu\/\"},{\"@type\":\"ListItem\",\"position\":2,\"name\":\"Sveiki!\"}]}]}<\/script>\n<!-- \/ Yoast SEO plugin. -->","yoast_head_json":{"robots":{"index":"index","follow":"follow","max-snippet":"max-snippet:-1","max-image-preview":"max-image-preview:large","max-video-preview":"max-video-preview:-1"},"canonical":"https:\/\/kraege.de\/ltu\/","og_locale":"lt_LT","og_type":"article","og_title":"Sveiki! - KRAEGE Beerenpflanzen ltu","og_description":"Kraege International \u016bkis nuo 1958 m. yra bra\u0161ki\u0173 ir avie\u010di\u0173 daig\u0173 dauginimo specialistas. M\u016bs\u0173 \u016bkis gamina daugiau kaip 50 skirting\u0173 r\u016b\u0161i\u0173 bra\u0161ki\u0173 daig\u0173 ir komercini\u0173 avie\u010di\u0173 veisles daugiau nei 300 hektar\u0173 nuomojamoje \u017eem\u0117je. Auginami \u017eali bra\u0161ki\u0173 daigai, frigo, daigyklose, i\u0161 vazon\u0117li\u0173 u\u017e\u0161aldyti ir persodinti i\u0161laukti bra\u0161ki\u0173 daigai (WB) Motininiai daigai. Sodinamosios med\u017eiagos gamyba vykdoma tik [&hellip;]","og_url":"https:\/\/kraege.de\/ltu\/","og_site_name":"KRAEGE Beerenpflanzen ltu","article_modified_time":"2023-03-16T12:51:57+00:00","twitter_card":"summary","twitter_misc":{"Est. reading time":"1 minut\u0117"},"schema":{"@context":"https:\/\/schema.org","@graph":[{"@type":"WebSite","@id":"https:\/\/kraege.de\/ltu\/#website","url":"https:\/\/kraege.de\/ltu\/","name":"KRAEGE Beerenpflanzen ltu","description":"Erdbeeren und Himbeeren aus der Region | Telgte | M\u00fcnster | Warendorf","potentialAction":[{"@type":"SearchAction","target":{"@type":"EntryPoint","urlTemplate":"https:\/\/kraege.de\/ltu\/?s={search_term_string}"},"query-input":"required name=search_term_string"}],"inLanguage":"lt-LT"},{"@type":"WebPage","@id":"https:\/\/kraege.de\/ltu\/#webpage","url":"https:\/\/kraege.de\/ltu\/","name":"Sveiki! - KRAEGE Beerenpflanzen ltu","isPartOf":{"@id":"https:\/\/kraege.de\/ltu\/#website"},"datePublished":"2015-04-14T03:58:00+00:00","dateModified":"2023-03-16T12:51:57+00:00","breadcrumb":{"@id":"https:\/\/kraege.de\/ltu\/#breadcrumb"},"inLanguage":"lt-LT","potentialAction":[{"@type":"ReadAction","target":["https:\/\/kraege.de\/ltu\/"]}]},{"@type":"BreadcrumbList","@id":"https:\/\/kraege.de\/ltu\/#breadcrumb","itemListElement":[{"@type":"ListItem","position":1,"name":"Home","item":"https:\/\/kraege.de\/ltu\/"},{"@type":"ListItem","position":2,"name":"Sveiki!"}]}]}},"_links":{"self":[{"href":"https:\/\/kraege.de\/ltu\/wp-json\/wp\/v2\/pages\/4"}],"collection":[{"href":"https:\/\/kraege.de\/ltu\/wp-json\/wp\/v2\/pages"}],"about":[{"href":"https:\/\/kraege.de\/ltu\/wp-json\/wp\/v2\/types\/page"}],"author":[{"embeddable":true,"href":"https:\/\/kraege.de\/ltu\/wp-json\/wp\/v2\/users\/1"}],"replies":[{"embeddable":true,"href":"https:\/\/kraege.de\/ltu\/wp-json\/wp\/v2\/comments?post=4"}],"version-history":[{"count":52,"href":"https:\/\/kraege.de\/ltu\/wp-json\/wp\/v2\/pages\/4\/revisions"}],"predecessor-version":[{"id":2596,"href":"https:\/\/kraege.de\/ltu\/wp-json\/wp\/v2\/pages\/4\/revisions\/2596"}],"wp:attachment":[{"href":"https:\/\/kraege.de\/ltu\/wp-json\/wp\/v2\/media?parent=4"}],"curies":[{"name":"wp","href":"https:\/\/api.w.org\/{rel}","templated":true}]}}