{"id":2551,"date":"2023-03-15T19:30:15","date_gmt":"2023-03-15T18:30:15","guid":{"rendered":"https:\/\/kraege.de\/ltu\/?page_id=2551"},"modified":"2023-03-15T19:37:20","modified_gmt":"2023-03-15T18:37:20","slug":"rosaria","status":"publish","type":"page","link":"https:\/\/kraege.de\/ltu\/services\/strawberries\/early-season\/rosaria\/","title":{"rendered":"Rosaria"},"content":{"rendered":"<div class=\"tabelle-fruechte\">\n<table>\n<tbody>\n<tr>\n<td>Spalva<\/td>\n<td>\u0160viesiai raudona, blizgi<\/td>\n<\/tr>\n<tr>\n<td>Pastaba<\/td>\n<td>Uogos didel\u0117s, greitai skinasi, tvirtos, gero skonio<br \/>\nuogos labiau skirtos tiesioginei prekybai<\/td>\n<\/tr>\n<\/tbody>\n<\/table>\n<\/div>\n<div class=\"herkunft\">\u2013 saugoma veisl\u0117, veisl\u0117s savininkas: Stefano Kraege\u2019 veisimas<\/div>\n<div><\/div>\n<div><\/div>\n<div>Rosaria yra nauja ankstyvoji Stefan Kraege kry\u017eminimo programos veisl\u0117. Ji lygiagre\u010diai i\u0161vesta su veisle Seraphine, abiej\u0173 veisli\u0173 uog\u0173 tvirtumas ir skoniai labai pana\u0161\u016bs.<br \/>\nUogos yra didel\u0117s, ry\u0161kiai raudonos, blizgios ir labai gero skonio. Daug uogu yra 1 klas\u0117s, o tai garantuoja ger\u0105 skynimo na\u0161um\u0105.<br \/>\nPirmos uogos turi i\u0161ilgin\u012f \u012fdubim\u0105, bet sekan\u010dios yra taisyklingos. Rosaria uogos gali i\u0161b\u016bti ilgesn\u012f laik\u0105 nenuskintos ant \u017eiedko\u010dio. Veisl\u0117 yra energingai auganti, \u017eiedko\u010diai ilgi, tod\u0117l rekomenduojama auginti pakeltose vagose.<br \/>\nVeisl\u0117 paprastai yra atspari ligoms, bet pasitaik\u0117 keletas atvej\u0173 kai susirgo ,, Collitotrichum\u2018\u2018 grybeliais, tod\u0117l reikalingas profilaktinis augal\u0173 apsaugos priemoni\u0173 panaudojimas.<br \/>\nRosaria derlinga, skani ir gana atspari ligoms, tinkama tiesioginei prekybai. Po pirmojo skynimo uogos b\u016bna jau taisyklingos i\u0161vaizdos, tada tinkamos ir komercinei prekybai.<\/div>\n<div><\/div>\n<p class=\"herkunft\">\n","protected":false},"excerpt":{"rendered":"<p>Spalva \u0160viesiai raudona, blizgi Pastaba Uogos didel\u0117s, greitai skinasi, tvirtos, gero skonio uogos labiau skirtos tiesioginei prekybai \u2013 saugoma veisl\u0117, veisl\u0117s savininkas: Stefano Kraege\u2019 veisimas Rosaria yra nauja ankstyvoji Stefan Kraege kry\u017eminimo programos veisl\u0117. Ji lygiagre\u010diai i\u0161vesta su veisle Seraphine, abiej\u0173 veisli\u0173 uog\u0173 tvirtumas ir skoniai labai pana\u0161\u016bs. Uogos yra didel\u0117s, ry\u0161kiai raudonos, blizgios ir [&hellip;]<\/p>\n","protected":false},"author":1,"featured_media":0,"parent":53,"menu_order":10,"comment_status":"closed","ping_status":"closed","template":"page_frucht.php","meta":[],"yoast_head":"<!-- This site is optimized with the Yoast SEO plugin v17.2.1 - https:\/\/yoast.com\/wordpress\/plugins\/seo\/ -->\n<meta name=\"robots\" content=\"index, follow, max-snippet:-1, max-image-preview:large, max-video-preview:-1\" \/>\n<link rel=\"canonical\" href=\"https:\/\/kraege.de\/ltu\/services\/strawberries\/early-season\/rosaria\/\" \/>\n<meta property=\"og:locale\" content=\"lt_LT\" \/>\n<meta property=\"og:type\" content=\"article\" \/>\n<meta property=\"og:title\" content=\"Rosaria - KRAEGE Beerenpflanzen ltu\" \/>\n<meta property=\"og:description\" content=\"Spalva \u0160viesiai raudona, blizgi Pastaba Uogos didel\u0117s, greitai skinasi, tvirtos, gero skonio uogos labiau skirtos tiesioginei prekybai \u2013 saugoma veisl\u0117, veisl\u0117s savininkas: Stefano Kraege\u2019 veisimas Rosaria yra nauja ankstyvoji Stefan Kraege kry\u017eminimo programos veisl\u0117. Ji lygiagre\u010diai i\u0161vesta su veisle Seraphine, abiej\u0173 veisli\u0173 uog\u0173 tvirtumas ir skoniai labai pana\u0161\u016bs. Uogos yra didel\u0117s, ry\u0161kiai raudonos, blizgios ir [&hellip;]\" \/>\n<meta property=\"og:url\" content=\"https:\/\/kraege.de\/ltu\/services\/strawberries\/early-season\/rosaria\/\" \/>\n<meta property=\"og:site_name\" content=\"KRAEGE Beerenpflanzen ltu\" \/>\n<meta property=\"article:modified_time\" content=\"2023-03-15T18:37:20+00:00\" \/>\n<meta name=\"twitter:card\" content=\"summary\" \/>\n<meta name=\"twitter:label1\" content=\"Est. reading time\" \/>\n\t<meta name=\"twitter:data1\" content=\"1 minut\u0117\" \/>\n<script type=\"application\/ld+json\" class=\"yoast-schema-graph\">{\"@context\":\"https:\/\/schema.org\",\"@graph\":[{\"@type\":\"WebSite\",\"@id\":\"https:\/\/kraege.de\/ltu\/#website\",\"url\":\"https:\/\/kraege.de\/ltu\/\",\"name\":\"KRAEGE Beerenpflanzen ltu\",\"description\":\"Erdbeeren und Himbeeren aus der Region | Telgte | M\\u00fcnster | Warendorf\",\"potentialAction\":[{\"@type\":\"SearchAction\",\"target\":{\"@type\":\"EntryPoint\",\"urlTemplate\":\"https:\/\/kraege.de\/ltu\/?s={search_term_string}\"},\"query-input\":\"required name=search_term_string\"}],\"inLanguage\":\"lt-LT\"},{\"@type\":\"WebPage\",\"@id\":\"https:\/\/kraege.de\/ltu\/services\/strawberries\/early-season\/rosaria\/#webpage\",\"url\":\"https:\/\/kraege.de\/ltu\/services\/strawberries\/early-season\/rosaria\/\",\"name\":\"Rosaria - KRAEGE Beerenpflanzen ltu\",\"isPartOf\":{\"@id\":\"https:\/\/kraege.de\/ltu\/#website\"},\"datePublished\":\"2023-03-15T18:30:15+00:00\",\"dateModified\":\"2023-03-15T18:37:20+00:00\",\"breadcrumb\":{\"@id\":\"https:\/\/kraege.de\/ltu\/services\/strawberries\/early-season\/rosaria\/#breadcrumb\"},\"inLanguage\":\"lt-LT\",\"potentialAction\":[{\"@type\":\"ReadAction\",\"target\":[\"https:\/\/kraege.de\/ltu\/services\/strawberries\/early-season\/rosaria\/\"]}]},{\"@type\":\"BreadcrumbList\",\"@id\":\"https:\/\/kraege.de\/ltu\/services\/strawberries\/early-season\/rosaria\/#breadcrumb\",\"itemListElement\":[{\"@type\":\"ListItem\",\"position\":1,\"name\":\"Home\",\"item\":\"https:\/\/kraege.de\/ltu\/\"},{\"@type\":\"ListItem\",\"position\":2,\"name\":\"Services\",\"item\":\"https:\/\/kraege.de\/ltu\/services\/\"},{\"@type\":\"ListItem\",\"position\":3,\"name\":\"Strawberries\",\"item\":\"https:\/\/kraege.de\/ltu\/services\/strawberries\/\"},{\"@type\":\"ListItem\",\"position\":4,\"name\":\"Ankstyvos veisl\\u0117s\",\"item\":\"https:\/\/kraege.de\/ltu\/services\/strawberries\/early-season\/\"},{\"@type\":\"ListItem\",\"position\":5,\"name\":\"Rosaria\"}]}]}<\/script>\n<!-- \/ Yoast SEO plugin. -->","yoast_head_json":{"robots":{"index":"index","follow":"follow","max-snippet":"max-snippet:-1","max-image-preview":"max-image-preview:large","max-video-preview":"max-video-preview:-1"},"canonical":"https:\/\/kraege.de\/ltu\/services\/strawberries\/early-season\/rosaria\/","og_locale":"lt_LT","og_type":"article","og_title":"Rosaria - KRAEGE Beerenpflanzen ltu","og_description":"Spalva \u0160viesiai raudona, blizgi Pastaba Uogos didel\u0117s, greitai skinasi, tvirtos, gero skonio uogos labiau skirtos tiesioginei prekybai \u2013 saugoma veisl\u0117, veisl\u0117s savininkas: Stefano Kraege\u2019 veisimas Rosaria yra nauja ankstyvoji Stefan Kraege kry\u017eminimo programos veisl\u0117. Ji lygiagre\u010diai i\u0161vesta su veisle Seraphine, abiej\u0173 veisli\u0173 uog\u0173 tvirtumas ir skoniai labai pana\u0161\u016bs. Uogos yra didel\u0117s, ry\u0161kiai raudonos, blizgios ir [&hellip;]","og_url":"https:\/\/kraege.de\/ltu\/services\/strawberries\/early-season\/rosaria\/","og_site_name":"KRAEGE Beerenpflanzen ltu","article_modified_time":"2023-03-15T18:37:20+00:00","twitter_card":"summary","twitter_misc":{"Est. reading time":"1 minut\u0117"},"schema":{"@context":"https:\/\/schema.org","@graph":[{"@type":"WebSite","@id":"https:\/\/kraege.de\/ltu\/#website","url":"https:\/\/kraege.de\/ltu\/","name":"KRAEGE Beerenpflanzen ltu","description":"Erdbeeren und Himbeeren aus der Region | Telgte | M\u00fcnster | Warendorf","potentialAction":[{"@type":"SearchAction","target":{"@type":"EntryPoint","urlTemplate":"https:\/\/kraege.de\/ltu\/?s={search_term_string}"},"query-input":"required name=search_term_string"}],"inLanguage":"lt-LT"},{"@type":"WebPage","@id":"https:\/\/kraege.de\/ltu\/services\/strawberries\/early-season\/rosaria\/#webpage","url":"https:\/\/kraege.de\/ltu\/services\/strawberries\/early-season\/rosaria\/","name":"Rosaria - KRAEGE Beerenpflanzen ltu","isPartOf":{"@id":"https:\/\/kraege.de\/ltu\/#website"},"datePublished":"2023-03-15T18:30:15+00:00","dateModified":"2023-03-15T18:37:20+00:00","breadcrumb":{"@id":"https:\/\/kraege.de\/ltu\/services\/strawberries\/early-season\/rosaria\/#breadcrumb"},"inLanguage":"lt-LT","potentialAction":[{"@type":"ReadAction","target":["https:\/\/kraege.de\/ltu\/services\/strawberries\/early-season\/rosaria\/"]}]},{"@type":"BreadcrumbList","@id":"https:\/\/kraege.de\/ltu\/services\/strawberries\/early-season\/rosaria\/#breadcrumb","itemListElement":[{"@type":"ListItem","position":1,"name":"Home","item":"https:\/\/kraege.de\/ltu\/"},{"@type":"ListItem","position":2,"name":"Services","item":"https:\/\/kraege.de\/ltu\/services\/"},{"@type":"ListItem","position":3,"name":"Strawberries","item":"https:\/\/kraege.de\/ltu\/services\/strawberries\/"},{"@type":"ListItem","position":4,"name":"Ankstyvos veisl\u0117s","item":"https:\/\/kraege.de\/ltu\/services\/strawberries\/early-season\/"},{"@type":"ListItem","position":5,"name":"Rosaria"}]}]}},"_links":{"self":[{"href":"https:\/\/kraege.de\/ltu\/wp-json\/wp\/v2\/pages\/2551"}],"collection":[{"href":"https:\/\/kraege.de\/ltu\/wp-json\/wp\/v2\/pages"}],"about":[{"href":"https:\/\/kraege.de\/ltu\/wp-json\/wp\/v2\/types\/page"}],"author":[{"embeddable":true,"href":"https:\/\/kraege.de\/ltu\/wp-json\/wp\/v2\/users\/1"}],"replies":[{"embeddable":true,"href":"https:\/\/kraege.de\/ltu\/wp-json\/wp\/v2\/comments?post=2551"}],"version-history":[{"count":6,"href":"https:\/\/kraege.de\/ltu\/wp-json\/wp\/v2\/pages\/2551\/revisions"}],"predecessor-version":[{"id":2560,"href":"https:\/\/kraege.de\/ltu\/wp-json\/wp\/v2\/pages\/2551\/revisions\/2560"}],"up":[{"embeddable":true,"href":"https:\/\/kraege.de\/ltu\/wp-json\/wp\/v2\/pages\/53"}],"wp:attachment":[{"href":"https:\/\/kraege.de\/ltu\/wp-json\/wp\/v2\/media?parent=2551"}],"curies":[{"name":"wp","href":"https:\/\/api.w.org\/{rel}","templated":true}]}}