{"id":222,"date":"2015-04-15T12:10:43","date_gmt":"2015-04-15T10:10:43","guid":{"rendered":"http:\/\/kraege.de\/kraege-21\/?page_id=222"},"modified":"2023-03-16T08:57:48","modified_gmt":"2023-03-16T07:57:48","slug":"no-8","status":"publish","type":"page","link":"https:\/\/kraege.de\/ltu\/services\/raspberries\/primocanes\/no-8\/","title":{"rendered":"Mapema<sup>\u00ae<\/sup>"},"content":{"rendered":"<div class=\"tabelle-fruechte\">\n<table>\n<tbody>\n<tr>\n<td>Spalva<\/td>\n<td>Raudona, blizganti<\/td>\n<\/tr>\n<tr>\n<td>Pastaba<\/td>\n<td>Labai gra\u017eios prekin\u0117s i\u0161vaizdos, \u012fdomi naujov\u0117 tiesioginei prekybai ir patiems pirk\u0117jams prisiskinti<\/td>\n<\/tr>\n<\/tbody>\n<\/table>\n<\/div>\n<div class=\"reifezeit\"><\/div>\n<div class=\"herkunft\">\u2013 saugoma veisl\u0117, veisl\u0117s savininkas: ,,Advanced Berry Breeding\u201c, Olandija<\/div>\n<p><a href=\"https:\/\/kraege.de\/ltu\/wp-content\/uploads\/sites\/8\/2015\/04\/Mapema.png\"><img loading=\"lazy\" class=\"wp-image-2291 size-thumbnail alignleft\" src=\"https:\/\/kraege.de\/ltu\/wp-content\/uploads\/sites\/8\/2015\/04\/Mapema-220x220.png\" width=\"220\" height=\"220\" \/><\/a>Mapema<sup><sup class=\"registered\">&reg;<\/sup><\/sup> yra avie\u010di\u0173 veisl\u0117 i\u0161vesta pagal uog\u0173 program\u0105 \u201eAdvanced\u201c. Ankstyvas \u0161i\u0173 rudens avie\u010di\u0173 derlius yra lyginamas kartu su Polka veisle.<br \/>\nVaisi\u0173 spalva labai pana\u0161i \u012f Polkos.<br \/>\nMapema<sup><sup class=\"registered\">&reg;<\/sup><\/sup> \u0161iek tiek tamsesn\u0117 labai blizganti. D\u0117l dideli\u0173 k\u016bgini\u0173 uog\u0173 pasiekiamas auk\u0161tas rinkimo na\u0161umas. \u201eMapema\u201c yra labai energinga veisl\u0117,turi ger\u0105 skon\u012f. tai yra svarbu tiesioginiam pardavimui.<br \/>\nGerai \u012fsitvirtina dirvoje, augina tvirtus stiebus.<\/p>\n","protected":false},"excerpt":{"rendered":"<p>Spalva Raudona, blizganti Pastaba Labai gra\u017eios prekin\u0117s i\u0161vaizdos, \u012fdomi naujov\u0117 tiesioginei prekybai ir patiems pirk\u0117jams prisiskinti \u2013 saugoma veisl\u0117, veisl\u0117s savininkas: ,,Advanced Berry Breeding\u201c, Olandija Mapema&reg; yra avie\u010di\u0173 veisl\u0117 i\u0161vesta pagal uog\u0173 program\u0105 \u201eAdvanced\u201c. Ankstyvas \u0161i\u0173 rudens avie\u010di\u0173 derlius yra lyginamas kartu su Polka veisle. Vaisi\u0173 spalva labai pana\u0161i \u012f Polkos. Mapema&reg; \u0161iek tiek tamsesn\u0117 [&hellip;]<\/p>\n","protected":false},"author":1,"featured_media":0,"parent":201,"menu_order":2,"comment_status":"open","ping_status":"closed","template":"page_frucht.php","meta":[],"yoast_head":"<!-- This site is optimized with the Yoast SEO plugin v17.2.1 - https:\/\/yoast.com\/wordpress\/plugins\/seo\/ -->\n<meta name=\"robots\" content=\"index, follow, max-snippet:-1, max-image-preview:large, max-video-preview:-1\" \/>\n<link rel=\"canonical\" href=\"https:\/\/kraege.de\/ltu\/services\/raspberries\/primocanes\/no-8\/\" \/>\n<meta property=\"og:locale\" content=\"lt_LT\" \/>\n<meta property=\"og:type\" content=\"article\" \/>\n<meta property=\"og:title\" content=\"Mapema\u00ae - KRAEGE Beerenpflanzen ltu\" \/>\n<meta property=\"og:description\" content=\"Spalva Raudona, blizganti Pastaba Labai gra\u017eios prekin\u0117s i\u0161vaizdos, \u012fdomi naujov\u0117 tiesioginei prekybai ir patiems pirk\u0117jams prisiskinti \u2013 saugoma veisl\u0117, veisl\u0117s savininkas: ,,Advanced Berry Breeding\u201c, Olandija Mapema&reg; yra avie\u010di\u0173 veisl\u0117 i\u0161vesta pagal uog\u0173 program\u0105 \u201eAdvanced\u201c. Ankstyvas \u0161i\u0173 rudens avie\u010di\u0173 derlius yra lyginamas kartu su Polka veisle. Vaisi\u0173 spalva labai pana\u0161i \u012f Polkos. Mapema&reg; \u0161iek tiek tamsesn\u0117 [&hellip;]\" \/>\n<meta property=\"og:url\" content=\"https:\/\/kraege.de\/ltu\/services\/raspberries\/primocanes\/no-8\/\" \/>\n<meta property=\"og:site_name\" content=\"KRAEGE Beerenpflanzen ltu\" \/>\n<meta property=\"article:modified_time\" content=\"2023-03-16T07:57:48+00:00\" \/>\n<meta property=\"og:image\" content=\"https:\/\/kraege.de\/ltu\/wp-content\/uploads\/sites\/8\/2015\/04\/Mapema-220x220.png\" \/>\n<meta name=\"twitter:card\" content=\"summary\" \/>\n<meta name=\"twitter:label1\" content=\"Est. reading time\" \/>\n\t<meta name=\"twitter:data1\" content=\"1 minut\u0117\" \/>\n<script type=\"application\/ld+json\" class=\"yoast-schema-graph\">{\"@context\":\"https:\/\/schema.org\",\"@graph\":[{\"@type\":\"WebSite\",\"@id\":\"https:\/\/kraege.de\/ltu\/#website\",\"url\":\"https:\/\/kraege.de\/ltu\/\",\"name\":\"KRAEGE Beerenpflanzen ltu\",\"description\":\"Erdbeeren und Himbeeren aus der Region | Telgte | M\\u00fcnster | Warendorf\",\"potentialAction\":[{\"@type\":\"SearchAction\",\"target\":{\"@type\":\"EntryPoint\",\"urlTemplate\":\"https:\/\/kraege.de\/ltu\/?s={search_term_string}\"},\"query-input\":\"required name=search_term_string\"}],\"inLanguage\":\"lt-LT\"},{\"@type\":\"ImageObject\",\"@id\":\"https:\/\/kraege.de\/ltu\/services\/raspberries\/primocanes\/no-8\/#primaryimage\",\"inLanguage\":\"lt-LT\",\"url\":\"https:\/\/kraege.de\/ltu\/wp-content\/uploads\/sites\/8\/2015\/04\/Mapema.png\",\"contentUrl\":\"https:\/\/kraege.de\/ltu\/wp-content\/uploads\/sites\/8\/2015\/04\/Mapema.png\",\"width\":1925,\"height\":1075},{\"@type\":\"WebPage\",\"@id\":\"https:\/\/kraege.de\/ltu\/services\/raspberries\/primocanes\/no-8\/#webpage\",\"url\":\"https:\/\/kraege.de\/ltu\/services\/raspberries\/primocanes\/no-8\/\",\"name\":\"Mapema\\u00ae - KRAEGE Beerenpflanzen ltu\",\"isPartOf\":{\"@id\":\"https:\/\/kraege.de\/ltu\/#website\"},\"primaryImageOfPage\":{\"@id\":\"https:\/\/kraege.de\/ltu\/services\/raspberries\/primocanes\/no-8\/#primaryimage\"},\"datePublished\":\"2015-04-15T10:10:43+00:00\",\"dateModified\":\"2023-03-16T07:57:48+00:00\",\"breadcrumb\":{\"@id\":\"https:\/\/kraege.de\/ltu\/services\/raspberries\/primocanes\/no-8\/#breadcrumb\"},\"inLanguage\":\"lt-LT\",\"potentialAction\":[{\"@type\":\"ReadAction\",\"target\":[\"https:\/\/kraege.de\/ltu\/services\/raspberries\/primocanes\/no-8\/\"]}]},{\"@type\":\"BreadcrumbList\",\"@id\":\"https:\/\/kraege.de\/ltu\/services\/raspberries\/primocanes\/no-8\/#breadcrumb\",\"itemListElement\":[{\"@type\":\"ListItem\",\"position\":1,\"name\":\"Home\",\"item\":\"https:\/\/kraege.de\/ltu\/\"},{\"@type\":\"ListItem\",\"position\":2,\"name\":\"Services\",\"item\":\"https:\/\/kraege.de\/ltu\/services\/\"},{\"@type\":\"ListItem\",\"position\":3,\"name\":\"Aviet\\u0117s\",\"item\":\"https:\/\/kraege.de\/ltu\/services\/raspberries\/\"},{\"@type\":\"ListItem\",\"position\":4,\"name\":\"Ruduo\",\"item\":\"https:\/\/kraege.de\/ltu\/services\/raspberries\/primocanes\/\"},{\"@type\":\"ListItem\",\"position\":5,\"name\":\"Mapema\\u00ae\"}]}]}<\/script>\n<!-- \/ Yoast SEO plugin. -->","yoast_head_json":{"robots":{"index":"index","follow":"follow","max-snippet":"max-snippet:-1","max-image-preview":"max-image-preview:large","max-video-preview":"max-video-preview:-1"},"canonical":"https:\/\/kraege.de\/ltu\/services\/raspberries\/primocanes\/no-8\/","og_locale":"lt_LT","og_type":"article","og_title":"Mapema\u00ae - KRAEGE Beerenpflanzen ltu","og_description":"Spalva Raudona, blizganti Pastaba Labai gra\u017eios prekin\u0117s i\u0161vaizdos, \u012fdomi naujov\u0117 tiesioginei prekybai ir patiems pirk\u0117jams prisiskinti \u2013 saugoma veisl\u0117, veisl\u0117s savininkas: ,,Advanced Berry Breeding\u201c, Olandija Mapema&reg; yra avie\u010di\u0173 veisl\u0117 i\u0161vesta pagal uog\u0173 program\u0105 \u201eAdvanced\u201c. Ankstyvas \u0161i\u0173 rudens avie\u010di\u0173 derlius yra lyginamas kartu su Polka veisle. Vaisi\u0173 spalva labai pana\u0161i \u012f Polkos. Mapema&reg; \u0161iek tiek tamsesn\u0117 [&hellip;]","og_url":"https:\/\/kraege.de\/ltu\/services\/raspberries\/primocanes\/no-8\/","og_site_name":"KRAEGE Beerenpflanzen ltu","article_modified_time":"2023-03-16T07:57:48+00:00","og_image":[{"url":"https:\/\/kraege.de\/ltu\/wp-content\/uploads\/sites\/8\/2015\/04\/Mapema-220x220.png"}],"twitter_card":"summary","twitter_misc":{"Est. reading time":"1 minut\u0117"},"schema":{"@context":"https:\/\/schema.org","@graph":[{"@type":"WebSite","@id":"https:\/\/kraege.de\/ltu\/#website","url":"https:\/\/kraege.de\/ltu\/","name":"KRAEGE Beerenpflanzen ltu","description":"Erdbeeren und Himbeeren aus der Region | Telgte | M\u00fcnster | Warendorf","potentialAction":[{"@type":"SearchAction","target":{"@type":"EntryPoint","urlTemplate":"https:\/\/kraege.de\/ltu\/?s={search_term_string}"},"query-input":"required name=search_term_string"}],"inLanguage":"lt-LT"},{"@type":"ImageObject","@id":"https:\/\/kraege.de\/ltu\/services\/raspberries\/primocanes\/no-8\/#primaryimage","inLanguage":"lt-LT","url":"https:\/\/kraege.de\/ltu\/wp-content\/uploads\/sites\/8\/2015\/04\/Mapema.png","contentUrl":"https:\/\/kraege.de\/ltu\/wp-content\/uploads\/sites\/8\/2015\/04\/Mapema.png","width":1925,"height":1075},{"@type":"WebPage","@id":"https:\/\/kraege.de\/ltu\/services\/raspberries\/primocanes\/no-8\/#webpage","url":"https:\/\/kraege.de\/ltu\/services\/raspberries\/primocanes\/no-8\/","name":"Mapema\u00ae - KRAEGE Beerenpflanzen ltu","isPartOf":{"@id":"https:\/\/kraege.de\/ltu\/#website"},"primaryImageOfPage":{"@id":"https:\/\/kraege.de\/ltu\/services\/raspberries\/primocanes\/no-8\/#primaryimage"},"datePublished":"2015-04-15T10:10:43+00:00","dateModified":"2023-03-16T07:57:48+00:00","breadcrumb":{"@id":"https:\/\/kraege.de\/ltu\/services\/raspberries\/primocanes\/no-8\/#breadcrumb"},"inLanguage":"lt-LT","potentialAction":[{"@type":"ReadAction","target":["https:\/\/kraege.de\/ltu\/services\/raspberries\/primocanes\/no-8\/"]}]},{"@type":"BreadcrumbList","@id":"https:\/\/kraege.de\/ltu\/services\/raspberries\/primocanes\/no-8\/#breadcrumb","itemListElement":[{"@type":"ListItem","position":1,"name":"Home","item":"https:\/\/kraege.de\/ltu\/"},{"@type":"ListItem","position":2,"name":"Services","item":"https:\/\/kraege.de\/ltu\/services\/"},{"@type":"ListItem","position":3,"name":"Aviet\u0117s","item":"https:\/\/kraege.de\/ltu\/services\/raspberries\/"},{"@type":"ListItem","position":4,"name":"Ruduo","item":"https:\/\/kraege.de\/ltu\/services\/raspberries\/primocanes\/"},{"@type":"ListItem","position":5,"name":"Mapema\u00ae"}]}]}},"_links":{"self":[{"href":"https:\/\/kraege.de\/ltu\/wp-json\/wp\/v2\/pages\/222"}],"collection":[{"href":"https:\/\/kraege.de\/ltu\/wp-json\/wp\/v2\/pages"}],"about":[{"href":"https:\/\/kraege.de\/ltu\/wp-json\/wp\/v2\/types\/page"}],"author":[{"embeddable":true,"href":"https:\/\/kraege.de\/ltu\/wp-json\/wp\/v2\/users\/1"}],"replies":[{"embeddable":true,"href":"https:\/\/kraege.de\/ltu\/wp-json\/wp\/v2\/comments?post=222"}],"version-history":[{"count":22,"href":"https:\/\/kraege.de\/ltu\/wp-json\/wp\/v2\/pages\/222\/revisions"}],"predecessor-version":[{"id":2572,"href":"https:\/\/kraege.de\/ltu\/wp-json\/wp\/v2\/pages\/222\/revisions\/2572"}],"up":[{"embeddable":true,"href":"https:\/\/kraege.de\/ltu\/wp-json\/wp\/v2\/pages\/201"}],"wp:attachment":[{"href":"https:\/\/kraege.de\/ltu\/wp-json\/wp\/v2\/media?parent=222"}],"curies":[{"name":"wp","href":"https:\/\/api.w.org\/{rel}","templated":true}]}}