{"id":2210,"date":"2020-01-15T11:09:17","date_gmt":"2020-01-15T10:09:17","guid":{"rendered":"https:\/\/kraege.de\/kraege-2\/?page_id=2210"},"modified":"2023-03-15T16:23:47","modified_gmt":"2023-03-15T15:23:47","slug":"glorielle","status":"publish","type":"page","link":"https:\/\/kraege.de\/ltu\/services\/strawberries\/early-season\/glorielle\/","title":{"rendered":"Glorielle"},"content":{"rendered":"<div class=\"tabelle-fruechte\">\n<table>\n<tbody>\n<tr>\n<td>Spalva<\/td>\n<td>Ry\u0161ki \u0161viesiai raudona, blizgi<\/td>\n<\/tr>\n<tr>\n<td>Pastaba<\/td>\n<td>Labai gero skonio, ankstyva veisl\u0117, ypa\u010d tinka tiesioginei prekybai<\/td>\n<\/tr>\n<\/tbody>\n<\/table>\n<\/div>\n<div class=\"reifezeit\"><\/div>\n<div class=\"herkunft\">\u2013 saugoma veisl\u0117, veisl\u0117s savininkas: Stefano Kraege\u2019 veisimas<\/div>\n<div class=\"herkunft\"><\/div>\n<p>\u201eGlorielle\u201c yra ankstyva veisl\u0117 . Pagal program\u0105 \u201eKraege veisimas\u201c. Stefano Kraege yra pirmoji i\u0161vesta veisl\u0117, kai jis tapo naujuoju bra\u0161ki\u0173 veis\u0117ju. \u201eGlorielle\u201c yra 3 \u2013 4 dienomis ankstyvesn\u0117 u\u017e \u201eClery\u201c. Pasi\u017eymi puikiu skoniu. Vaisiai yra labai lygios formos, labai blizg\u016bs ir turi patraukli\u0105 dubenio i\u0161vaizd\u0105. Derlius yra pana\u0161us \u012f \u201eClery\u201c, dauguma uog\u0173 yra pirmos klas\u0117s.<br \/>\nVaisi\u0173 dydis i\u0161lieka vienodas per vis\u0105 derli\u0173.<br \/>\n\u201eGlorielle\u201c yra greitai auganti veisl\u0117, kuriai reikalingas didelis kalcio kiekis. Neatspari miltligei, tod\u0117l reikia nepamir\u0161ti profilaktinio fungicido panaudojimo.<br \/>\n\u017diedai yra giliau po lapais, tod\u0117l jie labiau apsisaugoja nuo pavasarini\u0173 v\u0117lyv\u0173 \u0161aln\u0173. D\u0117l labai gero skonio \u201eGlorielle\u201c ypa\u010d rekomenduojama tiesioginiam pardavimui.<\/p>\n","protected":false},"excerpt":{"rendered":"<p>Spalva Ry\u0161ki \u0161viesiai raudona, blizgi Pastaba Labai gero skonio, ankstyva veisl\u0117, ypa\u010d tinka tiesioginei prekybai \u2013 saugoma veisl\u0117, veisl\u0117s savininkas: Stefano Kraege\u2019 veisimas \u201eGlorielle\u201c yra ankstyva veisl\u0117 . Pagal program\u0105 \u201eKraege veisimas\u201c. Stefano Kraege yra pirmoji i\u0161vesta veisl\u0117, kai jis tapo naujuoju bra\u0161ki\u0173 veis\u0117ju. \u201eGlorielle\u201c yra 3 \u2013 4 dienomis ankstyvesn\u0117 u\u017e \u201eClery\u201c. Pasi\u017eymi puikiu [&hellip;]<\/p>\n","protected":false},"author":1,"featured_media":0,"parent":53,"menu_order":2,"comment_status":"closed","ping_status":"closed","template":"page_frucht.php","meta":[],"yoast_head":"<!-- This site is optimized with the Yoast SEO plugin v17.2.1 - https:\/\/yoast.com\/wordpress\/plugins\/seo\/ -->\n<meta name=\"robots\" content=\"index, follow, max-snippet:-1, max-image-preview:large, max-video-preview:-1\" \/>\n<link rel=\"canonical\" href=\"https:\/\/kraege.de\/ltu\/services\/strawberries\/early-season\/glorielle\/\" \/>\n<meta property=\"og:locale\" content=\"lt_LT\" \/>\n<meta property=\"og:type\" content=\"article\" \/>\n<meta property=\"og:title\" content=\"Glorielle - KRAEGE Beerenpflanzen ltu\" \/>\n<meta property=\"og:description\" content=\"Spalva Ry\u0161ki \u0161viesiai raudona, blizgi Pastaba Labai gero skonio, ankstyva veisl\u0117, ypa\u010d tinka tiesioginei prekybai \u2013 saugoma veisl\u0117, veisl\u0117s savininkas: Stefano Kraege\u2019 veisimas \u201eGlorielle\u201c yra ankstyva veisl\u0117 . Pagal program\u0105 \u201eKraege veisimas\u201c. Stefano Kraege yra pirmoji i\u0161vesta veisl\u0117, kai jis tapo naujuoju bra\u0161ki\u0173 veis\u0117ju. \u201eGlorielle\u201c yra 3 \u2013 4 dienomis ankstyvesn\u0117 u\u017e \u201eClery\u201c. Pasi\u017eymi puikiu [&hellip;]\" \/>\n<meta property=\"og:url\" content=\"https:\/\/kraege.de\/ltu\/services\/strawberries\/early-season\/glorielle\/\" \/>\n<meta property=\"og:site_name\" content=\"KRAEGE Beerenpflanzen ltu\" \/>\n<meta property=\"article:modified_time\" content=\"2023-03-15T15:23:47+00:00\" \/>\n<meta name=\"twitter:card\" content=\"summary\" \/>\n<meta name=\"twitter:label1\" content=\"Est. reading time\" \/>\n\t<meta name=\"twitter:data1\" content=\"1 minut\u0117\" \/>\n<script type=\"application\/ld+json\" class=\"yoast-schema-graph\">{\"@context\":\"https:\/\/schema.org\",\"@graph\":[{\"@type\":\"WebSite\",\"@id\":\"https:\/\/kraege.de\/ltu\/#website\",\"url\":\"https:\/\/kraege.de\/ltu\/\",\"name\":\"KRAEGE Beerenpflanzen ltu\",\"description\":\"Erdbeeren und Himbeeren aus der Region | Telgte | M\\u00fcnster | Warendorf\",\"potentialAction\":[{\"@type\":\"SearchAction\",\"target\":{\"@type\":\"EntryPoint\",\"urlTemplate\":\"https:\/\/kraege.de\/ltu\/?s={search_term_string}\"},\"query-input\":\"required name=search_term_string\"}],\"inLanguage\":\"lt-LT\"},{\"@type\":\"WebPage\",\"@id\":\"https:\/\/kraege.de\/ltu\/services\/strawberries\/early-season\/glorielle\/#webpage\",\"url\":\"https:\/\/kraege.de\/ltu\/services\/strawberries\/early-season\/glorielle\/\",\"name\":\"Glorielle - KRAEGE Beerenpflanzen ltu\",\"isPartOf\":{\"@id\":\"https:\/\/kraege.de\/ltu\/#website\"},\"datePublished\":\"2020-01-15T10:09:17+00:00\",\"dateModified\":\"2023-03-15T15:23:47+00:00\",\"breadcrumb\":{\"@id\":\"https:\/\/kraege.de\/ltu\/services\/strawberries\/early-season\/glorielle\/#breadcrumb\"},\"inLanguage\":\"lt-LT\",\"potentialAction\":[{\"@type\":\"ReadAction\",\"target\":[\"https:\/\/kraege.de\/ltu\/services\/strawberries\/early-season\/glorielle\/\"]}]},{\"@type\":\"BreadcrumbList\",\"@id\":\"https:\/\/kraege.de\/ltu\/services\/strawberries\/early-season\/glorielle\/#breadcrumb\",\"itemListElement\":[{\"@type\":\"ListItem\",\"position\":1,\"name\":\"Home\",\"item\":\"https:\/\/kraege.de\/ltu\/\"},{\"@type\":\"ListItem\",\"position\":2,\"name\":\"Services\",\"item\":\"https:\/\/kraege.de\/ltu\/services\/\"},{\"@type\":\"ListItem\",\"position\":3,\"name\":\"Strawberries\",\"item\":\"https:\/\/kraege.de\/ltu\/services\/strawberries\/\"},{\"@type\":\"ListItem\",\"position\":4,\"name\":\"Ankstyvos veisl\\u0117s\",\"item\":\"https:\/\/kraege.de\/ltu\/services\/strawberries\/early-season\/\"},{\"@type\":\"ListItem\",\"position\":5,\"name\":\"Glorielle\"}]}]}<\/script>\n<!-- \/ Yoast SEO plugin. -->","yoast_head_json":{"robots":{"index":"index","follow":"follow","max-snippet":"max-snippet:-1","max-image-preview":"max-image-preview:large","max-video-preview":"max-video-preview:-1"},"canonical":"https:\/\/kraege.de\/ltu\/services\/strawberries\/early-season\/glorielle\/","og_locale":"lt_LT","og_type":"article","og_title":"Glorielle - KRAEGE Beerenpflanzen ltu","og_description":"Spalva Ry\u0161ki \u0161viesiai raudona, blizgi Pastaba Labai gero skonio, ankstyva veisl\u0117, ypa\u010d tinka tiesioginei prekybai \u2013 saugoma veisl\u0117, veisl\u0117s savininkas: Stefano Kraege\u2019 veisimas \u201eGlorielle\u201c yra ankstyva veisl\u0117 . Pagal program\u0105 \u201eKraege veisimas\u201c. Stefano Kraege yra pirmoji i\u0161vesta veisl\u0117, kai jis tapo naujuoju bra\u0161ki\u0173 veis\u0117ju. \u201eGlorielle\u201c yra 3 \u2013 4 dienomis ankstyvesn\u0117 u\u017e \u201eClery\u201c. Pasi\u017eymi puikiu [&hellip;]","og_url":"https:\/\/kraege.de\/ltu\/services\/strawberries\/early-season\/glorielle\/","og_site_name":"KRAEGE Beerenpflanzen ltu","article_modified_time":"2023-03-15T15:23:47+00:00","twitter_card":"summary","twitter_misc":{"Est. reading time":"1 minut\u0117"},"schema":{"@context":"https:\/\/schema.org","@graph":[{"@type":"WebSite","@id":"https:\/\/kraege.de\/ltu\/#website","url":"https:\/\/kraege.de\/ltu\/","name":"KRAEGE Beerenpflanzen ltu","description":"Erdbeeren und Himbeeren aus der Region | Telgte | M\u00fcnster | Warendorf","potentialAction":[{"@type":"SearchAction","target":{"@type":"EntryPoint","urlTemplate":"https:\/\/kraege.de\/ltu\/?s={search_term_string}"},"query-input":"required name=search_term_string"}],"inLanguage":"lt-LT"},{"@type":"WebPage","@id":"https:\/\/kraege.de\/ltu\/services\/strawberries\/early-season\/glorielle\/#webpage","url":"https:\/\/kraege.de\/ltu\/services\/strawberries\/early-season\/glorielle\/","name":"Glorielle - KRAEGE Beerenpflanzen ltu","isPartOf":{"@id":"https:\/\/kraege.de\/ltu\/#website"},"datePublished":"2020-01-15T10:09:17+00:00","dateModified":"2023-03-15T15:23:47+00:00","breadcrumb":{"@id":"https:\/\/kraege.de\/ltu\/services\/strawberries\/early-season\/glorielle\/#breadcrumb"},"inLanguage":"lt-LT","potentialAction":[{"@type":"ReadAction","target":["https:\/\/kraege.de\/ltu\/services\/strawberries\/early-season\/glorielle\/"]}]},{"@type":"BreadcrumbList","@id":"https:\/\/kraege.de\/ltu\/services\/strawberries\/early-season\/glorielle\/#breadcrumb","itemListElement":[{"@type":"ListItem","position":1,"name":"Home","item":"https:\/\/kraege.de\/ltu\/"},{"@type":"ListItem","position":2,"name":"Services","item":"https:\/\/kraege.de\/ltu\/services\/"},{"@type":"ListItem","position":3,"name":"Strawberries","item":"https:\/\/kraege.de\/ltu\/services\/strawberries\/"},{"@type":"ListItem","position":4,"name":"Ankstyvos veisl\u0117s","item":"https:\/\/kraege.de\/ltu\/services\/strawberries\/early-season\/"},{"@type":"ListItem","position":5,"name":"Glorielle"}]}]}},"_links":{"self":[{"href":"https:\/\/kraege.de\/ltu\/wp-json\/wp\/v2\/pages\/2210"}],"collection":[{"href":"https:\/\/kraege.de\/ltu\/wp-json\/wp\/v2\/pages"}],"about":[{"href":"https:\/\/kraege.de\/ltu\/wp-json\/wp\/v2\/types\/page"}],"author":[{"embeddable":true,"href":"https:\/\/kraege.de\/ltu\/wp-json\/wp\/v2\/users\/1"}],"replies":[{"embeddable":true,"href":"https:\/\/kraege.de\/ltu\/wp-json\/wp\/v2\/comments?post=2210"}],"version-history":[{"count":6,"href":"https:\/\/kraege.de\/ltu\/wp-json\/wp\/v2\/pages\/2210\/revisions"}],"predecessor-version":[{"id":2508,"href":"https:\/\/kraege.de\/ltu\/wp-json\/wp\/v2\/pages\/2210\/revisions\/2508"}],"up":[{"embeddable":true,"href":"https:\/\/kraege.de\/ltu\/wp-json\/wp\/v2\/pages\/53"}],"wp:attachment":[{"href":"https:\/\/kraege.de\/ltu\/wp-json\/wp\/v2\/media?parent=2210"}],"curies":[{"name":"wp","href":"https:\/\/api.w.org\/{rel}","templated":true}]}}