{"id":2194,"date":"2020-01-15T10:38:45","date_gmt":"2020-01-15T09:38:45","guid":{"rendered":"https:\/\/kraege.de\/kraege-2\/?page_id=2194"},"modified":"2023-03-15T17:46:32","modified_gmt":"2023-03-15T16:46:32","slug":"rendezvous","status":"publish","type":"page","link":"https:\/\/kraege.de\/ltu\/services\/strawberries\/early-season\/rendezvous\/","title":{"rendered":"Rendezvous"},"content":{"rendered":"<div class=\"tabelle-fruechte\">\n<table>\n<tbody>\n<tr>\n<td>Spalva<\/td>\n<td>Vidutini\u0161kai raudona, labai blizgi<\/td>\n<\/tr>\n<tr>\n<td>Pastaba<\/td>\n<td>Skani ankstyva veisl\u0117, pasi\u017eyminti dideliu derliumi<\/td>\n<\/tr>\n<\/tbody>\n<\/table>\n<\/div>\n<div class=\"reifezeit\"><\/div>\n<div class=\"herkunft\">\u2013 saugoma veisl\u0117, veisl\u0117s savininkas: Hansabred, Dresdenas, Vokietija<\/div>\n<div><\/div>\n<div><\/div>\n<div>\n<p>Rendezvous yra nauja veisl\u0117 i\u0161 Hansabred veisimo programos. Nokimo laikas kaip Clery veisl\u0117s. Rendezvous pasi\u017eymi labai tolygiomis ir blizgan\u010diomis uogomis. Uogos \u0161iek tiek suapvalintos su gra\u017eia odele.<br \/>\nDerlius labai priklauso nuo auginimo prie\u017ei\u016bros. Tinkamai auginant gali b\u016bti labai derlinga. Rendezvous uog\u0173 skonis labai priklauso nuo lap\u0173 ir \u017eied\u0173 kiekio santykio. Jeigu bus per ma\u017eai lap\u0173 tai uogos tur\u0117s ma\u017eiau skonio. O tai nelabai tiks tiesioginei prekybai. Dauguma uog\u0173 yra 1 klas\u0117s ir jos i\u0161laiko dyd\u012f per vis\u0105 der\u0117jimo sezon\u0105. Tod\u0117l skynimo na\u0161umas yra didelis.<br \/>\nRendezvous kr\u016bmai yra tvirti, ma\u017eai jautr\u016bs \u0161akn\u0173 ligoms. Veisl\u0117 yra jautri miltligei, tod\u0117l reikalinga atitinkama prie\u017ei\u016bra.<\/p>\n<p>D\u0117l ankstyvumo, gra\u017ei\u0173 uog\u0173 ir gero derliaus rendezvous yra ydomi ma\u017emenininkams ir tiesioginei prekybai.<\/p>\n<\/div>\n","protected":false},"excerpt":{"rendered":"<p>Spalva Vidutini\u0161kai raudona, labai blizgi Pastaba Skani ankstyva veisl\u0117, pasi\u017eyminti dideliu derliumi \u2013 saugoma veisl\u0117, veisl\u0117s savininkas: Hansabred, Dresdenas, Vokietija Rendezvous yra nauja veisl\u0117 i\u0161 Hansabred veisimo programos. Nokimo laikas kaip Clery veisl\u0117s. Rendezvous pasi\u017eymi labai tolygiomis ir blizgan\u010diomis uogomis. Uogos \u0161iek tiek suapvalintos su gra\u017eia odele. Derlius labai priklauso nuo auginimo prie\u017ei\u016bros. Tinkamai auginant [&hellip;]<\/p>\n","protected":false},"author":1,"featured_media":0,"parent":53,"menu_order":11,"comment_status":"closed","ping_status":"closed","template":"page_frucht.php","meta":[],"yoast_head":"<!-- This site is optimized with the Yoast SEO plugin v17.2.1 - https:\/\/yoast.com\/wordpress\/plugins\/seo\/ -->\n<meta name=\"robots\" content=\"index, follow, max-snippet:-1, max-image-preview:large, max-video-preview:-1\" \/>\n<link rel=\"canonical\" href=\"https:\/\/kraege.de\/ltu\/services\/strawberries\/early-season\/rendezvous\/\" \/>\n<meta property=\"og:locale\" content=\"lt_LT\" \/>\n<meta property=\"og:type\" content=\"article\" \/>\n<meta property=\"og:title\" content=\"Rendezvous - KRAEGE Beerenpflanzen ltu\" \/>\n<meta property=\"og:description\" content=\"Spalva Vidutini\u0161kai raudona, labai blizgi Pastaba Skani ankstyva veisl\u0117, pasi\u017eyminti dideliu derliumi \u2013 saugoma veisl\u0117, veisl\u0117s savininkas: Hansabred, Dresdenas, Vokietija Rendezvous yra nauja veisl\u0117 i\u0161 Hansabred veisimo programos. Nokimo laikas kaip Clery veisl\u0117s. Rendezvous pasi\u017eymi labai tolygiomis ir blizgan\u010diomis uogomis. Uogos \u0161iek tiek suapvalintos su gra\u017eia odele. Derlius labai priklauso nuo auginimo prie\u017ei\u016bros. Tinkamai auginant [&hellip;]\" \/>\n<meta property=\"og:url\" content=\"https:\/\/kraege.de\/ltu\/services\/strawberries\/early-season\/rendezvous\/\" \/>\n<meta property=\"og:site_name\" content=\"KRAEGE Beerenpflanzen ltu\" \/>\n<meta property=\"article:modified_time\" content=\"2023-03-15T16:46:32+00:00\" \/>\n<meta name=\"twitter:card\" content=\"summary\" \/>\n<meta name=\"twitter:label1\" content=\"Est. reading time\" \/>\n\t<meta name=\"twitter:data1\" content=\"1 minut\u0117\" \/>\n<script type=\"application\/ld+json\" class=\"yoast-schema-graph\">{\"@context\":\"https:\/\/schema.org\",\"@graph\":[{\"@type\":\"WebSite\",\"@id\":\"https:\/\/kraege.de\/ltu\/#website\",\"url\":\"https:\/\/kraege.de\/ltu\/\",\"name\":\"KRAEGE Beerenpflanzen ltu\",\"description\":\"Erdbeeren und Himbeeren aus der Region | Telgte | M\\u00fcnster | Warendorf\",\"potentialAction\":[{\"@type\":\"SearchAction\",\"target\":{\"@type\":\"EntryPoint\",\"urlTemplate\":\"https:\/\/kraege.de\/ltu\/?s={search_term_string}\"},\"query-input\":\"required name=search_term_string\"}],\"inLanguage\":\"lt-LT\"},{\"@type\":\"WebPage\",\"@id\":\"https:\/\/kraege.de\/ltu\/services\/strawberries\/early-season\/rendezvous\/#webpage\",\"url\":\"https:\/\/kraege.de\/ltu\/services\/strawberries\/early-season\/rendezvous\/\",\"name\":\"Rendezvous - KRAEGE Beerenpflanzen ltu\",\"isPartOf\":{\"@id\":\"https:\/\/kraege.de\/ltu\/#website\"},\"datePublished\":\"2020-01-15T09:38:45+00:00\",\"dateModified\":\"2023-03-15T16:46:32+00:00\",\"breadcrumb\":{\"@id\":\"https:\/\/kraege.de\/ltu\/services\/strawberries\/early-season\/rendezvous\/#breadcrumb\"},\"inLanguage\":\"lt-LT\",\"potentialAction\":[{\"@type\":\"ReadAction\",\"target\":[\"https:\/\/kraege.de\/ltu\/services\/strawberries\/early-season\/rendezvous\/\"]}]},{\"@type\":\"BreadcrumbList\",\"@id\":\"https:\/\/kraege.de\/ltu\/services\/strawberries\/early-season\/rendezvous\/#breadcrumb\",\"itemListElement\":[{\"@type\":\"ListItem\",\"position\":1,\"name\":\"Home\",\"item\":\"https:\/\/kraege.de\/ltu\/\"},{\"@type\":\"ListItem\",\"position\":2,\"name\":\"Services\",\"item\":\"https:\/\/kraege.de\/ltu\/services\/\"},{\"@type\":\"ListItem\",\"position\":3,\"name\":\"Strawberries\",\"item\":\"https:\/\/kraege.de\/ltu\/services\/strawberries\/\"},{\"@type\":\"ListItem\",\"position\":4,\"name\":\"Ankstyvos veisl\\u0117s\",\"item\":\"https:\/\/kraege.de\/ltu\/services\/strawberries\/early-season\/\"},{\"@type\":\"ListItem\",\"position\":5,\"name\":\"Rendezvous\"}]}]}<\/script>\n<!-- \/ Yoast SEO plugin. -->","yoast_head_json":{"robots":{"index":"index","follow":"follow","max-snippet":"max-snippet:-1","max-image-preview":"max-image-preview:large","max-video-preview":"max-video-preview:-1"},"canonical":"https:\/\/kraege.de\/ltu\/services\/strawberries\/early-season\/rendezvous\/","og_locale":"lt_LT","og_type":"article","og_title":"Rendezvous - KRAEGE Beerenpflanzen ltu","og_description":"Spalva Vidutini\u0161kai raudona, labai blizgi Pastaba Skani ankstyva veisl\u0117, pasi\u017eyminti dideliu derliumi \u2013 saugoma veisl\u0117, veisl\u0117s savininkas: Hansabred, Dresdenas, Vokietija Rendezvous yra nauja veisl\u0117 i\u0161 Hansabred veisimo programos. Nokimo laikas kaip Clery veisl\u0117s. Rendezvous pasi\u017eymi labai tolygiomis ir blizgan\u010diomis uogomis. Uogos \u0161iek tiek suapvalintos su gra\u017eia odele. Derlius labai priklauso nuo auginimo prie\u017ei\u016bros. Tinkamai auginant [&hellip;]","og_url":"https:\/\/kraege.de\/ltu\/services\/strawberries\/early-season\/rendezvous\/","og_site_name":"KRAEGE Beerenpflanzen ltu","article_modified_time":"2023-03-15T16:46:32+00:00","twitter_card":"summary","twitter_misc":{"Est. reading time":"1 minut\u0117"},"schema":{"@context":"https:\/\/schema.org","@graph":[{"@type":"WebSite","@id":"https:\/\/kraege.de\/ltu\/#website","url":"https:\/\/kraege.de\/ltu\/","name":"KRAEGE Beerenpflanzen ltu","description":"Erdbeeren und Himbeeren aus der Region | Telgte | M\u00fcnster | Warendorf","potentialAction":[{"@type":"SearchAction","target":{"@type":"EntryPoint","urlTemplate":"https:\/\/kraege.de\/ltu\/?s={search_term_string}"},"query-input":"required name=search_term_string"}],"inLanguage":"lt-LT"},{"@type":"WebPage","@id":"https:\/\/kraege.de\/ltu\/services\/strawberries\/early-season\/rendezvous\/#webpage","url":"https:\/\/kraege.de\/ltu\/services\/strawberries\/early-season\/rendezvous\/","name":"Rendezvous - KRAEGE Beerenpflanzen ltu","isPartOf":{"@id":"https:\/\/kraege.de\/ltu\/#website"},"datePublished":"2020-01-15T09:38:45+00:00","dateModified":"2023-03-15T16:46:32+00:00","breadcrumb":{"@id":"https:\/\/kraege.de\/ltu\/services\/strawberries\/early-season\/rendezvous\/#breadcrumb"},"inLanguage":"lt-LT","potentialAction":[{"@type":"ReadAction","target":["https:\/\/kraege.de\/ltu\/services\/strawberries\/early-season\/rendezvous\/"]}]},{"@type":"BreadcrumbList","@id":"https:\/\/kraege.de\/ltu\/services\/strawberries\/early-season\/rendezvous\/#breadcrumb","itemListElement":[{"@type":"ListItem","position":1,"name":"Home","item":"https:\/\/kraege.de\/ltu\/"},{"@type":"ListItem","position":2,"name":"Services","item":"https:\/\/kraege.de\/ltu\/services\/"},{"@type":"ListItem","position":3,"name":"Strawberries","item":"https:\/\/kraege.de\/ltu\/services\/strawberries\/"},{"@type":"ListItem","position":4,"name":"Ankstyvos veisl\u0117s","item":"https:\/\/kraege.de\/ltu\/services\/strawberries\/early-season\/"},{"@type":"ListItem","position":5,"name":"Rendezvous"}]}]}},"_links":{"self":[{"href":"https:\/\/kraege.de\/ltu\/wp-json\/wp\/v2\/pages\/2194"}],"collection":[{"href":"https:\/\/kraege.de\/ltu\/wp-json\/wp\/v2\/pages"}],"about":[{"href":"https:\/\/kraege.de\/ltu\/wp-json\/wp\/v2\/types\/page"}],"author":[{"embeddable":true,"href":"https:\/\/kraege.de\/ltu\/wp-json\/wp\/v2\/users\/1"}],"replies":[{"embeddable":true,"href":"https:\/\/kraege.de\/ltu\/wp-json\/wp\/v2\/comments?post=2194"}],"version-history":[{"count":4,"href":"https:\/\/kraege.de\/ltu\/wp-json\/wp\/v2\/pages\/2194\/revisions"}],"predecessor-version":[{"id":2521,"href":"https:\/\/kraege.de\/ltu\/wp-json\/wp\/v2\/pages\/2194\/revisions\/2521"}],"up":[{"embeddable":true,"href":"https:\/\/kraege.de\/ltu\/wp-json\/wp\/v2\/pages\/53"}],"wp:attachment":[{"href":"https:\/\/kraege.de\/ltu\/wp-json\/wp\/v2\/media?parent=2194"}],"curies":[{"name":"wp","href":"https:\/\/api.w.org\/{rel}","templated":true}]}}