{"id":2017,"date":"2018-11-21T09:14:47","date_gmt":"2018-11-21T08:14:47","guid":{"rendered":"https:\/\/kraege.de\/kraege-2\/?page_id=2017"},"modified":"2023-03-15T19:17:22","modified_gmt":"2023-03-15T18:17:22","slug":"falco","status":"publish","type":"page","link":"https:\/\/kraege.de\/ltu\/services\/strawberries\/early-season\/falco\/","title":{"rendered":"Falco"},"content":{"rendered":"<div class=\"tabelle-fruechte\">\n<table>\n<tbody>\n<tr>\n<td>Spalva<\/td>\n<td>Vidutini\u0161kai ry\u0161kiai raudona, labai blizgi<\/td>\n<\/tr>\n<tr>\n<td>Pastaba<\/td>\n<td>Jautrus herbicidams (fenmedifamo produktams), labai gra\u017eios prekin\u0117s i\u0161vaizdos, ilgai i\u0161silaikan\u010dios&nbsp; nuskintos, tinka perdirbimui ir tiesioginei prekybai<\/td>\n<\/tr>\n<\/tbody>\n<\/table>\n<\/div>\n<div class=\"reifezeit\"><\/div>\n<div class=\"herkunft\">\u2013 saugoma veisl\u0117, veisl\u0117s savininkas: Flevo Berry, Nyderlanda<\/div>\n<p>Falco yra nauja vidutinio ankstyvumo veisl\u0117 i\u0161vesta pagal Flevoberry veisimo program\u0105.<br \/>\nUogos noksta tarp Aprica ir Elegance veisli\u0173. Uogos vidutini\u0161kai raudonos, \u0161iektiek k\u016bgio formos, labai vienodos ir patraukliai blizgan\u010dios. Kartais dideli\u0173 uog\u0173 vidus b\u016bna tu\u0161\u010diaviduris. Daug uog\u0173 yra 1 klas\u0117s. Falco didel\u0117s uogos, derlinga veisl\u0117. Ant vieno \u017eiedko\u010dio yra apie penkios uogos, jos labai gra\u017eios. Uog\u0173 skon\u012f \u012ftakoja oro s\u0105lygos ir lap\u0173 kiekis.<br \/>\nJeigu lap\u0173 per ma\u017eai tada uogos ma\u017eiau sald\u017eios, nes per lapus gaminasi saldumas, tuo met reikia ilgiau nokinti uogas ant kr\u016bmo. Falco tinkama auginti atvirame grunte, ankstesniam derliui po priedangomis ir \u0161iltnamyje substrate.<br \/>\nSvarbu , kad b\u016bt\u0173 atitinkamas lap\u0173 ir \u017eied\u0173 santykis, nes tai \u012ftakoja uog\u0173 skonio savybes.<br \/>\nFalco yra stipri veisl\u0117, ma\u017eai jautri \u0161akn\u0173 ligoms tokioms kaip Phythophthora cactorum. Ta\u010diau ma\u017eiau atspari miltligei, ypa\u010d auginant \u0161iltnamiuose.<br \/>\nVeisl\u0117 yra labai derlinga, skynimas efektingas ir ilgas der\u0117jimo sezonas. D\u0117l to labiau skirta komercinei prekybai. Tiesioginiam pardavimui reikia labiau prinokinti uogas, jos bus tamsesn\u0117s ir skanesn\u0117s.<\/p>\n","protected":false},"excerpt":{"rendered":"<p>Spalva Vidutini\u0161kai ry\u0161kiai raudona, labai blizgi Pastaba Jautrus herbicidams (fenmedifamo produktams), labai gra\u017eios prekin\u0117s i\u0161vaizdos, ilgai i\u0161silaikan\u010dios&nbsp; nuskintos, tinka perdirbimui ir tiesioginei prekybai \u2013 saugoma veisl\u0117, veisl\u0117s savininkas: Flevo Berry, Nyderlanda Falco yra nauja vidutinio ankstyvumo veisl\u0117 i\u0161vesta pagal Flevoberry veisimo program\u0105. Uogos noksta tarp Aprica ir Elegance veisli\u0173. Uogos vidutini\u0161kai raudonos, \u0161iektiek k\u016bgio formos, [&hellip;]<\/p>\n","protected":false},"author":1,"featured_media":0,"parent":53,"menu_order":18,"comment_status":"closed","ping_status":"closed","template":"page_frucht.php","meta":[],"yoast_head":"<!-- This site is optimized with the Yoast SEO plugin v17.2.1 - https:\/\/yoast.com\/wordpress\/plugins\/seo\/ -->\n<meta name=\"robots\" content=\"index, follow, max-snippet:-1, max-image-preview:large, max-video-preview:-1\" \/>\n<link rel=\"canonical\" href=\"https:\/\/kraege.de\/ltu\/services\/strawberries\/early-season\/falco\/\" \/>\n<meta property=\"og:locale\" content=\"lt_LT\" \/>\n<meta property=\"og:type\" content=\"article\" \/>\n<meta property=\"og:title\" content=\"Falco - KRAEGE Beerenpflanzen ltu\" \/>\n<meta property=\"og:description\" content=\"Spalva Vidutini\u0161kai ry\u0161kiai raudona, labai blizgi Pastaba Jautrus herbicidams (fenmedifamo produktams), labai gra\u017eios prekin\u0117s i\u0161vaizdos, ilgai i\u0161silaikan\u010dios&nbsp; nuskintos, tinka perdirbimui ir tiesioginei prekybai \u2013 saugoma veisl\u0117, veisl\u0117s savininkas: Flevo Berry, Nyderlanda Falco yra nauja vidutinio ankstyvumo veisl\u0117 i\u0161vesta pagal Flevoberry veisimo program\u0105. Uogos noksta tarp Aprica ir Elegance veisli\u0173. Uogos vidutini\u0161kai raudonos, \u0161iektiek k\u016bgio formos, [&hellip;]\" \/>\n<meta property=\"og:url\" content=\"https:\/\/kraege.de\/ltu\/services\/strawberries\/early-season\/falco\/\" \/>\n<meta property=\"og:site_name\" content=\"KRAEGE Beerenpflanzen ltu\" \/>\n<meta property=\"article:modified_time\" content=\"2023-03-15T18:17:22+00:00\" \/>\n<meta name=\"twitter:card\" content=\"summary\" \/>\n<meta name=\"twitter:label1\" content=\"Est. reading time\" \/>\n\t<meta name=\"twitter:data1\" content=\"1 minut\u0117\" \/>\n<script type=\"application\/ld+json\" class=\"yoast-schema-graph\">{\"@context\":\"https:\/\/schema.org\",\"@graph\":[{\"@type\":\"WebSite\",\"@id\":\"https:\/\/kraege.de\/ltu\/#website\",\"url\":\"https:\/\/kraege.de\/ltu\/\",\"name\":\"KRAEGE Beerenpflanzen ltu\",\"description\":\"Erdbeeren und Himbeeren aus der Region | Telgte | M\\u00fcnster | Warendorf\",\"potentialAction\":[{\"@type\":\"SearchAction\",\"target\":{\"@type\":\"EntryPoint\",\"urlTemplate\":\"https:\/\/kraege.de\/ltu\/?s={search_term_string}\"},\"query-input\":\"required name=search_term_string\"}],\"inLanguage\":\"lt-LT\"},{\"@type\":\"WebPage\",\"@id\":\"https:\/\/kraege.de\/ltu\/services\/strawberries\/early-season\/falco\/#webpage\",\"url\":\"https:\/\/kraege.de\/ltu\/services\/strawberries\/early-season\/falco\/\",\"name\":\"Falco - KRAEGE Beerenpflanzen ltu\",\"isPartOf\":{\"@id\":\"https:\/\/kraege.de\/ltu\/#website\"},\"datePublished\":\"2018-11-21T08:14:47+00:00\",\"dateModified\":\"2023-03-15T18:17:22+00:00\",\"breadcrumb\":{\"@id\":\"https:\/\/kraege.de\/ltu\/services\/strawberries\/early-season\/falco\/#breadcrumb\"},\"inLanguage\":\"lt-LT\",\"potentialAction\":[{\"@type\":\"ReadAction\",\"target\":[\"https:\/\/kraege.de\/ltu\/services\/strawberries\/early-season\/falco\/\"]}]},{\"@type\":\"BreadcrumbList\",\"@id\":\"https:\/\/kraege.de\/ltu\/services\/strawberries\/early-season\/falco\/#breadcrumb\",\"itemListElement\":[{\"@type\":\"ListItem\",\"position\":1,\"name\":\"Home\",\"item\":\"https:\/\/kraege.de\/ltu\/\"},{\"@type\":\"ListItem\",\"position\":2,\"name\":\"Services\",\"item\":\"https:\/\/kraege.de\/ltu\/services\/\"},{\"@type\":\"ListItem\",\"position\":3,\"name\":\"Strawberries\",\"item\":\"https:\/\/kraege.de\/ltu\/services\/strawberries\/\"},{\"@type\":\"ListItem\",\"position\":4,\"name\":\"Ankstyvos veisl\\u0117s\",\"item\":\"https:\/\/kraege.de\/ltu\/services\/strawberries\/early-season\/\"},{\"@type\":\"ListItem\",\"position\":5,\"name\":\"Falco\"}]}]}<\/script>\n<!-- \/ Yoast SEO plugin. -->","yoast_head_json":{"robots":{"index":"index","follow":"follow","max-snippet":"max-snippet:-1","max-image-preview":"max-image-preview:large","max-video-preview":"max-video-preview:-1"},"canonical":"https:\/\/kraege.de\/ltu\/services\/strawberries\/early-season\/falco\/","og_locale":"lt_LT","og_type":"article","og_title":"Falco - KRAEGE Beerenpflanzen ltu","og_description":"Spalva Vidutini\u0161kai ry\u0161kiai raudona, labai blizgi Pastaba Jautrus herbicidams (fenmedifamo produktams), labai gra\u017eios prekin\u0117s i\u0161vaizdos, ilgai i\u0161silaikan\u010dios&nbsp; nuskintos, tinka perdirbimui ir tiesioginei prekybai \u2013 saugoma veisl\u0117, veisl\u0117s savininkas: Flevo Berry, Nyderlanda Falco yra nauja vidutinio ankstyvumo veisl\u0117 i\u0161vesta pagal Flevoberry veisimo program\u0105. Uogos noksta tarp Aprica ir Elegance veisli\u0173. Uogos vidutini\u0161kai raudonos, \u0161iektiek k\u016bgio formos, [&hellip;]","og_url":"https:\/\/kraege.de\/ltu\/services\/strawberries\/early-season\/falco\/","og_site_name":"KRAEGE Beerenpflanzen ltu","article_modified_time":"2023-03-15T18:17:22+00:00","twitter_card":"summary","twitter_misc":{"Est. reading time":"1 minut\u0117"},"schema":{"@context":"https:\/\/schema.org","@graph":[{"@type":"WebSite","@id":"https:\/\/kraege.de\/ltu\/#website","url":"https:\/\/kraege.de\/ltu\/","name":"KRAEGE Beerenpflanzen ltu","description":"Erdbeeren und Himbeeren aus der Region | Telgte | M\u00fcnster | Warendorf","potentialAction":[{"@type":"SearchAction","target":{"@type":"EntryPoint","urlTemplate":"https:\/\/kraege.de\/ltu\/?s={search_term_string}"},"query-input":"required name=search_term_string"}],"inLanguage":"lt-LT"},{"@type":"WebPage","@id":"https:\/\/kraege.de\/ltu\/services\/strawberries\/early-season\/falco\/#webpage","url":"https:\/\/kraege.de\/ltu\/services\/strawberries\/early-season\/falco\/","name":"Falco - KRAEGE Beerenpflanzen ltu","isPartOf":{"@id":"https:\/\/kraege.de\/ltu\/#website"},"datePublished":"2018-11-21T08:14:47+00:00","dateModified":"2023-03-15T18:17:22+00:00","breadcrumb":{"@id":"https:\/\/kraege.de\/ltu\/services\/strawberries\/early-season\/falco\/#breadcrumb"},"inLanguage":"lt-LT","potentialAction":[{"@type":"ReadAction","target":["https:\/\/kraege.de\/ltu\/services\/strawberries\/early-season\/falco\/"]}]},{"@type":"BreadcrumbList","@id":"https:\/\/kraege.de\/ltu\/services\/strawberries\/early-season\/falco\/#breadcrumb","itemListElement":[{"@type":"ListItem","position":1,"name":"Home","item":"https:\/\/kraege.de\/ltu\/"},{"@type":"ListItem","position":2,"name":"Services","item":"https:\/\/kraege.de\/ltu\/services\/"},{"@type":"ListItem","position":3,"name":"Strawberries","item":"https:\/\/kraege.de\/ltu\/services\/strawberries\/"},{"@type":"ListItem","position":4,"name":"Ankstyvos veisl\u0117s","item":"https:\/\/kraege.de\/ltu\/services\/strawberries\/early-season\/"},{"@type":"ListItem","position":5,"name":"Falco"}]}]}},"_links":{"self":[{"href":"https:\/\/kraege.de\/ltu\/wp-json\/wp\/v2\/pages\/2017"}],"collection":[{"href":"https:\/\/kraege.de\/ltu\/wp-json\/wp\/v2\/pages"}],"about":[{"href":"https:\/\/kraege.de\/ltu\/wp-json\/wp\/v2\/types\/page"}],"author":[{"embeddable":true,"href":"https:\/\/kraege.de\/ltu\/wp-json\/wp\/v2\/users\/1"}],"replies":[{"embeddable":true,"href":"https:\/\/kraege.de\/ltu\/wp-json\/wp\/v2\/comments?post=2017"}],"version-history":[{"count":11,"href":"https:\/\/kraege.de\/ltu\/wp-json\/wp\/v2\/pages\/2017\/revisions"}],"predecessor-version":[{"id":2535,"href":"https:\/\/kraege.de\/ltu\/wp-json\/wp\/v2\/pages\/2017\/revisions\/2535"}],"up":[{"embeddable":true,"href":"https:\/\/kraege.de\/ltu\/wp-json\/wp\/v2\/pages\/53"}],"wp:attachment":[{"href":"https:\/\/kraege.de\/ltu\/wp-json\/wp\/v2\/media?parent=2017"}],"curies":[{"name":"wp","href":"https:\/\/api.w.org\/{rel}","templated":true}]}}