{"id":2015,"date":"2018-11-21T08:59:11","date_gmt":"2018-11-21T07:59:11","guid":{"rendered":"https:\/\/kraege.de\/kraege-2\/?page_id=2015"},"modified":"2023-10-27T14:49:38","modified_gmt":"2023-10-27T12:49:38","slug":"favori","status":"publish","type":"page","link":"https:\/\/kraege.de\/ltu\/services\/strawberries\/remontierende-sorten\/favori\/","title":{"rendered":"Favori"},"content":{"rendered":"<div class=\"tabelle-fruechte\">\n<table>\n<tbody>\n<tr>\n<td>Spalva<\/td>\n<td>Vidutini\u0161kai raudona, blizganti<\/td>\n<\/tr>\n<tr>\n<td>Pastaba<\/td>\n<td>Labai gero skonio uogos,patvari veisl\u0117. Uog\u0173 dydis yra \u0161iek tiek ma\u017eesnis nei vidutinis. Derlingumas yra vidutinis. Gra\u017eios uogos. \u012edomi veisl\u0117, tinkama tiesioginei prekybai.<\/td>\n<\/tr>\n<\/tbody>\n<\/table>\n<\/div>\n<div class=\"reifezeit\"><\/div>\n<div class=\"herkunft\">\u2013 saugoma veisl\u0117, veisl\u0117s savininkas: Flevo Berry, Nyderlandai<\/div>\n","protected":false},"excerpt":{"rendered":"<p>Spalva Vidutini\u0161kai raudona, blizganti Pastaba Labai gero skonio uogos,patvari veisl\u0117. Uog\u0173 dydis yra \u0161iek tiek ma\u017eesnis nei vidutinis. Derlingumas yra vidutinis. Gra\u017eios uogos. \u012edomi veisl\u0117, tinkama tiesioginei prekybai. \u2013 saugoma veisl\u0117, veisl\u0117s savininkas: Flevo Berry, Nyderlandai<\/p>\n","protected":false},"author":1,"featured_media":0,"parent":61,"menu_order":3,"comment_status":"closed","ping_status":"closed","template":"page_frucht.php","meta":[],"yoast_head":"<!-- This site is optimized with the Yoast SEO plugin v17.2.1 - https:\/\/yoast.com\/wordpress\/plugins\/seo\/ -->\n<meta name=\"robots\" content=\"index, follow, max-snippet:-1, max-image-preview:large, max-video-preview:-1\" \/>\n<link rel=\"canonical\" href=\"https:\/\/kraege.de\/ltu\/services\/strawberries\/remontierende-sorten\/favori\/\" \/>\n<meta property=\"og:locale\" content=\"lt_LT\" \/>\n<meta property=\"og:type\" content=\"article\" \/>\n<meta property=\"og:title\" content=\"Favori - KRAEGE Beerenpflanzen ltu\" \/>\n<meta property=\"og:description\" content=\"Spalva Vidutini\u0161kai raudona, blizganti Pastaba Labai gero skonio uogos,patvari veisl\u0117. Uog\u0173 dydis yra \u0161iek tiek ma\u017eesnis nei vidutinis. Derlingumas yra vidutinis. Gra\u017eios uogos. \u012edomi veisl\u0117, tinkama tiesioginei prekybai. \u2013 saugoma veisl\u0117, veisl\u0117s savininkas: Flevo Berry, Nyderlandai\" \/>\n<meta property=\"og:url\" content=\"https:\/\/kraege.de\/ltu\/services\/strawberries\/remontierende-sorten\/favori\/\" \/>\n<meta property=\"og:site_name\" content=\"KRAEGE Beerenpflanzen ltu\" \/>\n<meta property=\"article:modified_time\" content=\"2023-10-27T12:49:38+00:00\" \/>\n<meta name=\"twitter:card\" content=\"summary\" \/>\n<meta name=\"twitter:label1\" content=\"Est. reading time\" \/>\n\t<meta name=\"twitter:data1\" content=\"1 minut\u0117\" \/>\n<script type=\"application\/ld+json\" class=\"yoast-schema-graph\">{\"@context\":\"https:\/\/schema.org\",\"@graph\":[{\"@type\":\"WebSite\",\"@id\":\"https:\/\/kraege.de\/ltu\/#website\",\"url\":\"https:\/\/kraege.de\/ltu\/\",\"name\":\"KRAEGE Beerenpflanzen ltu\",\"description\":\"Erdbeeren und Himbeeren aus der Region | Telgte | M\\u00fcnster | Warendorf\",\"potentialAction\":[{\"@type\":\"SearchAction\",\"target\":{\"@type\":\"EntryPoint\",\"urlTemplate\":\"https:\/\/kraege.de\/ltu\/?s={search_term_string}\"},\"query-input\":\"required name=search_term_string\"}],\"inLanguage\":\"lt-LT\"},{\"@type\":\"WebPage\",\"@id\":\"https:\/\/kraege.de\/ltu\/services\/strawberries\/remontierende-sorten\/favori\/#webpage\",\"url\":\"https:\/\/kraege.de\/ltu\/services\/strawberries\/remontierende-sorten\/favori\/\",\"name\":\"Favori - KRAEGE Beerenpflanzen ltu\",\"isPartOf\":{\"@id\":\"https:\/\/kraege.de\/ltu\/#website\"},\"datePublished\":\"2018-11-21T07:59:11+00:00\",\"dateModified\":\"2023-10-27T12:49:38+00:00\",\"breadcrumb\":{\"@id\":\"https:\/\/kraege.de\/ltu\/services\/strawberries\/remontierende-sorten\/favori\/#breadcrumb\"},\"inLanguage\":\"lt-LT\",\"potentialAction\":[{\"@type\":\"ReadAction\",\"target\":[\"https:\/\/kraege.de\/ltu\/services\/strawberries\/remontierende-sorten\/favori\/\"]}]},{\"@type\":\"BreadcrumbList\",\"@id\":\"https:\/\/kraege.de\/ltu\/services\/strawberries\/remontierende-sorten\/favori\/#breadcrumb\",\"itemListElement\":[{\"@type\":\"ListItem\",\"position\":1,\"name\":\"Home\",\"item\":\"https:\/\/kraege.de\/ltu\/\"},{\"@type\":\"ListItem\",\"position\":2,\"name\":\"Services\",\"item\":\"https:\/\/kraege.de\/ltu\/services\/\"},{\"@type\":\"ListItem\",\"position\":3,\"name\":\"Strawberries\",\"item\":\"https:\/\/kraege.de\/ltu\/services\/strawberries\/\"},{\"@type\":\"ListItem\",\"position\":4,\"name\":\"Remontantin\\u0117s veisl\\u0117s\",\"item\":\"https:\/\/kraege.de\/ltu\/services\/strawberries\/remontierende-sorten\/\"},{\"@type\":\"ListItem\",\"position\":5,\"name\":\"Favori\"}]}]}<\/script>\n<!-- \/ Yoast SEO plugin. -->","yoast_head_json":{"robots":{"index":"index","follow":"follow","max-snippet":"max-snippet:-1","max-image-preview":"max-image-preview:large","max-video-preview":"max-video-preview:-1"},"canonical":"https:\/\/kraege.de\/ltu\/services\/strawberries\/remontierende-sorten\/favori\/","og_locale":"lt_LT","og_type":"article","og_title":"Favori - KRAEGE Beerenpflanzen ltu","og_description":"Spalva Vidutini\u0161kai raudona, blizganti Pastaba Labai gero skonio uogos,patvari veisl\u0117. Uog\u0173 dydis yra \u0161iek tiek ma\u017eesnis nei vidutinis. Derlingumas yra vidutinis. Gra\u017eios uogos. \u012edomi veisl\u0117, tinkama tiesioginei prekybai. \u2013 saugoma veisl\u0117, veisl\u0117s savininkas: Flevo Berry, Nyderlandai","og_url":"https:\/\/kraege.de\/ltu\/services\/strawberries\/remontierende-sorten\/favori\/","og_site_name":"KRAEGE Beerenpflanzen ltu","article_modified_time":"2023-10-27T12:49:38+00:00","twitter_card":"summary","twitter_misc":{"Est. reading time":"1 minut\u0117"},"schema":{"@context":"https:\/\/schema.org","@graph":[{"@type":"WebSite","@id":"https:\/\/kraege.de\/ltu\/#website","url":"https:\/\/kraege.de\/ltu\/","name":"KRAEGE Beerenpflanzen ltu","description":"Erdbeeren und Himbeeren aus der Region | Telgte | M\u00fcnster | Warendorf","potentialAction":[{"@type":"SearchAction","target":{"@type":"EntryPoint","urlTemplate":"https:\/\/kraege.de\/ltu\/?s={search_term_string}"},"query-input":"required name=search_term_string"}],"inLanguage":"lt-LT"},{"@type":"WebPage","@id":"https:\/\/kraege.de\/ltu\/services\/strawberries\/remontierende-sorten\/favori\/#webpage","url":"https:\/\/kraege.de\/ltu\/services\/strawberries\/remontierende-sorten\/favori\/","name":"Favori - KRAEGE Beerenpflanzen ltu","isPartOf":{"@id":"https:\/\/kraege.de\/ltu\/#website"},"datePublished":"2018-11-21T07:59:11+00:00","dateModified":"2023-10-27T12:49:38+00:00","breadcrumb":{"@id":"https:\/\/kraege.de\/ltu\/services\/strawberries\/remontierende-sorten\/favori\/#breadcrumb"},"inLanguage":"lt-LT","potentialAction":[{"@type":"ReadAction","target":["https:\/\/kraege.de\/ltu\/services\/strawberries\/remontierende-sorten\/favori\/"]}]},{"@type":"BreadcrumbList","@id":"https:\/\/kraege.de\/ltu\/services\/strawberries\/remontierende-sorten\/favori\/#breadcrumb","itemListElement":[{"@type":"ListItem","position":1,"name":"Home","item":"https:\/\/kraege.de\/ltu\/"},{"@type":"ListItem","position":2,"name":"Services","item":"https:\/\/kraege.de\/ltu\/services\/"},{"@type":"ListItem","position":3,"name":"Strawberries","item":"https:\/\/kraege.de\/ltu\/services\/strawberries\/"},{"@type":"ListItem","position":4,"name":"Remontantin\u0117s veisl\u0117s","item":"https:\/\/kraege.de\/ltu\/services\/strawberries\/remontierende-sorten\/"},{"@type":"ListItem","position":5,"name":"Favori"}]}]}},"_links":{"self":[{"href":"https:\/\/kraege.de\/ltu\/wp-json\/wp\/v2\/pages\/2015"}],"collection":[{"href":"https:\/\/kraege.de\/ltu\/wp-json\/wp\/v2\/pages"}],"about":[{"href":"https:\/\/kraege.de\/ltu\/wp-json\/wp\/v2\/types\/page"}],"author":[{"embeddable":true,"href":"https:\/\/kraege.de\/ltu\/wp-json\/wp\/v2\/users\/1"}],"replies":[{"embeddable":true,"href":"https:\/\/kraege.de\/ltu\/wp-json\/wp\/v2\/comments?post=2015"}],"version-history":[{"count":5,"href":"https:\/\/kraege.de\/ltu\/wp-json\/wp\/v2\/pages\/2015\/revisions"}],"predecessor-version":[{"id":2598,"href":"https:\/\/kraege.de\/ltu\/wp-json\/wp\/v2\/pages\/2015\/revisions\/2598"}],"up":[{"embeddable":true,"href":"https:\/\/kraege.de\/ltu\/wp-json\/wp\/v2\/pages\/61"}],"wp:attachment":[{"href":"https:\/\/kraege.de\/ltu\/wp-json\/wp\/v2\/media?parent=2015"}],"curies":[{"name":"wp","href":"https:\/\/api.w.org\/{rel}","templated":true}]}}