{"id":2004,"date":"2018-11-21T08:41:51","date_gmt":"2018-11-21T07:41:51","guid":{"rendered":"https:\/\/kraege.de\/kraege-2\/?page_id=2004"},"modified":"2023-03-15T14:51:13","modified_gmt":"2023-03-15T13:51:13","slug":"verdi","status":"publish","type":"page","link":"https:\/\/kraege.de\/ltu\/services\/strawberries\/hauptreifezeit\/verdi\/","title":{"rendered":"Verdi"},"content":{"rendered":"<div class=\"tabelle-fruechte\">\n<table>\n<tbody>\n<tr>\n<td>Spalva<\/td>\n<td>Patraukliai blizgi, vidutini\u0161kai raudona<\/td>\n<\/tr>\n<tr>\n<td>Pastaba<\/td>\n<td>domi naujov\u0117, noksta trys dienos po Allegro, puikiai tinka tiesioginei ir komercinei prekybai<\/td>\n<\/tr>\n<\/tbody>\n<\/table>\n<\/div>\n<div class=\"reifezeit\"><\/div>\n<div class=\"herkunft\">\u2013 saugoma veisl\u0117, veisl\u0117s savininkas: \u201eFresh Forward B.V.\u201c, Wageningen, Nyderlandai<\/div>\n<p>Verdi yra vidutinio ankstyvumo veisl\u0117 i\u0161 Fresh Forward veisimo programos. Uogos yra vidutinio raudonumo, blizgios, taisyklingos pailgos k\u016bgin\u0117s formos. Verdi dera didel\u0117mis uogomis, kurios skynimo sezono metu \u0161iek tiek susmulk\u0117ja. Didelis uog\u0173 kiekis yra 1 klas\u0117s . Skonis yra aromatingas, uogos sultingos.<br \/>\nLengvai skinamos, gali ilgiau i\u0161silaikyti nuskintos. Rekomenduojama uogas skinti kas 2-3 dienas.<br \/>\nKr\u016bmai stipr\u016bs, tiesiais lapko\u010diais, ma\u017eiau aug\u016bs u\u017e Allegro. \u017diedai yra po lapais. Ant \u017eiedko\u010dio po 7-8 \u017eiedus. Veisl\u0117 tinkama sodinti i\u0161 vasarini\u0173 daig\u0173 ir frigo. Tinka lauko ir \u0161iltnamiuose auginimui. \u0160iltnamyje tik \u017eem\u0117je auginti, nerekomenduojama pakeltose lentynose substrate.<br \/>\nIki \u0161iol Verdi veisl\u0117 per atliktus bandymus pasi\u017eym\u0117jo dideliu atsparumu \u0161akn\u0173 ligoms. Labai ma\u017eai jautri miltligei. Veisl\u0117 tinkama tiesioginei ir komercinei prekybai.<\/p>\n","protected":false},"excerpt":{"rendered":"<p>Spalva Patraukliai blizgi, vidutini\u0161kai raudona Pastaba domi naujov\u0117, noksta trys dienos po Allegro, puikiai tinka tiesioginei ir komercinei prekybai \u2013 saugoma veisl\u0117, veisl\u0117s savininkas: \u201eFresh Forward B.V.\u201c, Wageningen, Nyderlandai Verdi yra vidutinio ankstyvumo veisl\u0117 i\u0161 Fresh Forward veisimo programos. Uogos yra vidutinio raudonumo, blizgios, taisyklingos pailgos k\u016bgin\u0117s formos. Verdi dera didel\u0117mis uogomis, kurios skynimo sezono [&hellip;]<\/p>\n","protected":false},"author":1,"featured_media":0,"parent":55,"menu_order":1,"comment_status":"closed","ping_status":"closed","template":"page_frucht.php","meta":[],"yoast_head":"<!-- This site is optimized with the Yoast SEO plugin v17.2.1 - https:\/\/yoast.com\/wordpress\/plugins\/seo\/ -->\n<meta name=\"robots\" content=\"index, follow, max-snippet:-1, max-image-preview:large, max-video-preview:-1\" \/>\n<link rel=\"canonical\" href=\"https:\/\/kraege.de\/ltu\/services\/strawberries\/hauptreifezeit\/verdi\/\" \/>\n<meta property=\"og:locale\" content=\"lt_LT\" \/>\n<meta property=\"og:type\" content=\"article\" \/>\n<meta property=\"og:title\" content=\"Verdi - KRAEGE Beerenpflanzen ltu\" \/>\n<meta property=\"og:description\" content=\"Spalva Patraukliai blizgi, vidutini\u0161kai raudona Pastaba domi naujov\u0117, noksta trys dienos po Allegro, puikiai tinka tiesioginei ir komercinei prekybai \u2013 saugoma veisl\u0117, veisl\u0117s savininkas: \u201eFresh Forward B.V.\u201c, Wageningen, Nyderlandai Verdi yra vidutinio ankstyvumo veisl\u0117 i\u0161 Fresh Forward veisimo programos. Uogos yra vidutinio raudonumo, blizgios, taisyklingos pailgos k\u016bgin\u0117s formos. Verdi dera didel\u0117mis uogomis, kurios skynimo sezono [&hellip;]\" \/>\n<meta property=\"og:url\" content=\"https:\/\/kraege.de\/ltu\/services\/strawberries\/hauptreifezeit\/verdi\/\" \/>\n<meta property=\"og:site_name\" content=\"KRAEGE Beerenpflanzen ltu\" \/>\n<meta property=\"article:modified_time\" content=\"2023-03-15T13:51:13+00:00\" \/>\n<meta name=\"twitter:card\" content=\"summary\" \/>\n<meta name=\"twitter:label1\" content=\"Est. reading time\" \/>\n\t<meta name=\"twitter:data1\" content=\"1 minut\u0117\" \/>\n<script type=\"application\/ld+json\" class=\"yoast-schema-graph\">{\"@context\":\"https:\/\/schema.org\",\"@graph\":[{\"@type\":\"WebSite\",\"@id\":\"https:\/\/kraege.de\/ltu\/#website\",\"url\":\"https:\/\/kraege.de\/ltu\/\",\"name\":\"KRAEGE Beerenpflanzen ltu\",\"description\":\"Erdbeeren und Himbeeren aus der Region | Telgte | M\\u00fcnster | Warendorf\",\"potentialAction\":[{\"@type\":\"SearchAction\",\"target\":{\"@type\":\"EntryPoint\",\"urlTemplate\":\"https:\/\/kraege.de\/ltu\/?s={search_term_string}\"},\"query-input\":\"required name=search_term_string\"}],\"inLanguage\":\"lt-LT\"},{\"@type\":\"WebPage\",\"@id\":\"https:\/\/kraege.de\/ltu\/services\/strawberries\/hauptreifezeit\/verdi\/#webpage\",\"url\":\"https:\/\/kraege.de\/ltu\/services\/strawberries\/hauptreifezeit\/verdi\/\",\"name\":\"Verdi - KRAEGE Beerenpflanzen ltu\",\"isPartOf\":{\"@id\":\"https:\/\/kraege.de\/ltu\/#website\"},\"datePublished\":\"2018-11-21T07:41:51+00:00\",\"dateModified\":\"2023-03-15T13:51:13+00:00\",\"breadcrumb\":{\"@id\":\"https:\/\/kraege.de\/ltu\/services\/strawberries\/hauptreifezeit\/verdi\/#breadcrumb\"},\"inLanguage\":\"lt-LT\",\"potentialAction\":[{\"@type\":\"ReadAction\",\"target\":[\"https:\/\/kraege.de\/ltu\/services\/strawberries\/hauptreifezeit\/verdi\/\"]}]},{\"@type\":\"BreadcrumbList\",\"@id\":\"https:\/\/kraege.de\/ltu\/services\/strawberries\/hauptreifezeit\/verdi\/#breadcrumb\",\"itemListElement\":[{\"@type\":\"ListItem\",\"position\":1,\"name\":\"Home\",\"item\":\"https:\/\/kraege.de\/ltu\/\"},{\"@type\":\"ListItem\",\"position\":2,\"name\":\"Services\",\"item\":\"https:\/\/kraege.de\/ltu\/services\/\"},{\"@type\":\"ListItem\",\"position\":3,\"name\":\"Strawberries\",\"item\":\"https:\/\/kraege.de\/ltu\/services\/strawberries\/\"},{\"@type\":\"ListItem\",\"position\":4,\"name\":\"Vidutinio nokimoveisl\\u0117s\",\"item\":\"https:\/\/kraege.de\/ltu\/services\/strawberries\/hauptreifezeit\/\"},{\"@type\":\"ListItem\",\"position\":5,\"name\":\"Verdi\"}]}]}<\/script>\n<!-- \/ Yoast SEO plugin. -->","yoast_head_json":{"robots":{"index":"index","follow":"follow","max-snippet":"max-snippet:-1","max-image-preview":"max-image-preview:large","max-video-preview":"max-video-preview:-1"},"canonical":"https:\/\/kraege.de\/ltu\/services\/strawberries\/hauptreifezeit\/verdi\/","og_locale":"lt_LT","og_type":"article","og_title":"Verdi - KRAEGE Beerenpflanzen ltu","og_description":"Spalva Patraukliai blizgi, vidutini\u0161kai raudona Pastaba domi naujov\u0117, noksta trys dienos po Allegro, puikiai tinka tiesioginei ir komercinei prekybai \u2013 saugoma veisl\u0117, veisl\u0117s savininkas: \u201eFresh Forward B.V.\u201c, Wageningen, Nyderlandai Verdi yra vidutinio ankstyvumo veisl\u0117 i\u0161 Fresh Forward veisimo programos. Uogos yra vidutinio raudonumo, blizgios, taisyklingos pailgos k\u016bgin\u0117s formos. Verdi dera didel\u0117mis uogomis, kurios skynimo sezono [&hellip;]","og_url":"https:\/\/kraege.de\/ltu\/services\/strawberries\/hauptreifezeit\/verdi\/","og_site_name":"KRAEGE Beerenpflanzen ltu","article_modified_time":"2023-03-15T13:51:13+00:00","twitter_card":"summary","twitter_misc":{"Est. reading time":"1 minut\u0117"},"schema":{"@context":"https:\/\/schema.org","@graph":[{"@type":"WebSite","@id":"https:\/\/kraege.de\/ltu\/#website","url":"https:\/\/kraege.de\/ltu\/","name":"KRAEGE Beerenpflanzen ltu","description":"Erdbeeren und Himbeeren aus der Region | Telgte | M\u00fcnster | Warendorf","potentialAction":[{"@type":"SearchAction","target":{"@type":"EntryPoint","urlTemplate":"https:\/\/kraege.de\/ltu\/?s={search_term_string}"},"query-input":"required name=search_term_string"}],"inLanguage":"lt-LT"},{"@type":"WebPage","@id":"https:\/\/kraege.de\/ltu\/services\/strawberries\/hauptreifezeit\/verdi\/#webpage","url":"https:\/\/kraege.de\/ltu\/services\/strawberries\/hauptreifezeit\/verdi\/","name":"Verdi - KRAEGE Beerenpflanzen ltu","isPartOf":{"@id":"https:\/\/kraege.de\/ltu\/#website"},"datePublished":"2018-11-21T07:41:51+00:00","dateModified":"2023-03-15T13:51:13+00:00","breadcrumb":{"@id":"https:\/\/kraege.de\/ltu\/services\/strawberries\/hauptreifezeit\/verdi\/#breadcrumb"},"inLanguage":"lt-LT","potentialAction":[{"@type":"ReadAction","target":["https:\/\/kraege.de\/ltu\/services\/strawberries\/hauptreifezeit\/verdi\/"]}]},{"@type":"BreadcrumbList","@id":"https:\/\/kraege.de\/ltu\/services\/strawberries\/hauptreifezeit\/verdi\/#breadcrumb","itemListElement":[{"@type":"ListItem","position":1,"name":"Home","item":"https:\/\/kraege.de\/ltu\/"},{"@type":"ListItem","position":2,"name":"Services","item":"https:\/\/kraege.de\/ltu\/services\/"},{"@type":"ListItem","position":3,"name":"Strawberries","item":"https:\/\/kraege.de\/ltu\/services\/strawberries\/"},{"@type":"ListItem","position":4,"name":"Vidutinio nokimoveisl\u0117s","item":"https:\/\/kraege.de\/ltu\/services\/strawberries\/hauptreifezeit\/"},{"@type":"ListItem","position":5,"name":"Verdi"}]}]}},"_links":{"self":[{"href":"https:\/\/kraege.de\/ltu\/wp-json\/wp\/v2\/pages\/2004"}],"collection":[{"href":"https:\/\/kraege.de\/ltu\/wp-json\/wp\/v2\/pages"}],"about":[{"href":"https:\/\/kraege.de\/ltu\/wp-json\/wp\/v2\/types\/page"}],"author":[{"embeddable":true,"href":"https:\/\/kraege.de\/ltu\/wp-json\/wp\/v2\/users\/1"}],"replies":[{"embeddable":true,"href":"https:\/\/kraege.de\/ltu\/wp-json\/wp\/v2\/comments?post=2004"}],"version-history":[{"count":6,"href":"https:\/\/kraege.de\/ltu\/wp-json\/wp\/v2\/pages\/2004\/revisions"}],"predecessor-version":[{"id":2492,"href":"https:\/\/kraege.de\/ltu\/wp-json\/wp\/v2\/pages\/2004\/revisions\/2492"}],"up":[{"embeddable":true,"href":"https:\/\/kraege.de\/ltu\/wp-json\/wp\/v2\/pages\/55"}],"wp:attachment":[{"href":"https:\/\/kraege.de\/ltu\/wp-json\/wp\/v2\/media?parent=2004"}],"curies":[{"name":"wp","href":"https:\/\/api.w.org\/{rel}","templated":true}]}}