{"id":2002,"date":"2018-11-21T08:38:53","date_gmt":"2018-11-21T07:38:53","guid":{"rendered":"https:\/\/kraege.de\/kraege-2\/?page_id=2002"},"modified":"2023-03-15T14:33:30","modified_gmt":"2023-03-15T13:33:30","slug":"magnus","status":"publish","type":"page","link":"https:\/\/kraege.de\/ltu\/services\/strawberries\/late-season\/magnus\/","title":{"rendered":"Magnus"},"content":{"rendered":"<div class=\"tabelle-fruechte\">\n<table>\n<tbody>\n<tr>\n<td>Spalva<\/td>\n<td>Ry\u0161kiai \u2013 vidutini\u0161kai raudona, blizgi<\/td>\n<\/tr>\n<tr>\n<td>Pastaba<\/td>\n<td>Ry\u0161ki, tvirta v\u0117lyva veisl\u0117, tinkama perpardavimui<\/td>\n<\/tr>\n<\/tbody>\n<\/table>\n<\/div>\n<div class=\"reifezeit\"><\/div>\n<div class=\"herkunft\">\u2013 saugoma veisl\u0117, veisl\u0117s savininkas: Flevo Berry, Nyderlandai<\/div>\n<div class=\"herkunft\"><\/div>\n<p>\u201eMagnus\u201c yra v\u0117lyva veisl\u0117, i\u0161veista, \u201eFlevo Berry\u201c. Nokimo laikotarpis yra ma\u017edaug 10 dien\u0173 po \u201eFlorence\u201c ir \u201eFaith\u201c. Gra\u017eios ir gero skonio uogos. Derlingumas yra didelis. \u201eMagnus\u201c uogos yra didel\u0117s, vienodos ir lygios, k\u016bgio formos. Spalva yra nuo \u0161viesiai iki vidutini\u0161kai raudonos, su patraukliai blizgiu pavir\u0161iumi. Daug uog\u0173 yra 1 klas\u0117s.<\/p>\n<p>\u017dydi trumpai, \u017eiedai po lapais. Uogos lengvai skinasi. Veisl\u0117 yra labai tvirta ir stipri. Sodinti reikia didesniais atstumais. \u201eMagnus\u201c yra ypa\u010d atsparus lap\u0173 ligoms. Kaip ir su visomis v\u0117lyvomis veisl\u0117s ypa\u010d svarbu bra\u0161ki\u0173 \u017eiedus saugoti nuo trips\u0173! D\u0117l j\u0173 suma\u017e\u0117s derlingumas. \u201eMagnus\u201c gera veisl\u0117 v\u0117lyvai prekybai.<\/p>\n","protected":false},"excerpt":{"rendered":"<p>Spalva Ry\u0161kiai \u2013 vidutini\u0161kai raudona, blizgi Pastaba Ry\u0161ki, tvirta v\u0117lyva veisl\u0117, tinkama perpardavimui \u2013 saugoma veisl\u0117, veisl\u0117s savininkas: Flevo Berry, Nyderlandai \u201eMagnus\u201c yra v\u0117lyva veisl\u0117, i\u0161veista, \u201eFlevo Berry\u201c. Nokimo laikotarpis yra ma\u017edaug 10 dien\u0173 po \u201eFlorence\u201c ir \u201eFaith\u201c. Gra\u017eios ir gero skonio uogos. Derlingumas yra didelis. \u201eMagnus\u201c uogos yra didel\u0117s, vienodos ir lygios, k\u016bgio formos. [&hellip;]<\/p>\n","protected":false},"author":1,"featured_media":0,"parent":59,"menu_order":6,"comment_status":"closed","ping_status":"closed","template":"page_frucht.php","meta":[],"yoast_head":"<!-- This site is optimized with the Yoast SEO plugin v17.2.1 - https:\/\/yoast.com\/wordpress\/plugins\/seo\/ -->\n<meta name=\"robots\" content=\"index, follow, max-snippet:-1, max-image-preview:large, max-video-preview:-1\" \/>\n<link rel=\"canonical\" href=\"https:\/\/kraege.de\/ltu\/services\/strawberries\/late-season\/magnus\/\" \/>\n<meta property=\"og:locale\" content=\"lt_LT\" \/>\n<meta property=\"og:type\" content=\"article\" \/>\n<meta property=\"og:title\" content=\"Magnus - KRAEGE Beerenpflanzen ltu\" \/>\n<meta property=\"og:description\" content=\"Spalva Ry\u0161kiai \u2013 vidutini\u0161kai raudona, blizgi Pastaba Ry\u0161ki, tvirta v\u0117lyva veisl\u0117, tinkama perpardavimui \u2013 saugoma veisl\u0117, veisl\u0117s savininkas: Flevo Berry, Nyderlandai \u201eMagnus\u201c yra v\u0117lyva veisl\u0117, i\u0161veista, \u201eFlevo Berry\u201c. Nokimo laikotarpis yra ma\u017edaug 10 dien\u0173 po \u201eFlorence\u201c ir \u201eFaith\u201c. Gra\u017eios ir gero skonio uogos. Derlingumas yra didelis. \u201eMagnus\u201c uogos yra didel\u0117s, vienodos ir lygios, k\u016bgio formos. [&hellip;]\" \/>\n<meta property=\"og:url\" content=\"https:\/\/kraege.de\/ltu\/services\/strawberries\/late-season\/magnus\/\" \/>\n<meta property=\"og:site_name\" content=\"KRAEGE Beerenpflanzen ltu\" \/>\n<meta property=\"article:modified_time\" content=\"2023-03-15T13:33:30+00:00\" \/>\n<meta name=\"twitter:card\" content=\"summary\" \/>\n<meta name=\"twitter:label1\" content=\"Est. reading time\" \/>\n\t<meta name=\"twitter:data1\" content=\"1 minut\u0117\" \/>\n<script type=\"application\/ld+json\" class=\"yoast-schema-graph\">{\"@context\":\"https:\/\/schema.org\",\"@graph\":[{\"@type\":\"WebSite\",\"@id\":\"https:\/\/kraege.de\/ltu\/#website\",\"url\":\"https:\/\/kraege.de\/ltu\/\",\"name\":\"KRAEGE Beerenpflanzen ltu\",\"description\":\"Erdbeeren und Himbeeren aus der Region | Telgte | M\\u00fcnster | Warendorf\",\"potentialAction\":[{\"@type\":\"SearchAction\",\"target\":{\"@type\":\"EntryPoint\",\"urlTemplate\":\"https:\/\/kraege.de\/ltu\/?s={search_term_string}\"},\"query-input\":\"required name=search_term_string\"}],\"inLanguage\":\"lt-LT\"},{\"@type\":\"WebPage\",\"@id\":\"https:\/\/kraege.de\/ltu\/services\/strawberries\/late-season\/magnus\/#webpage\",\"url\":\"https:\/\/kraege.de\/ltu\/services\/strawberries\/late-season\/magnus\/\",\"name\":\"Magnus - KRAEGE Beerenpflanzen ltu\",\"isPartOf\":{\"@id\":\"https:\/\/kraege.de\/ltu\/#website\"},\"datePublished\":\"2018-11-21T07:38:53+00:00\",\"dateModified\":\"2023-03-15T13:33:30+00:00\",\"breadcrumb\":{\"@id\":\"https:\/\/kraege.de\/ltu\/services\/strawberries\/late-season\/magnus\/#breadcrumb\"},\"inLanguage\":\"lt-LT\",\"potentialAction\":[{\"@type\":\"ReadAction\",\"target\":[\"https:\/\/kraege.de\/ltu\/services\/strawberries\/late-season\/magnus\/\"]}]},{\"@type\":\"BreadcrumbList\",\"@id\":\"https:\/\/kraege.de\/ltu\/services\/strawberries\/late-season\/magnus\/#breadcrumb\",\"itemListElement\":[{\"@type\":\"ListItem\",\"position\":1,\"name\":\"Home\",\"item\":\"https:\/\/kraege.de\/ltu\/\"},{\"@type\":\"ListItem\",\"position\":2,\"name\":\"Services\",\"item\":\"https:\/\/kraege.de\/ltu\/services\/\"},{\"@type\":\"ListItem\",\"position\":3,\"name\":\"Strawberries\",\"item\":\"https:\/\/kraege.de\/ltu\/services\/strawberries\/\"},{\"@type\":\"ListItem\",\"position\":4,\"name\":\"V\\u0117lyvosveisl\\u0117s\",\"item\":\"https:\/\/kraege.de\/ltu\/services\/strawberries\/late-season\/\"},{\"@type\":\"ListItem\",\"position\":5,\"name\":\"Magnus\"}]}]}<\/script>\n<!-- \/ Yoast SEO plugin. -->","yoast_head_json":{"robots":{"index":"index","follow":"follow","max-snippet":"max-snippet:-1","max-image-preview":"max-image-preview:large","max-video-preview":"max-video-preview:-1"},"canonical":"https:\/\/kraege.de\/ltu\/services\/strawberries\/late-season\/magnus\/","og_locale":"lt_LT","og_type":"article","og_title":"Magnus - KRAEGE Beerenpflanzen ltu","og_description":"Spalva Ry\u0161kiai \u2013 vidutini\u0161kai raudona, blizgi Pastaba Ry\u0161ki, tvirta v\u0117lyva veisl\u0117, tinkama perpardavimui \u2013 saugoma veisl\u0117, veisl\u0117s savininkas: Flevo Berry, Nyderlandai \u201eMagnus\u201c yra v\u0117lyva veisl\u0117, i\u0161veista, \u201eFlevo Berry\u201c. Nokimo laikotarpis yra ma\u017edaug 10 dien\u0173 po \u201eFlorence\u201c ir \u201eFaith\u201c. Gra\u017eios ir gero skonio uogos. Derlingumas yra didelis. \u201eMagnus\u201c uogos yra didel\u0117s, vienodos ir lygios, k\u016bgio formos. [&hellip;]","og_url":"https:\/\/kraege.de\/ltu\/services\/strawberries\/late-season\/magnus\/","og_site_name":"KRAEGE Beerenpflanzen ltu","article_modified_time":"2023-03-15T13:33:30+00:00","twitter_card":"summary","twitter_misc":{"Est. reading time":"1 minut\u0117"},"schema":{"@context":"https:\/\/schema.org","@graph":[{"@type":"WebSite","@id":"https:\/\/kraege.de\/ltu\/#website","url":"https:\/\/kraege.de\/ltu\/","name":"KRAEGE Beerenpflanzen ltu","description":"Erdbeeren und Himbeeren aus der Region | Telgte | M\u00fcnster | Warendorf","potentialAction":[{"@type":"SearchAction","target":{"@type":"EntryPoint","urlTemplate":"https:\/\/kraege.de\/ltu\/?s={search_term_string}"},"query-input":"required name=search_term_string"}],"inLanguage":"lt-LT"},{"@type":"WebPage","@id":"https:\/\/kraege.de\/ltu\/services\/strawberries\/late-season\/magnus\/#webpage","url":"https:\/\/kraege.de\/ltu\/services\/strawberries\/late-season\/magnus\/","name":"Magnus - KRAEGE Beerenpflanzen ltu","isPartOf":{"@id":"https:\/\/kraege.de\/ltu\/#website"},"datePublished":"2018-11-21T07:38:53+00:00","dateModified":"2023-03-15T13:33:30+00:00","breadcrumb":{"@id":"https:\/\/kraege.de\/ltu\/services\/strawberries\/late-season\/magnus\/#breadcrumb"},"inLanguage":"lt-LT","potentialAction":[{"@type":"ReadAction","target":["https:\/\/kraege.de\/ltu\/services\/strawberries\/late-season\/magnus\/"]}]},{"@type":"BreadcrumbList","@id":"https:\/\/kraege.de\/ltu\/services\/strawberries\/late-season\/magnus\/#breadcrumb","itemListElement":[{"@type":"ListItem","position":1,"name":"Home","item":"https:\/\/kraege.de\/ltu\/"},{"@type":"ListItem","position":2,"name":"Services","item":"https:\/\/kraege.de\/ltu\/services\/"},{"@type":"ListItem","position":3,"name":"Strawberries","item":"https:\/\/kraege.de\/ltu\/services\/strawberries\/"},{"@type":"ListItem","position":4,"name":"V\u0117lyvosveisl\u0117s","item":"https:\/\/kraege.de\/ltu\/services\/strawberries\/late-season\/"},{"@type":"ListItem","position":5,"name":"Magnus"}]}]}},"_links":{"self":[{"href":"https:\/\/kraege.de\/ltu\/wp-json\/wp\/v2\/pages\/2002"}],"collection":[{"href":"https:\/\/kraege.de\/ltu\/wp-json\/wp\/v2\/pages"}],"about":[{"href":"https:\/\/kraege.de\/ltu\/wp-json\/wp\/v2\/types\/page"}],"author":[{"embeddable":true,"href":"https:\/\/kraege.de\/ltu\/wp-json\/wp\/v2\/users\/1"}],"replies":[{"embeddable":true,"href":"https:\/\/kraege.de\/ltu\/wp-json\/wp\/v2\/comments?post=2002"}],"version-history":[{"count":8,"href":"https:\/\/kraege.de\/ltu\/wp-json\/wp\/v2\/pages\/2002\/revisions"}],"predecessor-version":[{"id":2476,"href":"https:\/\/kraege.de\/ltu\/wp-json\/wp\/v2\/pages\/2002\/revisions\/2476"}],"up":[{"embeddable":true,"href":"https:\/\/kraege.de\/ltu\/wp-json\/wp\/v2\/pages\/59"}],"wp:attachment":[{"href":"https:\/\/kraege.de\/ltu\/wp-json\/wp\/v2\/media?parent=2002"}],"curies":[{"name":"wp","href":"https:\/\/api.w.org\/{rel}","templated":true}]}}