{"id":1751,"date":"2016-11-25T14:21:18","date_gmt":"2016-11-25T13:21:18","guid":{"rendered":"http:\/\/kraege.de\/kraege-2\/?page_id=1751"},"modified":"2023-10-27T14:53:06","modified_gmt":"2023-10-27T12:53:06","slug":"murano","status":"publish","type":"page","link":"https:\/\/kraege.de\/ltu\/services\/strawberries\/remontierende-sorten\/murano\/","title":{"rendered":"Murano"},"content":{"rendered":"<div class=\"tabelle-fruechte\">\n<table>\n<tbody>\n<tr>\n<td>Spalva<\/td>\n<td>Vidutini\u0161kai raudona, raudona, blizganti<\/td>\n<\/tr>\n<tr>\n<td>Pastaba<\/td>\n<td>\u012edomi veisl\u0117 su vidutini\u0161kai geru skoniu. Derlingumas yra didelis, vidutinio dyd\u017eio gra\u017eios uogomis. Nuskintos turi ilg\u0105 galiojim\u0105 ; \u201eMurano\u201c yra viena i\u0161 standartini\u0173 veisli\u0173, skirt\u0173 auginti pakeltose lentynose.<\/td>\n<\/tr>\n<\/tbody>\n<\/table>\n<\/div>\n<div class=\"herkunft\">\u2013 saugoma veisl\u0117, savininkas: CIV, Italija<\/div>\n","protected":false},"excerpt":{"rendered":"<p>Spalva Vidutini\u0161kai raudona, raudona, blizganti Pastaba \u012edomi veisl\u0117 su vidutini\u0161kai geru skoniu. Derlingumas yra didelis, vidutinio dyd\u017eio gra\u017eios uogomis. Nuskintos turi ilg\u0105 galiojim\u0105 ; \u201eMurano\u201c yra viena i\u0161 standartini\u0173 veisli\u0173, skirt\u0173 auginti pakeltose lentynose. \u2013 saugoma veisl\u0117, savininkas: CIV, Italija<\/p>\n","protected":false},"author":1,"featured_media":0,"parent":61,"menu_order":6,"comment_status":"closed","ping_status":"closed","template":"page_frucht.php","meta":[],"yoast_head":"<!-- This site is optimized with the Yoast SEO plugin v17.2.1 - https:\/\/yoast.com\/wordpress\/plugins\/seo\/ -->\n<meta name=\"robots\" content=\"index, follow, max-snippet:-1, max-image-preview:large, max-video-preview:-1\" \/>\n<link rel=\"canonical\" href=\"https:\/\/kraege.de\/ltu\/services\/strawberries\/remontierende-sorten\/murano\/\" \/>\n<meta property=\"og:locale\" content=\"lt_LT\" \/>\n<meta property=\"og:type\" content=\"article\" \/>\n<meta property=\"og:title\" content=\"Murano - KRAEGE Beerenpflanzen ltu\" \/>\n<meta property=\"og:description\" content=\"Spalva Vidutini\u0161kai raudona, raudona, blizganti Pastaba \u012edomi veisl\u0117 su vidutini\u0161kai geru skoniu. Derlingumas yra didelis, vidutinio dyd\u017eio gra\u017eios uogomis. Nuskintos turi ilg\u0105 galiojim\u0105 ; \u201eMurano\u201c yra viena i\u0161 standartini\u0173 veisli\u0173, skirt\u0173 auginti pakeltose lentynose. \u2013 saugoma veisl\u0117, savininkas: CIV, Italija\" \/>\n<meta property=\"og:url\" content=\"https:\/\/kraege.de\/ltu\/services\/strawberries\/remontierende-sorten\/murano\/\" \/>\n<meta property=\"og:site_name\" content=\"KRAEGE Beerenpflanzen ltu\" \/>\n<meta property=\"article:modified_time\" content=\"2023-10-27T12:53:06+00:00\" \/>\n<meta name=\"twitter:card\" content=\"summary\" \/>\n<meta name=\"twitter:label1\" content=\"Est. reading time\" \/>\n\t<meta name=\"twitter:data1\" content=\"1 minut\u0117\" \/>\n<script type=\"application\/ld+json\" class=\"yoast-schema-graph\">{\"@context\":\"https:\/\/schema.org\",\"@graph\":[{\"@type\":\"WebSite\",\"@id\":\"https:\/\/kraege.de\/ltu\/#website\",\"url\":\"https:\/\/kraege.de\/ltu\/\",\"name\":\"KRAEGE Beerenpflanzen ltu\",\"description\":\"Erdbeeren und Himbeeren aus der Region | Telgte | M\\u00fcnster | Warendorf\",\"potentialAction\":[{\"@type\":\"SearchAction\",\"target\":{\"@type\":\"EntryPoint\",\"urlTemplate\":\"https:\/\/kraege.de\/ltu\/?s={search_term_string}\"},\"query-input\":\"required name=search_term_string\"}],\"inLanguage\":\"lt-LT\"},{\"@type\":\"WebPage\",\"@id\":\"https:\/\/kraege.de\/ltu\/services\/strawberries\/remontierende-sorten\/murano\/#webpage\",\"url\":\"https:\/\/kraege.de\/ltu\/services\/strawberries\/remontierende-sorten\/murano\/\",\"name\":\"Murano - KRAEGE Beerenpflanzen ltu\",\"isPartOf\":{\"@id\":\"https:\/\/kraege.de\/ltu\/#website\"},\"datePublished\":\"2016-11-25T13:21:18+00:00\",\"dateModified\":\"2023-10-27T12:53:06+00:00\",\"breadcrumb\":{\"@id\":\"https:\/\/kraege.de\/ltu\/services\/strawberries\/remontierende-sorten\/murano\/#breadcrumb\"},\"inLanguage\":\"lt-LT\",\"potentialAction\":[{\"@type\":\"ReadAction\",\"target\":[\"https:\/\/kraege.de\/ltu\/services\/strawberries\/remontierende-sorten\/murano\/\"]}]},{\"@type\":\"BreadcrumbList\",\"@id\":\"https:\/\/kraege.de\/ltu\/services\/strawberries\/remontierende-sorten\/murano\/#breadcrumb\",\"itemListElement\":[{\"@type\":\"ListItem\",\"position\":1,\"name\":\"Home\",\"item\":\"https:\/\/kraege.de\/ltu\/\"},{\"@type\":\"ListItem\",\"position\":2,\"name\":\"Services\",\"item\":\"https:\/\/kraege.de\/ltu\/services\/\"},{\"@type\":\"ListItem\",\"position\":3,\"name\":\"Strawberries\",\"item\":\"https:\/\/kraege.de\/ltu\/services\/strawberries\/\"},{\"@type\":\"ListItem\",\"position\":4,\"name\":\"Remontantin\\u0117s veisl\\u0117s\",\"item\":\"https:\/\/kraege.de\/ltu\/services\/strawberries\/remontierende-sorten\/\"},{\"@type\":\"ListItem\",\"position\":5,\"name\":\"Murano\"}]}]}<\/script>\n<!-- \/ Yoast SEO plugin. -->","yoast_head_json":{"robots":{"index":"index","follow":"follow","max-snippet":"max-snippet:-1","max-image-preview":"max-image-preview:large","max-video-preview":"max-video-preview:-1"},"canonical":"https:\/\/kraege.de\/ltu\/services\/strawberries\/remontierende-sorten\/murano\/","og_locale":"lt_LT","og_type":"article","og_title":"Murano - KRAEGE Beerenpflanzen ltu","og_description":"Spalva Vidutini\u0161kai raudona, raudona, blizganti Pastaba \u012edomi veisl\u0117 su vidutini\u0161kai geru skoniu. Derlingumas yra didelis, vidutinio dyd\u017eio gra\u017eios uogomis. Nuskintos turi ilg\u0105 galiojim\u0105 ; \u201eMurano\u201c yra viena i\u0161 standartini\u0173 veisli\u0173, skirt\u0173 auginti pakeltose lentynose. \u2013 saugoma veisl\u0117, savininkas: CIV, Italija","og_url":"https:\/\/kraege.de\/ltu\/services\/strawberries\/remontierende-sorten\/murano\/","og_site_name":"KRAEGE Beerenpflanzen ltu","article_modified_time":"2023-10-27T12:53:06+00:00","twitter_card":"summary","twitter_misc":{"Est. reading time":"1 minut\u0117"},"schema":{"@context":"https:\/\/schema.org","@graph":[{"@type":"WebSite","@id":"https:\/\/kraege.de\/ltu\/#website","url":"https:\/\/kraege.de\/ltu\/","name":"KRAEGE Beerenpflanzen ltu","description":"Erdbeeren und Himbeeren aus der Region | Telgte | M\u00fcnster | Warendorf","potentialAction":[{"@type":"SearchAction","target":{"@type":"EntryPoint","urlTemplate":"https:\/\/kraege.de\/ltu\/?s={search_term_string}"},"query-input":"required name=search_term_string"}],"inLanguage":"lt-LT"},{"@type":"WebPage","@id":"https:\/\/kraege.de\/ltu\/services\/strawberries\/remontierende-sorten\/murano\/#webpage","url":"https:\/\/kraege.de\/ltu\/services\/strawberries\/remontierende-sorten\/murano\/","name":"Murano - KRAEGE Beerenpflanzen ltu","isPartOf":{"@id":"https:\/\/kraege.de\/ltu\/#website"},"datePublished":"2016-11-25T13:21:18+00:00","dateModified":"2023-10-27T12:53:06+00:00","breadcrumb":{"@id":"https:\/\/kraege.de\/ltu\/services\/strawberries\/remontierende-sorten\/murano\/#breadcrumb"},"inLanguage":"lt-LT","potentialAction":[{"@type":"ReadAction","target":["https:\/\/kraege.de\/ltu\/services\/strawberries\/remontierende-sorten\/murano\/"]}]},{"@type":"BreadcrumbList","@id":"https:\/\/kraege.de\/ltu\/services\/strawberries\/remontierende-sorten\/murano\/#breadcrumb","itemListElement":[{"@type":"ListItem","position":1,"name":"Home","item":"https:\/\/kraege.de\/ltu\/"},{"@type":"ListItem","position":2,"name":"Services","item":"https:\/\/kraege.de\/ltu\/services\/"},{"@type":"ListItem","position":3,"name":"Strawberries","item":"https:\/\/kraege.de\/ltu\/services\/strawberries\/"},{"@type":"ListItem","position":4,"name":"Remontantin\u0117s veisl\u0117s","item":"https:\/\/kraege.de\/ltu\/services\/strawberries\/remontierende-sorten\/"},{"@type":"ListItem","position":5,"name":"Murano"}]}]}},"_links":{"self":[{"href":"https:\/\/kraege.de\/ltu\/wp-json\/wp\/v2\/pages\/1751"}],"collection":[{"href":"https:\/\/kraege.de\/ltu\/wp-json\/wp\/v2\/pages"}],"about":[{"href":"https:\/\/kraege.de\/ltu\/wp-json\/wp\/v2\/types\/page"}],"author":[{"embeddable":true,"href":"https:\/\/kraege.de\/ltu\/wp-json\/wp\/v2\/users\/1"}],"replies":[{"embeddable":true,"href":"https:\/\/kraege.de\/ltu\/wp-json\/wp\/v2\/comments?post=1751"}],"version-history":[{"count":6,"href":"https:\/\/kraege.de\/ltu\/wp-json\/wp\/v2\/pages\/1751\/revisions"}],"predecessor-version":[{"id":2601,"href":"https:\/\/kraege.de\/ltu\/wp-json\/wp\/v2\/pages\/1751\/revisions\/2601"}],"up":[{"embeddable":true,"href":"https:\/\/kraege.de\/ltu\/wp-json\/wp\/v2\/pages\/61"}],"wp:attachment":[{"href":"https:\/\/kraege.de\/ltu\/wp-json\/wp\/v2\/media?parent=1751"}],"curies":[{"name":"wp","href":"https:\/\/api.w.org\/{rel}","templated":true}]}}